{"id":11067,"date":"2025-11-29T18:31:20","date_gmt":"2025-11-29T18:31:20","guid":{"rendered":"https:\/\/asura.lv\/product\/uni-t-ut683kit-digital-cable-locator\/"},"modified":"2025-12-12T15:20:33","modified_gmt":"2025-12-12T13:20:33","slug":"uni-t-ut683kit-digital-cable-locator","status":"publish","type":"product","link":"https:\/\/asura.lv\/et\/toode\/uni-t-ut683kit-digital-cable-locator\/","title":{"rendered":"UNI-T UT683KIT digitaalne kaabliotsija"},"content":{"rendered":"<h3>UNI-T UT683KIT digitaalne kaabliotsija<\/h3>\n<p>UNI-T UT683KIT digitaalne kaabliotsija on usaldusv\u00e4\u00e4rne diagnostikavahend, mis \u00fchendab saatja ja vastuv\u00f5tja funktsionaalsuse, v\u00f5imaldades kaablite kiiret ja t\u00e4pset j\u00e4lgimist madalpingepaigaldistes. See on loodud kasutamiseks karmides keskkondades ning pakub suurt m\u00fcrakindlust ja automaatset rikete, n\u00e4iteks l\u00fchiste, katkestuste v\u00f5i vale polaarsuse tuvastamist. See on professionaalne lahendus, mis kiirendab ja h\u00f5lbustab oluliselt paigaldajate, hooldustehnikute ja elektrikute t\u00f6\u00f6d.<\/p>\n<p>\n<img decoding=\"async\" alt=\"\" border=\"0\" src=\"https:\/\/assets.innpro.pl\/15798\/19886\/2.jpg\"\/>\n<\/p>\n<h3>T\u00e4pne juhtmete ja rikete diagnostika<\/h3>\n<p>UT683KIT suudab kiiresti leida kimbus oleva juhtme ja t\u00e4pselt kindlaks m\u00e4\u00e4rata rikke asukoha \u2013 isegi \u00fcle 3000 meetri pikkuste kaablite korral (RJ11 puhul). See v\u00f5imaldab kontrollida ka kaabli j\u00e4rjepidevust ja testida l\u00fchise v\u00f5i katkemise suhtes (kuni 10 k\u041e\u00a9) ning tuvastada polaarsust. Portide valgustusfunktsioon h\u00f5lbustab veelgi \u00f5igete \u00fchenduste kontrollimist.<\/p>\n<p>\n<img decoding=\"async\" alt=\"\" border=\"0\" src=\"https:\/\/assets.innpro.pl\/15798\/19886\/3.jpg\"\/>\n<\/p>\n<h3>Ohutu t\u00f6\u00f6 madalpingepaigaldistega<\/h3>\n<p>UT683KIT on loodud t\u00f6\u00f6tama kuni 60 V alalisvooluga paigaldistega. Lisaks on vastuv\u00f5tja varustatud NCV (kontaktivaba pinge tuvastamise) funktsiooniga, mis suurendab kasutusohutust. Praktiline 3,5 mm k\u00f5rvaklapipesa v\u00f5imaldab signaali mugavalt kuulata ka keerulistes tingimustes ning madala energiatarbe indikaator annab teada, millal on vaja laadida.<\/p>\n<p>\n<img decoding=\"async\" alt=\"\" border=\"0\" src=\"https:\/\/assets.innpro.pl\/15798\/19886\/4.jpg\"\/>\n<\/p>\n<h3>Ergonoomika ja j\u00f5udlus kompaktses vormis<\/h3>\n<p>Komplekt koosneb kergest saatjast (95 g) ja vastupidavast vastuv\u00f5tjast (127 g), mis m\u00f5lemad sobivad t\u00e4nu oma kompaktsetele m\u00f5\u00f5tmetele ideaalselt k\u00e4tte. Sisseehitatud 1050 mAh liitiumioonakud pakuvad saatja t\u00f6\u00f6aega enam kui 8 tundi ja vastuv\u00f5tja t\u00f6\u00f6aega enam kui 5 tundi \u2013 piisavalt terveks p\u00e4evaks v\u00e4lim\u00f5\u00f5tmisteks. Kogu seade on pakendatud praktilisse kandekotti h\u00f5lpsaks hoiustamiseks.<\/p>\n<p>\n<img decoding=\"async\" alt=\"\" border=\"0\" src=\"https:\/\/assets.innpro.pl\/15798\/19886\/5.jpg\"\/>\n<\/p>\n<h3>Kaasas<\/h3>\n<ul class=\"list-disc pl-5\">\n<li>UT683KIT saatja ja vastuv\u00f5tja<\/li>\n<li>USB-kaabel laadimiseks<\/li>\n<li>RJ11 testkaabel krokodillidega<\/li>\n<li>RJ45 testkaabel<\/li>\n<li>RJ11 testkaabel<\/li>\n<li>Kasutusjuhend (inglise keeles)<\/li>\n<li>Kandekott<\/li>\n<li>Originaalpakend (kinkekarp)<\/li>\n<\/ul>\n<div class=\"table-wrapper\">\n<p>\u0412\u00a0<\/p>\n<h3><\/h3>\n<table>\n<tbody>\n<tr>\n<th>Tootja<\/th>\n<td>Uni-T<\/td>\n<\/tr>\n<tr>\n<th>Tootjakood<\/th>\n<td>UT683KIT<\/td>\n<\/tr>\n<tr>\n<th>Sertifikaadid<\/th>\n<td>CE, RoHS<\/td>\n<\/tr>\n<tr>\n<th>Toiteallikas<\/th>\n<td>1050 mAh liitiumioonaku<\/td>\n<\/tr>\n<tr>\n<th>Vilkuv port (saatja)<\/th>\n<td>Jah<\/td>\n<\/tr>\n<tr>\n<th>Kaabli j\u00e4lgimine (saatja)<\/th>\n<td>Jah<\/td>\n<\/tr>\n<tr>\n<th>Liinide joondamine (saatja)<\/th>\n<td>Jah<\/td>\n<\/tr>\n<tr>\n<th>Katkestuse\/l\u00fchise test (saatja)<\/th>\n<td>Kuni 10 k\u041e\u00a9<\/td>\n<\/tr>\n<tr>\n<th>Polaarsuse test (saatja)<\/th>\n<td>Jah<\/td>\n<\/tr>\n<tr>\n<th>Saatja t\u00f6\u00f6aeg<\/th>\n<td>>8 tundi<\/td>\n<\/tr>\n<tr>\n<th>Kaablij\u00e4lgimine (vastuv\u00f5tja)<\/th>\n<td>RJ11 >3000 m; RJ45 >100 m<\/td>\n<\/tr>\n<tr>\n<th>NCV-funktsioon (vastuv\u00f5tja)<\/th>\n<td>Jah<\/td>\n<\/tr>\n<tr>\n<th>K\u00f5rvaklapipesa (vastuv\u00f5tja)<\/th>\n<td>3,5 mm<\/td>\n<\/tr>\n<tr>\n<th>Madala energiatarbe indikaator<\/th>\n<td>Jah<\/td>\n<\/tr>\n<tr>\n<th>Vastuv\u00f5tja t\u00f6\u00f6aeg<\/th>\n<td>>5 tundi<\/td>\n<\/tr>\n<tr>\n<th>Saatja m\u00f5\u00f5tmed<\/th>\n<td>130 \u00d7 51 \u00d7 28 mm<\/td>\n<\/tr>\n<tr>\n<th>Vastuv\u00f5tja m\u00f5\u00f5tmed<\/th>\n<td>197 \u00d7 48 \u00d7 34 mm<\/td>\n<\/tr>\n<tr>\n<th>Saatja kaal<\/th>\n<td>umbes 95 g<\/td>\n<\/tr>\n<tr>\n<th>Vastuv\u00f5tja kaal<\/th>\n<td>umbes 127 g<\/td>\n<\/tr>\n<\/tbody>\n<\/table>\n<\/div>\n","protected":false},"excerpt":{"rendered":"<p>UNI-T UT683KIT digitaalne kaabliotsija UNI-T UT683KIT digitaalne kaabliotsija on usaldusv\u00e4\u00e4rne diagnostikavahend, mis \u00fchendab saatja ja vastuv\u00f5tja funktsionaalsuse, v\u00f5imaldades kaablite kiiret ja t\u00e4pset j\u00e4lgimist madalpingepaigaldistes. See on loodud kasutamiseks karmides keskkondades ning pakub suurt m\u00fcrakindlust ja automaatset rikete, n\u00e4iteks l\u00fchiste, katkestuste v\u00f5i vale polaarsuse tuvastamist. See on professionaalne lahendus, mis kiirendab ja h\u00f5lbustab oluliselt paigaldajate, hooldustehnikute [&#8230;]\n","protected":false},"featured_media":11068,"comment_status":"open","ping_status":"closed","template":"","meta":[],"product_brand":[773],"product_cat":[876],"product_tag":[],"class_list":{"0":"post-11067","1":"product","2":"type-product","3":"status-publish","4":"has-post-thumbnail","6":"product_brand-uni-t","7":"product_cat-measuring-tools-tools-home-and-garden","9":"first","10":"outofstock","11":"taxable","12":"shipping-taxable","13":"purchasable","14":"product-type-simple"},"aioseo_notices":[],"_links":{"self":[{"href":"https:\/\/asura.lv\/et\/wp-json\/wp\/v2\/product\/11067","targetHints":{"allow":["GET"]}}],"collection":[{"href":"https:\/\/asura.lv\/et\/wp-json\/wp\/v2\/product"}],"about":[{"href":"https:\/\/asura.lv\/et\/wp-json\/wp\/v2\/types\/product"}],"replies":[{"embeddable":true,"href":"https:\/\/asura.lv\/et\/wp-json\/wp\/v2\/comments?post=11067"}],"wp:featuredmedia":[{"embeddable":true,"href":"https:\/\/asura.lv\/et\/wp-json\/wp\/v2\/media\/11068"}],"wp:attachment":[{"href":"https:\/\/asura.lv\/et\/wp-json\/wp\/v2\/media?parent=11067"}],"wp:term":[{"taxonomy":"product_brand","embeddable":true,"href":"https:\/\/asura.lv\/et\/wp-json\/wp\/v2\/product_brand?post=11067"},{"taxonomy":"product_cat","embeddable":true,"href":"https:\/\/asura.lv\/et\/wp-json\/wp\/v2\/product_cat?post=11067"},{"taxonomy":"product_tag","embeddable":true,"href":"https:\/\/asura.lv\/et\/wp-json\/wp\/v2\/product_tag?post=11067"}],"curies":[{"name":"wp","href":"https:\/\/api.w.org\/{rel}","templated":true}]}}