{"id":11115,"date":"2025-11-29T18:31:15","date_gmt":"2025-11-29T18:31:15","guid":{"rendered":"https:\/\/asura.lv\/product\/uni-t-ut387e-metal-detector\/"},"modified":"2025-12-12T15:20:30","modified_gmt":"2025-12-12T13:20:30","slug":"uni-t-ut387e-metal-detector","status":"publish","type":"product","link":"https:\/\/asura.lv\/et\/toode\/uni-t-ut387e-metal-detector\/","title":{"rendered":"UNI-T UT387E metallidetektor"},"content":{"rendered":"<h3>UNI-T UT387E metallidetektor<\/h3>\n<p>UNI-T UT387E on mugav seade, mis v\u00f5imaldab teil kiiresti ja t\u00e4pselt tuvastada seintes peidetud esemeid, n\u00e4iteks metalli, puitu v\u00f5i pingestatud elektrijuhtmeid. Oma v\u00e4rvilise ekraani, h\u00e4\u00e4lfunktsiooni ja lihtsa liidesega h\u00f5lbustab UT387E oluliselt remondi-, montaa\u017ei- ja paigaldust\u00f6id. See on ideaalne t\u00f6\u00f6riist nii professionaalidele kui ka isetegijatele, kes otsivad usaldusv\u00e4\u00e4rset tuge koduprojektidele.<\/p>\n<p>\n<img decoding=\"async\" alt=\"\" border=\"0\" src=\"https:\/\/assets.innpro.pl\/15821\/19909\/1.jpg\"\/>\n<\/p>\n<h3>T\u00f5hus materjalituvastus<\/h3>\n<p>Seade suudab tuvastada mustmetalle kuni 100 mm s\u00fcgavusel, v\u00e4rvilisi metalle kuni 80 mm, pingestatud juhtmeid kuni 40 mm ja puitdetaile kuni 38 mm s\u00fcgavusel. UT387E tuvastab automaatselt materjali t\u00fc\u00fcbi ja annab selle olemasolust m\u00e4rku selgete visuaalsete ja h\u00e4\u00e4lsignaalidega, minimeerides oluliste komponentide kogemata l\u00e4bipuurimise ohtu.<\/p>\n<p>\n<img decoding=\"async\" alt=\"\" border=\"0\" src=\"https:\/\/assets.innpro.pl\/15821\/19909\/3.jpg\"\/>\n<\/p>\n<h3>Intuitiivne kasutamine ja mugavus<\/h3>\n<p>Seade on varustatud 2,4-tollise v\u00e4rvilise ekraaniga, mis kuvab reaalajas tulemusi selgelt. Sisseehitatud h\u00e4\u00e4ls\u00fcsteem abistab t\u00f6\u00f6tamist halva n\u00e4htavuse korral ning automaatne v\u00e4ljal\u00fclitusfunktsioon p\u00e4rast tegevusetuse perioodi s\u00e4\u00e4stab energiat. UT387E toiteallikaks on v\u00f5imas laetav liitiumioonaku, mida saab laadida USB kaudu \u2013 see teeb selle igap\u00e4evaseks kasutamiseks \u00e4\u00e4rmiselt mugavaks.<\/p>\n<p>\n<img decoding=\"async\" alt=\"\" border=\"0\" src=\"https:\/\/assets.innpro.pl\/15821\/19909\/2.jpg\"\/>\n<\/p>\n<h3>Vastupidav disain erilisteks \u00fclesanneteks<\/h3>\n<p>UT387E korpus on loodud intensiivseks kasutamiseks \u2013 vastupidav, ergonoomiline ja kerge, see sobib ideaalselt nii professionaalseks kasutamiseks kui ka koduseks renoveerimiseks. Selle kompaktne suurus ja kerge kaal (151,4 g) muudavad seadme t\u00f6\u00f6riistakotti v\u00f5i t\u00f6\u00f6riiete taskusse paigutamise lihtsaks.<\/p>\n<p>\n<img decoding=\"async\" alt=\"\" border=\"0\" src=\"https:\/\/assets.innpro.pl\/15821\/19909\/6.jpg\"\/>\n<\/p>\n<div class=\"table-wrapper\">\n<p>\u0412\u00a0<\/p>\n<h3><\/h3>\n<table>\n<tbody>\n<tr>\n<th>Tootja<\/th>\n<td>UNI-T<\/td>\n<\/tr>\n<tr>\n<th>Tootjakood<\/th>\n<td>UT387E<\/td>\n<\/tr>\n<tr>\n<th>Sertifikaadid<\/th>\n<td>CE, UKCA<\/td>\n<\/tr>\n<tr>\n<th>Materjalide tuvastatavus<\/th>\n<td>Mustmetallid: kuni 100 mm<br \/>Mustmetallid: kuni 80 mm<br \/>Puit: kuni 38 mm<br \/>Elektrijuhtmed (faasis): kuni 40 mm<\/td>\n<\/tr>\n<tr>\n<th>Ekraan<\/th>\n<td>2,4 tolli, v\u00e4rviline<\/td>\n<\/tr>\n<tr>\n<th>Lisafunktsioonid:<\/th>\n<td>H\u00e4\u00e4lsignaalid, automaatne v\u00e4ljal\u00fclitus, mitme materjali re\u017eiimid<\/td>\n<\/tr>\n<tr>\n<th>Toiteallikas<\/th>\n<td>Liitiumioonaku (USB-laadimine)<\/td>\n<\/tr>\n<tr>\n<th>Netokaal<\/th>\n<td>151,4 g<\/td>\n<\/tr>\n<tr>\n<th>M\u00f5\u00f5tmed<\/th>\n<td>153 \u00d7 68 \u00d7 31 mm<\/td>\n<\/tr>\n<tr>\n<th>V\u00e4rv<\/th>\n<td>punakashall<\/td>\n<\/tr>\n<\/tbody>\n<\/table>\n<\/div>\n","protected":false},"excerpt":{"rendered":"<p>UNI-T UT387E metallidetektor UNI-T UT387E on mugav seade, mis v\u00f5imaldab teil kiiresti ja t\u00e4pselt tuvastada seintes peidetud esemeid, n\u00e4iteks metalli, puitu v\u00f5i pingestatud elektrijuhtmeid. Oma v\u00e4rvilise ekraani, h\u00e4\u00e4lfunktsiooni ja lihtsa liidesega h\u00f5lbustab UT387E oluliselt remondi-, montaa\u017ei- ja paigaldust\u00f6id. See on ideaalne t\u00f6\u00f6riist nii professionaalidele kui ka isetegijatele, kes otsivad usaldusv\u00e4\u00e4rset tuge koduprojektidele. T\u00f5hus materjalituvastus Seade [&#8230;]\n","protected":false},"featured_media":11116,"comment_status":"open","ping_status":"closed","template":"","meta":[],"product_brand":[773],"product_cat":[876],"product_tag":[],"class_list":{"0":"post-11115","1":"product","2":"type-product","3":"status-publish","4":"has-post-thumbnail","6":"product_brand-uni-t","7":"product_cat-measuring-tools-tools-home-and-garden","9":"first","10":"outofstock","11":"taxable","12":"shipping-taxable","13":"purchasable","14":"product-type-simple"},"aioseo_notices":[],"_links":{"self":[{"href":"https:\/\/asura.lv\/et\/wp-json\/wp\/v2\/product\/11115","targetHints":{"allow":["GET"]}}],"collection":[{"href":"https:\/\/asura.lv\/et\/wp-json\/wp\/v2\/product"}],"about":[{"href":"https:\/\/asura.lv\/et\/wp-json\/wp\/v2\/types\/product"}],"replies":[{"embeddable":true,"href":"https:\/\/asura.lv\/et\/wp-json\/wp\/v2\/comments?post=11115"}],"wp:featuredmedia":[{"embeddable":true,"href":"https:\/\/asura.lv\/et\/wp-json\/wp\/v2\/media\/11116"}],"wp:attachment":[{"href":"https:\/\/asura.lv\/et\/wp-json\/wp\/v2\/media?parent=11115"}],"wp:term":[{"taxonomy":"product_brand","embeddable":true,"href":"https:\/\/asura.lv\/et\/wp-json\/wp\/v2\/product_brand?post=11115"},{"taxonomy":"product_cat","embeddable":true,"href":"https:\/\/asura.lv\/et\/wp-json\/wp\/v2\/product_cat?post=11115"},{"taxonomy":"product_tag","embeddable":true,"href":"https:\/\/asura.lv\/et\/wp-json\/wp\/v2\/product_tag?post=11115"}],"curies":[{"name":"wp","href":"https:\/\/api.w.org\/{rel}","templated":true}]}}