{"id":11133,"date":"2025-11-29T18:31:13","date_gmt":"2025-11-29T18:31:13","guid":{"rendered":"https:\/\/asura.lv\/product\/uni-t-ut363s-anemometer\/"},"modified":"2025-12-12T15:20:29","modified_gmt":"2025-12-12T13:20:29","slug":"uni-t-ut363s-anemometer","status":"publish","type":"product","link":"https:\/\/asura.lv\/et\/toode\/uni-t-ut363s-anemometer\/","title":{"rendered":"UNI-T UT363S anemomeeter"},"content":{"rendered":"<h3>UNI-T UT363S anemomeeter<\/h3>\n<p>UNI-T UT363S on t\u00e4iustatud digitaalne anemomeeter, millel on kaablil eraldi andur, mida iseloomustab suur m\u00f5\u00f5tmist\u00e4psus ja mugav kasutamine. T\u00e4nu oma peenele disainile on v\u00f5imalik m\u00f5\u00f5ta tuule kiirust ja temperatuuri isegi raskesti ligip\u00e4\u00e4setavates kohtades \u2013 n\u00e4iteks ventilatsioonikanalites, masinakorpustes v\u00f5i ventilaatorite v\u00e4ljalaskeavades. Seade on loodud muuhulgas t\u00f6\u00f6stuslikuks ja professionaalseks kasutamiseks. energiatootmises, kaevanduses, metallurgias, keemiat\u00f6\u00f6stuses, ventilatsioonis, spordis ja jahutusseadmete tootmises.<\/p>\n<p>\n<img decoding=\"async\" alt=\"\" border=\"0\" src=\"https:\/\/assets.innpro.pl\/15826\/19914\/4.jpg\"\/>\n<\/p>\n<h3>Lai m\u00f5\u00f5teulatus ja erinevad \u00fchikud<\/h3>\n<p>UT363S suudab m\u00f5\u00f5ta tuule kiirust sellistes \u00fchikutes nagu m\/s, km\/h, ft\/min, s\u00f5lmed, mph. Temperatuuri m\u00f5\u00f5detakse vahemikus -10 \u00b0C kuni 50 \u00b0C (v\u00f5i 14 \u00b0F kuni 122 \u00b0F), resolutsiooniga 0,1 \u00b0C\/0,2 \u00b0F ja t\u00e4psusega \u00b12 \u00b0C. Lisaks kuvab seade tuule tugevuse taset 12-punktilisel skaalal (koosk\u00f5las Beauforti skaalaga), et andmeid oleks lihtne t\u00f5lgendada.<\/p>\n<p>\n<img decoding=\"async\" alt=\"\" border=\"0\" src=\"https:\/\/assets.innpro.pl\/15826\/19914\/7.jpg\"\/>\n<\/p>\n<h3>Funktsioonid m\u00f5\u00f5tmise ja andmete anal\u00fc\u00fcsi h\u00f5lbustamiseks<\/h3>\n<p>M\u00f5\u00f5tjal on andmete hoidmise funktsioonid (Data Hold), LCD-taustvalgustus, MAX\/MIN\/AVG re\u017eiimid ja automaatne v\u00e4ljal\u00fclitus p\u00e4rast teatud aja m\u00f6\u00f6dumist. Seade valib automaatselt m\u00f5\u00f5tepiirkonna (Auto Range) ning \u00fclekoormuse indikaator (OL) ja aku t\u00fchjenemise indikaator kaitsevad kasutajat lugemisvigade eest. M\u00f5\u00f5tmisi tehakse iga 0,5 sekundi j\u00e4rel, pakkudes kiiret reageerimist ja t\u00e4pset \u00fclevaadet keskkonnatingimustest.<\/p>\n<p>\n<img decoding=\"async\" alt=\"\" border=\"0\" src=\"https:\/\/assets.innpro.pl\/15826\/19914\/3.jpg\"\/>\n<\/p>\n<h3>Vastupidav konstruktsioon ja ergonoomiline disain<\/h3>\n<p>UT363S on kukkumiskindel 1 m k\u00f5rguselt, mist\u00f5ttu on see vastupidav t\u00fc\u00fcpilistele kahjustustele nii v\u00e4li- kui ka t\u00f6\u00f6stustingimustes. Kolme AAA (R03) patareiga t\u00f6\u00f6tav m\u00f5\u00f5tur kaalub 365 g ja selle kompaktsed m\u00f5\u00f5tmed on 120\u201353\u201343 mm. Suur ja h\u00f5lpsasti loetav ekraan (35\u201332 mm) teeb t\u00f6\u00f6tamise igasugustes valgustingimustes lihtsaks.<\/p>\n<p>\n<img decoding=\"async\" alt=\"\" border=\"0\" src=\"https:\/\/assets.innpro.pl\/15826\/19914\/1.jpg\"\/>\n<\/p>\n<div class=\"table-wrapper\">\n<p>\u0412\u00a0<\/p>\n<h3><\/h3>\n<table>\n<tbody>\n<tr>\n<th>Tootja<\/th>\n<td>UNI-T<\/td>\n<\/tr>\n<tr>\n<th>Mudel<\/th>\n<td>UT363S<\/td>\n<\/tr>\n<tr>\n<th>Tuulekiiruse m\u00f5\u00f5tmisvahemik<\/th>\n<td>0,4\u201330 m\/s \u00b1(5%+0,5 m\/s), 1,4\u2013108 km\/h \u00b1(5%+1,5 km\/h), 78\u20135905 jalga\/min \u00b1(5%+100 jalga\/min), 0,7\u201358 s\u00f5lme \u00b1(5%+1 s\u00f5lm), 0,8\u201367 miili tunnis \u00b1(5%+1 miili tunnis)<\/td>\n<\/tr>\n<tr>\n<th>Tuulekiiruse m\u00f5\u00f5tmise lahutusv\u00f5ime<\/th>\n<td>0\u201399: 0,01; 100\u2013999: 0,1; \u22481000: 1<\/td>\n<\/tr>\n<tr>\n<th>Temperatuuri m\u00f5\u00f5tmise vahemik<\/th>\n<td>-10 \u00b0C kuni 50 \u00b0C \/ 14 \u00b0F kuni 122 \u00b0F<\/td>\n<\/tr>\n<tr>\n<th>Tuule kiiruse m\u00f5\u00f5tmise eraldusv\u00f5ime<\/th>\n<td>0,1 \u00b0C \/ 0,2 \u00b0F<\/td>\n<\/tr>\n<tr>\n<th>Tuule kiiruse m\u00f5\u00f5tmise t\u00e4psus<\/th>\n<td>\u00b12 \u00b0C \/ \u00b14 \u00b0F<\/td>\n<\/tr>\n<tr>\n<th>Tuule tugevuse skaala<\/th>\n<td>0\u201312 (t\u00e4psus \u00b11)<\/td>\n<\/tr>\n<tr>\n<th>Prooviv\u00f5tu aeg<\/th>\n<td>0,5 s<\/td>\n<\/tr>\n<tr>\n<th>MAX \/ MIN \/ Keskmine (KESKMINE)<\/th>\n<td>Jah<\/td>\n<\/tr>\n<tr>\n<th>LCD-taustvalgustus<\/th>\n<td>Jah<\/td>\n<\/tr>\n<tr>\n<th>Andmete salvestamine (Data Hold)<\/th>\n<td>Jah<\/td>\n<\/tr>\n<tr>\n<th>Automaatne v\u00e4ljal\u00fclitus<\/th>\n<td>Jah<\/td>\n<\/tr>\n<tr>\n<th>\u00dclekoormuse indikaator (OL)<\/th>\n<td>Jah<\/td>\n<\/tr>\n<tr>\n<th>Aku t\u00fchjenemise indikaator<\/th>\n<td>Jah<\/td>\n<\/tr>\n<tr>\n<th>Automaatne vahemiku valik<\/th>\n<td>Jah<\/td>\n<\/tr>\n<tr>\n<th>Kukkumiskindlus 1 m k\u00f5rguselt<\/th>\n<td>Jah<\/td>\n<\/tr>\n<tr>\n<th>M\u00f5\u00f5t\u00fchikud<\/th>\n<td>m\/s, km\/h, ft\/min, s\u00f5lmed, mph, \u00b0C\/\u00b0F<\/td>\n<\/tr>\n<tr>\n<th>Toiteallikas<\/th>\n<td>3x 1,5 V patareid (R03\/AAA), kaasas<\/td>\n<\/tr>\n<tr>\n<th>Ekraan<\/th>\n<td>35 \u00d7 32 mm<\/td>\n<\/tr>\n<tr>\n<th>Kaal<\/th>\n<td>365 g<\/td>\n<\/tr>\n<tr>\n<th>M\u00f5\u00f5tmed<\/th>\n<td>120 \u00d7 53 \u00d7 43 mm<\/td>\n<\/tr>\n<tr>\n<th>T\u00f6\u00f6temperatuur<\/th>\n<td>0\u201340 \u00b0C<\/td>\n<\/tr>\n<\/tbody>\n<\/table>\n<\/div>\n","protected":false},"excerpt":{"rendered":"<p>UNI-T UT363S anemomeeter UNI-T UT363S on t\u00e4iustatud digitaalne anemomeeter, millel on kaablil eraldi andur, mida iseloomustab suur m\u00f5\u00f5tmist\u00e4psus ja mugav kasutamine. T\u00e4nu oma peenele disainile on v\u00f5imalik m\u00f5\u00f5ta tuule kiirust ja temperatuuri isegi raskesti ligip\u00e4\u00e4setavates kohtades \u2013 n\u00e4iteks ventilatsioonikanalites, masinakorpustes v\u00f5i ventilaatorite v\u00e4ljalaskeavades. Seade on loodud muuhulgas t\u00f6\u00f6stuslikuks ja professionaalseks kasutamiseks. energiatootmises, kaevanduses, metallurgias, keemiat\u00f6\u00f6stuses, [&#8230;]\n","protected":false},"featured_media":11134,"comment_status":"open","ping_status":"closed","template":"","meta":[],"product_brand":[773],"product_cat":[876],"product_tag":[],"class_list":{"0":"post-11133","1":"product","2":"type-product","3":"status-publish","4":"has-post-thumbnail","6":"product_brand-uni-t","7":"product_cat-measuring-tools-tools-home-and-garden","9":"first","10":"outofstock","11":"taxable","12":"shipping-taxable","13":"purchasable","14":"product-type-simple"},"aioseo_notices":[],"_links":{"self":[{"href":"https:\/\/asura.lv\/et\/wp-json\/wp\/v2\/product\/11133","targetHints":{"allow":["GET"]}}],"collection":[{"href":"https:\/\/asura.lv\/et\/wp-json\/wp\/v2\/product"}],"about":[{"href":"https:\/\/asura.lv\/et\/wp-json\/wp\/v2\/types\/product"}],"replies":[{"embeddable":true,"href":"https:\/\/asura.lv\/et\/wp-json\/wp\/v2\/comments?post=11133"}],"wp:featuredmedia":[{"embeddable":true,"href":"https:\/\/asura.lv\/et\/wp-json\/wp\/v2\/media\/11134"}],"wp:attachment":[{"href":"https:\/\/asura.lv\/et\/wp-json\/wp\/v2\/media?parent=11133"}],"wp:term":[{"taxonomy":"product_brand","embeddable":true,"href":"https:\/\/asura.lv\/et\/wp-json\/wp\/v2\/product_brand?post=11133"},{"taxonomy":"product_cat","embeddable":true,"href":"https:\/\/asura.lv\/et\/wp-json\/wp\/v2\/product_cat?post=11133"},{"taxonomy":"product_tag","embeddable":true,"href":"https:\/\/asura.lv\/et\/wp-json\/wp\/v2\/product_tag?post=11133"}],"curies":[{"name":"wp","href":"https:\/\/api.w.org\/{rel}","templated":true}]}}