{"id":11205,"date":"2025-11-29T18:31:06","date_gmt":"2025-11-29T18:31:06","guid":{"rendered":"https:\/\/asura.lv\/product\/uni-t-ut07b-eu-power-outlet-tester\/"},"modified":"2025-12-12T15:20:24","modified_gmt":"2025-12-12T13:20:24","slug":"uni-t-ut07b-eu-power-outlet-tester","status":"publish","type":"product","link":"https:\/\/asura.lv\/et\/toode\/uni-t-ut07b-eu-power-outlet-tester\/","title":{"rendered":"UNI-T UT07B-EU pistikupesade tester"},"content":{"rendered":"<h3>UNI-T UT07B-EU pistikupesa tester<\/h3>\n<p>UNI-T UT07B-EU pistikupesa tester on UT07A-EU mudeli laiendatud versioon, mis lisaks standardsele kaablidiagnostikale pakub ka sisseehitatud rikkevoolukaitsel\u00fclitit (RCD). T\u00e4nu sellele ei tuvasta seade mitte ainult paigaldise juhtmestikus esinevaid ebakorrap\u00e4rasusi, vaid v\u00f5imaldab kontrollida ka elektril\u00f6\u00f6gikaitse t\u00f5husust.<\/p>\n<p>\n<img decoding=\"async\" alt=\"\" border=\"0\" src=\"https:\/\/assets.innpro.pl\/15791\/19879\/5.jpg\"\/>\n<\/p>\n<h3>Sisseehitatud RCD test &#8211; suurem ohutus<\/h3>\n<p>UT07B-EU mudeli k\u00f5ige olulisem erinevus on RCD testimisfunktsiooni olemasolu. Seade genereerib umbes 30 mA lekkevoolu, mis v\u00f5imaldab kontrollida, kas rikkevoolukaitsel\u00fcliti t\u00f6\u00f6tab korralikult. See on eriti oluline uute paigaldiste puhul, kus RCD on elektril\u00f6\u00f6gi eest kaitsmise peamine element.<\/p>\n<p>\n<img decoding=\"async\" alt=\"\" border=\"0\" src=\"https:\/\/assets.innpro.pl\/15791\/19879\/3.jpg\"\/>\n<\/p>\n<h3>Paigaldusvigade kiire diagnostika<\/h3>\n<p>UT07B-EU v\u00f5imaldab tuvastada levinud rikkeid, n\u00e4iteks neutraal- v\u00f5i kaitsejuhi puudumist, faasi- ja neutraaljuhtmete vahetust ning valesid maandus\u00fchendusi. T\u00e4nu selgetele valgusindikaatoritele teab kasutaja kohe, millise probleemiga ta tegeleb.<\/p>\n<p>\n<img decoding=\"async\" alt=\"\" border=\"0\" src=\"https:\/\/assets.innpro.pl\/15791\/19879\/1.jpg\"\/>\n<\/p>\n<h3>T\u00f6\u00f6pinge ja -sagedus<\/h3>\n<p>Tester t\u00f6\u00f6tab pingel 230 V ja sagedusel 50\u201360 Hz, st t\u00e4ielikult vastavalt Euroopa elektriv\u00f5rgu standarditele. See muudab selle sobivaks enamiku kodudes, kontorites v\u00f5i t\u00f6\u00f6kodades leiduvate paigaldiste jaoks.<\/p>\n<p>\n<img decoding=\"async\" alt=\"\" border=\"0\" src=\"https:\/\/assets.innpro.pl\/15791\/19879\/2.jpg\"\/>\n<\/p>\n<div class=\"table-wrapper\">\n<p>\u0412\u00a0<\/p>\n<h3><\/h3>\n<table>\n<tbody>\n<tr>\n<th>Tootja<\/th>\n<td>UNI-T<\/td>\n<\/tr>\n<tr>\n<th>Mudel<\/th>\n<td>UT07B-EU<\/td>\n<\/tr>\n<tr>\n<th>T\u00f6\u00f6pinge<\/th>\n<td>230 V<\/td>\n<\/tr>\n<tr>\n<th>T\u00f6\u00f6vool<\/th>\n<td><18 mA<\/td>\n<\/tr>\n<tr>\n<th>Sagedus<\/th>\n<td>50 Hz ~ 60 Hz<\/td>\n<\/tr>\n<tr>\n<th>RCD<\/th>\n<td>~30 mA<\/td>\n<\/tr>\n<tr>\n<th>\u00d5ige \u00fchenduse indikaator<\/th>\n<td>Jah<\/td>\n<\/tr>\n<tr>\n<th>Maanduse puudumise indikaator<\/th>\n<td>Jah<\/td>\n<\/tr>\n<tr>\n<th>Neutraaljuhtme puudumise indikaator<\/th>\n<td>Jah<\/td>\n<\/tr>\n<tr>\n<th>Kaal<\/th>\n<td>80,5 g<\/td>\n<\/tr>\n<tr>\n<th>M\u00f5\u00f5tmed<\/th>\n<td>65 x 65 x 61 mm<\/td>\n<\/tr>\n<\/tbody>\n<\/table>\n<\/div>\n","protected":false},"excerpt":{"rendered":"<p>UNI-T UT07B-EU pistikupesa tester UNI-T UT07B-EU pistikupesa tester on UT07A-EU mudeli laiendatud versioon, mis lisaks standardsele kaablidiagnostikale pakub ka sisseehitatud rikkevoolukaitsel\u00fclitit (RCD). T\u00e4nu sellele ei tuvasta seade mitte ainult paigaldise juhtmestikus esinevaid ebakorrap\u00e4rasusi, vaid v\u00f5imaldab kontrollida ka elektril\u00f6\u00f6gikaitse t\u00f5husust. Sisseehitatud RCD test &#8211; suurem ohutus UT07B-EU mudeli k\u00f5ige olulisem erinevus on RCD testimisfunktsiooni olemasolu. Seade [&#8230;]\n","protected":false},"featured_media":11206,"comment_status":"open","ping_status":"closed","template":"","meta":[],"product_brand":[773],"product_cat":[876],"product_tag":[],"class_list":{"0":"post-11205","1":"product","2":"type-product","3":"status-publish","4":"has-post-thumbnail","6":"product_brand-uni-t","7":"product_cat-measuring-tools-tools-home-and-garden","9":"first","10":"outofstock","11":"taxable","12":"shipping-taxable","13":"purchasable","14":"product-type-simple"},"aioseo_notices":[],"_links":{"self":[{"href":"https:\/\/asura.lv\/et\/wp-json\/wp\/v2\/product\/11205","targetHints":{"allow":["GET"]}}],"collection":[{"href":"https:\/\/asura.lv\/et\/wp-json\/wp\/v2\/product"}],"about":[{"href":"https:\/\/asura.lv\/et\/wp-json\/wp\/v2\/types\/product"}],"replies":[{"embeddable":true,"href":"https:\/\/asura.lv\/et\/wp-json\/wp\/v2\/comments?post=11205"}],"wp:featuredmedia":[{"embeddable":true,"href":"https:\/\/asura.lv\/et\/wp-json\/wp\/v2\/media\/11206"}],"wp:attachment":[{"href":"https:\/\/asura.lv\/et\/wp-json\/wp\/v2\/media?parent=11205"}],"wp:term":[{"taxonomy":"product_brand","embeddable":true,"href":"https:\/\/asura.lv\/et\/wp-json\/wp\/v2\/product_brand?post=11205"},{"taxonomy":"product_cat","embeddable":true,"href":"https:\/\/asura.lv\/et\/wp-json\/wp\/v2\/product_cat?post=11205"},{"taxonomy":"product_tag","embeddable":true,"href":"https:\/\/asura.lv\/et\/wp-json\/wp\/v2\/product_tag?post=11205"}],"curies":[{"name":"wp","href":"https:\/\/api.w.org\/{rel}","templated":true}]}}