{"id":11325,"date":"2025-11-29T18:30:55","date_gmt":"2025-11-29T18:30:55","guid":{"rendered":"https:\/\/asura.lv\/product\/botslab-v9h-4k-car-action-camera-wifi-2-4-ghz-1700-mah\/"},"modified":"2025-12-12T15:13:05","modified_gmt":"2025-12-12T13:13:05","slug":"botslab-v9h-4k-car-action-camera-wifi-2-4-ghz-1700-mah","status":"publish","type":"product","link":"https:\/\/asura.lv\/et\/toode\/botslab-v9h-4k-car-action-camera-wifi-2-4-ghz-1700-mah\/","title":{"rendered":"Botslab V9H 4K auto-\/action-kaamera, WiFi 2,4 GHz, 1700 mAh"},"content":{"rendered":"<h3>Botslab V9H videosalvesti<\/h3>\n<p>Botslab V9H on 2-\u00fches seade, mis \u00fchendab endas autokaamera ja action-kaamera funktsionaalsuse. 4K salvestuse, kahe ekraani, pildistabilisaatori ja intuitiivse h\u00e4\u00e4ljuhtimisega pakub toode erakordset pildikvaliteeti ja kasutusmugavust nii teel kui ka maastikul. Selle modulaarne, kompaktne disain, ilmastikukindlus ja pikk t\u00f6\u00f6aeg muudavad selle ideaalseks valikuks nii autojuhtidele kui ka seiklushuvilistele.<\/p>\n<p>\n<img decoding=\"async\" border=\"0\" src=\"https:\/\/assets.innpro.pl\/10651\/12552\/9.jpg\"\/>\n<\/p>\n<h3>Salvestamine 4K-s<\/h3>\n<p>Botslab V9H videosalvesti j\u00e4\u00e4dvustab detailsete salvestiste saamiseks 4K-eraldusv\u00f5imega videot. Oma 5-kihilise Ultra-HD objektiivi, f\/1.8 ava ja 1\/2.7&#8243; sensoriga t\u00f6\u00f6tab kaamera h\u00e4sti erinevates valgustingimustes. WDR (lai d\u00fcnaamiline ulatus) funktsioon v\u00f5imaldab kaameral j\u00e4\u00e4dvustada pilte kontrastsetes stseenides, n\u00e4iteks kui heledate ja tumedate alade vahel on suur erinevus. Seet\u00f5ttu on V9H usaldusv\u00e4\u00e4rne nii igap\u00e4evasel s\u00f5idul kui ka ekstreemspordi j\u00e4\u00e4dvustamisel.<\/p>\n<p>\n<img decoding=\"async\" border=\"0\" src=\"https:\/\/assets.innpro.pl\/10651\/12552\/14.jpg\"\/>\n<\/p>\n<h3>Mitmed salvestusv\u00f5imalused<\/h3>\n<p>V9H v\u00f5imaldab teil kiiresti vahetada autoregistraatori ja action-kaamera re\u017eiimide vahel. Esimeses re\u017eiimis salvestab videosalvesti nii teel toimuvaid s\u00fcndmusi kui ka s\u00f5iduki sisemust, pakkudes teie reisist t\u00e4ielikku \u00fclevaadet. Teises re\u017eiimis v\u00f5imaldab seade j\u00e4\u00e4dvustada d\u00fcnaamilisi kaadreid. Elektroonilise pildistabilisaatori (EIS) abil on iga salvestus sujuv ja m\u00fcravaba. Saadaval on erinevad salvestusre\u017eiimid, sealhulgas aeglane Liikumine, mis sobib d\u00fcnaamiliste hetkede j\u00e4\u00e4dvustamiseks veelgi suurema t\u00e4psusega. Kahekordne 1,54-tolline ekraan v\u00f5imaldab mugavalt vahetada selfie- ja maalilise v\u00f5tte re\u017eiimide vahel.<\/p>\n<p>\n<img decoding=\"async\" border=\"0\" src=\"https:\/\/assets.innpro.pl\/10651\/12552\/4.jpg\"\/>\n<\/p>\n<h3>J\u00e4\u00e4dvusta iga hetk<\/h3>\n<p>T\u00e4nu eelsalvestuse funktsioonile v\u00f5imaldab Botslab V9H salvestada kuni 10 sekundit materjali enne tegeliku salvestamise algust. Kasutatav lahendus tagab, et \u00fckski oluline hetk ei j\u00e4\u00e4 m\u00e4rkamata, olenemata sellest, kas kaamera on videosalvesti v\u00f5i tegevuskaamera re\u017eiimis.<\/p>\n<p>\n<img decoding=\"async\" border=\"0\" src=\"https:\/\/assets.innpro.pl\/10651\/12552\/2.jpg\"\/>\n<\/p>\n<h3>Sujuv h\u00e4\u00e4ljuhtimine<\/h3>\n<p>V9H h\u00e4\u00e4ljuhtimine v\u00f5imaldab mugavat kasutamist ilma kaamerat k\u00e4sitsi reguleerida. Saate anda k\u00e4ske, n\u00e4iteks alustada salvestamist, teha fotot v\u00f5i m\u00e4rkida salvestist, mis annab teile t\u00e4ieliku vabaduse ja mugavuse, olenemata sellest, kas s\u00f5idate autot v\u00f5i tegelete spordiga.<\/p>\n<p>\n<img decoding=\"async\" border=\"0\" src=\"https:\/\/assets.innpro.pl\/10651\/12552\/8.jpg\"\/>\n<\/p>\n<h3>Pikk t\u00f6\u00f6aeg ja vastupidav disain<\/h3>\n<p>V\u00f5imas 1700 mAh aku v\u00f5imaldab \u00fche laadimisega salvestada kuni 2,5 tundi. Kiirlaadimise funktsioon v\u00f5imaldab sellel saavutada 80% laadimise vaid 30 minutiga. Videosalvesti on vihma- ja pritsmekindel, nii et saate seda kasutada matkates, trekkides v\u00f5i jalgrattaga vihmas.<\/p>\n<p>\n<img decoding=\"async\" border=\"0\" src=\"https:\/\/assets.innpro.pl\/10651\/12552\/10.jpg\"\/>\n<\/p>\n<h3>H\u00e4daolukorras salvestamine ja parkimine j\u00e4lgimine<\/h3>\n<p>Automaatse lukustuse funktsioon avariisalvestustele tagab, et kriitiline videomaterjal on \u00fclekirjutamise eest kaitstud. Saadaval on ka parkimise j\u00e4lgimise re\u017eiim, mis pakub s\u00f5iduki \u00f6\u00f6p\u00e4evaringset j\u00e4lgimist, salvestades iga liikumist auto \u00fcmber. See pakub ka aeglustatud salvestamist, mis on eriti kasulik pikemate peatuste ajal. M\u00e4rkus: \u00f6\u00f6p\u00e4evaringse parkimise j\u00e4lgimise funktsiooni kasutamiseks peate ostma lisajuhtmestiku, mis on saadaval eraldi.<\/p>\n<p>\n<img decoding=\"async\" border=\"0\" src=\"https:\/\/assets.innpro.pl\/10651\/12552\/12.jpg\"\/>\n<\/p>\n<h3>Laiendatud m\u00e4lu ja ts\u00fckkelsalvestus<\/h3>\n<p>Seade toetab kuni 256 GB microSD-kaarte, pakkudes palju ruumi pikkadeks salvestussessioonideks. Lisaks kirjutab sujuv ts\u00fckkelsalvestuse funktsioon automaatselt \u00fcle vanimad salvestised, v\u00e4listades vajaduse m\u00e4lukaardi ruumi k\u00e4sitsi hallata.<\/p>\n<p>\n<img decoding=\"async\" border=\"0\" src=\"https:\/\/assets.innpro.pl\/10651\/12552\/7.jpg\"\/>\n<\/p>\n<h3>Komplektis:<\/h3>\n<ul class=\"list-disc pl-5\">\n<li>Kaamera<\/li>\n<li>Autohoidik<\/li>\n<li>USB-C toitekaabel<\/li>\n<li>Autolaadija<\/li>\n<li>Staatilised kleebised x2<\/li>\n<li>3M teip<\/li>\n<li>Kasutusjuhend<\/li>\n<li>Kinnitushoob<\/li>\n<li>Akupesa<\/li>\n<li>USB toitekaabel<\/li>\n<\/ul>\n<div class=\"table-wrapper\">\n<p>\u0412\u00a0<\/p>\n<h3><\/h3>\n<table>\n<tbody>\n<tr>\n<th>Tootja<\/th>\n<td>Botslab<\/td>\n<\/tr>\n<tr>\n<th>Mudel<\/th>\n<td>V9H<\/td>\n<\/tr>\n<tr>\n<th>Resolutsioon<\/th>\n<td>4K<\/td>\n<\/tr>\n<tr>\n<th>ADAS<\/th>\n<td>Puudub<\/td>\n<\/tr>\n<tr>\n<th>Vaatenurk (FOV)<\/th>\n<td>170\u00b0<\/td>\n<\/tr>\n<tr>\n<th>Ava<\/th>\n<td>f\/1.8<\/td>\n<\/tr>\n<tr>\n<th>Ekraani suurus<\/th>\n<td>1,54 tolli<\/td>\n<\/tr>\n<tr>\n<th>Toiteallikas<\/th>\n<td>Laetav aku \/ 5V\/2.4A auto aku laadija<\/td>\n<\/tr>\n<tr>\n<th>Wi-Fi<\/th>\n<td>2,4 GHz<\/td>\n<\/tr>\n<tr>\n<th>Port<\/th>\n<td>USB-C<\/td>\n<\/tr>\n<tr>\n<th>M\u00e4lu<\/th>\n<td>Kohalik m\u00e4lu<\/td>\n<\/tr>\n<tr>\n<th>G-andur<\/th>\n<td>Jah<\/td>\n<\/tr>\n<tr>\n<th>Aku mahtuvus<\/th>\n<td>1700 mAh<\/td>\n<\/tr>\n<tr>\n<th>GPS<\/th>\n<td>Puudub<\/td>\n<\/tr>\n<tr>\n<th>Rakendus<\/th>\n<td>Botslab<\/td>\n<\/tr>\n<\/tbody>\n<\/table>\n<\/div>\n","protected":false},"excerpt":{"rendered":"<p>Botslab V9H videosalvesti Botslab V9H on 2-\u00fches seade, mis \u00fchendab endas autokaamera ja action-kaamera funktsionaalsuse. 4K salvestuse, kahe ekraani, pildistabilisaatori ja intuitiivse h\u00e4\u00e4ljuhtimisega pakub toode erakordset pildikvaliteeti ja kasutusmugavust nii teel kui ka maastikul. Selle modulaarne, kompaktne disain, ilmastikukindlus ja pikk t\u00f6\u00f6aeg muudavad selle ideaalseks valikuks nii autojuhtidele kui ka seiklushuvilistele. Salvestamine 4K-s Botslab V9H [&#8230;]\n","protected":false},"featured_media":11326,"comment_status":"open","ping_status":"closed","template":"","meta":[],"product_brand":[642],"product_cat":[906],"product_tag":[],"class_list":{"0":"post-11325","1":"product","2":"type-product","3":"status-publish","4":"has-post-thumbnail","6":"product_brand-botslab","7":"product_cat-video-recorders","9":"first","10":"outofstock","11":"taxable","12":"shipping-taxable","13":"purchasable","14":"product-type-simple"},"aioseo_notices":[],"_links":{"self":[{"href":"https:\/\/asura.lv\/et\/wp-json\/wp\/v2\/product\/11325","targetHints":{"allow":["GET"]}}],"collection":[{"href":"https:\/\/asura.lv\/et\/wp-json\/wp\/v2\/product"}],"about":[{"href":"https:\/\/asura.lv\/et\/wp-json\/wp\/v2\/types\/product"}],"replies":[{"embeddable":true,"href":"https:\/\/asura.lv\/et\/wp-json\/wp\/v2\/comments?post=11325"}],"wp:featuredmedia":[{"embeddable":true,"href":"https:\/\/asura.lv\/et\/wp-json\/wp\/v2\/media\/11326"}],"wp:attachment":[{"href":"https:\/\/asura.lv\/et\/wp-json\/wp\/v2\/media?parent=11325"}],"wp:term":[{"taxonomy":"product_brand","embeddable":true,"href":"https:\/\/asura.lv\/et\/wp-json\/wp\/v2\/product_brand?post=11325"},{"taxonomy":"product_cat","embeddable":true,"href":"https:\/\/asura.lv\/et\/wp-json\/wp\/v2\/product_cat?post=11325"},{"taxonomy":"product_tag","embeddable":true,"href":"https:\/\/asura.lv\/et\/wp-json\/wp\/v2\/product_tag?post=11325"}],"curies":[{"name":"wp","href":"https:\/\/api.w.org\/{rel}","templated":true}]}}