{"id":11361,"date":"2025-11-29T00:17:56","date_gmt":"2025-11-29T00:17:56","guid":{"rendered":"https:\/\/asura.lv\/product\/obdeleven-2-diagnostic-scanner-100-credits\/"},"modified":"2025-12-12T15:25:44","modified_gmt":"2025-12-12T13:25:44","slug":"obdeleven-2-diagnostic-scanner-100-credits","status":"publish","type":"product","link":"https:\/\/asura.lv\/et\/toode\/obdeleven-2-diagnostic-scanner-100-credits\/","title":{"rendered":"OBDeleven 2 diagnostikaskanner (100 ainepunkti)"},"content":{"rendered":"<h3>OBDeleven 2 diagnostikaskanner (100 ainepunkti)<\/h3>\n<p>OBDeleven NextGen on tipptasemel diagnostikavahend, mis on loodud autojuhtidele ja autohuvilistele, kes soovivad oma auto eest lihtsat hooldust. Seade \u00fchendub teie telefoniga Bluetoothi \u200b\u200bkaudu ja t\u00f6\u00f6tab OBDeleveni rakendusega, et pakkuda pilvep\u00f5hise tarkvara kaudu t\u00e4ielikku juurdep\u00e4\u00e4su teie s\u00f5iduki s\u00fcsteemidele. Selle abiga saate koheselt diagnoosida rikkeid, j\u00e4lgida t\u00f6\u00f6parameetreid ja isikup\u00e4rastada oma auto funktsioone \u2013 k\u00f5ik see vaid m\u00f5ne kl\u00f5psuga nutitelefoni ekraanil. Intuitiivne kasutamine ja kompaktne, taskuformaadis vorm muudavad OBDeleven NextGeni ideaalseks kaaslaseks igale juhile, olenemata oskuste tasemest.<\/p>\n<p>\n<img decoding=\"async\" alt=\"Black Carly kaugjuhtimispult, mis on \u00fchendatud BMW auto OBD2-porti, kuvades tervitusekraani\" border=\"0\" src=\"https:\/\/assets.innpro.pl\/18648\/24825\/1.jpg\"\/>\n<\/p>\n<h3>Piirideta diagnostika<\/h3>\n<p>OBDeleven NextGen pakub t\u00e4ielikke diagnostikav\u00f5imalusi VAG, BMW ja Toyota autodele. P\u00f5hidiagnostika ja vigade k\u00f5rvaldamise osas toetatakse ka teisi kaubam\u00e4rke. S\u00fcsteem t\u00f6\u00f6tab Androidi, iOS-i ja Huawei s\u00fcsteemides. See v\u00f5imaldab kasutajatel nautida t\u00e4ielikku \u00fchilduvust olenemata seadme t\u00fc\u00fcbist. See t\u00f6\u00f6riist ei vaja eriteadmisi ega kogemusi \u2013 \u00fchendage lihtsalt skanner OBD-II-porti ja k\u00e4ivitage rakendus, et alustada s\u00f5iduki seisukorra anal\u00fc\u00fcsimist. OBDeleven pakub mugavust, mobiilsust ja t\u00f6\u00f6kindlust elegantse ja minimalistliku disainiga.<\/p>\n<p>\n<img decoding=\"async\" alt=\"Carly OBD2 adapterit hoidev k\u00e4si BMW autos, rool taustal n\u00e4htav\" border=\"0\" src=\"https:\/\/assets.innpro.pl\/18648\/24825\/3.jpg\"\/>\n<\/p>\n<h3>Nutikad funktsioonid ja s\u00e4\u00e4stud<\/h3>\n<p>OBDeleven NextGeniga muutub diagnostika lihtsamaks ja s\u00e4\u00e4stlikumaks. Seade v\u00f5imaldab teil j\u00e4lgida olulisi andmeid reaalajas, j\u00e4lgida rikkeid ja kustutada veakoode ilma t\u00f6\u00f6kotta minemata. See v\u00f5imaldab kasutajal potentsiaalsetele probleemidele kiiresti reageerida, s\u00e4\u00e4stes aega ja raha. Isikup\u00e4rastamise funktsioon seevastu v\u00f5imaldab kasutajal s\u00f5iduki k\u00e4itumist vastavalt individuaalsetele eelistustele kohandada \u2013 alates tuledest kuni juhiabis\u00fcsteemideni.<\/p>\n<p>\n<img decoding=\"async\" alt=\"Punases dressipluusis k\u00e4si, mis hoiab Carly OBD2 adapterit avatud Audi auto kapotiga\" border=\"0\" src=\"https:\/\/assets.innpro.pl\/18648\/24825\/7.jpg\"\/>\n<\/p>\n<h3>\u00dche kl\u00f5psuga isikup\u00e4rastamine<\/h3>\n<p>\u00dche kl\u00f5psuga rakenduste abil saavad s\u00f5idukiomanikud h\u00f5lpsalt aktiveerida v\u00f5i deaktiveerida valitud auto funktsioone, n\u00e4iteks p\u00e4evas\u00f5idutuled, kella testi, parkimisandurid v\u00f5i &#8220;liikumisvideo&#8221; re\u017eiimi. Vaid m\u00f5ne hetkega saate oma autot kohandada OBDeleveni ekspertide loodud valmislahendustega. Rakenduste ulatuslik andmebaas on pidevalt uuendatav ja saadaval Volkswageni, BMW, MINI ja Rolls-Royce&#8217;i gruppi kuuluvate kaubam\u00e4rkide s\u00f5idukitele.<\/p>\n<p>\n<img decoding=\"async\" alt=\"Nutitelefon Carly rakendusega OBD2 adapteri k\u00f5rval mustal tepitud turvatoolil\" border=\"0\" src=\"https:\/\/assets.innpro.pl\/18648\/24825\/8.jpg\"\/>\n<\/p>\n<h3>Vali endale sobiv versioon<\/h3>\n<p>OBDeleven NextGen seade on diagnostikaskanneri p\u00f5hiline eraldiseisev versioon, mis on loodud igap\u00e4evastele juhtidele, kes soovivad kiiret ja lihtsat juurdep\u00e4\u00e4su oma s\u00f5iduki andmetele. Seade v\u00f5imaldab kasutajal teha t\u00e4ielikku OBD2 diagnostikat \u2013 lugeda ja kustutada vigu, vaadata reaalajas andmeid (Live Data) ja anal\u00fc\u00fcsida auto t\u00f6\u00f6parameetreid. Kasutajad saavad kasutada ka \u00fche kl\u00f5psuga rakenduste funktsiooni, mis on mobiilirakenduses saadaval p\u00e4rast krediitide ostmist, et isikup\u00e4rastada valitud s\u00f5iduki s\u00e4tteid ilma edasij\u00f5udnute tehniliste teadmisteta. Erinevalt PRO Pack ja ULTIMATE Pack versioonidest ei sisalda NextGen mudel VAG-i tellimusplaane, seega ei paku see VAG-kodeerimist ega SFD avamise funktsioone. See on ideaalne kasutajatele, kes soovivad nautida p\u00f5hilisi ja t\u00e4iustatud diagnostikafunktsioone taskukohasel viisil, ilma et peaksid investeerima lisapakettidesse v\u00f5i lisatarvikutesse. Ostuga saate alguses kasutamiseks 100 krediiti.<\/p>\n<p>\n<img decoding=\"async\" alt=\"Carly OBD2 diagnostikaadapter rooli ees Audi logoga digitaalsel kokpitis\" border=\"0\" src=\"https:\/\/assets.innpro.pl\/18648\/24825\/10.jpg\"\/>\n<\/p>\n<div class=\"table-wrapper\">\n<p>\u0412\u00a0<\/p>\n<h3><\/h3>\n<table>\n<tbody>\n<tr>\n<th>Tootja<\/th>\n<td>OBDeleven<\/td>\n<\/tr>\n<tr>\n<th>Mudel<\/th>\n<td>NextGen<\/td>\n<\/tr>\n<tr>\n<th>\u00dchenduvus<\/th>\n<td>Bluetooth<\/td>\n<\/tr>\n<tr>\n<th>S\u00fcsteemi \u00fchilduvus<\/th>\n<td>Android, iOS, Huawei<\/td>\n<\/tr>\n<tr>\n<th>S\u00f5iduki tugi<\/th>\n<td>K\u00f5ik kaubam\u00e4rgid, millel on OBD-II pesa<\/td>\n<\/tr>\n<tr>\n<th>Tarkvara t\u00fc\u00fcp<\/th>\n<td>Pilvep\u00f5hine<\/td>\n<\/tr>\n<tr>\n<th>Peamised funktsioonid<\/th>\n<td>OBD2 p\u00f5hidiagnostika, t\u00e4iustatud diagnostika (VAG, BMW, Toyota jaoks), \u00fche kl\u00f5psuga rakendused (saadaval krediitide eest), s\u00f5idukiandmete lugemine, reaalajas andmed<\/td>\n<\/tr>\n<tr>\n<th>Toiteallikas<\/th>\n<td>OBD-II pesa<\/td>\n<\/tr>\n<tr>\n<th>Litsentsid ja sertifikaadid<\/th>\n<td>Ametlikult litsentseeritud Volkswagen Groupi (VAG), BMW Groupi, Toyota Groupi poolt; sertifikaadid CE, FCC, RoHS, UKCA, TISAX, ISO 9001, ISO\/IEC 27001<\/td>\n<\/tr>\n<tr><\/tr>\n<\/tbody>\n<\/table>\n<\/div>\n","protected":false},"excerpt":{"rendered":"<p>OBDeleven 2 diagnostikaskanner (100 ainepunkti) OBDeleven NextGen on tipptasemel diagnostikavahend, mis on loodud autojuhtidele ja autohuvilistele, kes soovivad oma auto eest lihtsat hooldust. Seade \u00fchendub teie telefoniga Bluetoothi \u200b\u200bkaudu ja t\u00f6\u00f6tab OBDeleveni rakendusega, et pakkuda pilvep\u00f5hise tarkvara kaudu t\u00e4ielikku juurdep\u00e4\u00e4su teie s\u00f5iduki s\u00fcsteemidele. Selle abiga saate koheselt diagnoosida rikkeid, j\u00e4lgida t\u00f6\u00f6parameetreid ja isikup\u00e4rastada oma auto [&#8230;]\n","protected":false},"featured_media":11362,"comment_status":"open","ping_status":"closed","template":"","meta":[],"product_brand":[789],"product_cat":[879],"product_tag":[],"class_list":{"0":"post-11361","1":"product","2":"type-product","3":"status-publish","4":"has-post-thumbnail","6":"product_brand-obdeleven","7":"product_cat-diagnostic-tools","9":"first","10":"outofstock","11":"taxable","12":"shipping-taxable","13":"purchasable","14":"product-type-simple"},"aioseo_notices":[],"_links":{"self":[{"href":"https:\/\/asura.lv\/et\/wp-json\/wp\/v2\/product\/11361","targetHints":{"allow":["GET"]}}],"collection":[{"href":"https:\/\/asura.lv\/et\/wp-json\/wp\/v2\/product"}],"about":[{"href":"https:\/\/asura.lv\/et\/wp-json\/wp\/v2\/types\/product"}],"replies":[{"embeddable":true,"href":"https:\/\/asura.lv\/et\/wp-json\/wp\/v2\/comments?post=11361"}],"wp:featuredmedia":[{"embeddable":true,"href":"https:\/\/asura.lv\/et\/wp-json\/wp\/v2\/media\/11362"}],"wp:attachment":[{"href":"https:\/\/asura.lv\/et\/wp-json\/wp\/v2\/media?parent=11361"}],"wp:term":[{"taxonomy":"product_brand","embeddable":true,"href":"https:\/\/asura.lv\/et\/wp-json\/wp\/v2\/product_brand?post=11361"},{"taxonomy":"product_cat","embeddable":true,"href":"https:\/\/asura.lv\/et\/wp-json\/wp\/v2\/product_cat?post=11361"},{"taxonomy":"product_tag","embeddable":true,"href":"https:\/\/asura.lv\/et\/wp-json\/wp\/v2\/product_tag?post=11361"}],"curies":[{"name":"wp","href":"https:\/\/api.w.org\/{rel}","templated":true}]}}