{"id":11445,"date":"2025-11-29T00:17:48","date_gmt":"2025-11-29T00:17:48","guid":{"rendered":"https:\/\/asura.lv\/product\/switchbot-relay-switch-2pm-intelligent-two-channel-switch\/"},"modified":"2025-12-12T15:25:35","modified_gmt":"2025-12-12T13:25:35","slug":"switchbot-relay-switch-2pm-intelligent-two-channel-switch","status":"publish","type":"product","link":"https:\/\/asura.lv\/et\/toode\/switchbot-relay-switch-2pm-intelligent-two-channel-switch\/","title":{"rendered":"SwitchBot releel\u00fcliti 2PM intelligentne kahekanaliline l\u00fcliti"},"content":{"rendered":"<h3>SwitchBot Relay Switch 2PM nutikas kahekanaliline l\u00fcliti<\/h3>\n<p>SwitchBot Relay Switch 2PM on maailma esimene nutikas relee sisseehitatud Bluetooth-kordajaga ja Matteri toega, mis \u00fchendab erinevate kaubam\u00e4rkide seadmeid \u00fches \u00f6kos\u00fcsteemis. \u00dchildub Alexa, Apple HomeKiti, Google Home&#8217;i ja SmartThingsi rakendustega ning v\u00f5imaldab teil mugavalt juhtida tulesid, ruloosid, ventilaatoreid v\u00f5i k\u00fctet \u2013 k\u00f5ikjalt. Selle kompaktne disain (42\u201336\u201316 mm) v\u00f5imaldab h\u00f5lpsat paigaldamist elektrikilpi ilma juhtmestiku muutmiseta.<\/p>\n<p>\n<img decoding=\"async\" alt=\"SwitchBot Relay Switch 2PM moodul koos juhtmestiku skeemi, kruvi\u00fchenduste ja AC 100\u2013240 V m\u00e4rgistusega\" border=\"0\" src=\"https:\/\/assets.innpro.pl\/18527\/24646\/SwitchBot Relay Switch 2PM lifestyle (7).jpg\"\/>\n<\/p>\n<h3>Moderniseerimine ilma renoveerimiseta<\/h3>\n<p>Traditsioonilise l\u00fcliti taha paigaldatud Relay Switch 2PM muudab standardsed vooluringid nutikateks lahendusteks ilma renoveerimiseta. Paigaldamine v\u00f5tab vaid paar minutit, p\u00e4rast mida saate tulesid ja seadmeid hallata rakenduse v\u00f5i h\u00e4\u00e4le abil. Seade toetab nii WiFi-d kui ka Bluetoothi \u200b\u200bning Matteri protokoll v\u00f5imaldab otse\u00fchendust k\u00f5ige populaarsemate h\u00e4\u00e4lassistentidega ilma t\u00e4iendava jaoturita.<\/p>\n<p>\n<img decoding=\"async\" alt=\"SwitchBot nutikas l\u00fcliti Matteri logoga, esivaade kruvi\u00fchenduste ja juhtmestiku skeemiga\" border=\"0\" src=\"https:\/\/assets.innpro.pl\/18527\/24646\/SwitchBot Relay Switch 2PM lifestyle.jpg\"\/>\n<\/p>\n<h3>Energiatarbimise j\u00e4lgimine<\/h3>\n<p>Mudel pakub ka energia m\u00f5\u00f5tmist kahel s\u00f5ltumatul kanalil. SwitchBoti rakendus kuvab detailseid graafikuid v\u00f5imsuse, voolutugevuse, pinge ja koguenergia tarbimise kohta, mis v\u00f5imaldab teil kulusid optimeerida ja kodus energiat t\u00f5husalt hallata. Andmeid s\u00e4ilitatakse tasuta 2 aastat, mis h\u00f5lbustab pikaajalist anal\u00fc\u00fcsi.<\/p>\n<p>\n<img decoding=\"async\" alt=\"SwitchBot mobiilirakendus, mis kuvab Relay Switch 2PM energiatarbimise andmeid ja kasutusajalugu\" border=\"0\" src=\"https:\/\/assets.innpro.pl\/18527\/24646\/SwitchBot Relay Switch 2PM lifestyle (4).jpg\"\/>\n<\/p>\n<h3>Paindlik juhtimine ja automatiseerimine<\/h3>\n<p>Seade toetab erinevaid l\u00fclitit\u00fc\u00fcpe \u2013 l\u00fcliti, hetkel\u00fcliti, eraldiseisev l\u00fcliti ja serval\u00fcliti \u2013 ning pakub t\u00e4ielikku paigalduspaindlikkust. Saate luua automaatseid stsenaariume, n\u00e4iteks tulede sissel\u00fclitamine ukse avamisel, ruloode langetamine p\u00e4ikeseloojangul v\u00f5i k\u00fctte juhtimine SwitchBot Meter Pro andurite abil.<\/p>\n<p>\n<img decoding=\"async\" alt=\"SwitchBoti seina sissepaigaldatav seade koos juhtmestiku vaate ja mobiilirakendusega kahe l\u00fcliti juhtimiseks\" border=\"0\" src=\"https:\/\/assets.innpro.pl\/18527\/24646\/SwitchBot Relay Switch 2PM lifestyle (6).jpg\"\/>\n<\/p>\n<h3>K\u00f5rge turvalisuse tase<\/h3>\n<p>SwitchBoti releel\u00fclitit 2PM iseloomustab vastupidav konstruktsioon ja V0-klassi tulekaitse. Kaitses\u00fcsteem l\u00fclitab \u00fclekoormuse v\u00f5i \u00fcle 100 \u00b0C \u00fclekuumenemise korral automaatselt toite v\u00e4lja ja taastab eelmise t\u00f6\u00f6oleku p\u00e4rast rikke lakkamist. See tagab teie elektripaigaldise alati ohutuks toimimiseks.<\/p>\n<p>\n<img decoding=\"async\" alt=\"SwitchBot Relay Switch 2PM \u00f6kos\u00fcsteemi skeem koos Bluetoothi \u200b\u200bja WiFi-\u00fchendustega teiste nutika kodu seadmetega\" border=\"0\" src=\"https:\/\/assets.innpro.pl\/18527\/24646\/SwitchBot Relay Switch 2PM lifestyle (2).jpg\"\/>\n<\/p>\n<h3>Integreeritud SwitchBoti \u00f6kos\u00fcsteem<\/h3>\n<p>Seade toetab vahelduvvoolu 100\u2013240 V ja alalisvoolu 24\u201330 V, maksimaalse voolutugevusega 16 A (10 A kanali kohta) ning rull-ruloo re\u017eiimi kardinate ja ruloode intelligentseks juhtimiseks. Relee suudab integreerida kuni 10 SwitchBoti Bluetooth-seadet, n\u00e4iteks Lock Pro lukud, Curtain 3 rulood v\u00f5i Meter Pro andurid, luues \u00fchtse ja tervikliku nutika kodu s\u00fcsteemi.<\/p>\n<p>\n<img decoding=\"async\" alt=\"Kaks SwitchBoti releel\u00fcliti 2PM moodulit, mis on n\u00e4idatud erinevatest vaatenurkadest koos pistikute ja juhtmestiku skeemidega\" border=\"0\" src=\"https:\/\/assets.innpro.pl\/18527\/24646\/SwitchBot releel\u00fcliti 2PM lifestyle (5).jpg\"\/>\n<\/p>\n<div class=\"table-wrapper\">\n<p>\u0412\u00a0<\/p>\n<h3><\/h3>\n<table>\n<tbody>\n<tr>\n<th>Tootja<\/th>\n<td>SwitchBot<\/td>\n<\/tr>\n<tr>\n<th>Mudel<\/th>\n<td>Releel\u00fcliti 2PM<\/td>\n<\/tr>\n<tr>\n<th>M\u00f5\u00f5tmed<\/th>\n<td>42 \u00d7 36 \u00d7 16 mm (\u00b10,5 mm)<\/td>\n<\/tr>\n<tr>\n<th>Kaal<\/th>\n<td>27 g (0,9 untsi)<\/td>\n<\/tr>\n<tr>\n<th>Materjal<\/th>\n<td>PC<\/td>\n<\/tr>\n<tr>\n<th>Toiteallikas<\/th>\n<td>Vahelduvvool 100\u2013240 V 50\/60 Hz, alalisvool 24\u201330 V<\/td>\n<\/tr>\n<tr>\n<th>Maks. v\u00e4ljundvool (vahelduvvool)<\/th>\n<td>16 A (10 A kanali kohta)<\/td>\n<\/tr>\n<tr>\n<th>Maks. v\u00e4ljundvool (alalisvool)<\/th>\n<td>10 A<\/td>\n<\/tr>\n<tr>\n<th>Kanalitest arv<\/th>\n<td>2<\/td>\n<\/tr>\n<tr>\n<th>\u00dchendusmeetodid<\/th>\n<td>Wi-Fi + Bluetooth Low Energy<\/td>\n<\/tr>\n<tr>\n<th>Bluetoothi \u200b\u200bleviala<\/th>\n<td>Kuni 10 m (siseruumides) \/ 30 m (\u00f5ues)<\/td>\n<\/tr>\n<tr>\n<th>Wi-Fi leviala<\/th>\n<td>Kuni 30 m (siseruumides) \/ 50 m (\u00f5ues)<\/td>\n<\/tr>\n<tr>\n<th>Paigaldusmeetod<\/th>\n<td>S\u00fcvispaigaldus<\/td>\n<\/tr>\n<tr>\n<th>Turvafunktsioonid<\/th>\n<td>Automaatne v\u00e4ljal\u00fclitus \u00fclekoormuse v\u00f5i \u00fclekuumenemise korral (\u00fcle 100 \u00b0C)<\/td>\n<\/tr>\n<tr>\n<th>Rullkardina re\u017eiim<\/th>\n<td>Juhtitav<\/td>\n<\/tr>\n<tr>\n<th>Garaa\u017e Uksere\u017eiim<\/th>\n<td>Ei ole toetatud<\/td>\n<\/tr>\n<tr>\n<th>Integratsioon<\/th>\n<td>Matter, Alexa, Google Home, Apple HomeKit, SmartThings<\/td>\n<\/tr>\n<tr>\n<th>Protsessor<\/th>\n<td>ESP32<\/td>\n<\/tr>\n<tr>\n<th>Toetatud Bluetooth-seadmete maksimaalne arv<\/th>\n<td>10<\/td>\n<\/tr>\n<tr>\n<th>Sertifikaadid<\/th>\n<td>FCC, CE, RoHS<\/td>\n<\/tr>\n<tr><\/tr>\n<\/tbody>\n<\/table>\n<\/div>\n","protected":false},"excerpt":{"rendered":"<p>SwitchBot Relay Switch 2PM nutikas kahekanaliline l\u00fcliti SwitchBot Relay Switch 2PM on maailma esimene nutikas relee sisseehitatud Bluetooth-kordajaga ja Matteri toega, mis \u00fchendab erinevate kaubam\u00e4rkide seadmeid \u00fches \u00f6kos\u00fcsteemis. \u00dchildub Alexa, Apple HomeKiti, Google Home&#8217;i ja SmartThingsi rakendustega ning v\u00f5imaldab teil mugavalt juhtida tulesid, ruloosid, ventilaatoreid v\u00f5i k\u00fctet \u2013 k\u00f5ikjalt. Selle kompaktne disain (42\u201336\u201316 mm) v\u00f5imaldab [&#8230;]\n","protected":false},"featured_media":11446,"comment_status":"open","ping_status":"closed","template":"","meta":[],"product_brand":[460],"product_cat":[930],"product_tag":[],"class_list":{"0":"post-11445","1":"product","2":"type-product","3":"status-publish","4":"has-post-thumbnail","6":"product_brand-switchbot","7":"product_cat-switches","9":"first","10":"outofstock","11":"taxable","12":"shipping-taxable","13":"purchasable","14":"product-type-simple"},"aioseo_notices":[],"_links":{"self":[{"href":"https:\/\/asura.lv\/et\/wp-json\/wp\/v2\/product\/11445","targetHints":{"allow":["GET"]}}],"collection":[{"href":"https:\/\/asura.lv\/et\/wp-json\/wp\/v2\/product"}],"about":[{"href":"https:\/\/asura.lv\/et\/wp-json\/wp\/v2\/types\/product"}],"replies":[{"embeddable":true,"href":"https:\/\/asura.lv\/et\/wp-json\/wp\/v2\/comments?post=11445"}],"wp:featuredmedia":[{"embeddable":true,"href":"https:\/\/asura.lv\/et\/wp-json\/wp\/v2\/media\/11446"}],"wp:attachment":[{"href":"https:\/\/asura.lv\/et\/wp-json\/wp\/v2\/media?parent=11445"}],"wp:term":[{"taxonomy":"product_brand","embeddable":true,"href":"https:\/\/asura.lv\/et\/wp-json\/wp\/v2\/product_brand?post=11445"},{"taxonomy":"product_cat","embeddable":true,"href":"https:\/\/asura.lv\/et\/wp-json\/wp\/v2\/product_cat?post=11445"},{"taxonomy":"product_tag","embeddable":true,"href":"https:\/\/asura.lv\/et\/wp-json\/wp\/v2\/product_tag?post=11445"}],"curies":[{"name":"wp","href":"https:\/\/api.w.org\/{rel}","templated":true}]}}