{"id":11493,"date":"2025-11-29T00:17:44","date_gmt":"2025-11-29T00:17:44","guid":{"rendered":"https:\/\/asura.lv\/product\/sunnylife-aluminum-mount-for-insta360-x5-x4\/"},"modified":"2025-12-12T15:25:32","modified_gmt":"2025-12-12T13:25:32","slug":"sunnylife-aluminum-mount-for-insta360-x5-x4","status":"publish","type":"product","link":"https:\/\/asura.lv\/et\/toode\/sunnylife-aluminum-mount-for-insta360-x5-x4\/","title":{"rendered":"Sunnylife alumiiniumist kinnitus Insta360 X5\/X4 jaoks"},"content":{"rendered":"<h3>Sunnylife alumiiniumkinnitus Insta360 X5\/X4 jaoks<\/h3>\n<p>Sunnylife kinnitus on valmistatud t\u00e4ppist\u00f6\u00f6deldud alumiiniumisulamist, mis on k\u00f5va ja vastupidav kahjustustele. Lisatarvik kaitseb kaamerat kriimustuste ja l\u00f6\u00f6kide eest ning on samal ajal kerge ja mugav kasutada \u2013 see kaalub vaid 29 g. Kaasas on magnetiline DZ015 adapter lukustuss\u00fcsteemiga, mis tagab kindla kinnituse ilma lahtimineku riskita, samas kui sisseehitatud silikoon ja pehmed padjad neelavad l\u00f6\u00f6ke ja stabiliseerivad kaamerat salvestamise ajal.<\/p>\n<p>\n<img decoding=\"async\" alt=\"Spordikaamera kinnitatakse horisontaalselt jalgratta lenkstangile kronsteini abil\" border=\"0\" src=\"https:\/\/assets.innpro.pl\/18391\/24471\/1.jpg\"\/>\n<\/p>\n<h3>Salvesta vertikaalselt ja horisontaalselt<\/h3>\n<p>Spetsiaalne L-t\u00fc\u00fcpi disain v\u00f5imaldab kaamerat paigaldada nii vertikaalselt kui ka horisontaalselt, mist\u00f5ttu on lihtne luua kaadreid erinevates formaatides \u2013 alates klassikalistest videotest kuni sotsiaalmeedia videosisuni. Alus on t\u00e4ielikult \u00fchilduv Insta360 X5 ja X4-ga ning t\u00f6\u00f6tab Insta360 originaalsete magnetiliste adapterite (AD020) ja teiste Sunnylife alustega. Sisseehitatud \u00bc-tolline auk v\u00f5imaldab kaamerat h\u00f5lpsalt statiivile v\u00f5i poomile paigaldada ning juurdep\u00e4\u00e4s kaamera portidele ja mikrofonidele v\u00f5imaldab samaaegselt laadimist ja salvestamist.<\/p>\n<p>\n<img decoding=\"async\" alt=\"Teleskooppoomil olev spordikaamera on n\u00e4idatud horisontaalses ja vertikaalses orientatsioonis ekraaniga\" border=\"0\" src=\"https:\/\/assets.innpro.pl\/18391\/24471\/3.jpg\"\/>\n<\/p>\n<h3>Lai \u00fchilduvus ja paigaldusv\u00f5imalused<\/h3>\n<p>Komplektiga on kaasas magnetiline adapter DZ015, mis \u00fchildub Insta360 X5, Ace, Ace Pro, Ace Pro 2 ja Ace 1 kaameratega. Kinnitus sobib paljude Sunnylife lisatarvikutega, sh. MJ950\/ZJ666 seljakotiklamber, ZJ942 jalgrattakinnitus, ZJ847 kaelakinnitus, ZJ846 mootorrattakinnitus, TD672 peav\u00f5ru, ZJ585 visiirikinnitus, XD742 rinnakinnitus, ZJ758 jalgrattapannal, samuti statiivid ja poomid. See v\u00f5imaldab teil oma seadistust kohandada mis tahes salvestustingimuste jaoks \u2013 teel, jalgrattal v\u00f5i d\u00fcnaamiliste tegevusv\u00f5tete ajal.<\/p>\n<p>\n<img decoding=\"async\" alt=\"Viis n\u00e4idet, kuidas paigaldada Sunnylife spordikaamerat erinevatele pindadele ja tarvikutele, sh kiivrile, statiivile, traksidele ja lenkstangi k\u00fclge.\" border=\"0\" src=\"https:\/\/assets.innpro.pl\/18391\/24471\/9.jpg\"\/>\n<\/p>\n<h3>Kaasas:<\/h3>\n<ul class=\"list-disc pl-5\">\n<li>Kinnitus<\/li>\n<li>Magnetiline adapter<\/li>\n<li>Kuuskantv\u00f5ti<\/li>\n<li>Kruvi<\/li>\n<\/ul>\n<div class=\"table-wrapper\">\n<p>\u0412\u00a0<\/p>\n<h3><\/h3>\n<table>\n<tbody>\n<tr>\n<th>Tootja<\/th>\n<td>Sunnylife<\/td>\n<\/tr>\n<tr>\n<th>Mudel<\/th>\n<td>X5-ZJ021<\/td>\n<\/tr>\n<tr>\n<th>\u00dchilduvad mudelid<\/th>\n<td>Insta360 X5 \/ X4<\/td>\n<\/tr>\n<tr>\n<th>Materjal<\/th>\n<td>Alumiiniumisulam, magnet, plastik<\/td>\n<\/tr>\n<tr>\n<th>Kaal<\/th>\n<td>29 g<\/td>\n<\/tr>\n<\/tbody>\n<\/table>\n<\/div>\n","protected":false},"excerpt":{"rendered":"<p>Sunnylife alumiiniumkinnitus Insta360 X5\/X4 jaoks Sunnylife kinnitus on valmistatud t\u00e4ppist\u00f6\u00f6deldud alumiiniumisulamist, mis on k\u00f5va ja vastupidav kahjustustele. Lisatarvik kaitseb kaamerat kriimustuste ja l\u00f6\u00f6kide eest ning on samal ajal kerge ja mugav kasutada \u2013 see kaalub vaid 29 g. Kaasas on magnetiline DZ015 adapter lukustuss\u00fcsteemiga, mis tagab kindla kinnituse ilma lahtimineku riskita, samas kui sisseehitatud silikoon [&#8230;]\n","protected":false},"featured_media":11494,"comment_status":"open","ping_status":"closed","template":"","meta":[],"product_brand":[432],"product_cat":[936],"product_tag":[],"class_list":{"0":"post-11493","1":"product","2":"type-product","3":"status-publish","4":"has-post-thumbnail","6":"product_brand-sunnylife","7":"product_cat-for-sports-cameras","9":"first","10":"outofstock","11":"taxable","12":"shipping-taxable","13":"purchasable","14":"product-type-simple"},"aioseo_notices":[],"_links":{"self":[{"href":"https:\/\/asura.lv\/et\/wp-json\/wp\/v2\/product\/11493","targetHints":{"allow":["GET"]}}],"collection":[{"href":"https:\/\/asura.lv\/et\/wp-json\/wp\/v2\/product"}],"about":[{"href":"https:\/\/asura.lv\/et\/wp-json\/wp\/v2\/types\/product"}],"replies":[{"embeddable":true,"href":"https:\/\/asura.lv\/et\/wp-json\/wp\/v2\/comments?post=11493"}],"wp:featuredmedia":[{"embeddable":true,"href":"https:\/\/asura.lv\/et\/wp-json\/wp\/v2\/media\/11494"}],"wp:attachment":[{"href":"https:\/\/asura.lv\/et\/wp-json\/wp\/v2\/media?parent=11493"}],"wp:term":[{"taxonomy":"product_brand","embeddable":true,"href":"https:\/\/asura.lv\/et\/wp-json\/wp\/v2\/product_brand?post=11493"},{"taxonomy":"product_cat","embeddable":true,"href":"https:\/\/asura.lv\/et\/wp-json\/wp\/v2\/product_cat?post=11493"},{"taxonomy":"product_tag","embeddable":true,"href":"https:\/\/asura.lv\/et\/wp-json\/wp\/v2\/product_tag?post=11493"}],"curies":[{"name":"wp","href":"https:\/\/api.w.org\/{rel}","templated":true}]}}