{"id":11967,"date":"2025-11-29T00:16:59","date_gmt":"2025-11-29T00:16:59","guid":{"rendered":"https:\/\/asura.lv\/product\/smartring-colmi-r12-18-3mm-8-black\/"},"modified":"2025-12-12T15:24:42","modified_gmt":"2025-12-12T13:24:42","slug":"smartring-colmi-r12-18-3mm-8-black","status":"publish","type":"product","link":"https:\/\/asura.lv\/et\/toode\/smartring-colmi-r12-18-3mm-8-black\/","title":{"rendered":"Nutir\u00f5ngas Colmi R12 18.3MM 8 (must)"},"content":{"rendered":"<h3>Nutir\u00f5ngas Colmi R12 18.3MM 8 (must)<\/h3>\n<p>Colmi R12 on nutik\u00f5rmus, millel on LED-ekraan, tervise j\u00e4lgimise andurid ja \u017eestide juhtimise funktsioonid. See j\u00e4lgib \u00f6\u00f6p\u00e4evaringselt pulssi, vere hapnikusisaldust, und ja f\u00fc\u00fcsilist aktiivsust. See toetab erinevaid spordire\u017eiime ja v\u00f5imaldab teil nutitelefoni kaugjuhtimise teel juhtida. 1ATM veekindlusega saate seda kanda du\u0161i all ja ujudes ning aku tagab kuni 5 p\u00e4eva t\u00f6\u00f6aega v\u00f5i kuni 15 p\u00e4eva ootere\u017eiimis. Kaasasolev laadimisalus v\u00f5imaldab teil seadme akut kiiresti ja mugavalt laadida.<\/p>\n<p>\n<img decoding=\"async\" alt=\"Must nutir\u00f5ngas asetatud laadimisalusele puidust lauale.\" border=\"0\" src=\"https:\/\/assets.innpro.pl\/18199\/24159\/9.jpg\"\/>\n<\/p>\n<h3>Lihtsalt loetav ekraan<\/h3>\n<p>Sisseehitatud LED-ekraan, mis asub otse r\u00f5ngal, v\u00f5imaldab teil kiiresti vaadata olulist teavet \u2013 ilma et peaksite telefoni j\u00e4rele haarama. Saate kontrollida praegust aega, tehtud sammude arvu, aku taset ja praegust pulssi. See on eriti kasulik olukordades, kus nutitelefoni kasutamine on ebamugav v\u00f5i v\u00f5imatu \u2013 n\u00e4iteks jalgrattas\u00f5idu v\u00f5i treeningu ajal.<\/p>\n<p>\n<img decoding=\"async\" alt=\"Nutir\u00f5ngas LED-ekraaniga.\" border=\"0\" src=\"https:\/\/assets.innpro.pl\/18199\/24159\/7.jpg\"\/>\n<\/p>\n<h3>Tervise ja aktiivsuse j\u00e4lgimine \u00f6\u00f6p\u00e4evaringselt<\/h3>\n<p>Colmi R12 on varustatud t\u00e4iustatud bioloogiliste anduritega, mis anal\u00fc\u00fcsivad \u00f6\u00f6p\u00e4evaringselt pulssi, vere hapnikusisaldust (SpO\u209a), und ja stressitaset. Pulssi m\u00f5\u00f5detakse reaalajas ja r\u00f5ngas suudab tuvastada isegi v\u00e4ikseid muutusi, mis v\u00f5imaldab paremini m\u00f5ista keha reaktsioone erinevates olukordades. Une kvaliteeti hinnatakse selle faaside \u2013 kerge, s\u00fcgav ja \u00e4rkvelolek \u2013 p\u00f5hjal ning andmed kuvatakse rakenduses selgete graafikute kujul. See v\u00f5imaldab teil j\u00e4lgida oma harjumusi ja v\u00f5tta konkreetseid meetmeid oma heaolu ja taastumise parandamiseks.<\/p>\n<p>\n<img decoding=\"async\" alt=\"Must nutik\u00f5rmus tumedal taustal.\" border=\"0\" src=\"https:\/\/assets.innpro.pl\/18199\/24159\/6.jpg\"\/>\n<\/p>\n<h3>Spordire\u017eiimid ja treeningu j\u00e4lgimine<\/h3>\n<p>R\u00f5ngas toetab mitmeid treeningre\u017eiime \u2013 sealhulgas k\u00f5ndimist, jooksmist, jalgrattas\u00f5itu v\u00f5i ujumist. Tegevuse ajal salvestab Colmi R12 pulssi, l\u00e4bitud vahemaad, sammude arvu, treeninguaega ja p\u00f5letatud kalorite arvu. See v\u00f5imaldab teil t\u00e4pselt j\u00e4lgida oma edusamme ja paremini planeerida treeninguid. R\u00f5nga kogutud andmed s\u00fcnkroonitakse rakendusega, andes teile juurdep\u00e4\u00e4su p\u00e4eva-, n\u00e4dala- ja kuustatistikale.<\/p>\n<p>\n<img decoding=\"async\" alt=\"3 nutikat r\u00f5ngast ekraanidega hallil laual.\" border=\"0\" src=\"https:\/\/assets.innpro.pl\/18199\/24159\/8.jpg\"\/>\n<\/p>\n<h3>Lihtne \u017eestidega juhtimine ja praktilised funktsioonid<\/h3>\n<p>Colmi R12 v\u00f5imaldab teil nutitelefoni ka \u017eestidega juhtida. Lihtsa k\u00e4eliigutusega saad ekraani kerida rakendustes nagu TikTok v\u00f5i telefoniga kaugelt fotot teha. See funktsioon on mugav selfide tegemisel v\u00f5i videote salvestamisel ilma ekraani puudutamata. Lisaks v\u00f5imaldab r\u00f5ngas k\u00e4sitsi kordusi lugeda, n\u00e4iteks palve, afirmatsioonide v\u00f5i treeningu ajal. J\u00e4rgmise s\u00fcndmuse salvestamiseks vajuta lihtsalt \u00fcmbrisel olevat nuppu \u2013 need andmed salvestatakse ka rakendusse.<\/p>\n<p>\n<img decoding=\"async\" alt=\"Nutir\u00f5ngas alusel ja naise k\u00e4si nutik\u00f5rgusega s\u00f5rmel.\" border=\"0\" src=\"https:\/\/assets.innpro.pl\/18199\/24159\/3.jpg\"\/>\n<\/p>\n<h3>Vastupidav disain<\/h3>\n<p>Colmi R12 veekindlus on 1 ATM, mis t\u00e4hendab, et seda saab h\u00f5lpsasti kasutada k\u00e4te pesemisel, suplemisel ja isegi meres v\u00f5i basseinis ujumisel. Lisaks v\u00f5imaldab sisseehitatud laetav aku r\u00f5ngast kasutada umbes 5 p\u00e4eva, olenevalt kasutamise intensiivsusest. Ootere\u017eiimis pikeneb t\u00f6\u00f6aeg kuni 15 p\u00e4eva. Komplektis on laadimisalus, mis teeb aku kiire ja mugava laadimise ilma kaabliteta lihtsaks.<\/p>\n<p>\n<img decoding=\"async\" alt=\"Nutir\u00f5ngas ekraaniga musta laadimisaluse kohal.\" border=\"0\" src=\"https:\/\/assets.innpro.pl\/18199\/24159\/10.jpg\"\/>\n<\/p>\n<h3>Kaasas<\/h3>\n<ul class=\"list-disc pl-5\">\n<li>nutir\u00f5ngas<\/li>\n<li>laadimisalus<\/li>\n<li>USB-C &#8211; USB-C kaabel<\/li>\n<li>kasutusjuhend<\/li>\n<\/ul>\n<div class=\"table-wrapper\">\n<p>\u0412\u00a0<\/p>\n<h3>\u00dcldine<\/h3>\n<table>\n<tbody>\n<tr>\n<th>Tootja<\/th>\n<td>Colmi<\/td>\n<\/tr>\n<tr>\n<th>Mudel<\/th>\n<td>R12<\/td>\n<\/tr>\n<tr>\n<th>Suurus<\/th>\n<td>8<\/td>\n<\/tr>\n<tr>\n<th>Sisemine l\u00e4bim\u00f5\u00f5t<\/th>\n<td>18.3 mm<\/td>\n<\/tr>\n<tr>\n<th>V\u00e4rv<\/th>\n<td>must<\/td>\n<\/tr>\n<tr>\n<th>Ekraan<\/th>\n<td>Andmed aku laetuse taseme, aja, sammude ja pulsi kohta<\/td>\n<\/tr>\n<tr>\n<th>Materjal<\/th>\n<td>roostevaba teras + epoks\u00fcvaik<\/td>\n<\/tr>\n<tr>\n<th>Kaal<\/th>\n<td>4,7 g<\/td>\n<\/tr>\n<tr>\n<th>\u00dchilduvad operatsioonis\u00fcsteemid<\/th>\n<td>Android 4.4 ja uuemad; iOS 8.0 ja uuemad; Harmony OS<\/td>\n<\/tr>\n<tr>\n<th>Rakendus<\/th>\n<td>QRing<\/td>\n<\/tr>\n<tr>\n<th>Veekindel<\/th>\n<td>1ATM<\/td>\n<\/tr>\n<tr>\n<th>Uuendused<\/th>\n<td>OTA<\/td>\n<\/tr>\n<tr>\n<th>Rakenduskeeled<\/th>\n<td>taani, ukraina, vene, horvaadi, ungari, hindi, indoneesia, t\u00fcrgi, heebrea, kreeka, saksa, itaalia, l\u00e4ti, t\u0161ehhi, slovaki, sloveeni, jaapani, prantsuse, poola, tai, eesti, rootsi, leedu, lihtsustatud hiina, traditsiooniline hiina, rumeenia, inglise, hollandi, portugali, hispaania, vietnami, araabia, korea, malaisia<\/td>\n<\/tr>\n<\/tbody>\n<\/table>\n<p>\u0412\u00a0<\/p>\n<h3>Riistvara<\/h3>\n<table>\n<tbody>\n<tr>\n<th>Kiibistik<\/th>\n<td>REALTEK RTL8762E<\/td>\n<\/tr>\n<tr>\n<th>V\u00e4lkm\u00e4lu m\u00e4lu<\/th>\n<td>ROM512Kb<\/td>\n<\/tr>\n<tr>\n<th>Surveandur<\/th>\n<td>Vcare VC30F<\/td>\n<\/tr>\n<tr>\n<th>G-andur<\/th>\n<td>ST LI2DOC<\/td>\n<\/tr>\n<tr>\n<th>Bluetooth<\/th>\n<td>5.0<\/td>\n<\/tr>\n<tr>\n<th>Aku t\u00fc\u00fcp<\/th>\n<td>liitiumpol\u00fcmeer<\/td>\n<\/tr>\n<tr>\n<th>Aku mahtuvus<\/th>\n<td>15 mA<\/td>\n<\/tr>\n<tr>\n<th>Laadimine<\/th>\n<td>Laadimisalus + USB-C kaabel<\/td>\n<\/tr>\n<tr>\n<th>Laadimists\u00fcklite arv<\/th>\n<td>\u00fcle 300<\/td>\n<\/tr>\n<tr>\n<th>Laadimisaeg<\/th>\n<td>umbes 1 h<\/td>\n<\/tr>\n<tr>\n<th>T\u00f6\u00f6aeg<\/th>\n<td>3-5 p\u00e4eva<\/td>\n<\/tr>\n<\/tbody>\n<\/table>\n<p>B\u00a0<\/p>\n<h3>Funktsioonid<\/h3>\n<table>\n<tbody>\n<tr>\n<th>Rakenduse funktsioonid<\/th>\n<td>Aktiivsus, kalorid, sammud, vahemaa kilomeetrites, uni, pulss, spordire\u017eiim, treeninguandmed, HRV (s\u00fcdame l\u00f6\u00f6gisageduse varieeruvus), vere hapnikutase, stressitase, igap\u00e4evane palvete lugemine, \u017eestide juhtimine (muusika, l\u00fchivideo, e-raamat), m\u00e4ngufunktsioonid (h\u00fcppamine, puuviljade p\u00f6\u00f6ramine, Pixel Bird, robot, p\u00f5rge, Battle Royale, ringiga v\u00f5itlemiseks koletistega), r\u00f5nga leidmine, tervise j\u00e4lgimine (24-tunnine pulsisageduse m\u00f5\u00f5tmine, SpO tuvastamine, p\u00e4evane stressitase, ajastatud HRV j\u00e4lgimine), fotode tegemine, teema stiil, \u00fchiku formaat, aku t\u00fchjenemise teade, tarkvarauuendus, s\u00fcsteemiseaded, ekraaniseaded (sisse\/v\u00e4lja, kandmisaeg, ekraaniaeg, heleduse reguleerimine), taustategevuse kaitse juhend, korduma kippuvad k\u00fcsimused (KKK)<\/td>\n<\/tr>\n<\/tbody>\n<\/table>\n<\/div>\n","protected":false},"excerpt":{"rendered":"<p>Nutir\u00f5ngas Colmi R12 18.3MM 8 (must) Colmi R12 on nutik\u00f5rmus, millel on LED-ekraan, tervise j\u00e4lgimise andurid ja \u017eestide juhtimise funktsioonid. See j\u00e4lgib \u00f6\u00f6p\u00e4evaringselt pulssi, vere hapnikusisaldust, und ja f\u00fc\u00fcsilist aktiivsust. See toetab erinevaid spordire\u017eiime ja v\u00f5imaldab teil nutitelefoni kaugjuhtimise teel juhtida. 1ATM veekindlusega saate seda kanda du\u0161i all ja ujudes ning aku tagab kuni 5 [&#8230;]\n","protected":false},"featured_media":11968,"comment_status":"open","ping_status":"closed","template":"","meta":[],"product_brand":[471],"product_cat":[990],"product_tag":[],"class_list":{"0":"post-11967","1":"product","2":"type-product","3":"status-publish","4":"has-post-thumbnail","6":"product_brand-colmi","7":"product_cat-smartrings-smartwatches","9":"first","10":"outofstock","11":"taxable","12":"shipping-taxable","13":"purchasable","14":"product-type-simple"},"aioseo_notices":[],"_links":{"self":[{"href":"https:\/\/asura.lv\/et\/wp-json\/wp\/v2\/product\/11967","targetHints":{"allow":["GET"]}}],"collection":[{"href":"https:\/\/asura.lv\/et\/wp-json\/wp\/v2\/product"}],"about":[{"href":"https:\/\/asura.lv\/et\/wp-json\/wp\/v2\/types\/product"}],"replies":[{"embeddable":true,"href":"https:\/\/asura.lv\/et\/wp-json\/wp\/v2\/comments?post=11967"}],"wp:featuredmedia":[{"embeddable":true,"href":"https:\/\/asura.lv\/et\/wp-json\/wp\/v2\/media\/11968"}],"wp:attachment":[{"href":"https:\/\/asura.lv\/et\/wp-json\/wp\/v2\/media?parent=11967"}],"wp:term":[{"taxonomy":"product_brand","embeddable":true,"href":"https:\/\/asura.lv\/et\/wp-json\/wp\/v2\/product_brand?post=11967"},{"taxonomy":"product_cat","embeddable":true,"href":"https:\/\/asura.lv\/et\/wp-json\/wp\/v2\/product_cat?post=11967"},{"taxonomy":"product_tag","embeddable":true,"href":"https:\/\/asura.lv\/et\/wp-json\/wp\/v2\/product_tag?post=11967"}],"curies":[{"name":"wp","href":"https:\/\/api.w.org\/{rel}","templated":true}]}}