{"id":12027,"date":"2025-11-29T00:16:53","date_gmt":"2025-11-29T00:16:53","guid":{"rendered":"https:\/\/asura.lv\/product\/colmi-v89-smartwatch-silver\/"},"modified":"2025-12-12T15:24:34","modified_gmt":"2025-12-12T13:24:34","slug":"colmi-v89-smartwatch-silver","status":"publish","type":"product","link":"https:\/\/asura.lv\/et\/toode\/colmi-v89-smartwatch-silver\/","title":{"rendered":"Colmi V89 nutikell (h\u00f5bedane)"},"content":{"rendered":"<h3>Colmi V89 nutikell (h\u00f5bedane)<\/h3>\n<p>Colmi V89 on nutikell, mis \u00fchendab endas elegantse disaini ja laia valiku funktsioone, mis on kasulikud nii igap\u00e4evaseks kasutamiseks kui ka treeninguteks. Oma \u00f5hukese disaini, selge AMOLED-ekraani ja ulatuslike tervise- ja aktiivsuse j\u00e4lgimise v\u00f5imalustega sobib see h\u00e4sti neile, kes otsivad mugavat ja praktilist seadet.<\/p>\n<p>\n<img decoding=\"async\" alt=\"Must ja kuldne nutikell kuvab aega heledal taustal.\" border=\"0\" src=\"https:\/\/assets.innpro.pl\/18167\/24127\/5.jpg\"\/>\n<\/p>\n<h3>\u00d5huke disain ja ekraan, mis muudab<\/h3>\n<p>Colmi V89 kell on disainitud mugavust ja esteetikat silmas pidades. Selle korpus on vaid 7,9 mm paksune, seega ei paista see randmelt v\u00e4lja ja n\u00e4eb hea v\u00e4lja. Lisaks pakub 1,43-tolline AMOLED-ekraan k\u00f5rge resolutsiooniga 466 \u00d7 466 erksaid v\u00e4rve ja mugavat juurdep\u00e4\u00e4su teavitustele \u2013 olenemata valgustingimustest. Saadaval olevad sihverplaadi kujundused v\u00f5imaldavad teil kella v\u00e4limust isikup\u00e4rastada.<\/p>\n<p>\n<img decoding=\"async\" alt=\"2 nutikella: kuldne ja h\u00f5bedane v\u00e4rviliste sihverplaadi kujundustega heledal taustal.\" border=\"0\" src=\"https:\/\/assets.innpro.pl\/18167\/24127\/2.jpg\"\/>\n<\/p>\n<h3>Tervise j\u00e4lgimine<\/h3>\n<p>Colmi V89 pakub tervisefunktsioonide komplekti, mis v\u00f5imaldab teil paremini m\u00f5ista, mis teie kehaga p\u00e4eva jooksul toimub. Kell j\u00e4lgib pidevalt pulssi ja vere hapnikusisaldust (SpO\u209a) ning j\u00e4lgib ka stressitaset. Sisseehitatud algoritmid anal\u00fc\u00fcsivad unekvaliteeti, mis aitab parandada p\u00e4evar\u00fctmi ja taastumist. Naistele on spetsiaalne funktsioon menstruaalts\u00fckli, ovulatsiooni ja meeldetuletuste j\u00e4lgimiseks. K\u00f5ik andmed on rakenduses saadaval.<\/p>\n<p>\n<img decoding=\"async\" alt=\"Must nutikell pulsisageduse m\u00f5\u00f5tmisega ja h\u00f5bedane nutikell anduriga.\" border=\"0\" src=\"https:\/\/assets.innpro.pl\/18167\/24127\/8.jpg\"\/>\n<\/p>\n<h3>Rohkem kui 100 spordire\u017eiimi \u2013 aktiivsetele m\u00f5eldes<\/h3>\n<p>Nutikell toetab enam kui 100 erinevat spordiala \u2013 k\u00f5ndimisest ja jooksmisest jalgrattas\u00f5iduni, j\u00f5utreeningu ja joogani. Seade j\u00e4lgib aktiivsuse aega, distantsi, sammude arvu ja p\u00f5letatud kaloreid. Kella saab kasutada nii \u00f5ues, j\u00f5usaalis kui ka kodustes treeningutes, pakkudes selgeid andmeid.<\/p>\n<p>\n<img decoding=\"async\" alt=\"Must nutikell naise randmel, mis kuvab sammude arvu, p\u00f5letatud kaloreid ja treeninguaega.\" border=\"0\" src=\"https:\/\/assets.innpro.pl\/18167\/24127\/6.jpg\"\/>\n<\/p>\n<h3>Juurdep\u00e4\u00e4s k\u00f5nedele ja s\u00f5numitele<\/h3>\n<p>Kell v\u00f5imaldab teil telefoniga Bluetoothi \u200b\u200b\u200b\u200bkaudu \u00fchenduse loomisel helistada. Saate k\u00f5nedele vastata, need tagasi l\u00fckata ja k\u00f5neajalugu vaadata ilma nutitelefoni j\u00e4rele haaramata. Ekraanile ilmuvad ka m\u00e4rguanded rakendustest nagu SMS, WeChat, WhatsApp ja kalender. Men\u00fc\u00fcs navigeerimiseks kasutatakse p\u00f6\u00f6rlevat krooni, mis muudab selle kasutamise palju lihtsamaks.<\/p>\n<p>\n<img decoding=\"async\" alt=\"Nutikell naise randmel sissetuleva k\u00f5ne teavitusega.\" border=\"0\" src=\"https:\/\/assets.innpro.pl\/18167\/24127\/9.jpg\"\/>\n<\/p>\n<h3>Vastupidav disain<\/h3>\n<p>Colmi V89 nutikell t\u00f6\u00f6tab intensiivse kasutamise korral umbes 4-7 p\u00e4eva ja ootere\u017eiimis kuni 15 p\u00e4eva. Kell on ka pritsmekindel \u2013 vihm, higi v\u00f5i k\u00e4tepesu pole sellele probleemiks. Sisseehitatud tihendusr\u00f5ngas kaitseb niiskuse eest, v\u00f5imaldades teil seda igap\u00e4evastes olukordades kasutada ilma kahjustuste p\u00e4rast muretsemata.<\/p>\n<p>\n<img decoding=\"async\" alt=\"Kuldne nutikell v\u00e4rvilise roosiga taustapildil.\" border=\"0\" src=\"https:\/\/assets.innpro.pl\/18167\/24127\/4.jpg\"\/>\n<\/p>\n<h3>K\u00f5ik k\u00e4ep\u00e4rast \u2013 igap\u00e4evased funktsioonid ja lisatarvikud<\/h3>\n<p>Colmi V89 ei piirdu ainult spordi- ja tervisefunktsioonidega. Teie k\u00e4sutuses on ka \u00e4ratus, stopper, taimer, kalkulaator, veejoogi meeldetuletused, telefoni kaamera juhtimine v\u00f5i nutitelefoni otsingu funktsioon. Saadaval olevate funktsioonide mitmekesisus muudab selle kella praktiliseks igap\u00e4evaseks abiliseks. Lisaks saate men\u00fc\u00fc v\u00e4limust kohandada ja valida mitmesuguste ikoonide paigutusre\u017eiimide vahel.<\/p>\n<p>\n<img decoding=\"async\" alt=\"Nutikell naise randmel, mis n\u00e4itab aktiivsust.\" border=\"0\" src=\"https:\/\/assets.innpro.pl\/18167\/24127\/7.jpg\"\/>\n<\/p>\n<h3>Kaasas<\/h3>\n<ul class=\"list-disc pl-5\">\n<li>nutikell<\/li>\n<li>magnetiline laadimiskaabel<\/li>\n<li>kasutusjuhend<\/li>\n<\/ul>\n<div class=\"table-wrapper\">\n<p>\u0412\u00a0<\/p>\n<h3>\u00dcldine<\/h3>\n<table>\n<tbody>\n<tr>\n<th>Tootja<\/th>\n<td>Colmi<\/td>\n<\/tr>\n<tr>\n<th>Mudel<\/th>\n<td>V89<\/td>\n<\/tr>\n<tr>\n<th>Korpuse m\u00f5\u00f5tmed<\/th>\n<td>43 \u00d7 48 \u00d7 7,9 mm<\/td>\n<\/tr>\n<tr>\n<th>\u00dcmbris v\u00e4rvid<\/th>\n<td>H\u00f5bedane<\/td>\n<\/tr>\n<tr>\n<th>Korpuse materjal<\/th>\n<td>Tsingisulam + PC-plastik<\/td>\n<\/tr>\n<tr>\n<th>Rihm<\/th>\n<td>Silikoon, vahetatav<\/td>\n<\/tr>\n<tr>\n<th>Rihma laius<\/th>\n<td>20 mm<\/td>\n<\/tr>\n<tr>\n<th>Kella kaal<\/th>\n<td>45 g<\/td>\n<\/tr>\n<tr>\n<th>Nupp<\/th>\n<td>P\u00f6\u00f6ratav kroonnupp (1 tk)<\/td>\n<\/tr>\n<\/tbody>\n<\/table>\n<p>\u0412\u00a0<\/p>\n<h3>Laetav aku ja toiteallikas<\/h3>\n<table>\n<tbody>\n<tr>\n<th>Aku t\u00fc\u00fcp<\/th>\n<td>Liitiumpol\u00fcmeer<\/td>\n<\/tr>\n<tr>\n<th>Mahutavus<\/th>\n<td>200 mAh<\/td>\n<\/tr>\n<tr>\n<th>Laadimine aeg<\/th>\n<td>Ligikaudu 2 tundi<\/td>\n<\/tr>\n<tr>\n<th>Laadimismeetod<\/th>\n<td>Magnetiline 2-kontaktiline kaabel<\/td>\n<\/tr>\n<tr>\n<th>T\u00f6\u00f6aeg<\/th>\n<td>4\u20136 p\u00e4eva (t\u00fc\u00fcpiline kasutus)<\/td>\n<\/tr>\n<tr>\n<th>Ooteaeg<\/th>\n<td>Kuni 12 p\u00e4eva<\/td>\n<\/tr>\n<tr>\n<th>Laadimists\u00fcklite arv<\/th>\n<td>Rohkem kui 300<\/td>\n<\/tr>\n<tr>\n<th>Kaitseahel<\/th>\n<td>Seiko Y1<\/td>\n<\/tr>\n<\/tbody>\n<\/table>\n<p>\u0412\u00a0<\/p>\n<h3>Ekraan<\/h3>\n<table>\n<tbody>\n<tr>\n<th>T\u00fc\u00fcp<\/th>\n<td>AMOLED<\/td>\n<\/tr>\n<tr>\n<th>Diagonaal<\/th>\n<td>1,43 tolli<\/td>\n<\/tr>\n<tr>\n<th>Eraldusv\u00f5ime<\/th>\n<td>466 \u0413\u2014 466 pikslit<\/td>\n<\/tr>\n<tr>\n<th>Vaatenurk<\/th>\n<td>89\u00b0 m\u00f5lemal k\u00fcljel (89\/89\/89\/89)<\/td>\n<\/tr>\n<tr>\n<th>Ekraani t\u00fc\u00fcp<\/th>\n<td>puuteekraan<\/td>\n<\/tr>\n<tr>\n<th>Disain<\/th>\n<td>Klaas<\/td>\n<\/tr>\n<tr>\n<th>Fusion-tehnoloogia<\/th>\n<td>T\u00e4ielik sobivus OCA-ga<\/td>\n<\/tr>\n<\/tbody>\n<\/table>\n<p>\u0412\u00a0<\/p>\n<h3>\u00dchenduvus<\/h3>\n<table>\n<tbody>\n<tr>\n<th>Bluetooth<\/th>\n<td>BLE 5.2 (rakenduse funktsioonid) + BT 3.0 (h\u00e4\u00e4lk\u00f5ned)<\/td>\n<\/tr>\n<tr>\n<th>Bluetoothi \u200b\u200bleviala<\/th>\n<td>Kuni 10 meetrid<\/td>\n<\/tr>\n<tr>\n<th>Rakendus<\/th>\n<td>Da Fit<\/td>\n<\/tr>\n<tr>\n<th>\u00dchilduvad operatsioonis\u00fcsteemid<\/th>\n<td>Android 4.4 ja uuem \/ iOS 8.0 ja uuem \/ HarmonyOS<\/td>\n<\/tr>\n<\/tbody>\n<\/table>\n<p>\u0412\u00a0<\/p>\n<h3>Veekindel<\/h3>\n<table>\n<tbody>\n<tr>\n<th>Kaitseklass<\/th>\n<td>IP67 (pritsme-, vihma- ja higikindel)<\/td>\n<\/tr>\n<\/tbody>\n<\/table>\n<p>\u0412\u00a0<\/p>\n<h3>Multimeedia ja heli<\/h3>\n<table>\n<tbody>\n<tr>\n<th>K\u00f5lar<\/th>\n<td>Jah<\/td>\n<\/tr>\n<tr>\n<th>Mikrofon<\/th>\n<td>Jah<\/td>\n<\/tr>\n<tr>\n<th>H\u00e4\u00e4lk\u00f5ned l\u00e4bi Bluetooth<\/th>\n<td>Jah<\/td>\n<\/tr>\n<\/tbody>\n<\/table>\n<p>\u0412\u00a0<\/p>\n<h3>Keeled<\/h3>\n<table>\n<tbody>\n<tr>\n<th>Nutikell<\/th>\n<td>Inglise, korea, saksa, prantsuse, hispaania, araabia, vene, ukraina, itaalia, portugali, poola, rumeenia, indoneesia, tai, vietnami;<\/td>\n<\/tr>\n<tr>\n<th>Rakendus<\/th>\n<td>Inglise, lihtsustatud ja traditsiooniline hiina, jaapani, saksa, prantsuse, hispaania, vene, ukraina, itaalia, portugali, hollandi, poola, rootsi, soome, taani, norra, ungari, t\u0161ehhi, bulgaaria, rumeenia, slovaki, l\u00e4ti, indoneesia, tai, t\u00fcrgi, vietnami, hindi, pu\u0161tu, leedu, eesti, sloveeni, horvaadi, Kreeka keel<\/td>\n<\/tr>\n<\/tbody>\n<\/table>\n<p>\u0412\u00a0<\/p>\n<h3>Funktsioonid<\/h3>\n<table>\n<tbody>\n<tr>\n<th>Nutikell<\/th>\n<td>F\u00fc\u00fcsiline aktiivsus; Uni; Pulsisageduse m\u00f5\u00f5tmine; Spordire\u017eiimid; Treeninguajalugu; Verer\u00f5hk (BP); Vere k\u00fcllastus (SpO2); Stressitase; Ilm; Uudised; Kaamera katik; Muusikapleier; Tehisintellektiga h\u00e4\u00e4lassistent; Minuteman; \u00c4ratuskell; Stopper; Maailmakell; Menstruaalts\u00fckli j\u00e4lgimine; Taskulamp; Telefoni otsimine; Kalkulaator; M\u00e4ngud; Heleduse reguleerimine; Automaatne une tuvastamine; Kella sihverplaadi vahetamine; Men\u00fc\u00fcvaade; Randme t\u00f5stmine = ekraani \u00e4ratus; Vibratsioon ja helid; Re\u017eiim \u201e\u00c4ra sega\u201d; Energias\u00e4\u00e4sture\u017eiim; K\u00f5nedele vastamine\/keeldumine; Bluetooth-heli; Telefoni l\u00e4htestamine; Kell; Taask\u00e4ivitamine\/v\u00e4ljal\u00fclitamine; Rakenduste allalaadimine<\/td>\n<\/tr>\n<tr>\n<th>Rakendus<\/th>\n<td>Sammud, vahemaa, kalorid, k\u00f5ndimisaeg; Statistika 7 p\u00e4eva jooksul; Sammude v\u00f5rdlus teistega; Une j\u00e4lgimine + unekvaliteet; Unetrendid 7 p\u00e4eva jooksul; Pulsisageduse trendid 7 p\u00e4eva jooksul; R\u00f5hu trendid 7 p\u00e4eva jooksul; K\u00fcllastuse trendid 7 p\u00e4eva jooksul; Laiendatud treeningandmed; Aku laetuse tase; Kella numbrilauad; Lemmikkontaktid; Seadme otsimine; Ajavorming; \u00dchikud (meetriline\/tolli); Re\u017eiimi \u201e\u00c4ra sega\u201d seaded; Liikumismeeldetuletus; 24-tunnine pulsisageduse j\u00e4lgimine: sees\/v\u00e4ljas; Muusika juhtimine telefonist; Aku s\u00e4\u00e4sture\u017eiim; Keele muutmine; Veejoogi meeldetuletuse seaded; K\u00f5rgenenud pulsisageduse hoiatus; Ilmaseaded; Ts\u00fckli \/ menstruatsiooni \/ ovulatsiooni p\u00e4evade j\u00e4lgimine; Eesm\u00e4rgi seaded; Automaatsed OTA v\u00e4rskendused<\/td>\n<\/tr>\n<\/tbody>\n<\/table>\n<p>\u0412\u00a0<\/p>\n<h3>Teavitused<\/h3>\n<table>\n<tbody>\n<tr>\n<th>Toetatud rakendused<\/th>\n<td>Telefon, S\u00f5numid, Facebook, Messenger, X (Twitter), WhatsApp, Skype, Instagram, Zalo, Telegram, Line, KakaoTalk, Gmail, NateOn, Viber, WeChat ja teised<\/td>\n<\/tr>\n<\/tbody>\n<\/table>\n<p>\u0412\u00a0<\/p>\n<h3>Spordire\u017eiimid<\/h3>\n<table>\n<tbody>\n<tr>\n<th>Spordire\u017eiimide loend<\/th>\n<td>K\u00f5ndimine, jooksmine, jalgrattas\u00f5it, h\u00fcppamine, sulgpall, korvpall, jalgpall, ronimine, tantsimine, jooga, fitness, elliptiline trena\u017e\u00f6\u00f6r, orbitaaltreening, j\u00f5utreening, s\u00f5udmine, stepper, aeroobika, pilates, venitus, funktsionaaltreening, HIIT, v\u00f5itluskunstid, moodne tants, zumba, j\u00f5usaal, k\u00f5hutants, poks, v\u00f5itluskunstid judo, taekwondo, karate, kendo, s\u00f5udmine, suusatamine, uisutamine, t\u00e4navatants, ratsutamine, taldrik, kalap\u00fc\u00fck, golf, j\u00e4\u00e4hoki, kelgutamine, bobis\u00f5it, vibulaskmine, maadlus, sumomaadlus, purjetamine, surfamine, m\u00e4gironimine, veesuusatamine, rafting, kajakis\u00f5it, aerulauaga s\u00f5itmine, rulluisutamine, rulas\u00f5it, parkour, ATV-s\u00f5it, paraplaaniga s\u00f5itmine, triatlon, murdmaasuusatamine, autov\u00f5idus\u00f5it ja palju muud<\/td>\n<\/tr>\n<\/tbody>\n<\/table>\n<\/div>\n","protected":false},"excerpt":{"rendered":"<p>Colmi V89 nutikell (h\u00f5bedane) Colmi V89 on nutikell, mis \u00fchendab endas elegantse disaini ja laia valiku funktsioone, mis on kasulikud nii igap\u00e4evaseks kasutamiseks kui ka treeninguteks. Oma \u00f5hukese disaini, selge AMOLED-ekraani ja ulatuslike tervise- ja aktiivsuse j\u00e4lgimise v\u00f5imalustega sobib see h\u00e4sti neile, kes otsivad mugavat ja praktilist seadet. \u00d5huke disain ja ekraan, mis muudab Colmi [&#8230;]\n","protected":false},"featured_media":12028,"comment_status":"open","ping_status":"closed","template":"","meta":[],"product_brand":[471],"product_cat":[984],"product_tag":[],"class_list":{"0":"post-12027","1":"product","2":"type-product","3":"status-publish","4":"has-post-thumbnail","6":"product_brand-colmi","7":"product_cat-smartwatches-smartwatches","9":"first","10":"outofstock","11":"taxable","12":"shipping-taxable","13":"purchasable","14":"product-type-simple"},"aioseo_notices":[],"_links":{"self":[{"href":"https:\/\/asura.lv\/et\/wp-json\/wp\/v2\/product\/12027","targetHints":{"allow":["GET"]}}],"collection":[{"href":"https:\/\/asura.lv\/et\/wp-json\/wp\/v2\/product"}],"about":[{"href":"https:\/\/asura.lv\/et\/wp-json\/wp\/v2\/types\/product"}],"replies":[{"embeddable":true,"href":"https:\/\/asura.lv\/et\/wp-json\/wp\/v2\/comments?post=12027"}],"wp:featuredmedia":[{"embeddable":true,"href":"https:\/\/asura.lv\/et\/wp-json\/wp\/v2\/media\/12028"}],"wp:attachment":[{"href":"https:\/\/asura.lv\/et\/wp-json\/wp\/v2\/media?parent=12027"}],"wp:term":[{"taxonomy":"product_brand","embeddable":true,"href":"https:\/\/asura.lv\/et\/wp-json\/wp\/v2\/product_brand?post=12027"},{"taxonomy":"product_cat","embeddable":true,"href":"https:\/\/asura.lv\/et\/wp-json\/wp\/v2\/product_cat?post=12027"},{"taxonomy":"product_tag","embeddable":true,"href":"https:\/\/asura.lv\/et\/wp-json\/wp\/v2\/product_tag?post=12027"}],"curies":[{"name":"wp","href":"https:\/\/api.w.org\/{rel}","templated":true}]}}