{"id":12249,"date":"2025-11-29T00:16:32","date_gmt":"2025-11-29T00:16:32","guid":{"rendered":"https:\/\/asura.lv\/product\/freewell-55-mm-base-ring-with-lid-for-real-locking-vnd\/"},"modified":"2025-12-12T15:24:14","modified_gmt":"2025-12-12T13:24:14","slug":"freewell-55-mm-base-ring-with-lid-for-real-locking-vnd","status":"publish","type":"product","link":"https:\/\/asura.lv\/et\/toode\/freewell-55-mm-base-ring-with-lid-for-real-locking-vnd\/","title":{"rendered":"Freewelli 55 mm alusr\u00f5ngas kaanega Real Locking VND jaoks"},"content":{"rendered":"<h3>Freewelli 55 mm alusr\u00f5ngas kaanega Real Locking VND jaoks<\/h3>\n<p>Freewelli 55 mm alusr\u00f5ngas on Real Locking VND\/CPL s\u00fcsteemi asendamatu osa, mis v\u00f5imaldab teil filtreid objektiivile turvaliselt ja kiiresti kinnitada. See on valmistatud t\u00e4ppisfreesitud alumiiniumist, mis tagab kindla kinnituse ja \u00fchilduvuse \u00fclej\u00e4\u00e4nud s\u00fcsteemiga \u2013 VND filtritest korkideni. 55 mm mudel sobib sellise keermega objektiividele ja v\u00f5imaldab s\u00fcsteemi laiendada v\u00e4iksematele l\u00e4bim\u00f5\u00f5tudele.<\/p>\n<p>\n<img decoding=\"async\" alt=\"Must ja punane Freewelli NFC kate k\u00e4es hoituna.\" border=\"0\" src=\"https:\/\/assets.innpro.pl\/18273\/24255\/1.jpg\"\/>\n<\/p>\n<h3>NFC-ga kate \u2013 kaitse ja kiire juurdep\u00e4\u00e4s teabele<\/h3>\n<p>Komplektiga on kaasas kahe kl\u00f5psuga kaitsekate sisseehitatud NFC mooduliga. See v\u00f5imaldab kohest juurdep\u00e4\u00e4su kasutusjuhenditele, garantiidele ja tugimaterjalidele \u2013 tooge lihtsalt nutitelefon l\u00e4hedale. Kate ise kaitseb objektiivi v\u00f5i kinnitatud filtrit t\u00f5husalt tolmu, kriimustuste ja mehaaniliste kahjustuste eest transportimise ajal.<\/p>\n<p>\n<img decoding=\"async\" alt=\"Freewell NFC kate heledal taustal.\" border=\"0\" src=\"https:\/\/assets.innpro.pl\/18273\/24255\/4.jpg\"\/>\n<\/p>\n<h3>Laiendatav<\/h3>\n<p>Alusr\u00f5ngas on Freewell Real Locking filtrikomplekti laiendamise alus. See on saadaval erinevates suurustes (49 mm kuni 82 mm), mis v\u00f5imaldab teil s\u00fcsteemi erinevatele objektiividele sobitada. See v\u00f5imaldab teil kasutada \u00fchte filtrite komplekti mitmel kaameral, s\u00e4ilitades samal ajal \u00fchilduvuse ja mugavuse.<\/p>\n<p>\n<img decoding=\"async\" alt=\"Freewell NFC alusr\u00f5ngas ja kate hallil taustal.\" border=\"0\" src=\"https:\/\/assets.innpro.pl\/18273\/24255\/2.jpg\"\/>\n<\/p>\n<h3>Kaasas<\/h3>\n<ul class=\"list-disc pl-5\">\n<li>alusr\u00f5ngas<\/li>\n<li>NFC-ga kilp<\/li>\n<\/ul>\n<div class=\"table-wrapper\">\n<p>\u0412\u00a0<\/p>\n<h3><\/h3>\n<table>\n<tbody>\n<tr>\n<th>Tootja<\/th>\n<td>Freewell<\/td>\n<\/tr>\n<tr>\n<th>Tootekood<\/th>\n<td>FW-L1-BL55<\/td>\n<\/tr>\n<tr>\n<th>R\u00f5nga m\u00f5\u00f5tmed<\/th>\n<td>v\u00e4lisl\u00e4bim\u00f5\u00f5t 89,3 mm, paksus 4,8 mm<\/td>\n<\/tr>\n<tr>\n<th>R\u00f5nga kaal<\/th>\n<td>5,7 g<\/td>\n<\/tr>\n<tr>\n<th>NFC-ga kaane m\u00f5\u00f5tmed<\/th>\n<td>v\u00e4lisl\u00e4bim\u00f5\u00f5t 102,9 mm, paksus 6,1 mm<\/td>\n<\/tr>\n<tr>\n<th>NFC-ga kaane kaal<\/th>\n<td>25,9 g<\/td>\n<\/tr>\n<\/tbody>\n<\/table>\n<\/div>\n","protected":false},"excerpt":{"rendered":"<p>Freewelli 55 mm alusr\u00f5ngas kaanega Real Locking VND jaoks Freewelli 55 mm alusr\u00f5ngas on Real Locking VND\/CPL s\u00fcsteemi asendamatu osa, mis v\u00f5imaldab teil filtreid objektiivile turvaliselt ja kiiresti kinnitada. See on valmistatud t\u00e4ppisfreesitud alumiiniumist, mis tagab kindla kinnituse ja \u00fchilduvuse \u00fclej\u00e4\u00e4nud s\u00fcsteemiga \u2013 VND filtritest korkideni. 55 mm mudel sobib sellise keermega objektiividele ja v\u00f5imaldab [&#8230;]\n","protected":false},"featured_media":12250,"comment_status":"open","ping_status":"closed","template":"","meta":[],"product_brand":[491],"product_cat":[1014],"product_tag":[],"class_list":{"0":"post-12249","1":"product","2":"type-product","3":"status-publish","4":"has-post-thumbnail","6":"product_brand-freewell","7":"product_cat-for-cameras-and-camcorders","9":"first","10":"outofstock","11":"taxable","12":"shipping-taxable","13":"purchasable","14":"product-type-simple"},"aioseo_notices":[],"_links":{"self":[{"href":"https:\/\/asura.lv\/et\/wp-json\/wp\/v2\/product\/12249","targetHints":{"allow":["GET"]}}],"collection":[{"href":"https:\/\/asura.lv\/et\/wp-json\/wp\/v2\/product"}],"about":[{"href":"https:\/\/asura.lv\/et\/wp-json\/wp\/v2\/types\/product"}],"replies":[{"embeddable":true,"href":"https:\/\/asura.lv\/et\/wp-json\/wp\/v2\/comments?post=12249"}],"wp:featuredmedia":[{"embeddable":true,"href":"https:\/\/asura.lv\/et\/wp-json\/wp\/v2\/media\/12250"}],"wp:attachment":[{"href":"https:\/\/asura.lv\/et\/wp-json\/wp\/v2\/media?parent=12249"}],"wp:term":[{"taxonomy":"product_brand","embeddable":true,"href":"https:\/\/asura.lv\/et\/wp-json\/wp\/v2\/product_brand?post=12249"},{"taxonomy":"product_cat","embeddable":true,"href":"https:\/\/asura.lv\/et\/wp-json\/wp\/v2\/product_cat?post=12249"},{"taxonomy":"product_tag","embeddable":true,"href":"https:\/\/asura.lv\/et\/wp-json\/wp\/v2\/product_tag?post=12249"}],"curies":[{"name":"wp","href":"https:\/\/api.w.org\/{rel}","templated":true}]}}