{"id":12279,"date":"2025-11-29T00:16:28","date_gmt":"2025-11-29T00:16:28","guid":{"rendered":"https:\/\/asura.lv\/product\/filtr-freewell-uv-do-real-locking-vnd\/"},"modified":"2025-12-12T15:24:12","modified_gmt":"2025-12-12T13:24:12","slug":"filtr-freewell-uv-do-real-locking-vnd","status":"publish","type":"product","link":"https:\/\/asura.lv\/et\/toode\/filtr-freewell-uv-do-real-locking-vnd\/","title":{"rendered":"Freewell UV filter, mis lukustab VND-d"},"content":{"rendered":"<h3>Freewelli UV-filter Real Locking VND jaoks<\/h3>\n<p>Freewelli UV-filter t\u00f6\u00f6tab Real Locking VND\/CPL-s\u00fcsteemiga ja seda kasutatakse nii objektiivi kaitsmiseks kui ka pildikvaliteedi parandamiseks keerulistes valgustingimustes. See blokeerib kahjulikke UV-kiiri, v\u00e4hendab udususe m\u00f5ju ja suurendab v\u00f5tete selgust \u2013 eriti sobiv pildistamiseks m\u00e4gedes, vee kohal v\u00f5i v\u00e4ga eredas p\u00e4evavalguses.<\/p>\n<p>\n<img decoding=\"async\" alt=\"Hoitakse k\u00e4es 3 fotofiltrit.\" border=\"0\" src=\"https:\/\/assets.innpro.pl\/18267\/24248\/2.jpg\"\/>\n<\/p>\n<h3>Turvaline kinnitus ja kiire t\u00f6\u00f6<\/h3>\n<p>T\u00e4nu kl\u00f5pskinnitusmehhanismile kinnitub filter koheselt L1 alusr\u00f5ngale \u2013 vajutage lihtsalt sakke ja kinnitage filter. See tagab stabiilsuse, ei p\u00f6\u00f6rle ega l\u00f5dvene t\u00f6\u00f6 ajal, mis on eriti oluline d\u00fcnaamiliste v\u00f5tete v\u00f5i v\u00e4lit\u00f6\u00f6de puhul.<\/p>\n<p>\n<img decoding=\"async\" alt=\"Freewell UV-filter hallil taustal.\" border=\"0\" src=\"https:\/\/assets.innpro.pl\/18267\/24248\/3.jpg\"\/>\n<\/p>\n<h3>Kerge kaitse ilma pilti m\u00f5jutamata<\/h3>\n<p>UV-filtrit saab kasutada iseseisvalt objektiivi p\u00fcsiva kaitsena \u2013 ilma piltide v\u00e4rve ja kvaliteeti m\u00f5jutamata. Samuti on kaasas p\u00f5rutuskindel \u00fcmbris, mis kaitseb filtrit transportimise ajal ja aitab hoida tarvikute kotti korrastatuna.<\/p>\n<p>\n<img decoding=\"async\" alt=\"Freewelli musta ja pruuni filtri\u00fcmbris k\u00e4es.\" border=\"0\" src=\"https:\/\/assets.innpro.pl\/18267\/24248\/1.jpg\"\/>\n<\/p>\n<h3>Kaasas<\/h3>\n<ul class=\"list-disc pl-5\">\n<li>UV-filter<\/li>\n<li>\u00fcmbris<\/li>\n<li>puhastuslapp<\/li>\n<\/ul>\n<div class=\"table-wrapper\">\n<p>\u0412\u00a0<\/p>\n<h3><\/h3>\n<table>\n<tbody>\n<tr>\n<th>Tootja<\/th>\n<td>Freewell<\/td>\n<\/tr>\n<tr>\n<th>Tootekood<\/th>\n<td>FW-L1-UV<\/td>\n<\/tr>\n<tr>\n<th>M\u00f5\u00f5tmed<\/th>\n<td>v\u00e4lisl\u00e4bim\u00f5\u00f5t 116,6 mm, paksus 6,2 mm<\/td>\n<\/tr>\n<tr>\n<th>Kaal<\/th>\n<td>33,7 g<\/td>\n<\/tr>\n<\/tbody>\n<\/table>\n<\/div>\n","protected":false},"excerpt":{"rendered":"<p>Freewelli UV-filter Real Locking VND jaoks Freewelli UV-filter t\u00f6\u00f6tab Real Locking VND\/CPL-s\u00fcsteemiga ja seda kasutatakse nii objektiivi kaitsmiseks kui ka pildikvaliteedi parandamiseks keerulistes valgustingimustes. See blokeerib kahjulikke UV-kiiri, v\u00e4hendab udususe m\u00f5ju ja suurendab v\u00f5tete selgust \u2013 eriti sobiv pildistamiseks m\u00e4gedes, vee kohal v\u00f5i v\u00e4ga eredas p\u00e4evavalguses. Turvaline kinnitus ja kiire t\u00f6\u00f6 T\u00e4nu kl\u00f5pskinnitusmehhanismile kinnitub filter [&#8230;]\n","protected":false},"featured_media":12280,"comment_status":"open","ping_status":"closed","template":"","meta":[],"product_brand":[491],"product_cat":[1017],"product_tag":[],"class_list":{"0":"post-12279","1":"product","2":"type-product","3":"status-publish","4":"has-post-thumbnail","6":"product_brand-freewell","7":"product_cat-for-slr-cameras","9":"first","10":"outofstock","11":"taxable","12":"shipping-taxable","13":"purchasable","14":"product-type-simple"},"aioseo_notices":[],"_links":{"self":[{"href":"https:\/\/asura.lv\/et\/wp-json\/wp\/v2\/product\/12279","targetHints":{"allow":["GET"]}}],"collection":[{"href":"https:\/\/asura.lv\/et\/wp-json\/wp\/v2\/product"}],"about":[{"href":"https:\/\/asura.lv\/et\/wp-json\/wp\/v2\/types\/product"}],"replies":[{"embeddable":true,"href":"https:\/\/asura.lv\/et\/wp-json\/wp\/v2\/comments?post=12279"}],"wp:featuredmedia":[{"embeddable":true,"href":"https:\/\/asura.lv\/et\/wp-json\/wp\/v2\/media\/12280"}],"wp:attachment":[{"href":"https:\/\/asura.lv\/et\/wp-json\/wp\/v2\/media?parent=12279"}],"wp:term":[{"taxonomy":"product_brand","embeddable":true,"href":"https:\/\/asura.lv\/et\/wp-json\/wp\/v2\/product_brand?post=12279"},{"taxonomy":"product_cat","embeddable":true,"href":"https:\/\/asura.lv\/et\/wp-json\/wp\/v2\/product_cat?post=12279"},{"taxonomy":"product_tag","embeddable":true,"href":"https:\/\/asura.lv\/et\/wp-json\/wp\/v2\/product_tag?post=12279"}],"curies":[{"name":"wp","href":"https:\/\/api.w.org\/{rel}","templated":true}]}}