{"id":12369,"date":"2025-11-29T00:16:20","date_gmt":"2025-11-29T00:16:20","guid":{"rendered":"https:\/\/asura.lv\/product\/frame-for-orb-switch-triple-sonoff-ef3g\/"},"modified":"2025-12-12T15:24:04","modified_gmt":"2025-12-12T13:24:04","slug":"frame-for-orb-switch-triple-sonoff-ef3g","status":"publish","type":"product","link":"https:\/\/asura.lv\/et\/toode\/frame-for-orb-switch-triple-sonoff-ef3g\/","title":{"rendered":"Raam Orb-l\u00fclitile kolmik SONOFF EF3G"},"content":{"rendered":"<h3>SONOFF EF3G kolmekordne raam Orb-l\u00fclitile<\/h3>\n<p>Sonoff EF3G on Fusion-seeria kolmekordne raam, mis on loodud spetsiaalselt Sonoff Orb seinal\u00fclitite korpustele. See v\u00f5imaldab esteetiliselt meeldivat ja vahedeta kolme mooduli k\u00f5rvuti paigaldamist \u2013 nii horisontaalses kui ka vertikaalses orientatsioonis. Kogu s\u00fcsteem on loodud kasutusmugavust ja moodsat v\u00e4limust silmas pidades.<\/p>\n<p>\n<img decoding=\"async\" alt=\"Valge kolmekordne raam l\u00fclitile sinisel taustal.\" border=\"0\" src=\"https:\/\/assets.innpro.pl\/18107\/24037\/6.jpg\"\/>\n<\/p>\n<h3>Sobib mitme mooduliga karpidele<\/h3>\n<p>EF3G raam \u00fchildub 3-osaliste (200 mm laiuste) paigalduskarpidega, mida tavaliselt kasutatakse mitme mooduliga paigaldistes. See v\u00f5imaldab kiiresti ja t\u00e4pselt paigaldada kolm l\u00fclitit k\u00f5rvuti ilma ebak\u00f5ladeta.<\/p>\n<p>\n<img decoding=\"async\" alt=\"Valge topeltraam monotoonse l\u00fcliti jaoks seinale.\" border=\"0\" src=\"https:\/\/assets.innpro.pl\/18107\/24037\/5.jpg\"\/>\n<\/p>\n<h3>Universaalne paigaldus &#8211; horisontaalselt v\u00f5i vertikaalselt<\/h3>\n<p>Raami saab paigaldada nii horisontaalselt kui ka vertikaalselt, mis annab suure paindlikkuse l\u00fclitite paigutuse kujundamisel kodus v\u00f5i kontoris. See sobib ideaalselt n\u00e4iteks k\u00f6\u00f6gitasapinna kohale, voodi k\u00f5rvale v\u00f5i elutuppa temperatuuri regulaatori k\u00f5rvale.<\/p>\n<p>\n<img decoding=\"async\" alt=\"Kolmekordne raam l\u00fcliti jaoks seinale. Selle k\u00f5rval puidust laual roheline taim valges potis.\" border=\"0\" src=\"https:\/\/assets.innpro.pl\/18107\/24037\/2.jpg\"\/>\n<\/p>\n<div class=\"table-wrapper\">\n<p>B\u00a0<\/p>\n<h3><\/h3>\n<table>\n<tbody>\n<tr>\n<th>Tootja<\/th>\n<td>Sonoff<\/td>\n<\/tr>\n<tr>\n<th>Mudel<\/th>\n<td>EF3G<\/td>\n<\/tr>\n<tr>\n<th>V\u00e4rv<\/th>\n<td>valge<\/td>\n<\/tr>\n<tr>\n<th>Materjal<\/th>\n<td>PC<\/td>\n<\/tr>\n<tr>\n<th>M\u00f5\u00f5tmed<\/th>\n<td>228 x 86 mm<\/td>\n<\/tr>\n<\/tbody>\n<\/table>\n<\/div>\n","protected":false},"excerpt":{"rendered":"<p>SONOFF EF3G kolmekordne raam Orb-l\u00fclitile Sonoff EF3G on Fusion-seeria kolmekordne raam, mis on loodud spetsiaalselt Sonoff Orb seinal\u00fclitite korpustele. See v\u00f5imaldab esteetiliselt meeldivat ja vahedeta kolme mooduli k\u00f5rvuti paigaldamist \u2013 nii horisontaalses kui ka vertikaalses orientatsioonis. Kogu s\u00fcsteem on loodud kasutusmugavust ja moodsat v\u00e4limust silmas pidades. Sobib mitme mooduliga karpidele EF3G raam \u00fchildub 3-osaliste (200 [&#8230;]\n","protected":false},"featured_media":12370,"comment_status":"open","ping_status":"closed","template":"","meta":[],"product_brand":[203],"product_cat":[957],"product_tag":[],"class_list":{"0":"post-12369","1":"product","2":"type-product","3":"status-publish","4":"has-post-thumbnail","6":"product_brand-sonoff","7":"product_cat-accessories-smart-home","9":"first","10":"outofstock","11":"taxable","12":"shipping-taxable","13":"purchasable","14":"product-type-simple"},"aioseo_notices":[],"_links":{"self":[{"href":"https:\/\/asura.lv\/et\/wp-json\/wp\/v2\/product\/12369","targetHints":{"allow":["GET"]}}],"collection":[{"href":"https:\/\/asura.lv\/et\/wp-json\/wp\/v2\/product"}],"about":[{"href":"https:\/\/asura.lv\/et\/wp-json\/wp\/v2\/types\/product"}],"replies":[{"embeddable":true,"href":"https:\/\/asura.lv\/et\/wp-json\/wp\/v2\/comments?post=12369"}],"wp:featuredmedia":[{"embeddable":true,"href":"https:\/\/asura.lv\/et\/wp-json\/wp\/v2\/media\/12370"}],"wp:attachment":[{"href":"https:\/\/asura.lv\/et\/wp-json\/wp\/v2\/media?parent=12369"}],"wp:term":[{"taxonomy":"product_brand","embeddable":true,"href":"https:\/\/asura.lv\/et\/wp-json\/wp\/v2\/product_brand?post=12369"},{"taxonomy":"product_cat","embeddable":true,"href":"https:\/\/asura.lv\/et\/wp-json\/wp\/v2\/product_cat?post=12369"},{"taxonomy":"product_tag","embeddable":true,"href":"https:\/\/asura.lv\/et\/wp-json\/wp\/v2\/product_tag?post=12369"}],"curies":[{"name":"wp","href":"https:\/\/api.w.org\/{rel}","templated":true}]}}