{"id":12375,"date":"2025-11-29T00:16:20","date_gmt":"2025-11-29T00:16:20","guid":{"rendered":"https:\/\/asura.lv\/product\/smart-wall-switch-sonoff-minir4m-e-matter\/"},"modified":"2025-12-12T15:24:05","modified_gmt":"2025-12-12T13:24:05","slug":"smart-wall-switch-sonoff-minir4m-e-matter","status":"publish","type":"product","link":"https:\/\/asura.lv\/et\/toode\/smart-wall-switch-sonoff-minir4m-e-matter\/","title":{"rendered":"Nutikas seinal\u00fcliti SONOFF MINIR4M-E Matter."},"content":{"rendered":"<h3>SONOFF MINIR4M-E Matter nutikas seinal\u00fcliti<\/h3>\n<p>SONOFF Orb-MW1 on Fusion-seeria \u00fchekanaliline seinal\u00fcliti, mis \u00fchendab minimalistliku disaini t\u00e4ieliku \u00fchilduvusega Matteri \u00f6kos\u00fcsteemiga. See t\u00f6\u00f6tab teie interneti\u00fchendusest s\u00f5ltumatult, mis t\u00e4hendab, et saate tule sisse l\u00fclitada isegi siis, kui teie ruuter enam ei t\u00f6\u00f6ta. See t\u00f6\u00f6tab Apple Home&#8217;i, Google Home&#8217;i, Alexa, SmartThingsi ja Home Assistantiga \u2013 muutes selle ideaalseks iga nutika kodu jaoks.<\/p>\n<p>\n<img decoding=\"async\" alt=\"Valge l\u00fcliti, mis on paigaldatud seinale voodi k\u00f5rvale \u00f6\u00f6kapi kohale rohelise taimega.\" border=\"0\" src=\"https:\/\/assets.innpro.pl\/18108\/24038\/1.jpg\"\/>\n<\/p>\n<h3>Matteri koostalitlusv\u00f5ime \u2013 \u00fcks seade, mitu s\u00fcsteemi<\/h3>\n<p>L\u00fcliti t\u00f6\u00f6tab Matteriga, mis v\u00f5imaldab h\u00f5lpsat integreerimist mitme nutika kodu platvormiga \u2013 nii saate tulesid juhtida h\u00e4\u00e4le abil Siri, Alexa v\u00f5i Google Assistantiga. K\u00f5ik toimub \u00fchise Matter Hubi kaudu, mis lihtsustab seadmete haldamist ja parandab t\u00f6\u00f6stabiilsust. Lisaks t\u00f6\u00f6tab Orb-MW1 ukseandurite, liikumisandurite v\u00f5i ajakavadega, v\u00f5imaldades teil luua automaatseid stseene. Valgus saab sisse l\u00fclituda ukse avamisel, \u00f6\u00f6sel liikumise tuvastamisel v\u00f5i \u00fche kl\u00f5psuga enne magamaminekut.<\/p>\n<p>\n<img decoding=\"async\" alt=\"Valge seinal\u00fcliti, korterisse siseneva naise paremal.\" border=\"0\" src=\"https:\/\/assets.innpro.pl\/18108\/24038\/3.jpg\"\/>\n<\/p>\n<h3>Kohalik juhtimine<\/h3>\n<p>L\u00fcliti t\u00f6\u00f6tab lokaalselt, internetist s\u00f5ltumatult. Kui v\u00f5rk lakkab t\u00f6\u00f6tamast, saate valgust ikkagi k\u00e4sitsi sisse v\u00f5i v\u00e4lja l\u00fclitada \u2013 t\u00e4pselt nagu klassikalist l\u00fclitit. Nii v\u00f5ite olla kindel, et valgus t\u00f6\u00f6tab alati, kui seda vajate.<\/p>\n<p>\n<img decoding=\"async\" alt=\"Blondide juustega naine l\u00fclitab seinal\u00fclitiga elutoa tule sisse.\" border=\"0\" src=\"https:\/\/assets.innpro.pl\/18108\/24038\/2.jpg\"\/>\n<\/p>\n<h3>Relee lahti\u00fchendamise funktsioon<\/h3>\n<p>Relee lahti\u00fchendamise re\u017eiimis ei katkesta l\u00fcliti v\u00e4ljal\u00fclitamine nutikate pirnide toidet. Need j\u00e4\u00e4vad kogu aeg v\u00f5rgus olevaks ja valmis automatiseerimiseks v\u00f5i rakendusest juhtimiseks. See on eriti kasulik, kui kasutate nutikaid stseene, ajakavasid v\u00f5i h\u00e4\u00e4ljuhtimist.<\/p>\n<p>\n<img decoding=\"async\" alt=\"Valge seinal\u00fcliti sinisel taustal.\" border=\"0\" src=\"https:\/\/assets.innpro.pl\/18108\/24038\/4.jpg\"\/>\n<\/p>\n<div class=\"table-wrapper\">\n<p>B\u00a0<\/p>\n<h3><\/h3>\n<table>\n<tbody>\n<tr>\n<th>Tootja<\/th>\n<td>Sonoff<\/td>\n<\/tr>\n<tr>\n<th>Nimi<\/th>\n<td>Orb-MW1<\/td>\n<\/tr>\n<tr>\n<th>Seeria<\/th>\n<td>Fusion<\/td>\n<\/tr>\n<tr>\n<th>Mudel<\/th>\n<td>MINIR4M-E<\/td>\n<\/tr>\n<tr>\n<th>Mikrokontroller (MCU)<\/th>\n<td>ESP32-C3FN4<\/td>\n<\/tr>\n<tr>\n<th>Toiteallikas<\/th>\n<td>100-240V~, 50\/60Hz, max. 10A (takistuskoormus)<\/td>\n<\/tr>\n<tr>\n<th>Wi-Fi<\/th>\n<td>IEEE 802.11 b\/g\/n, 2,4 GHz<\/td>\n<\/tr>\n<tr>\n<th>Kaal<\/th>\n<td>84 g<\/td>\n<\/tr>\n<tr>\n<th>M\u00f5\u00f5tmed<\/th>\n<td>86\u201386\u201334 mm<\/td>\n<\/tr>\n<tr>\n<th>V\u00e4rv<\/th>\n<td>Valge<\/td>\n<\/tr>\n<tr>\n<th>Korpuse materjal<\/th>\n<td>PC<\/td>\n<\/tr>\n<tr>\n<th>Soovitatav juhtme l\u00e4bim\u00f5\u00f5t<\/th>\n<td>16\u201314 AWG, ainult vaskjuhe (tahke v\u00f5i traatjuhe)<\/td>\n<\/tr>\n<tr>\n<th>Rakendus<\/th>\n<td>Siseruumides<\/td>\n<\/tr>\n<tr>\n<th>T\u00f6\u00f6temperatuuri vahemik<\/th>\n<td>Alates -10 \u00b0C kuni 40 \u00b0C<\/td>\n<\/tr>\n<tr>\n<th>T\u00f6\u00f6keskkonna \u00f5huniiskus<\/th>\n<td>5\u201395% suhteline \u00f5huniiskus, mittekondenseeruv<\/td>\n<\/tr>\n<\/tbody>\n<\/table>\n<\/div>\n","protected":false},"excerpt":{"rendered":"<p>SONOFF MINIR4M-E Matter nutikas seinal\u00fcliti SONOFF Orb-MW1 on Fusion-seeria \u00fchekanaliline seinal\u00fcliti, mis \u00fchendab minimalistliku disaini t\u00e4ieliku \u00fchilduvusega Matteri \u00f6kos\u00fcsteemiga. See t\u00f6\u00f6tab teie interneti\u00fchendusest s\u00f5ltumatult, mis t\u00e4hendab, et saate tule sisse l\u00fclitada isegi siis, kui teie ruuter enam ei t\u00f6\u00f6ta. See t\u00f6\u00f6tab Apple Home&#8217;i, Google Home&#8217;i, Alexa, SmartThingsi ja Home Assistantiga \u2013 muutes selle ideaalseks iga [&#8230;]\n","protected":false},"featured_media":12376,"comment_status":"open","ping_status":"closed","template":"","meta":[],"product_brand":[203],"product_cat":[930],"product_tag":[],"class_list":{"0":"post-12375","1":"product","2":"type-product","3":"status-publish","4":"has-post-thumbnail","6":"product_brand-sonoff","7":"product_cat-switches","9":"first","10":"outofstock","11":"taxable","12":"shipping-taxable","13":"purchasable","14":"product-type-simple"},"aioseo_notices":[],"_links":{"self":[{"href":"https:\/\/asura.lv\/et\/wp-json\/wp\/v2\/product\/12375","targetHints":{"allow":["GET"]}}],"collection":[{"href":"https:\/\/asura.lv\/et\/wp-json\/wp\/v2\/product"}],"about":[{"href":"https:\/\/asura.lv\/et\/wp-json\/wp\/v2\/types\/product"}],"replies":[{"embeddable":true,"href":"https:\/\/asura.lv\/et\/wp-json\/wp\/v2\/comments?post=12375"}],"wp:featuredmedia":[{"embeddable":true,"href":"https:\/\/asura.lv\/et\/wp-json\/wp\/v2\/media\/12376"}],"wp:attachment":[{"href":"https:\/\/asura.lv\/et\/wp-json\/wp\/v2\/media?parent=12375"}],"wp:term":[{"taxonomy":"product_brand","embeddable":true,"href":"https:\/\/asura.lv\/et\/wp-json\/wp\/v2\/product_brand?post=12375"},{"taxonomy":"product_cat","embeddable":true,"href":"https:\/\/asura.lv\/et\/wp-json\/wp\/v2\/product_cat?post=12375"},{"taxonomy":"product_tag","embeddable":true,"href":"https:\/\/asura.lv\/et\/wp-json\/wp\/v2\/product_tag?post=12375"}],"curies":[{"name":"wp","href":"https:\/\/api.w.org\/{rel}","templated":true}]}}