{"id":12453,"date":"2025-11-29T00:16:11","date_gmt":"2025-11-29T00:16:11","guid":{"rendered":"https:\/\/asura.lv\/product\/ottocast-wireless-car-adapter-with-mirrorcast\/"},"modified":"2025-12-12T15:23:58","modified_gmt":"2025-12-12T13:23:58","slug":"ottocast-wireless-car-adapter-with-mirrorcast","status":"publish","type":"product","link":"https:\/\/asura.lv\/et\/toode\/ottocast-wireless-car-adapter-with-mirrorcast\/","title":{"rendered":"Ottocasti traadita autoadapter MirrorCastiga"},"content":{"rendered":"<h3>Ottocasti juhtmevaba autoadapter peegeldamiseks<\/h3>\n<p>Ottocast Mirror Touch on uuenduslik autoadapter, mis pakub peegeldamisel kahesuunalist juhtimist. See kannab teie nutitelefoni ekraani otse autoekraanile ja rakendusi saate juhtida puudutusega sama mugavalt kui telefonis. See on lahendus, mis muudab igap\u00e4evase pendeldamise v\u00f5i reisimise mugavamaks ja turvalisemaks.<\/p>\n<p>\n<img decoding=\"async\" alt=\"Mees ja naine autos\" border=\"0\" src=\"https:\/\/assets.innpro.pl\/18030\/23920\/1.jpg\"\/>\n<\/p>\n<h3>Kahesuunaline juhtimine ilma piiranguteta<\/h3>\n<p>Erinevalt standardlahendustest pakub Ottocast Mirror Touch t\u00e4ielikku \u00fchilduvust k\u00f5igi rakendustega \u2013 ilma lukkude v\u00f5i piiranguteta. Kasutage kaarte, kiirs\u00f5numeid v\u00f5i oma lemmikt\u00f6\u00f6riistu \u2013 t\u00e4pselt nagu nutitelefoni ekraanil. Samuti ei pea te muretsema oma privaatsuse p\u00e4rast \u2013 teie s\u00f5numid v\u00f5i sisselogimisandmed j\u00e4\u00e4vad ainult teie telefoni. Lisaks muudab madala latentsusega tehnoloogia (80 ms) rakenduste kasutamise autoekraanil t\u00e4iesti loomulikuks. Kerimine, teksti sisestamine v\u00f5i multimeedia juhtimine toimub reaalajas \u2013 ilma katkestuste v\u00f5i viivitusteta.<\/p>\n<p>\n<img decoding=\"async\" alt=\"Auto ekraani ja nutitelefoni kuvamisliidese s\u00fcnkroonimine rakenduste ikoonide ja hiirekursoriga\" border=\"0\" src=\"https:\/\/assets.innpro.pl\/18030\/23920\/3.jpg\"\/>\n<\/p>\n<h3>Integreeritud heli ja ohutu s\u00f5itmine<\/h3>\n<p>K\u00f5ik teie telefonist tulevad helid edastatakse auto tehase helis\u00fcsteemi, nii et saate nautida muusikat, taskuh\u00e4\u00e4lingusaateid v\u00f5i telefonik\u00f5nesid tippkvaliteediga. Lisaks suurendab juhtnuppude \u00fclekandmine auto suurele ekraanile m\u00e4rgatavalt mugavust ja ohutust s\u00f5idu ajal.<\/p>\n<p>\n<img decoding=\"async\" alt=\"Naine \u017eestikuleerib autos, ekraanil kuvatakse voogedastus- ja muusikarakenduste ikoone\" border=\"0\" src=\"https:\/\/assets.innpro.pl\/18030\/23920\/5.jpg\"\/>\n<\/p>\n<h3>CarPlay ja Androidi peegeldamine \u00fches<\/h3>\n<p>Seade v\u00f5imaldab teil kasutada juhtmevaba Apple CarPlayd ja t\u00e4ielikku Androidi peegeldamist. Adapter vahetab automaatselt re\u017eiimide vahel, pakkudes lihtsat kasutamist ja sujuvat \u00fchenduvust iga kord, kui s\u00f5iduki k\u00e4ivitate.<\/p>\n<p>\n<img decoding=\"async\" alt=\"Autosalong multimeediaekraaniga, mis kuvab v\u00e4rvilist pilti\" border=\"0\" src=\"https:\/\/assets.innpro.pl\/18030\/23920\/2.jpg\"\/>\n<\/p>\n<h3>Kompaktne disain, kiire laadimine, lai \u00fchilduvus<\/h3>\n<p>Ottocast Mirror Touch on \u00f5huke seade vastupidava ja kahjustuskindla kaabliga. See toetab kiirlaadimist kuni 27-vatise v\u00f5imsusega, nii et teie nutitelefon on alati kasutusvalmis, isegi pikkadel reisidel.<\/p>\n<p>Adapter t\u00f6\u00f6tab enamiku turul olevate automudelitega \u2013 sedaanidest ja maasturitest (Sport Utility Vehicle) kuni luksuslike limusiinide ja matkaautodeni.<\/p>\n<p>\n<img decoding=\"async\" alt=\"Tahvelarvuti, mis on kaabli abil \u00fchendatud Ottocasti seadmega, kuvab rakendustega avakuva\" border=\"0\" src=\"https:\/\/assets.innpro.pl\/18030\/23920\/4.jpg\"\/>\n<\/p>\n<h3>Kaasas<\/h3>\n<ul class=\"list-disc pl-5\">\n<li>Ottocast Mirror Touch adapter<\/li>\n<li>USB-A (Universal Serial Bus type A, standardne pistik andmete ja toite edastamiseks) USB-C (Universal Serial Bus type C, s\u00fcmmeetriline pistik kiireks andmete ja toite edastamiseks) adapter<\/li>\n<li>Kasutusjuhend<\/li>\n<\/ul>\n<div class=\"table-wrapper\">\n<p>\u0412\u00a0<\/p>\n<h3><\/h3>\n<table>\n<tbody>\n<tr>\n<th>Tootja<\/th>\n<td>Ottocast<\/td>\n<\/tr>\n<tr>\n<th>Mudel<\/th>\n<td>CA450<\/td>\n<\/tr>\n<tr>\n<th>Protsessor<\/th>\n<td>\u00dchetuumaline ARM Cortex A7 900 MHz<\/td>\n<\/tr>\n<tr>\n<th>Bluetooth (l\u00fchimaaline traadita side tehnoloogia)<\/th>\n<td>5.2 BLE (Bluetooth Low Energy, energias\u00e4\u00e4stlik Bluetoothi \u200b\u200bversioon)<\/td>\n<\/tr>\n<tr>\n<th>Bluetoothi \u200b\u200bnimi<\/th>\n<td>CAR-XXXX<\/td>\n<\/tr>\n<tr>\n<th>Wi-Fi (Wireless Fidelity, traadita andmeedastustehnoloogia)<\/th>\n<td>802.11 a\/b\/g\/n 2,4 GHz + 5 GHz<\/td>\n<\/tr>\n<tr>\n<th>T\u00f6\u00f6temperatuur<\/th>\n<td>Alates -20 \u00b0C kuni 70 \u00b0C<\/td>\n<\/tr>\n<tr>\n<th>Toiteallikas<\/th>\n<td>5 V = 2 A<\/td>\n<\/tr>\n<tr>\n<th>M\u00f5\u00f5tmed<\/th>\n<td>94,5 \u00d7 31,2 \u00d7 15 mm<\/td>\n<\/tr>\n<tr>\n<th>Saadaval olevad pordid<\/th>\n<td>USB-C<\/td>\n<\/tr>\n<\/tbody>\n<\/table>\n<\/div>\n","protected":false},"excerpt":{"rendered":"<p>Ottocasti juhtmevaba autoadapter peegeldamiseks Ottocast Mirror Touch on uuenduslik autoadapter, mis pakub peegeldamisel kahesuunalist juhtimist. See kannab teie nutitelefoni ekraani otse autoekraanile ja rakendusi saate juhtida puudutusega sama mugavalt kui telefonis. See on lahendus, mis muudab igap\u00e4evase pendeldamise v\u00f5i reisimise mugavamaks ja turvalisemaks. Kahesuunaline juhtimine ilma piiranguteta Erinevalt standardlahendustest pakub Ottocast Mirror Touch t\u00e4ielikku \u00fchilduvust [&#8230;]\n","protected":false},"featured_media":12454,"comment_status":"open","ping_status":"closed","template":"","meta":[],"product_brand":[598],"product_cat":[996],"product_tag":[],"class_list":{"0":"post-12453","1":"product","2":"type-product","3":"status-publish","4":"has-post-thumbnail","6":"product_brand-ottocast","7":"product_cat-android-auto-wireless-adapters","9":"first","10":"outofstock","11":"taxable","12":"shipping-taxable","13":"purchasable","14":"product-type-simple"},"aioseo_notices":[],"_links":{"self":[{"href":"https:\/\/asura.lv\/et\/wp-json\/wp\/v2\/product\/12453","targetHints":{"allow":["GET"]}}],"collection":[{"href":"https:\/\/asura.lv\/et\/wp-json\/wp\/v2\/product"}],"about":[{"href":"https:\/\/asura.lv\/et\/wp-json\/wp\/v2\/types\/product"}],"replies":[{"embeddable":true,"href":"https:\/\/asura.lv\/et\/wp-json\/wp\/v2\/comments?post=12453"}],"wp:featuredmedia":[{"embeddable":true,"href":"https:\/\/asura.lv\/et\/wp-json\/wp\/v2\/media\/12454"}],"wp:attachment":[{"href":"https:\/\/asura.lv\/et\/wp-json\/wp\/v2\/media?parent=12453"}],"wp:term":[{"taxonomy":"product_brand","embeddable":true,"href":"https:\/\/asura.lv\/et\/wp-json\/wp\/v2\/product_brand?post=12453"},{"taxonomy":"product_cat","embeddable":true,"href":"https:\/\/asura.lv\/et\/wp-json\/wp\/v2\/product_cat?post=12453"},{"taxonomy":"product_tag","embeddable":true,"href":"https:\/\/asura.lv\/et\/wp-json\/wp\/v2\/product_tag?post=12453"}],"curies":[{"name":"wp","href":"https:\/\/api.w.org\/{rel}","templated":true}]}}