{"id":12549,"date":"2025-11-29T00:16:02","date_gmt":"2025-11-29T00:16:02","guid":{"rendered":"https:\/\/asura.lv\/product\/nd-filter-set-for-dji-mini-5-pro-nd8-32-128\/"},"modified":"2025-12-12T15:23:49","modified_gmt":"2025-12-12T13:23:49","slug":"nd-filter-set-for-dji-mini-5-pro-nd8-32-128","status":"publish","type":"product","link":"https:\/\/asura.lv\/et\/toode\/nd-filter-set-for-dji-mini-5-pro-nd8-32-128\/","title":{"rendered":"ND-filtrite komplekt DJI Mini 5 Pro (ND8\/32\/128) jaoks"},"content":{"rendered":"<h3>ND-filtrite komplekt DJI Mini 5 Pro (ND8\/32\/128) jaoks.<\/h3>\n<p>Saavuta ideaalsed pildid isegi v\u00e4ga intensiivsetes valgustingimustes. Kolme erineva tumedusastmega ND-filtri komplektiga (ND8, ND32, ND128) saad s\u00e4ritust t\u00e4pselt kontrollida, s\u00e4riaega pikendada ja sujuvat, filmilikku materjali igas olukorras salvestada. \u00dche lisatarviku kaal on vaid umbes 1,12 grammi, seega ei koorma see stabilisaatorit ega sega lennu stabiilsust.<\/p>\n<p>\n<img decoding=\"async\" alt=\"Ava must \u00fcmbris kolme kaamera ND-filtriga, millel on m\u00e4rgistus ND32, ND64 ja ND128.\" border=\"0\" src=\"https:\/\/assets.innpro.pl\/18079\/23985\/2.jpg\"\/>\n<\/p>\n<h3>Kolm valguse v\u00e4hendamise varianti<\/h3>\n<p>Komplekt sisaldab ND8, ND32 ja ND128 filtreid, mis toimivad h\u00e4sti erinevates valgustingimustes \u2013 m\u00f5\u00f5dukast p\u00e4ikesevalgusest kuni v\u00e4ga ereda keskkonnani. Nende abil saate alati valida praeguse stseeni jaoks sobiva filtri.<\/p>\n<p>\n<img decoding=\"async\" alt=\"Kolme ND filtri pealtvaade avatud mustas korpuses, iga\u00fcks eraldi pesas\" border=\"0\" src=\"https:\/\/assets.innpro.pl\/18079\/23985\/1.jpg\"\/>\n<\/p>\n<h3>Sujuv video ja pikem s\u00e4riaeg<\/h3>\n<p>Filtrid v\u00f5imaldavad salvestada loomuliku liikumise h\u00e4gususe ja teha fotosid pika s\u00e4riajaga, n\u00e4iteks aegv\u00f5tte re\u017eiimis. Need aitavad hoida ISO madalat, mis t\u00e4hendab puhtaid ja selgeid kaadreid ilma \u00fcles\u00e4rituse riskita.<\/p>\n<p>\n<img decoding=\"async\" alt=\"Suletud must \u00fcmbris DJI logoga kaanel\" border=\"0\" src=\"https:\/\/assets.innpro.pl\/18079\/23985\/3.jpg\"\/>\n<\/p>\n<h3>Komplektis:<\/h3>\n<ul class=\"list-disc pl-5\">\n<li>ND8 filter<\/li>\n<li>ND32 filter<\/li>\n<li>ND128 filter<\/li>\n<\/ul>\n<div class=\"table-wrapper\">\n<p>\u0412\u00a0<\/p>\n<h3><\/h3>\n<table>\n<tbody>\n<tr>\n<th>Tootja<\/th>\n<td>DJI<\/td>\n<\/tr>\n<tr>\n<th>Tootja kood<\/th>\n<td>CP.MA.00000880.01<\/td>\n<\/tr>\n<tr>\n<th>Kaasasolevate filtrite t\u00fc\u00fcbid<\/th>\n<td>ND8, ND32, ND128<\/td>\n<\/tr>\n<tr>\n<th>\u00dche filtri kaal<\/th>\n<td>Ligikaudu 1,12 g<\/td>\n<\/tr>\n<tr>\n<th>\u00dchilduvus<\/th>\n<td>DJI Mini 5 Pro<\/td>\n<\/tr>\n<\/tbody>\n<\/table>\n<\/div>\n","protected":false},"excerpt":{"rendered":"<p>ND-filtrite komplekt DJI Mini 5 Pro (ND8\/32\/128) jaoks. Saavuta ideaalsed pildid isegi v\u00e4ga intensiivsetes valgustingimustes. Kolme erineva tumedusastmega ND-filtri komplektiga (ND8, ND32, ND128) saad s\u00e4ritust t\u00e4pselt kontrollida, s\u00e4riaega pikendada ja sujuvat, filmilikku materjali igas olukorras salvestada. \u00dche lisatarviku kaal on vaid umbes 1,12 grammi, seega ei koorma see stabilisaatorit ega sega lennu stabiilsust. Kolm valguse [&#8230;]\n","protected":false},"featured_media":12550,"comment_status":"open","ping_status":"closed","template":"","meta":[],"product_brand":[89],"product_cat":[1026],"product_tag":[],"class_list":{"0":"post-12549","1":"product","2":"type-product","3":"status-publish","4":"has-post-thumbnail","6":"product_brand-dji","7":"product_cat-dji","9":"first","10":"outofstock","11":"taxable","12":"shipping-taxable","13":"purchasable","14":"product-type-simple"},"aioseo_notices":[],"_links":{"self":[{"href":"https:\/\/asura.lv\/et\/wp-json\/wp\/v2\/product\/12549","targetHints":{"allow":["GET"]}}],"collection":[{"href":"https:\/\/asura.lv\/et\/wp-json\/wp\/v2\/product"}],"about":[{"href":"https:\/\/asura.lv\/et\/wp-json\/wp\/v2\/types\/product"}],"replies":[{"embeddable":true,"href":"https:\/\/asura.lv\/et\/wp-json\/wp\/v2\/comments?post=12549"}],"wp:featuredmedia":[{"embeddable":true,"href":"https:\/\/asura.lv\/et\/wp-json\/wp\/v2\/media\/12550"}],"wp:attachment":[{"href":"https:\/\/asura.lv\/et\/wp-json\/wp\/v2\/media?parent=12549"}],"wp:term":[{"taxonomy":"product_brand","embeddable":true,"href":"https:\/\/asura.lv\/et\/wp-json\/wp\/v2\/product_brand?post=12549"},{"taxonomy":"product_cat","embeddable":true,"href":"https:\/\/asura.lv\/et\/wp-json\/wp\/v2\/product_cat?post=12549"},{"taxonomy":"product_tag","embeddable":true,"href":"https:\/\/asura.lv\/et\/wp-json\/wp\/v2\/product_tag?post=12549"}],"curies":[{"name":"wp","href":"https:\/\/api.w.org\/{rel}","templated":true}]}}