{"id":12771,"date":"2025-11-29T00:15:41","date_gmt":"2025-11-29T00:15:41","guid":{"rendered":"https:\/\/asura.lv\/product\/maono-wm622-pb2-microphone\/"},"modified":"2025-12-12T15:23:29","modified_gmt":"2025-12-12T13:23:29","slug":"maono-wm622-pb2-microphone","status":"publish","type":"product","link":"https:\/\/asura.lv\/et\/toode\/maono-wm622-pb2-microphone\/","title":{"rendered":"Maono WM622 PB2 mikrofon"},"content":{"rendered":"<h3>Maono WM622 PB2 mikrofon<\/h3>\n<p>Maono WM622 PB2 on kompaktne juhtmevaba mikrofon, mis on loodud iPhone&#8217;i ja iPadi kasutajatele ning pakub stuudiokvaliteediga heli, neljatasemelist m\u00fcrasummutust tehisintellekti (AI) toel, 360\u00b0 helisalvestust ja t\u00e4ielikku iOS 18 \u00fchilduvust. MFi sertifikaadiga (Made for iPhone\/iPod\/iPad, Apple&#8217;i loodud standard oma seadmete kaablite ja muude tarvikute jaoks) pakub see ohutut salvestamist ja laadimist samaaegselt, samas kui kuni 100 meetri edastuskaugus ja kuni 30 tundi kestev aku koos laadimis\u00fcmbrisega v\u00f5imaldavad teil katkestusteta t\u00f6\u00f6tada. Intuitiivne Maono Linki rakendus v\u00f5imaldab t\u00e4ielikku kontrolli heli, h\u00e4\u00e4lefiltrite ja toonimuutuste \u00fcle ning sellised funktsioonid nagu kiire filmimine, salvestamine ja kuulamine ilma mikrofoni eemaldamata muudavad selle usaldusv\u00e4\u00e4rseks t\u00f6\u00f6riistaks loojatele, striimeritele ja vlogijatele.<\/p>\n<p>\n<img decoding=\"async\" alt=\"L\u00e4hiv\u00f5te Maono WM622 PB2 mikrofonist, mis on \u00fchendatud kreemika s\u00e4rgiga\" border=\"0\" src=\"https:\/\/assets.innpro.pl\/17892\/23738\/10.jpg\"\/>\n<\/p>\n<h3>Kristallselge heli<\/h3>\n<p>Mikrofonil on t\u00e4iustatud neljaastmeline m\u00fcrasummutus, mis p\u00f5hineb tehisintellekti tehnoloogial. Valige nelja taseme vahel (12dB vaiksete ruumide jaoks, -18dB avatud kontorite jaoks, -23dB m\u00fcrarikkas keskkonnas, -29dB v\u00e4ga m\u00fcrarikkas keskkonnas) &#8211; k\u00f5ik olenevalt salvestamise tingimustest. Seda lahendust hindavad eriti rollim\u00e4ngijad Instagramis, YouTube&#8217;is v\u00f5i TikTokis.<\/p>\n<p>\n<img decoding=\"async\" alt=\"karjuv naine metsas, salvestatud nutitelefoni ja Maono WM622 PB2 mikrofoniga\" border=\"0\" src=\"https:\/\/assets.innpro.pl\/17892\/23738\/4.jpg\"\/>\n<\/p>\n<h3>Stuudiokvaliteet mobiiliversioonis<\/h3>\n<p>Seade salvestab heli 48 kHz\/16-bitise kvaliteediga, sagedusvahemikuga 20 Hz-20 kHz ja signaali-m\u00fcra suhtega 85 dB. See t\u00e4hendab, et iga s\u00f5na ja detail j\u00e4\u00e4dvustatakse selgelt, ilma moonutuste v\u00f5i m\u00fcrata. 32 dB v\u00f5imenduse regulaator v\u00f5imaldab mikrofonil kohaneda mitmesuguste tingimustega \u2013 vaiksest ruumist kuni valjude \u00f5ues\u00fcndmusteni.<\/p>\n<p>\n<img decoding=\"async\" alt=\"mees m\u00e4ngib kitarri, mille heli salvestab Maono WM622 PB2 mikrofon\" border=\"0\" src=\"https:\/\/assets.innpro.pl\/17892\/23738\/6.jpg\"\/>\n<\/p>\n<h3>Apple&#8217;i kasutajaid silmas pidades loodud<\/h3>\n<p>Mikrofonil on MFi-sertifikaat, mis t\u00e4hendab t\u00e4ielikku \u00fchilduvust Apple&#8217;i seadmetega, sealhulgas uusima iOS 18-ga. Turvaline laadimine, sujuv andmeedastus ja s\u00fcsteemivigade puudumine \u2013 k\u00f5ik see on Apple&#8217;i standardite kohaselt heaks kiidetud. Lisaks v\u00f5imaldab see teil telefoni salvestamise ajal laadida ilma adapterite v\u00f5i jaoturiteta. N\u00fc\u00fcdsest ei sega miski teie t\u00f6\u00f6d!<\/p>\n<p>\n<img decoding=\"async\" alt=\"Maono WM622 PB2 vastuv\u00f5tja \u00fchendatud nutitelefoniga\" border=\"0\" src=\"https:\/\/assets.innpro.pl\/17892\/23738\/1.jpg\"\/>\n<\/p>\n<h3>Salvesta stressivabalt \u2013 isegi terve p\u00e4eva jooksul<\/h3>\n<p>Maono WM622 PB2 ei vea teid alt, kui aeg on oluline. Saatja t\u00f6\u00f6tab \u00fche laadimisega kuni 6 tundi ja kaasasoleva laadimis\u00fcmbrisega on kogukasutusaeg kuni 30 tundi. Kiirlaadimine on lisaboonuseks \u2013 tunnise kasutusaja saamiseks kulub vaid 5 minutit. Mikrofon l\u00fclitub automaatselt v\u00e4lja, kui see tuvastab tegevusetuse, mis s\u00e4\u00e4stab akut ja pikendab selle eluiga.<\/p>\n<p>\n<img decoding=\"async\" alt=\"l\u00e4hiv\u00f5te Maono WM622 PB2 mikrofonikomplektist valgel taustal\" border=\"0\" src=\"https:\/\/assets.innpro.pl\/17892\/23738\/8.jpg\"\/>\n<\/p>\n<h3>T\u00e4ielik kontroll heli \u00fcle<\/h3>\n<p>Maono Linki rakenduse abil saate koheselt kontrollida oma seadmete laetuse taset, reguleerida helitugevust ja m\u00fcrasummutustaset v\u00f5i valida \u00fche professionaalsetest helifiltritest. K\u00f5ik see ilma lisaseadmete \u00fchendamiseta \u2013 vajate vaid oma telefoni. Rakendus on saadaval nii iOS-ile kui ka Androidile.<\/p>\n<p>\n<img decoding=\"async\" alt=\"inimene, kes hoiab nutitelefoni, millel kuvatakse Maono Linki rakenduse liidest\" border=\"0\" src=\"https:\/\/assets.innpro.pl\/17892\/23738\/9.jpg\"\/>\n<\/p>\n<h3>Funktsioonid, mis ergutavad loovust<\/h3>\n<p>Maono WM622 PB2 pakub lisav\u00f5imalusi, mis videote loojatele meeldivad. Topeltpuudutusega saate kiiresti foto teha v\u00f5i salvestamist alustada. Funktsioon &#8220;\u00fchendamata taasesitus&#8221; v\u00f5imaldab teil kuulata ilma mikrofoni lahti \u00fchendamata \u2013 suurep\u00e4rane videomaterjali kiireks kuulamiseks. Mikrofonil on ka neli professionaalset h\u00e4\u00e4lefiltrit (heledus, soojus, bass, v\u00f5imendus) ja v\u00f5imalus muuta teie h\u00e4\u00e4lt tehisintellekti abil (nt jumalanna, lolita, onu, loomulik), mis sobib ideaalselt striimeritele, m\u00e4nguritele v\u00f5i m\u00f5jutajatele, kes otsivad loomingulist l\u00f5bu heliga.<\/p>\n<p>\n<img decoding=\"async\" alt=\"Maono WM622 PB2 mikrofonikomplekt neljas erinevas stsenaariumis\" border=\"0\" src=\"https:\/\/assets.innpro.pl\/17892\/23738\/7.jpg\"\/>\n<\/p>\n<h3>Stabiilne \u00fclekanne<\/h3>\n<p>Mikrofoni 6-millimeetrine s\u00fcdamik tagab suure tundlikkuse ja 360\u00b0 heli j\u00e4\u00e4dvustamise, nii et iga s\u00f5na salvestatakse olenemata sellest, kuidas te liigute v\u00f5i kus te olete. Kuni 100-meetrise ulatusega saate salvestada suuremates ruumides ilma signaali kadu riskimata. See on seade inimestele, kes soovivad tegutseda kiiresti, t\u00f5husalt ja professionaalselt. Kerge, kompaktne, Apple&#8217;iga \u00fchilduv ja t\u00e4is nutikaid funktsioone \u2013 Maono WM622 PB2 annab sulle piiranguteta loomingulise vabaduse.<\/p>\n<p>\n<img decoding=\"async\" alt=\"a Maono WM622 PB2 receiver on \u00fchendatud nutitelefoniga, millel kuvatakse seadme funktsioone\" border=\"0\" src=\"https:\/\/assets.innpro.pl\/17892\/23738\/11.jpg\"\/>\n<\/p>\n<h3>Kaasas<\/h3>\n<ul class=\"list-disc pl-5\">\n<li>saatja x2<\/li>\n<li>Lightning vastuv\u00f5tja<\/li>\n<li>laadimis\u00fcmbris<\/li>\n<li>kinnitusmagnetid x2<\/li>\n<li>tuulek\u00e4snad x4<\/li>\n<li>kaelarihm<\/li>\n<li>hoiukott<\/li>\n<li>kasutusjuhend<\/li>\n<\/ul>\n<div class=\"table-wrapper\">\n<p>B\u00a0<\/p>\n<h3><\/h3>\n<table>\n<tbody>\n<tr>\n<th>Tootja<\/th>\n<td>Maono<\/td>\n<\/tr>\n<tr>\n<th>Mudel<\/th>\n<td>WM622 PB2<\/td>\n<\/tr>\n<tr>\n<th>\u00dchilduvus<\/th>\n<td>iOS 18 ja uuem, MFi sertifikaat<\/td>\n<\/tr>\n<tr>\n<th>Heli kvaliteet<\/th>\n<td>48 kHz \/ 16-bitine<\/td>\n<\/tr>\n<tr>\n<th>Sageduskarakteristik<\/th>\n<td>20 Hz &#8211; 20 kHz<\/td>\n<\/tr>\n<tr>\n<th>Signaali-m\u00fcra suhe (SNR)<\/th>\n<td>\u2248 85 dB<\/td>\n<\/tr>\n<tr>\n<th>V\u00f5imenduse reguleerimine<\/th>\n<td>Ulatus kuni 32 dB (juhtimine l\u00e4bi rakendus)<\/td>\n<\/tr>\n<tr>\n<th>M\u00fcra v\u00e4hendamine<\/th>\n<td>4-tasemeline (-12 dB, -18 dB, -23 dB, -29 dB)<\/td>\n<\/tr>\n<tr>\n<th>Mikrofoni s\u00fcdamik<\/th>\n<td>6 mm, 360\u00b0 igasuunaline tundlikkus<\/td>\n<\/tr>\n<tr>\n<th>H\u00e4\u00e4lefiltrid<\/th>\n<td>4 filtrit (heli v\u00f5imendus, heledus, soojus, k\u00e4hedus)<\/td>\n<\/tr>\n<tr>\n<th>Tehisintellekti h\u00e4\u00e4le modifitseerija<\/th>\n<td>4 re\u017eiimi: jumalanna, lolita, onu, originaal<\/td>\n<\/tr>\n<tr>\n<th>Heli piiraja (limiter)<\/th>\n<td>Automaatne<\/td>\n<\/tr>\n<tr>\n<th>Edastusulatus<\/th>\n<td>Kuni 100 meetrit (takistusteta)<\/td>\n<\/tr>\n<tr>\n<th>T\u00f6\u00f6aeg<\/th>\n<td>6 tundi (saatja), kuni 30 tundi laadimisega \u00fcmbris<\/td>\n<\/tr>\n<tr>\n<th>Laadimine<\/th>\n<td>5 minutit laadimist = 1 tund t\u00f6\u00f6aega<\/td>\n<\/tr>\n<tr>\n<th>Rakendus<\/th>\n<td>Maono Link (iOS \/ Android)<\/td>\n<\/tr>\n<tr>\n<th>Kaugjuhtimispult<\/th>\n<td>Topeltpuudutus \u2013 pildistamine ja videote salvestamine eemalt<\/td>\n<\/tr>\n<\/tbody>\n<\/table>\n<\/div>\n","protected":false},"excerpt":{"rendered":"<p>Maono WM622 PB2 mikrofon Maono WM622 PB2 on kompaktne juhtmevaba mikrofon, mis on loodud iPhone&#8217;i ja iPadi kasutajatele ning pakub stuudiokvaliteediga heli, neljatasemelist m\u00fcrasummutust tehisintellekti (AI) toel, 360\u00b0 helisalvestust ja t\u00e4ielikku iOS 18 \u00fchilduvust. MFi sertifikaadiga (Made for iPhone\/iPod\/iPad, Apple&#8217;i loodud standard oma seadmete kaablite ja muude tarvikute jaoks) pakub see ohutut salvestamist ja laadimist [&#8230;]\n","protected":false},"featured_media":12772,"comment_status":"open","ping_status":"closed","template":"","meta":[],"product_brand":[541],"product_cat":[1047],"product_tag":[],"class_list":{"0":"post-12771","1":"product","2":"type-product","3":"status-publish","4":"has-post-thumbnail","6":"product_brand-maono","7":"product_cat-microphones-gaming","9":"first","10":"outofstock","11":"taxable","12":"shipping-taxable","13":"purchasable","14":"product-type-simple"},"aioseo_notices":[],"_links":{"self":[{"href":"https:\/\/asura.lv\/et\/wp-json\/wp\/v2\/product\/12771","targetHints":{"allow":["GET"]}}],"collection":[{"href":"https:\/\/asura.lv\/et\/wp-json\/wp\/v2\/product"}],"about":[{"href":"https:\/\/asura.lv\/et\/wp-json\/wp\/v2\/types\/product"}],"replies":[{"embeddable":true,"href":"https:\/\/asura.lv\/et\/wp-json\/wp\/v2\/comments?post=12771"}],"wp:featuredmedia":[{"embeddable":true,"href":"https:\/\/asura.lv\/et\/wp-json\/wp\/v2\/media\/12772"}],"wp:attachment":[{"href":"https:\/\/asura.lv\/et\/wp-json\/wp\/v2\/media?parent=12771"}],"wp:term":[{"taxonomy":"product_brand","embeddable":true,"href":"https:\/\/asura.lv\/et\/wp-json\/wp\/v2\/product_brand?post=12771"},{"taxonomy":"product_cat","embeddable":true,"href":"https:\/\/asura.lv\/et\/wp-json\/wp\/v2\/product_cat?post=12771"},{"taxonomy":"product_tag","embeddable":true,"href":"https:\/\/asura.lv\/et\/wp-json\/wp\/v2\/product_tag?post=12771"}],"curies":[{"name":"wp","href":"https:\/\/api.w.org\/{rel}","templated":true}]}}