{"id":12783,"date":"2025-11-29T00:15:40","date_gmt":"2025-11-29T00:15:40","guid":{"rendered":"https:\/\/asura.lv\/product\/power-bank-ecoflow-rapid-25000-mah-170w\/"},"modified":"2025-12-12T15:23:27","modified_gmt":"2025-12-12T13:23:27","slug":"power-bank-ecoflow-rapid-25000-mah-170w","status":"publish","type":"product","link":"https:\/\/asura.lv\/et\/toode\/power-bank-ecoflow-rapid-25000-mah-170w\/","title":{"rendered":"Akupank EcoFlow RAPID 25000 mAh, 170W"},"content":{"rendered":"<h3>EcoFlow RAPID varupatarei 25000 mAh, 170W<\/h3>\n<p>EcoFlow RAPID varupatareil on 25 000 mAh mahutavus, mis koos kompaktse disainiga muudab selle suurep\u00e4raseks t\u00f6\u00f6ks, reisimiseks ja igap\u00e4evaseks kasutamiseks. See toetab kiirlaadimist kuni 140 vatti \u00fchest pordist ja 170 vatti kokku mitme pistikupesa samaaegsel kasutamisel. Olenemata sellest, kas laete s\u00fclearvutit, telefoni v\u00f5i tahvelarvutit, pakub RAPID t\u00e4ielikku j\u00f5udlust ilma kompromissideta.<\/p>\n<p>\n<img decoding=\"async\" alt=\"Sinises kampsunis naine joonistab puidust laua taga tahvelarvutile, millel on varupatarei ja v\u00e4rviliste niitide rullid\" border=\"0\" src=\"https:\/\/assets.innpro.pl\/17736\/23528\/6.jpg\"\/>\n<\/p>\n<h3>Kiirlaadimine kuni kolmele seadmele<\/h3>\n<p>Kahe USB-C (Universal Serial Bus Type-C, universaalne pistik andmete ja toite jaoks), \u00fche USB-A (Universal Serial Bus Type-A, standardne pistik andmete ja laadimise jaoks) pordi ja kuni 170-vatise kombineeritud v\u00f5imsusega saate laadida mitut seadet samaaegselt ilma kiirust kaotamata. Maksimaalne v\u00f5imsus 140 vatti \u00fche USB-C pordi kohta on piisav isegi t\u00e4nap\u00e4evaste s\u00fclearvutite ja kaameravarustuse toiteks. See on ideaalne inimestele, kes hindavad oma aega ega taha oodata vaba pistikupesa!<\/p>\n<p>\n<img decoding=\"async\" alt=\"Kolm noort m\u00e4ngivad elutoa diivanil m\u00e4nge konsoolidel, mis on \u00fchendatud varupatareiga\" border=\"0\" src=\"https:\/\/assets.innpro.pl\/17736\/23528\/9.jpg\"\/>\n<\/p>\n<h3>Mahutavus, mis annab sulle vabaduse<\/h3>\n<p>25 000 mAh aku v\u00f5imaldab sul nutitelefoni, tahvelarvutit v\u00f5i kaamerat mitu korda laadida. Sellest energiast piisab n\u00e4iteks s\u00fclearvuti laadimiseks teel olles. Oluline on see, et seade vastab lennufirmade ohutusstandarditele, nii et saate selle h\u00f5lpsalt lennukisse kaasa v\u00f5tta.<\/p>\n<p>\n<img decoding=\"async\" alt=\"Naeratav kollases T-s\u00e4rgis mees m\u00e4ngib rongis telefoniga, laual s\u00fclearvuti ja v\u00e4lispidilaadija\" border=\"0\" src=\"https:\/\/assets.innpro.pl\/17736\/23528\/4.jpg\"\/>\n<\/p>\n<h3>Nutikas TFT-ekraan<\/h3>\n<p>Sisseehitatud TFT (\u00f5hukese kilega transistor) ekraan pakub juurdep\u00e4\u00e4su k\u00f5ige olulisemale teabele, mis on seotud v\u00e4lispidilaadija t\u00f6\u00f6ga. Selle abil saate kiiresti kontrollida n\u00e4iteks iga pordi laadimistaset, temperatuuri v\u00f5i praegust v\u00f5imsust. Ekraan pakub selget ja loetavat pilti iga nurga alt ja igasugustes valgustingimustes \u2013 isegi eredas p\u00e4ikesevalguses!<\/p>\n<p>\n<img decoding=\"async\" alt=\"Mees hoiab laua kohal musta varupatareiga \u00fchendatud telefoni\" border=\"0\" src=\"https:\/\/assets.innpro.pl\/17736\/23528\/8.jpg\"\/>\n<\/p>\n<h3>T\u00e4iustatud kaitse<\/h3>\n<p>Varupatarei on varustatud t\u00e4iustatud energiahalduss\u00fcsteemiga, mida kasutatakse muuhulgas elektriautodes. Seade j\u00e4lgib pidevalt laadimisprotsessi, kaitstes akut \u00fclekuumenemise, \u00fclelaadimise, \u00fclet\u00fchjendamise ja l\u00fchise eest. See v\u00f5imaldab teil seda kasutada peaaegu igasugustes tingimustes \u2013 ilma ohutuse p\u00e4rast muretsemata.<\/p>\n<p>\n<img decoding=\"async\" alt=\"Roosa s\u00e4rgiga naine t\u00f6\u00f6tab kodukontoris raamaturiiuliga laua taga s\u00fclearvutiga, millel on varupatarei\" border=\"0\" src=\"https:\/\/assets.innpro.pl\/17736\/23528\/5.jpg\"\/>\n<\/p>\n<div class=\"table-wrapper\">\n<p>\u0412\u00a0<\/p>\n<h3>\u00dcldine<\/h3>\n<table>\n<tbody>\n<tr>\n<th>Tootja<\/th>\n<td>EcoFlow<\/td>\n<\/tr>\n<tr>\n<th>Mudel<\/th>\n<td>EFRAPID25K140WB-EU<\/td>\n<\/tr>\n<tr>\n<th>Aku kogumaht<\/th>\n<td>25000 mAh<\/td>\n<\/tr>\n<tr>\n<th>Aku mahtuvus<\/th>\n<td>14500 mAh (5 V \/ 3 A)<\/td>\n<\/tr>\n<tr>\n<th>M\u00f5\u00f5tmed<\/th>\n<td>157 x 53,8 x 48,8 mm<\/td>\n<\/tr>\n<tr>\n<th>Kaal<\/th>\n<td>Ligikaudu 565 g<\/td>\n<\/tr>\n<tr>\n<th>V\u00e4rv<\/th>\n<td>Must<\/td>\n<\/tr>\n<\/tbody>\n<\/table>\n<p>B\u00a0<\/p>\n<h3>Aku<\/h3>\n<table>\n<tbody>\n<tr>\n<th>Akuelementide koostis<\/th>\n<td>Kolmekomponendiline liitiumaku<\/td>\n<\/tr>\n<tr>\n<th>Eluiga<\/th>\n<td>Ligikaudu 300 laadimists\u00fcklit (kuni 80% mahutavusega)<\/td>\n<\/tr>\n<tr>\n<th>Aku t\u00fc\u00fcp<\/th>\n<td>Changhong Sanjie, INR21700-5000, 5*5000mAh<\/td>\n<\/tr>\n<tr>\n<th>Elementide arv<\/th>\n<td>5 5000mAh 21700 akut \u00fchendatud j\u00e4rjestikku<\/td>\n<\/tr>\n<\/tbody>\n<\/table>\n<p>\u0412\u00a0<\/p>\n<h3>V\u00e4ljundid<\/h3>\n<table>\n<tbody>\n<tr>\n<th>Saadaval olevad v\u00e4ljundpordid<\/th>\n<td>USB-C1 140 vatti, USB-C2 140 vatti, USB-A 33 vatti, maksimaalne v\u00e4ljundv\u00f5imsus 170 vatti.<\/td>\n<\/tr>\n<tr>\n<th>USB-A v\u00e4ljund<\/th>\n<td>33 W<\/td>\n<\/tr>\n<tr>\n<th>USB-C v\u00e4ljund<\/th>\n<td>140 W<\/td>\n<\/tr>\n<\/tbody>\n<\/table>\n<p>B\u00a0<\/p>\n<h3>Sisendid<\/h3>\n<table>\n<tbody>\n<tr>\n<th>Sisendv\u00f5imsus<\/th>\n<td>140 W<\/td>\n<\/tr>\n<tr>\n<th>Laadimine USB-C kaudu<\/th>\n<td>Laadimist mitme pordi kaudu ei toetata. Maksimaalne sisendv\u00f5imsus pordi kohta (USB-C1 \/ USB-C2) on 140 vatti.<\/td>\n<\/tr>\n<\/tbody>\n<\/table>\n<p>\u0412\u00a0<\/p>\n<h3>Muu<\/h3>\n<table>\n<tbody>\n<tr>\n<th>Haldamine rakenduse j\u00e4rgi<\/th>\n<td>Ei<\/td>\n<\/tr>\n<tr>\n<th>Ekraan<\/th>\n<td>TFT<\/td>\n<\/tr>\n<tr>\n<th>Kukkumiskindlus<\/th>\n<td>Kuni 1 m<\/td>\n<\/tr>\n<tr>\n<th>Tulekindlus<\/th>\n<td>V0-klassi korpus<\/td>\n<\/tr>\n<tr>\n<th>Sertifitseerimine<\/th>\n<td>EMC klass B<\/td>\n<\/tr>\n<\/tbody>\n<\/table>\n<p>\u0412\u00a0<\/p>\n<h3>Temperatuur<\/h3>\n<table>\n<tbody>\n<tr>\n<th>Optimaalne t\u00f6\u00f6temperatuur<\/th>\n<td>Alates 20 \u00b0C kuni 30 \u00b0C<\/td>\n<\/tr>\n<tr>\n<th>Laadimistemperatuur<\/th>\n<td>0 \u00b0C kuni 45 \u00b0C<\/td>\n<\/tr>\n<tr>\n<th>T\u00fchjendustemperatuur<\/th>\n<td>-10 \u00b0C kuni 45 \u00b0C<\/td>\n<\/tr>\n<\/tbody>\n<\/table>\n<\/div>\n","protected":false},"excerpt":{"rendered":"<p>EcoFlow RAPID varupatarei 25000 mAh, 170W EcoFlow RAPID varupatareil on 25 000 mAh mahutavus, mis koos kompaktse disainiga muudab selle suurep\u00e4raseks t\u00f6\u00f6ks, reisimiseks ja igap\u00e4evaseks kasutamiseks. See toetab kiirlaadimist kuni 140 vatti \u00fchest pordist ja 170 vatti kokku mitme pistikupesa samaaegsel kasutamisel. Olenemata sellest, kas laete s\u00fclearvutit, telefoni v\u00f5i tahvelarvutit, pakub RAPID t\u00e4ielikku j\u00f5udlust ilma [&#8230;]\n","protected":false},"featured_media":12784,"comment_status":"open","ping_status":"closed","template":"","meta":[],"product_brand":[247],"product_cat":[1050],"product_tag":[],"class_list":{"0":"post-12783","1":"product","2":"type-product","3":"status-publish","4":"has-post-thumbnail","6":"product_brand-ecoflow","7":"product_cat-powerbanks-gsm-accessories","9":"first","10":"outofstock","11":"taxable","12":"shipping-taxable","13":"purchasable","14":"product-type-simple"},"aioseo_notices":[],"_links":{"self":[{"href":"https:\/\/asura.lv\/et\/wp-json\/wp\/v2\/product\/12783","targetHints":{"allow":["GET"]}}],"collection":[{"href":"https:\/\/asura.lv\/et\/wp-json\/wp\/v2\/product"}],"about":[{"href":"https:\/\/asura.lv\/et\/wp-json\/wp\/v2\/types\/product"}],"replies":[{"embeddable":true,"href":"https:\/\/asura.lv\/et\/wp-json\/wp\/v2\/comments?post=12783"}],"wp:featuredmedia":[{"embeddable":true,"href":"https:\/\/asura.lv\/et\/wp-json\/wp\/v2\/media\/12784"}],"wp:attachment":[{"href":"https:\/\/asura.lv\/et\/wp-json\/wp\/v2\/media?parent=12783"}],"wp:term":[{"taxonomy":"product_brand","embeddable":true,"href":"https:\/\/asura.lv\/et\/wp-json\/wp\/v2\/product_brand?post=12783"},{"taxonomy":"product_cat","embeddable":true,"href":"https:\/\/asura.lv\/et\/wp-json\/wp\/v2\/product_cat?post=12783"},{"taxonomy":"product_tag","embeddable":true,"href":"https:\/\/asura.lv\/et\/wp-json\/wp\/v2\/product_tag?post=12783"}],"curies":[{"name":"wp","href":"https:\/\/api.w.org\/{rel}","templated":true}]}}