{"id":12807,"date":"2025-11-29T00:15:37","date_gmt":"2025-11-29T00:15:37","guid":{"rendered":"https:\/\/asura.lv\/product\/fanttik-c8-nano-electric-cutting-machine\/"},"modified":"2025-12-12T15:23:24","modified_gmt":"2025-12-12T13:23:24","slug":"fanttik-c8-nano-electric-cutting-machine","status":"publish","type":"product","link":"https:\/\/asura.lv\/et\/toode\/fanttik-c8-nano-electric-cutting-machine\/","title":{"rendered":"Fanttik C8 Nano elektriline l\u00f5ikemasin"},"content":{"rendered":"<h3>Fanttik C8 Nano elektriline l\u00f5ikemasin<\/h3>\n<p>Fanttik C8 Nano on akutoitel elektriline l\u00f5ikemasin, mis on m\u00f5eldud professionaalidele, nagu disainerid ja r\u00e4tsepad, aga ka isetegijatele ja isetegijatele (Do It Yourself). Seade on varustatud kolme kiirustasemega, mis v\u00f5imaldavad teil l\u00f5ikev\u00f5imsust t\u00e4pselt reguleerida vastavalt t\u00f6\u00f6deldavale materjalile. Selline lahendus suurendab kontrolli t\u00f6\u00f6protsessi \u00fcle ja v\u00f5imaldab teil saavutada puhtaid ja \u00fchtlaseid servi nii \u00f5hukeses kui ka paksemas plastikus.<\/p>\n<p>\n<img decoding=\"async\" alt=\"Naine l\u00f5ikab materjali Fanttiku elektrilise l\u00f5ikemasinaga.\" border=\"0\" src=\"https:\/\/assets.innpro.pl\/17821\/23646\/5.jpg\"\/>\n<\/p>\n<h3>Suur l\u00f5ikev\u00f5imsus<\/h3>\n<p>Suure magnetilise j\u00f5uga mootor genereerib kiirusi kuni 250 p\/min, pakkudes 15% suuremat l\u00f5ikev\u00f5imsust v\u00f5rreldes standardmudelitega. Seade saab h\u00f5lpsalt hakkama papi, vaiba, naha, k\u00f6ie v\u00f5i tehnilise paberiga, muutes selle mitmek\u00fclgseks t\u00f6\u00f6riistaks nii t\u00f6\u00f6kojas kui ka kodut\u00f6\u00f6deks.<\/p>\n<p>\n<img decoding=\"async\" alt=\"N\u00e4idikuga elektriline l\u00f5ikur l\u00f5ikab bee\u017ei materjali.\" border=\"0\" src=\"https:\/\/assets.innpro.pl\/17821\/23646\/1.jpg\"\/>\n<\/p>\n<h3>Kiire laadimine ja pikk t\u00f6\u00f6aeg<\/h3>\n<p>Fanttik C8 Nanol on laetav aku, mida saab kaasasoleva USB-C (Universal Serial Bus Type-C, universaalne andme- ja toitepistik) kaabli abil laadida vaid \u00fche tunniga. T\u00e4islaadimine tagab kuni 40 minutit katkematut t\u00f6\u00f6d, v\u00f5imaldades teil isegi suuremaid projekte katkestusteta l\u00f5pule viia.<\/p>\n<p>\n<img decoding=\"async\" alt=\"Must Fanttiku elektriline l\u00f5ikur lebab hallil t\u00f6\u00f6pinnal, mis on \u00fchendatud USB-kaabliga.\" border=\"0\" src=\"https:\/\/assets.innpro.pl\/17821\/23646\/3.jpg\"\/>\n<\/p>\n<h3>Lihtne ja ohutu tera vahetamine<\/h3>\n<p>Seade kasutab EasySwap s\u00fcsteemi spindli lukustusmehhanismiga, mis v\u00f5imaldab tera kiiret vahetamist. Selle protsessi h\u00f5lbustamiseks on kaasas spetsiaalne metallt\u00f6\u00f6riist ning kogu protseduur on kiire ja ilma vigastuste ohuta. Lukustusmehhanism kaitseb l\u00f5ikuri juhusliku k\u00e4ivitumise eest tera vahetamise ajal, mis suurendab kasutusohutust.<\/p>\n<p>\n<img decoding=\"async\" alt=\"Elektrilise l\u00f5ikuri pea l\u00e4hiv\u00f5te.\" border=\"0\" src=\"https:\/\/assets.innpro.pl\/17821\/23646\/4.jpg\"\/>\n<\/p>\n<h3>Lihtsalt loetav ekraan<\/h3>\n<p>Fanttik C8 Nano on varustatud suure \u00fcmmarguse LED-ekraaniga (valgusdiood), mille l\u00e4bim\u00f5\u00f5t on 35 mm. Ekraan n\u00e4itab pidevalt aku laetuse taset ja hetkel valitud kiirusre\u017eiimi. Lisaks valgustab sisseehitatud eredusega LED t\u00f5husalt l\u00f5ikejoont, muutes t\u00f6\u00f6tamise h\u00e4maras v\u00f5i raskesti ligip\u00e4\u00e4setavates kohtades palju lihtsamaks.<\/p>\n<p>\n<img decoding=\"async\" alt=\"Elektriline ekraaniga l\u00f5ikur l\u00f5ikab pappi.\" border=\"0\" src=\"https:\/\/assets.innpro.pl\/17821\/23646\/2.jpg\"\/>\n<\/p>\n<h3>Kaasas<\/h3>\n<ul class=\"list-disc pl-5\">\n<li>elektriline l\u00f5ikur<\/li>\n<li>laadimiskaabel<\/li>\n<li>tera vahetusv\u00f5ti<\/li>\n<li>tera x2<\/li>\n<li>hoiukott<\/li>\n<li>kasutusjuhend<\/li>\n<\/ul>\n<div class=\"table-wrapper\">\n<p>\u0412\u00a0<\/p>\n<h3><\/h3>\n<table>\n<tbody>\n<tr>\n<th>Tootja<\/th>\n<td>Fanttik<\/td>\n<\/tr>\n<tr>\n<th>Mudel<\/th>\n<td>C8 Nano<\/td>\n<\/tr>\n<tr>\n<th>M\u00f5\u00f5tmed<\/th>\n<td>180 x 141 x 56 mm<\/td>\n<\/tr>\n<tr>\n<th>Kaal<\/th>\n<td>470 g<\/td>\n<\/tr>\n<tr>\n<th>L\u00f5ikes\u00fcgavus<\/th>\n<td>6,5 mm<\/td>\n<\/tr>\n<tr>\n<th>Koormuseta kiirus<\/th>\n<td>230 p\/min<\/td>\n<\/tr>\n<tr>\n<th>Nimipinge<\/th>\n<td>3,7 V<\/td>\n<\/tr>\n<tr>\n<th>Laadimispinge<\/th>\n<td>5 V\/2 A<\/td>\n<\/tr>\n<\/tbody>\n<\/table>\n<\/div>\n","protected":false},"excerpt":{"rendered":"<p>Fanttik C8 Nano elektriline l\u00f5ikemasin Fanttik C8 Nano on akutoitel elektriline l\u00f5ikemasin, mis on m\u00f5eldud professionaalidele, nagu disainerid ja r\u00e4tsepad, aga ka isetegijatele ja isetegijatele (Do It Yourself). Seade on varustatud kolme kiirustasemega, mis v\u00f5imaldavad teil l\u00f5ikev\u00f5imsust t\u00e4pselt reguleerida vastavalt t\u00f6\u00f6deldavale materjalile. Selline lahendus suurendab kontrolli t\u00f6\u00f6protsessi \u00fcle ja v\u00f5imaldab teil saavutada puhtaid ja \u00fchtlaseid [&#8230;]\n","protected":false},"featured_media":12808,"comment_status":"open","ping_status":"closed","template":"","meta":[],"product_brand":[782],"product_cat":[1056],"product_tag":[],"class_list":{"0":"post-12807","1":"product","2":"type-product","3":"status-publish","4":"has-post-thumbnail","6":"product_brand-fanttik","7":"product_cat-cutting-tools","9":"first","10":"outofstock","11":"taxable","12":"shipping-taxable","13":"purchasable","14":"product-type-simple"},"aioseo_notices":[],"_links":{"self":[{"href":"https:\/\/asura.lv\/et\/wp-json\/wp\/v2\/product\/12807","targetHints":{"allow":["GET"]}}],"collection":[{"href":"https:\/\/asura.lv\/et\/wp-json\/wp\/v2\/product"}],"about":[{"href":"https:\/\/asura.lv\/et\/wp-json\/wp\/v2\/types\/product"}],"replies":[{"embeddable":true,"href":"https:\/\/asura.lv\/et\/wp-json\/wp\/v2\/comments?post=12807"}],"wp:featuredmedia":[{"embeddable":true,"href":"https:\/\/asura.lv\/et\/wp-json\/wp\/v2\/media\/12808"}],"wp:attachment":[{"href":"https:\/\/asura.lv\/et\/wp-json\/wp\/v2\/media?parent=12807"}],"wp:term":[{"taxonomy":"product_brand","embeddable":true,"href":"https:\/\/asura.lv\/et\/wp-json\/wp\/v2\/product_brand?post=12807"},{"taxonomy":"product_cat","embeddable":true,"href":"https:\/\/asura.lv\/et\/wp-json\/wp\/v2\/product_cat?post=12807"},{"taxonomy":"product_tag","embeddable":true,"href":"https:\/\/asura.lv\/et\/wp-json\/wp\/v2\/product_tag?post=12807"}],"curies":[{"name":"wp","href":"https:\/\/api.w.org\/{rel}","templated":true}]}}