{"id":12909,"date":"2025-11-29T00:15:26","date_gmt":"2025-11-29T00:15:26","guid":{"rendered":"https:\/\/asura.lv\/product\/elegoo-pla-filament-black\/"},"modified":"2025-12-12T15:23:12","modified_gmt":"2025-12-12T13:23:12","slug":"elegoo-pla-filament-black","status":"publish","type":"product","link":"https:\/\/asura.lv\/et\/toode\/elegoo-pla-filament-black\/","title":{"rendered":"ELEGOO PLA filament (must)"},"content":{"rendered":"<h3>ELEGOO PLA filament (must)<\/h3>\n<p>ELEGOO PLA filament on t\u00f5estatud materjal neile, kes otsivad stabiilseid tulemusi, probleemivaba printimist ja kvaliteetset mudeli viimistlust. L\u00e4bim\u00f5\u00f5duga 1,75 \u00b1 0,02 mm sobib see h\u00e4sti enamiku FDM (Fused Deposition Modeling, sulatatud sadestamise tehnoloogia) printeritega, pakkudes sujuvat materjali etteandmist ja tugevat kihtide sidumist. See on mitmek\u00fclgne lahendus protot\u00fc\u00fcpide, dekoratiivmudelite ja funktsionaalsete komponentide jaoks.<\/p>\n<p>\n<img decoding=\"async\" alt=\"szpula czarnego filamentu do drukarek 3D na szarym tle\" border=\"0\" src=\"https:\/\/assets.innpro.pl\/17674\/23428\/5.jpg\"\/>\n<\/p>\n<h3>Optimaalne l\u00e4bim\u00f5\u00f5t ja materjali puhtus<\/h3>\n<p>ELEGOO PLA filament on valmistatud k\u00f5rge puhtusastmega toorainest, mis tagab \u00fchtlase struktuuri ja \u00f5humullide puudumise. Iga pooli iseloomustab ka l\u00e4bim\u00f5\u00f5t 1,75 mm \u00b1 0,02 mm ja m\u00f5\u00f5tmete stabiilsus, mis minimeerib d\u00fc\u00fcside ummistumise ohtu ja tagab printimise k\u00f5rge korduvuse \u2013 eriti oluline komponentide seeria loomisel.<\/p>\n<p>\n<img decoding=\"async\" alt=\"wydruk w kszta\u0155\u201acie czarnej budki telefonicacznej z printarki 3D, obok zdj\u0154\u2122cie niebieskiego filamentu\" border=\"0\" src=\"https:\/\/assets.innpro.pl\/17674\/23428\/3.jpg\"\/>\n<\/p>\n<h3>Printimine ilma sasipuntrade ja segajateta<\/h3>\n<p>ELEGOO poolid on \u00fchtlaselt keritud, mis hoiab \u00e4ra s\u00f5lmede tekkimise ja tagab \u00fchtlase ja katkematu filamendi s\u00f6\u00f6tmise. See v\u00f5imaldab teil keskenduda oma tr\u00fckiparameetritele ja disainile!<\/p>\n<p>\n<img decoding=\"async\" alt=\"kaks kiudniiti (suuruses ja laias laastus) ja 3D-tr\u00fckipaberiga printimiseks sobivad vahendid\" border=\"0\" src=\"https:\/\/assets.innpro.pl\/17674\/23428\/4.jpg\"\/>\n<\/p>\n<h3>Tugev kihtide nakkuvus ja minimaalne kokkut\u00f5mbumine<\/h3>\n<p>PLA ELEGOO-d iseloomustab suurep\u00e4rane kihtidevaheline nakkuvus, mis m\u00f5jutab otseselt tr\u00fckiste vastupidavust ja esteetikat. Lisaks t\u00e4hendab v\u00e4ike kokkut\u00f5mbumine v\u00e4iksemat moonutuste ohtu \u2013 isegi suuremate mudelite puhul.<\/p>\n<p>\n<img decoding=\"async\" alt=\"drukarka 3D drukuj\u0414\u2026ca niebieski wydruk\" border=\"0\" src=\"https:\/\/assets.innpro.pl\/17674\/23428\/1.jpg\"\/>\n<\/p>\n<h3>\u00dchilduvus ja kasutusvalmidus<\/h3>\n<p>Filamiit on t\u00e4ielikult \u00fchilduv FDM-printeritega, mis toetavad 1,75 mm l\u00e4bim\u00f5\u00f5duga materjali. Nii saate muretult printida figuure, tarvikuid, protot\u00fc\u00fcpe ja palju muud!<\/p>\n<p>\n<img decoding=\"async\" alt=\"karton ze szpulami filamentu do drukarek 3D w r\u0413\u0456\u0415\u0458nych kolorach \u0432\u0402\u201c niebieski, czerwony, szary, bia\u0415\u201ay, czarny\" border=\"0\" src=\"https:\/\/assets.innpro.pl\/176284\/2jpg.3\"\/2>\n<\/p>\n<div class=\"table-wrapper\">\n<p>B\u00a0<\/p>\n<h3><\/h3>\n<table>\n<tbody>\n<tr>\n<th>Tootja<\/th>\n<td>ELEGOO<\/td>\n<\/tr>\n<tr>\n<th>Mudel<\/th>\n<td>50.203.0038<\/td>\n<\/tr>\n<tr>\n<th>Materjal<\/th>\n<td>PLA<\/td>\n<\/tr>\n<tr>\n<th>V\u00e4rv<\/th>\n<td>Must<\/td>\n<\/tr>\n<tr>\n<th>L\u00e4bim\u00f5\u00f5t<\/th>\n<td>1,75 \u00b1 0,02 mm<\/td>\n<\/tr>\n<tr>\n<th>Kaal<\/th>\n<td>1 kg<\/td>\n<\/tr>\n<tr>\n<th>\u00dchilduvus<\/th>\n<td>FDM-printerid (toetavad 1,75 mm l\u00e4bim\u00f5\u00f5duga filamenti)<\/td>\n<\/tr>\n<\/tbody>\n<\/table>\n<\/div>\n","protected":false},"excerpt":{"rendered":"<p>ELEGOO PLA filament (must) ELEGOO PLA filament on t\u00f5estatud materjal neile, kes otsivad stabiilseid tulemusi, probleemivaba printimist ja kvaliteetset mudeli viimistlust. L\u00e4bim\u00f5\u00f5duga 1,75 \u00b1 0,02 mm sobib see h\u00e4sti enamiku FDM (Fused Deposition Modeling, sulatatud sadestamise tehnoloogia) printeritega, pakkudes sujuvat materjali etteandmist ja tugevat kihtide sidumist. See on mitmek\u00fclgne lahendus protot\u00fc\u00fcpide, dekoratiivmudelite ja funktsionaalsete komponentide [&#8230;]\n","protected":false},"featured_media":12910,"comment_status":"open","ping_status":"closed","template":"","meta":[],"product_brand":[694],"product_cat":[975],"product_tag":[],"class_list":{"0":"post-12909","1":"product","2":"type-product","3":"status-publish","4":"has-post-thumbnail","6":"product_brand-elegoo","7":"product_cat-filaments","9":"first","10":"outofstock","11":"taxable","12":"shipping-taxable","13":"purchasable","14":"product-type-simple"},"aioseo_notices":[],"_links":{"self":[{"href":"https:\/\/asura.lv\/et\/wp-json\/wp\/v2\/product\/12909","targetHints":{"allow":["GET"]}}],"collection":[{"href":"https:\/\/asura.lv\/et\/wp-json\/wp\/v2\/product"}],"about":[{"href":"https:\/\/asura.lv\/et\/wp-json\/wp\/v2\/types\/product"}],"replies":[{"embeddable":true,"href":"https:\/\/asura.lv\/et\/wp-json\/wp\/v2\/comments?post=12909"}],"wp:featuredmedia":[{"embeddable":true,"href":"https:\/\/asura.lv\/et\/wp-json\/wp\/v2\/media\/12910"}],"wp:attachment":[{"href":"https:\/\/asura.lv\/et\/wp-json\/wp\/v2\/media?parent=12909"}],"wp:term":[{"taxonomy":"product_brand","embeddable":true,"href":"https:\/\/asura.lv\/et\/wp-json\/wp\/v2\/product_brand?post=12909"},{"taxonomy":"product_cat","embeddable":true,"href":"https:\/\/asura.lv\/et\/wp-json\/wp\/v2\/product_cat?post=12909"},{"taxonomy":"product_tag","embeddable":true,"href":"https:\/\/asura.lv\/et\/wp-json\/wp\/v2\/product_tag?post=12909"}],"curies":[{"name":"wp","href":"https:\/\/api.w.org\/{rel}","templated":true}]}}