{"id":12927,"date":"2025-11-29T00:15:25","date_gmt":"2025-11-29T00:15:25","guid":{"rendered":"https:\/\/asura.lv\/product\/elegoo-petg-pro-filament-olive-green\/"},"modified":"2025-12-12T15:23:12","modified_gmt":"2025-12-12T13:23:12","slug":"elegoo-petg-pro-filament-olive-green","status":"publish","type":"product","link":"https:\/\/asura.lv\/et\/toode\/elegoo-petg-pro-filament-olive-green\/","title":{"rendered":"ELEGOO PETG Pro filament (oliiviroheline)"},"content":{"rendered":"<h3>ELEGOO PETG Pro filament (oliiviroheline)<\/h3>\n<p>ELEGOO PETG Pro filament on suurep\u00e4rane valik neile, kes otsivad materjali, millel on k\u00f5rge mehaaniline ja termiline vastupidavus, kuid mis on samas h\u00f5lpsasti printitav. See pakub erakordset vastupidavust, madalat deformatsioonitundlikkust ja suurep\u00e4rast kile nakkuvust, mist\u00f5ttu on see ideaalne tehniliste komponentide, kasutatavate protot\u00fc\u00fcpide ja raskelt kasutatavate osade loomiseks.<\/p>\n<p>\n<img decoding=\"async\" alt=\"szpula zielonego filamentu PETG\" border=\"0\" src=\"https:\/\/assets.innpro.pl\/17673\/23427\/5.jpg\"\/>\n<\/p>\n<h3>Vastupidavus v\u00e4listingimustele<\/h3>\n<p>T\u00e4nu oma vastupidavusele UV-kiirgusele (ultraviolettkiirgusele), niiskusele ja muutuvatele temperatuuridele sobib PETG Pro filament ideaalselt v\u00e4listingimustes kasutatavate esemete printimiseks. See s\u00e4ilitab oma vastupidavuse ja v\u00e4rvi isegi pikaajalisel p\u00e4ikese v\u00f5i vihma k\u00e4es viibimisel.<\/p>\n<p>\n<img decoding=\"async\" alt=\"szpula filamentu zamontowana na drikarce 3D\" border=\"0\" src=\"https:\/\/assets.innpro.pl\/17673\/23427\/4.jpg\"\/>\n<\/p>\n<h3>Termiline stabiilsus<\/h3>\n<p>Soovitusliku ekstrusioonitemperatuuriga vahemikus 230\u2013260 \u00b0C s\u00e4ilitab filament printimise ajal piisava voolavuse, pakkudes samal ajal suurep\u00e4rast vahekihtide adhesiooni. Valmisdetailidele on iseloomulik k\u00f5rge vastupidavus k\u00f5rgetele temperatuuridele, mist\u00f5ttu sobivad need ideaalselt mitmesugusteks rakendusteks.<\/p>\n<p>\n<img decoding=\"async\" alt=\"cztery szpule filamentu na tle dw\u0413\u0456ch drukarek 3D\" border=\"0\" src=\"https:\/\/assets.innpro.pl\/17673\/23427\/2.jpg\"\/>\n<\/p>\n<h3>Suur mehaaniline vastupidavus<\/h3>\n<p>PETG Pro pakub suurep\u00e4rast vastupidavust l\u00f6\u00f6gile, painutamisele ja pragunemisele, mist\u00f5ttu sobib see ideaalselt mehaaniliselt pingestatud detailide printimiseks. Mudelid on painduvad, kuid mitte haprad \u2013 ideaalsed funktsionaalsete osade, k\u00e4epidemete, korpuste ja montaa\u017eikomponentide jaoks.<\/p>\n<p>\n<img decoding=\"async\" alt=\"cztery szpule filamentu w r\u00ed\u0415\u0458nych kolorach \u2013 \u0432 \u0434\u0432\u0430 \u0441\u0430\u0440\u0435, bia\u0415\u201ay i czarny\" border=\"0\" src=\"https:\/\/assets.innpro.pl\/17673\/23427\/1.jpg\"\/>\n<\/p>\n<h3>Sujuv printimisprotsess<\/h3>\n<p>L\u00e4bim\u00f5\u00f5t 1,75 \u00b1 0,02 mm ja k\u00f5rge materjali puhtus v\u00e4listavad d\u00fc\u00fcsi ummistumise ohu ja tagavad \u00fchtlase filamendi etteande. PETG Pro-d iseloomustab ka v\u00e4ga v\u00e4ike kokkut\u00f5mbumine ja suur deformatsioonikindlus, mis teeb isegi suurte mudelite printimise lihtsaks.<\/p>\n<p>\n<img decoding=\"async\" alt=\"suwmiarka mierz\u0414\u2026ca grubo\u0415\u203aD\u2021 filamentu do printer 3D\" border=\"0\" src=\"https:\/\/assets.innpro.pl\/17673\/23427\/3.jpg\"\/>\n<\/p>\n<div class=\"table-wrapper\">\n<p>B\u00a0<\/p>\n<h3><\/h3>\n<table>\n<tbody>\n<tr>\n<th>Tootja<\/th>\n<td>ELEGOO<\/td>\n<\/tr>\n<tr>\n<th>Mudel<\/th>\n<td>50.203.0449<\/td>\n<\/tr>\n<tr>\n<th>Materjal<\/th>\n<td>PETG<\/td>\n<\/tr>\n<tr>\n<th>V\u00e4rv<\/th>\n<td>Oliiviroheline<\/td>\n<\/tr>\n<tr>\n<th>L\u00e4bim\u00f5\u00f5t<\/th>\n<td>1,75 \u00b1 0,02 mm<\/td>\n<\/tr>\n<tr>\n<th>Kaal<\/th>\n<td>1 kg<\/td>\n<\/tr>\n<tr>\n<th>Ekstrusioon temperatuur<\/th>\n<td>230\u2013260 \u00b0C<\/td>\n<\/tr>\n<\/tbody>\n<\/table>\n<\/div>\n","protected":false},"excerpt":{"rendered":"<p>ELEGOO PETG Pro filament (oliiviroheline) ELEGOO PETG Pro filament on suurep\u00e4rane valik neile, kes otsivad materjali, millel on k\u00f5rge mehaaniline ja termiline vastupidavus, kuid mis on samas h\u00f5lpsasti printitav. See pakub erakordset vastupidavust, madalat deformatsioonitundlikkust ja suurep\u00e4rast kile nakkuvust, mist\u00f5ttu on see ideaalne tehniliste komponentide, kasutatavate protot\u00fc\u00fcpide ja raskelt kasutatavate osade loomiseks. Vastupidavus v\u00e4listingimustele T\u00e4nu [&#8230;]\n","protected":false},"featured_media":12928,"comment_status":"open","ping_status":"closed","template":"","meta":[],"product_brand":[694],"product_cat":[975],"product_tag":[],"class_list":{"0":"post-12927","1":"product","2":"type-product","3":"status-publish","4":"has-post-thumbnail","6":"product_brand-elegoo","7":"product_cat-filaments","9":"first","10":"outofstock","11":"taxable","12":"shipping-taxable","13":"purchasable","14":"product-type-simple"},"aioseo_notices":[],"_links":{"self":[{"href":"https:\/\/asura.lv\/et\/wp-json\/wp\/v2\/product\/12927","targetHints":{"allow":["GET"]}}],"collection":[{"href":"https:\/\/asura.lv\/et\/wp-json\/wp\/v2\/product"}],"about":[{"href":"https:\/\/asura.lv\/et\/wp-json\/wp\/v2\/types\/product"}],"replies":[{"embeddable":true,"href":"https:\/\/asura.lv\/et\/wp-json\/wp\/v2\/comments?post=12927"}],"wp:featuredmedia":[{"embeddable":true,"href":"https:\/\/asura.lv\/et\/wp-json\/wp\/v2\/media\/12928"}],"wp:attachment":[{"href":"https:\/\/asura.lv\/et\/wp-json\/wp\/v2\/media?parent=12927"}],"wp:term":[{"taxonomy":"product_brand","embeddable":true,"href":"https:\/\/asura.lv\/et\/wp-json\/wp\/v2\/product_brand?post=12927"},{"taxonomy":"product_cat","embeddable":true,"href":"https:\/\/asura.lv\/et\/wp-json\/wp\/v2\/product_cat?post=12927"},{"taxonomy":"product_tag","embeddable":true,"href":"https:\/\/asura.lv\/et\/wp-json\/wp\/v2\/product_tag?post=12927"}],"curies":[{"name":"wp","href":"https:\/\/api.w.org\/{rel}","templated":true}]}}