{"id":12975,"date":"2025-11-29T00:15:20","date_gmt":"2025-11-29T00:15:20","guid":{"rendered":"https:\/\/asura.lv\/product\/uperfect-usetup-e7-15-6-1920x1080-60hz-portable-touchscreen-monitor\/"},"modified":"2025-12-12T15:23:07","modified_gmt":"2025-12-12T13:23:07","slug":"uperfect-usetup-e7-15-6-1920x1080-60hz-portable-touchscreen-monitor","status":"publish","type":"product","link":"https:\/\/asura.lv\/et\/toode\/uperfect-usetup-e7-15-6-1920x1080-60hz-portable-touchscreen-monitor\/","title":{"rendered":"T\u00e4iuslik USetup E7 15,6&#8243; 1920&#215;1080 60Hz kaasaskantav puuteekraaniga monitor"},"content":{"rendered":"<h3>Uperfect USetup E7 15,6-tolline 1920&#215;1080 60Hz kaasaskantav puutetundlik monitor<\/h3>\n<p>Uperfect USetup E7 on 15,6-tolline puutetundlik kaasaskantav monitor Full HD (t\u00e4isk\u00f5rglahutusega, k\u00f5rge eraldusv\u00f5imega &#8211; 1920 \u00d7 1080 pikslit) eraldusv\u00f5imega, mis on loodud lihtsaks kontori-, multimeedia- ja mobiilirakenduste jaoks. Monitoril on IPS-paneel (In-Plane Switching, vedelkristalltehnoloogia, mis pakub laia vaatenurka ja paremaid v\u00e4rve) ja pistikud, mis v\u00f5imaldavad erinevate seadmete h\u00f5lpsat \u00fchendamist. Monitor pakub funktsionaalsust kompaktses ABS-korpuses (akr\u00fc\u00fclnitriilbutadieenst\u00fcreen, vastupidav plastik).<\/p>\n<p>\n<img decoding=\"async\" alt=\"Rohelises jakis naine hoiab k\u00e4es pabertopsi ja kaasaskantavat monitori. Taustal on k\u00f5rged hooned.\" border=\"0\" src=\"https:\/\/assets.innpro.pl\/17749\/23558\/4.jpg\"\/>\n<\/p>\n<h3>Full HD puuteekraan<\/h3>\n<p>Eraldusv\u00f5imega 1920\u20131080 ja 15,6-tollise diagonaaliga ekraan pakub selget 16:9 kuvasuhet, 10-punktilise puutetehnoloogiaga \u017eestide juhtimiseks ja t\u00e4pseks hiirevabaks kasutamiseks. V\u00e4rskendussagedus 60 Hz (herts, pildi v\u00e4rskendamiste arv sekundis) ja reageerimisaeg 20 ms (millisekundit) on piisavad igap\u00e4evaste toimingute ja dokumentidega t\u00f6\u00f6tamiseks.<\/p>\n<p>\n<img decoding=\"async\" alt=\"K\u00e4si, mis puudutab monitori ekraani, millel kuvatakse seadme seaded ja filmirakendus.\" border=\"0\" src=\"https:\/\/assets.innpro.pl\/17749\/23558\/2.jpg\"\/>\n<\/p>\n<h3>IPS-maatriks ja mattpind<\/h3>\n<p>IPS-paneel pakub t\u00e4ielikku 178\u00b0 vaatenurka monitori mugavaks kasutamiseks. Ekraani mattviimistlus v\u00e4hendab peegeldusi, mis parandab loetavust h\u00e4sti valgustatud keskkondades. Heledus 250 cd\/m\u00b2 (kandela ruutmeetri kohta, heleduse \u00fchik) ja 66% sRGB v\u00e4rviruumi (standardne RGB v\u00e4rviruum &#8211; punane, roheline, sinine v\u00f5i punane, roheline ja sinine) taasesitus on piisavad tavaliste kontori- ja meelelahutusrakenduste jaoks.<\/p>\n<p>\n<img decoding=\"async\" alt=\"Kaasaskantav monitor mustal taustal, mille ekraan on pooleldi matt ja pooleldi l\u00e4ikiv. Ekraanil on kujutatud mustas mantlis figuuri tumesinisel taustal.\" border=\"0\" src=\"https:\/\/assets.innpro.pl\/17749\/23558\/8.jpg\"\/>\n<\/p>\n<h3>Kerge disain ja VESA kinnitus<\/h3>\n<p>Monitor on valmistatud ABS-plastikust, mis tagab v\u00e4ikese kaalu ja hea liikuvuse. \u0160assii \u00fchildub VESA (Video Electronics Standards Association, videoseadmete paigaldamise standard) 75\u201375 mm kinnitustega, mis v\u00f5imaldab selle kronsteinile kinnitada, ja toide antakse USB-C (Universal Serial Bus Type-C, universaalne andme- ja toitepistik) pordiga kaabli kaudu.<\/p>\n<p>\n<img decoding=\"async\" alt=\"Lokkis juuste ja valge-bee\u017ei s\u00e4rgiga noormees paneb kaasaskantava monitori musta kotti.\" border=\"0\" src=\"https:\/\/assets.innpro.pl\/17749\/23558\/6.jpg\"\/>\n<\/p>\n<h3>Sisseehitatud pordid ja k\u00f5larid<\/h3>\n<p>USetup E7 pakub kahte USB-C porti, mini HDMI pistikut (k\u00f5rglahutusega multimeedialiides, liides k\u00f5rglahutusega video ja heli jaoks) ja 3,5 mm pistikupesa (standardne helipistik). Sisseehitatud stereok\u00f5larid (2 \u00d7 1W) v\u00f5imaldavad heli taasesitust. Komplekt sisaldab kaablite komplekti, laadijat, nahk\u00fcmbrist ja VESA kinnituskruvisid.<\/p>\n<p>\n<img decoding=\"async\" alt=\"V\u00e4rvilise taustaga kaasaskantav monitor asub erinevate seadmete, sealhulgas nutitelefoni, konsooli ja s\u00fclearvuti k\u00f5rval.\" border=\"0\" src=\"https:\/\/assets.innpro.pl\/17749\/23558\/1.jpg\"\/>\n<\/p>\n<h3>Kaasas<\/h3>\n<ul class=\"list-disc pl-5\">\n<li>Kaasaskantav monitor<\/li>\n<li>Mini HDMI-kaabel (1080P)<\/li>\n<li>2x USB-C (2.0) kaablit<\/li>\n<li>5V 3A toiteadapter<\/li>\n<li>Nahkkott<\/li>\n<li>4x VESA M3 \u0413\u2014 4 mm kruvi<\/li>\n<li>Kasutusjuhend<\/li>\n<\/ul>\n<div class=\"table-wrapper\">\n<p>\u0412\u00a0<\/p>\n<h3><\/h3>\n<table>\n<tbody>\n<tr>\n<th>Tootja<\/th>\n<td>Uperfect<\/td>\n<\/tr>\n<tr>\n<th>Mudel<\/th>\n<td>USetup E7<\/td>\n<\/tr>\n<tr>\n<th>Ekraani diagonaal<\/th>\n<td>15,6&#8243; (39,62 cm)<\/td>\n<\/tr>\n<tr>\n<th>Resolutsioon<\/th>\n<td>1920\u20131080 (Full HD)<\/td>\n<\/tr>\n<tr>\n<th>Ekraani pindala<\/th>\n<td>344,16\u2013193,59 mm<\/td>\n<\/tr>\n<tr>\n<th>V\u00e4rskendussagedus<\/th>\n<td>60 Hz<\/td>\n<\/tr>\n<tr>\n<th>Maatriksi t\u00fc\u00fcp<\/th>\n<td>IPS<\/td>\n<\/tr>\n<tr>\n<th>Ekraani kate<\/th>\n<td>Matt<\/td>\n<\/tr>\n<tr>\n<th>Puutetundlik ekraan<\/th>\n<td>10-punktiline<\/td>\n<\/tr>\n<tr>\n<th>Vaatenurk<\/th>\n<td>178\u00b0<\/td>\n<\/tr>\n<tr>\n<th>Heledus<\/th>\n<td>250 cd\/m\u00b2<\/td>\n<\/tr>\n<tr>\n<th>Kontrast<\/th>\n<td>800:1<\/td>\n<\/tr>\n<tr>\n<th>Ekraani kuvasuhe<\/th>\n<td>16:9<\/td>\n<\/tr>\n<tr>\n<th>Reaktsiooniaeg<\/th>\n<td>20 ms<\/td>\n<\/tr>\n<tr>\n<th>V\u00e4rvipalett<\/th>\n<td>45% NTSC \/ 66% sRGB<\/td>\n<\/tr>\n<tr>\n<th>V\u00e4rvide arv<\/th>\n<td>16,7 miljonit (8-bitine)<\/td>\n<\/tr>\n<tr>\n<th>Korpuse materjal<\/th>\n<td>ABS<\/td>\n<\/tr>\n<tr>\n<th>Sisseehitatud k\u00f5larid<\/th>\n<td>2 \u00d7 1 W (8O\u00a9)<\/td>\n<\/tr>\n<tr>\n<th>Pistikud<\/th>\n<td>2x USB-C; Mini HDMI (1080P); AUX 3,5 mm<\/td>\n<\/tr>\n<tr>\n<th>VESA kinnitus<\/th>\n<td>75 \u00d7 75 mm (M3 \u00d7 4 mm kruvid)<\/td>\n<\/tr>\n<tr>\n<th>Toiteallikas<\/th>\n<td>7 W (5 V 3 A toiteadapter kaasas)<\/td>\n<\/tr>\n<tr>\n<th>Sisseehitatud laetav aku<\/th>\n<td>ei<\/td>\n<\/tr>\n<\/tbody>\n<\/table>\n<\/div>\n","protected":false},"excerpt":{"rendered":"<p>Uperfect USetup E7 15,6-tolline 1920&#215;1080 60Hz kaasaskantav puutetundlik monitor Uperfect USetup E7 on 15,6-tolline puutetundlik kaasaskantav monitor Full HD (t\u00e4isk\u00f5rglahutusega, k\u00f5rge eraldusv\u00f5imega &#8211; 1920 \u00d7 1080 pikslit) eraldusv\u00f5imega, mis on loodud lihtsaks kontori-, multimeedia- ja mobiilirakenduste jaoks. Monitoril on IPS-paneel (In-Plane Switching, vedelkristalltehnoloogia, mis pakub laia vaatenurka ja paremaid v\u00e4rve) ja pistikud, mis v\u00f5imaldavad erinevate [&#8230;]\n","protected":false},"featured_media":12976,"comment_status":"open","ping_status":"closed","template":"","meta":[],"product_brand":[655],"product_cat":[993],"product_tag":[],"class_list":{"0":"post-12975","1":"product","2":"type-product","3":"status-publish","4":"has-post-thumbnail","6":"product_brand-uperfect","7":"product_cat-portable-monitors","9":"first","10":"outofstock","11":"taxable","12":"shipping-taxable","13":"purchasable","14":"product-type-simple"},"aioseo_notices":[],"_links":{"self":[{"href":"https:\/\/asura.lv\/et\/wp-json\/wp\/v2\/product\/12975","targetHints":{"allow":["GET"]}}],"collection":[{"href":"https:\/\/asura.lv\/et\/wp-json\/wp\/v2\/product"}],"about":[{"href":"https:\/\/asura.lv\/et\/wp-json\/wp\/v2\/types\/product"}],"replies":[{"embeddable":true,"href":"https:\/\/asura.lv\/et\/wp-json\/wp\/v2\/comments?post=12975"}],"wp:featuredmedia":[{"embeddable":true,"href":"https:\/\/asura.lv\/et\/wp-json\/wp\/v2\/media\/12976"}],"wp:attachment":[{"href":"https:\/\/asura.lv\/et\/wp-json\/wp\/v2\/media?parent=12975"}],"wp:term":[{"taxonomy":"product_brand","embeddable":true,"href":"https:\/\/asura.lv\/et\/wp-json\/wp\/v2\/product_brand?post=12975"},{"taxonomy":"product_cat","embeddable":true,"href":"https:\/\/asura.lv\/et\/wp-json\/wp\/v2\/product_cat?post=12975"},{"taxonomy":"product_tag","embeddable":true,"href":"https:\/\/asura.lv\/et\/wp-json\/wp\/v2\/product_tag?post=12975"}],"curies":[{"name":"wp","href":"https:\/\/api.w.org\/{rel}","templated":true}]}}