{"id":13023,"date":"2025-11-29T00:15:13","date_gmt":"2025-11-29T00:15:13","guid":{"rendered":"https:\/\/asura.lv\/product\/rainpoint-wifi-soil-hydration-meter\/"},"modified":"2025-12-12T15:23:03","modified_gmt":"2025-12-12T13:23:03","slug":"rainpoint-wifi-soil-hydration-meter","status":"publish","type":"product","link":"https:\/\/asura.lv\/et\/toode\/rainpoint-wifi-soil-hydration-meter\/","title":{"rendered":"RainPoint WiFi mulla niiskusm\u00f5\u00f5tur"},"content":{"rendered":"<h3>RainPointi WiFi mulla niiskusm\u00f5\u00f5tur<\/h3>\n<p>RainPointi mulla niiskusm\u00f5\u00f5tur on nutikas digitaalne seade, millel on suur t\u00e4psus ja \u00fclikiire niiskuse tuvastamine. RainPoint Home&#8217;i rakenduse ja standardse WiFi-keskuse abil saate reaalajas niiskusesisaldust eemalt j\u00e4lgida, vaadata ajaloolisi andmeid kuni aasta kohta ning seadistada oma madala ja k\u00f5rge niiskusetaseme hoiatusi ja nutikate niisutuss\u00fcsteemidega kombineerituna automaatselt kastmise eest hoolitseda. Vastupidav, veekindel ja korrosioonikindel korpus v\u00f5imaldab anduri j\u00e4\u00e4davalt pinnasesse j\u00e4tta ilma seadet puhastamata ning kompaktne disain t\u00f6\u00f6tab v\u00f5rdselt h\u00e4sti nii pottides, r\u00f5dukastides kui ka suuremates muruplatsides, tagades taimede kaitse ja vees\u00e4\u00e4stu.<\/p>\n<p>\n<img decoding=\"async\" alt=\"RainPointi m\u00f5\u00f5tur asetatakse aiakasti lehtk\u00f6\u00f6giviljadega.\" border=\"0\" src=\"https:\/\/assets.innpro.pl\/17662\/23414\/6.jpg\"\/>\n<\/p>\n<h3>T\u00e4psus, mis \u00fcllatab<\/h3>\n<p>Seade pakub suurt m\u00f5\u00f5tmist\u00e4psust (\u00b15%RH &#8211; suhteline \u00f5huniiskus), kiiret n\u00e4itu vaid 2 sekundiga ja kuni 15 korda kiiremat reageerimisaega kui traditsioonilised mudelid. Mullat\u00fc\u00fcbi tuvastamise ja &#8220;kuiv &#8211; niiske &#8211; m\u00e4rg&#8221; skaalade abil saate iga mullat\u00fc\u00fcbi jaoks m\u00f5\u00f5tmist kohandada.<\/p>\n<p>\n<img decoding=\"async\" alt=\"Inimene vajutab lillepotis asuva RainPointi m\u00f5\u00f5turi nuppu analoogse niiskusindikaatori k\u00f5rval.\" border=\"0\" src=\"https:\/\/assets.innpro.pl\/17662\/23414\/4.jpg\"\/>\n<\/p>\n<h3>Kaugj\u00e4lgimine rakenduses<\/h3>\n<p>Kui see on \u00fchendatud RainPointi eraldi saadaoleva WiFi-jaoturiga, on teil juurdep\u00e4\u00e4s k\u00f5igile oma andmetele reaalajas nii kohapeal kui ka k\u00f5ikjal maailmas. RainPoint Home&#8217;i rakendus v\u00f5imaldab teil j\u00e4lgida mulla niiskuse muutusi reaalajas, vaadata m\u00f5\u00f5tmislogisid kuni aasta tagasi, seadistada madala\/k\u00f5rge niiskuse hoiatusi vastavalt oma eelistustele ja juhtida automaatselt oma niisutuss\u00fcsteemi (t\u00f6\u00f6tades pumpade, 1- ja 2-tsooniliste taimerivoolikute, mini-h\u00fcgromeetrite, vihmam\u00f5\u00f5turite ja teiste RainPointi perekonna seadmetega).<\/p>\n<p>\n<img decoding=\"async\" alt=\"RainPointi m\u00f5\u00f5tur mullas nutitelefoni k\u00f5rval, mis kuvab ekraanil mulla niiskuse taset.\" border=\"0\" src=\"https:\/\/assets.innpro.pl\/17662\/23414\/3.jpg\"\/>\n<\/p>\n<h3>Enam pole vaja m\u00e4\u00e4rdunud s\u00f5rmi<\/h3>\n<p>Niiskusesisalduse kontrollimiseks ei pea te enam kunagi s\u00f5rmi mullas m\u00e4\u00e4rima \u2013 vaid \u00fcks kl\u00f5ps ja digitaalne ekraan n\u00e4itab tulemust peaaegu koheselt. T\u00e4nu veekindlale ja korrosioonikindlale korpusele v\u00f5ib andur j\u00e4\u00e4da pinnasesse p\u00fcsivalt, ilma et seda oleks vaja p\u00e4rast iga kasutamist eemaldada ega puhastada.<\/p>\n<p>\n<img decoding=\"async\" alt=\"Kaks RainPointi niiskusm\u00f5\u00f5tjat lillepottides v\u00e4rvika aia taustal.\" border=\"0\" src=\"https:\/\/assets.innpro.pl\/17662\/23414\/2.jpg\"\/>\n<\/p>\n<h3>Nutikas vee- ja ajas\u00e4\u00e4st<\/h3>\n<p>RainPointi arvesti optimeerib teie kastmispraktikaid \u2013 see n\u00e4itab hetke, kui \u00f5huniiskus langeb alla 15% taseme \u2013 LED-id (valgusdiood, valgusdiood) hakkavad punaselt vilkuma \u2013 ja aitavad teil luua automaatse ajakava individuaalsete teavitustega. \u00dclikiire kiibi ja v\u00e4ikese energiatarbe abil t\u00f6\u00f6tab andur pikka aega ning m\u00f5\u00f5tmislogid v\u00f5imaldavad teil anal\u00fc\u00fcsida \u00f5huniiskuse suundumusi kuude kaupa.<\/p>\n<p>\n<img decoding=\"async\" alt=\"RainPointi arvesti seisab vihma k\u00e4es murul, korpusel veepiisad.\" border=\"0\" src=\"https:\/\/assets.innpro.pl\/17662\/23414\/5.jpg\"\/>\n<\/p>\n<h3>Kompaktne disain, mitmek\u00fclgne rakendus<\/h3>\n<p>Seadme kompaktne suurus muudab selle ideaalseks nii potis kasvatatavate toataimede kui ka k\u00f5rgpeenarde, kasvuhoonete, r\u00f5dukastide, ripppottide v\u00f5i ulatuslike muruplatside jaoks. RainPointiga hoiate oma taimed terved ja \u00f5nnelikud \u2013 alates \u00fcksikutest lilledest aknalaual kuni uhkete aedadeni.<\/p>\n<p>\n<img decoding=\"async\" alt=\"Graafika, mis kujutab seadmes kasutatavat tehnoloogiat s\u00fcmboliseerivat mikroprotsessorit.\" border=\"0\" src=\"https:\/\/assets.innpro.pl\/17662\/23414\/1.jpg\"\/>\n<\/p>\n<h3>Kaasas<\/h3>\n<ul class=\"list-disc pl-5\">\n<li>mulla niiskusm\u00f5\u00f5tur<\/li>\n<li>kasutusjuhend<\/li>\n<\/ul>\n<div class=\"table-wrapper\">\n<p>\u0412\u00a0<\/p>\n<h3><\/h3>\n<table>\n<tbody>\n<tr>\n<th>Tootja<\/th>\n<td>RainPoint<\/td>\n<\/tr>\n<tr>\n<th>Mudel<\/th>\n<td>HCS026FRF<\/td>\n<\/tr>\n<tr>\n<th>T\u00f6\u00f6temperatuur<\/th>\n<td>-20\u00b0C~60\u00b0C<\/td>\n<\/tr>\n<tr>\n<th>T\u00f6\u00f6temperatuur \u00f5huniiskus<\/th>\n<td>10%~90%<\/td>\n<\/tr>\n<tr>\n<th>Niiskusevahemik<\/th>\n<td>1% RH~99%RH<\/td>\n<\/tr>\n<tr>\n<th>Ondi pikkus<\/th>\n<td>11 cm<\/td>\n<\/tr>\n<tr>\n<th>Toiteallikas<\/th>\n<td>3 AAA patareid (saadaval v\u00e4ljaspool komplekti)<\/td>\n<\/tr>\n<tr>\n<th>Spetsiaalne rakendus<\/th>\n<td>RainPoint Home<\/td>\n<\/tr>\n<tr>\n<th>Turvafunktsioonid<\/th>\n<td>Veekaitse, korrosioonikaitse<\/td>\n<\/tr>\n<tr>\n<th>M\u00f5\u00f5tmed<\/th>\n<td>20,57 x 2,54 x 4,83 x 11,18 cm<\/td>\n<\/tr>\n<tr>\n<th>M\u00f5\u00f5tmist\u00e4psus<\/th>\n<td>\u00b15 %RH<\/td>\n<\/tr>\n<tr>\n<th>Lugemiskiirus<\/th>\n<td>2 sekundit (15x kiirem kui eelmistel mudelitel)<\/td>\n<\/tr>\n<\/tbody>\n<\/table>\n<\/div>\n","protected":false},"excerpt":{"rendered":"<p>RainPointi WiFi mulla niiskusm\u00f5\u00f5tur RainPointi mulla niiskusm\u00f5\u00f5tur on nutikas digitaalne seade, millel on suur t\u00e4psus ja \u00fclikiire niiskuse tuvastamine. RainPoint Home&#8217;i rakenduse ja standardse WiFi-keskuse abil saate reaalajas niiskusesisaldust eemalt j\u00e4lgida, vaadata ajaloolisi andmeid kuni aasta kohta ning seadistada oma madala ja k\u00f5rge niiskusetaseme hoiatusi ja nutikate niisutuss\u00fcsteemidega kombineerituna automaatselt kastmise eest hoolitseda. Vastupidav, veekindel [&#8230;]\n","protected":false},"featured_media":13024,"comment_status":"open","ping_status":"closed","template":"","meta":[],"product_brand":[781],"product_cat":[1086],"product_tag":[],"class_list":{"0":"post-13023","1":"product","2":"type-product","3":"status-publish","4":"has-post-thumbnail","6":"product_brand-rainpoint","7":"product_cat-irrigation-systems","9":"first","10":"outofstock","11":"taxable","12":"shipping-taxable","13":"purchasable","14":"product-type-simple"},"aioseo_notices":[],"_links":{"self":[{"href":"https:\/\/asura.lv\/et\/wp-json\/wp\/v2\/product\/13023","targetHints":{"allow":["GET"]}}],"collection":[{"href":"https:\/\/asura.lv\/et\/wp-json\/wp\/v2\/product"}],"about":[{"href":"https:\/\/asura.lv\/et\/wp-json\/wp\/v2\/types\/product"}],"replies":[{"embeddable":true,"href":"https:\/\/asura.lv\/et\/wp-json\/wp\/v2\/comments?post=13023"}],"wp:featuredmedia":[{"embeddable":true,"href":"https:\/\/asura.lv\/et\/wp-json\/wp\/v2\/media\/13024"}],"wp:attachment":[{"href":"https:\/\/asura.lv\/et\/wp-json\/wp\/v2\/media?parent=13023"}],"wp:term":[{"taxonomy":"product_brand","embeddable":true,"href":"https:\/\/asura.lv\/et\/wp-json\/wp\/v2\/product_brand?post=13023"},{"taxonomy":"product_cat","embeddable":true,"href":"https:\/\/asura.lv\/et\/wp-json\/wp\/v2\/product_cat?post=13023"},{"taxonomy":"product_tag","embeddable":true,"href":"https:\/\/asura.lv\/et\/wp-json\/wp\/v2\/product_tag?post=13023"}],"curies":[{"name":"wp","href":"https:\/\/api.w.org\/{rel}","templated":true}]}}