{"id":13047,"date":"2025-11-29T00:15:10","date_gmt":"2025-11-29T00:15:10","guid":{"rendered":"https:\/\/asura.lv\/product\/rainpoint-4-zone-sprinkler-controller-with-app-bluetooth\/"},"modified":"2025-12-12T15:23:00","modified_gmt":"2025-12-12T13:23:00","slug":"rainpoint-4-zone-sprinkler-controller-with-app-bluetooth","status":"publish","type":"product","link":"https:\/\/asura.lv\/et\/toode\/rainpoint-4-zone-sprinkler-controller-with-app-bluetooth\/","title":{"rendered":"RainPoint 4-tsooniline sprinklerikontroller rakenduse ja Bluetoothiga"},"content":{"rendered":"<h3>RainPointi 4-tsooniline sprinklerikontroller rakenduse ja Bluetoothiga<\/h3>\n<p>RainPointi kontroller on mobiilne ja traadita niisutuslahendus, mis t\u00f6\u00f6tab \u00fche akuga kuni 12 kuud ning millel on mugav Bluetoothi \u200b\u200bja rakenduse juhtimine. See pakub t\u00e4ielikku juhtimist kolme abiventiili ja \u00fche peaventiili \u00fcle, \u00fchildub vihmasensoriga, reguleerib vooluhulka protsentides, pakub kaheksat individuaalset kastmisgraafikut tsooni kohta, k\u00e4sitsi k\u00e4ivitamist nii seadmes kui ka rakenduses, selget ajakavade kalendrit, hooajalist reguleerimist ja aku t\u00fchjenemise hoiatusi \u2013 k\u00f5ik see IP67-reitinguga veekindlas korpuses. Proovige nutikat niisutust ja vaadake, kui lihtne on oma aeda lopsakana hoida ilma aega ja raha raiskamata.<\/p>\n<p>\n<img decoding=\"async\" alt=\"RainPointi sprinklerikontroller paigaldatud murukasti, \u00fchendatud ventiilide ja juhtmetega.\" border=\"0\" src=\"https:\/\/assets.innpro.pl\/17666\/23418\/4.jpg\"\/>\n<\/p>\n<h3>Nutikas kastmine teie taimedele<\/h3>\n<p>See neljasuunaline alalisvoolukontroller Bluetooth-\u00fchendusega on loodud aladele, kus puudub pidev juurdep\u00e4\u00e4s elektrile ning on ideaalne lahendus aedade, viljapuuaedade v\u00f5i puhkealade jaoks. T\u00e4nu energias\u00e4\u00e4stlikule disainile t\u00f6\u00f6tab seade pidevalt kuni 12 kuud nelja AA-patareiga (saadaval eraldi m\u00fc\u00fcgil), v\u00e4listades vajaduse sagedase toiteallika vahetamise j\u00e4rele.<\/p>\n<p>\n<img decoding=\"async\" alt=\"RainPointi kontroller v\u00e4ikeses kivikestega t\u00e4idetud klapikarbis, pealtvaade.\" border=\"0\" src=\"https:\/\/assets.innpro.pl\/17666\/23418\/2.jpg\"\/>\n<\/p>\n<h3>T\u00e4ielik kontroll teie k\u00e4eulatuses<\/h3>\n<p>Kontrollige oma niisutust otse oma mobiilirakendusest. Bluetoothi \u200b\u200bsidumine v\u00f5imaldab kohest \u00fchendust ja mugavat vihmuti haldamist. M\u00e4\u00e4rake ajakavasid, kastke k\u00e4sitsi v\u00f5i muutke klapi seadeid oma nutitelefonist, kus iganes te ka ei viibiks. Selge niisutuskalender v\u00f5imaldab teil j\u00e4lgida k\u00f5iki ajastatud ts\u00fckleid \u00fches vaates.<\/p>\n<p>\n<img decoding=\"async\" alt=\"Nutitelefonirakendus, mis n\u00e4itab aktiivset sprinkleri tsooni karbis paigaldatud RainPointi kontrolleri k\u00f5rval.\" border=\"0\" src=\"https:\/\/assets.innpro.pl\/17666\/23418\/3.jpg\"\/>\n<\/p>\n<h3>L\u00e4bim\u00f5eldud disain<\/h3>\n<p>Selged LED-indikaatorid (valgusdioodid) ja intuitiivsed nupud korpusel muudavad kontrolleri seadistamise ja igap\u00e4evase kasutamise nauditavaks. Kastmise alustamine toimub ilma tarbetute komplikatsioonideta, nii k\u00e4sitsi kui ka rakenduse kaudu. Oluline on see, et RainPoint ei karda vihma ega tolmu. K\u00f5rge IP67 kaitseklass tagab, et seade j\u00e4\u00e4b t\u00e4ielikult t\u00f6\u00f6korras ka tugeva vihmasaju v\u00f5i tolmu korral. N\u00fc\u00fcd v\u00f5ite oma niisutuss\u00fcsteemi suhtes kindel olla, olenemata ilmastiku kapriisidest.<\/p>\n<p>\n<img decoding=\"async\" alt=\"RainPointi kontrolleri k\u00fclgvaade klapi pealiskihi kujul.\" border=\"0\" src=\"https:\/\/assets.innpro.pl\/17666\/23418\/6.jpg\"\/>\n<\/p>\n<h3>T\u00e4iustatud funktsioonid t\u00e4pseks kastmiseks<\/h3>\n<p>Kohandage kontrolleri t\u00f6\u00f6d oma aia erip\u00e4radega, \u00fchendades kontrolleriga vihmasensori. V\u00f5imalus seadistada peaventiil ja kolm abiventiili v\u00f5imaldab igak\u00fclgset juhtimist. Igal ventiilil saab olla individuaalne 50-protsendiline veevoolu reguleerimine, mille tulemuseks on t\u00e4psem doseerimine ja seega ressursside kokkuhoid.<\/p>\n<p>\n<img decoding=\"async\" alt=\"RainPointi kontrolleri ja \u00fche solenoidventiili pealt- ja eestvaade.\" border=\"0\" src=\"https:\/\/assets.innpro.pl\/17666\/23418\/5.jpg\"\/>\n<\/p>\n<h3>Ajastamise paindlikkus ja kasutusohutus<\/h3>\n<p>Igas tsoonis saab programmeerida kuni kaheksa eraldi kastmisgraafikut &#8211; l\u00fchikestest kastmists\u00fcklitest pikemate ts\u00fckliteni. Hooajalise kohandamise funktsioon v\u00f5imaldab teil ajakava kiiresti muutuvate ilmastikutingimustega kohandada. Lisaks teavitab kontroller teid aku t\u00fchjenemisest, v\u00e4ltides planeerimata kastmiskatkestusi.<\/p>\n<p>\n<img decoding=\"async\" alt=\"RainPointi kontroller paigaldatud nelja klapiga karpi muru taustal.\" border=\"0\" src=\"https:\/\/assets.innpro.pl\/17666\/23418\/1.jpg\"\/>\n<\/p>\n<h3>Kaasas<\/h3>\n<ul class=\"list-disc pl-5\">\n<li>vihmutite kontroller<\/li>\n<li>terminali komponendid<\/li>\n<li>kasutusjuhend<\/li>\n<\/ul>\n<div class=\"table-wrapper\">\n<p>\u0412\u00a0<\/p>\n<h3><\/h3>\n<table>\n<tbody>\n<tr>\n<th>Tootja<\/th>\n<td>RainPoint<\/td>\n<\/tr>\n<tr>\n<th>Mudel<\/th>\n<td>HIC406B<\/td>\n<\/tr>\n<tr>\n<th>Veekindlus<\/th>\n<td>IP67<\/td>\n<\/tr>\n<tr>\n<th>T\u00f6\u00f6temperatuur vahemik<\/th>\n<td>3\u00b0C~50\u00b0C<\/td>\n<\/tr>\n<tr>\n<th>S\u00e4ilitustemperatuur<\/th>\n<td>-10~50\u00b0C<\/td>\n<\/tr>\n<tr>\n<th>Toiteallikas<\/th>\n<td>4 AA-patareid (saadaval v\u00e4ljaspool komplekti)<\/td>\n<\/tr>\n<tr>\n<th>Spetsiaalne rakendus<\/th>\n<td>RainPoint Home<\/td>\n<\/tr>\n<tr>\n<th>M\u00f5\u00f5tmed<\/th>\n<td>114,74 x 98,38 x 97,87 mm<\/td>\n<\/tr>\n<tr>\n<th>Aku t\u00f6\u00f6iga<\/th>\n<td>12 kuud<\/td>\n<\/tr>\n<tr>\n<th>Traadita \u00fchenduvus<\/th>\n<td>Bluetooth<\/td>\n<\/tr>\n<\/tbody>\n<\/table>\n<\/div>\n","protected":false},"excerpt":{"rendered":"<p>RainPointi 4-tsooniline sprinklerikontroller rakenduse ja Bluetoothiga RainPointi kontroller on mobiilne ja traadita niisutuslahendus, mis t\u00f6\u00f6tab \u00fche akuga kuni 12 kuud ning millel on mugav Bluetoothi \u200b\u200bja rakenduse juhtimine. See pakub t\u00e4ielikku juhtimist kolme abiventiili ja \u00fche peaventiili \u00fcle, \u00fchildub vihmasensoriga, reguleerib vooluhulka protsentides, pakub kaheksat individuaalset kastmisgraafikut tsooni kohta, k\u00e4sitsi k\u00e4ivitamist nii seadmes kui ka [&#8230;]\n","protected":false},"featured_media":13048,"comment_status":"open","ping_status":"closed","template":"","meta":[],"product_brand":[781],"product_cat":[1086],"product_tag":[],"class_list":{"0":"post-13047","1":"product","2":"type-product","3":"status-publish","4":"has-post-thumbnail","6":"product_brand-rainpoint","7":"product_cat-irrigation-systems","9":"first","10":"outofstock","11":"taxable","12":"shipping-taxable","13":"purchasable","14":"product-type-simple"},"aioseo_notices":[],"_links":{"self":[{"href":"https:\/\/asura.lv\/et\/wp-json\/wp\/v2\/product\/13047","targetHints":{"allow":["GET"]}}],"collection":[{"href":"https:\/\/asura.lv\/et\/wp-json\/wp\/v2\/product"}],"about":[{"href":"https:\/\/asura.lv\/et\/wp-json\/wp\/v2\/types\/product"}],"replies":[{"embeddable":true,"href":"https:\/\/asura.lv\/et\/wp-json\/wp\/v2\/comments?post=13047"}],"wp:featuredmedia":[{"embeddable":true,"href":"https:\/\/asura.lv\/et\/wp-json\/wp\/v2\/media\/13048"}],"wp:attachment":[{"href":"https:\/\/asura.lv\/et\/wp-json\/wp\/v2\/media?parent=13047"}],"wp:term":[{"taxonomy":"product_brand","embeddable":true,"href":"https:\/\/asura.lv\/et\/wp-json\/wp\/v2\/product_brand?post=13047"},{"taxonomy":"product_cat","embeddable":true,"href":"https:\/\/asura.lv\/et\/wp-json\/wp\/v2\/product_cat?post=13047"},{"taxonomy":"product_tag","embeddable":true,"href":"https:\/\/asura.lv\/et\/wp-json\/wp\/v2\/product_tag?post=13047"}],"curies":[{"name":"wp","href":"https:\/\/api.w.org\/{rel}","templated":true}]}}