{"id":13083,"date":"2025-11-29T00:15:06","date_gmt":"2025-11-29T00:15:06","guid":{"rendered":"https:\/\/asura.lv\/product\/rainpoint-2-zone-irrigation-controller-with-app\/"},"modified":"2025-12-12T15:22:55","modified_gmt":"2025-12-12T13:22:55","slug":"rainpoint-2-zone-irrigation-controller-with-app","status":"publish","type":"product","link":"https:\/\/asura.lv\/et\/toode\/rainpoint-2-zone-irrigation-controller-with-app\/","title":{"rendered":"RainPoint kahetsooniline niisutuskontroller rakendusega"},"content":{"rendered":"<h3>RainPoint 2-tsooniline niisutuskontroller rakendusega<\/h3>\n<p>RainPoint on nutikas 2-tsooniline niisutuskontroller, mis muudab teie aia eest hoolitsemise lihtsamaks. Rakenduse kaudu toimuva kaugjuhtimise abil saate iga tsooni jaoks seadistada kuni kolm kastmisprogrammi, valida intensiivse niisutuse ja \u00f5rna udustamise re\u017eiimi vahel ning vihma korral kastmise peatada. Vastupidav IP54 veekindel korpus ja mustuse eemaldav filter tagavad t\u00f6\u00f6kindluse aastateks, samas kui sisseehitatud voolum\u00f5\u00f5tur ja teated madala laetuse ja v\u00f5imalike lekete kohta aitavad teil veekasutust kontrollida. Lisaks s\u00e4\u00e4stab automaatne kastmine mulla niiskuseanduri ja kohaliku ilmaprognoosi p\u00f5hjal teie aega ja vett. Avastage, kui lihtne on saada lopsakas ja roheline aed!<\/p>\n<p>\n<img decoding=\"async\" alt=\"RainPointi niisutuskontroller veepiiskadega.\" border=\"0\" src=\"https:\/\/assets.innpro.pl\/17707\/23479\/2.jpg\"\/>\n<\/p>\n<h3>Kaugjuhtimispult<\/h3>\n<p>Kaasasoleva jaoturiga (mudel TWG004WRF) saate s\u00fcsteemi laiendada t\u00e4iendavate seadmetega ja kasutada seda ka tavalise WiFi-pistikupesana. RainPoint Tuya rakendus, mis on saadaval iOS-i ja Androidi jaoks, v\u00f5imaldab teil k\u00e4sitsi kasta (rakendusest vett sisse ja v\u00e4lja l\u00fclitada, m\u00e4\u00e4rates mis tahes aja, millal soovite ventiile k\u00e4ivitada), seadistada ajakavasid (igal tsoonil v\u00f5ib olla kuni kolm s\u00f5ltumatut p\u00e4evaprogrammi erinevate algusaegade ja kastmiskestusega) ning vihma korral ajakava k\u00e4sitsi v\u00f5i automaatselt peatada.<\/p>\n<p>\n<img decoding=\"async\" alt=\"RainPointi niisutuskontroller, mis on nutitelefoniga rakenduse kaudu \u00fchendatud.\" border=\"0\" src=\"https:\/\/assets.innpro.pl\/17707\/23479\/1.jpg\"\/>\n<\/p>\n<h3>Kaks tsooni, t\u00e4ielik kontroll<\/h3>\n<p>TTV203WRF-il on kaks klappi, mis v\u00f5imaldavad teil jagada oma aia iseseisvateks aladeks. M\u00e4\u00e4rake muru, lillepeenarde v\u00f5i k\u00f6\u00f6giviljapeenarde jaoks erinevad kastmisgraafikud ja nautige iga nurga jaoks ideaalset niiskust. Seadmel on kaks re\u017eiimi, sealhulgas kastmisre\u017eiim (tugev veevool s\u00fcgavate juurte niisutamiseks) ja udure\u017eiim (\u00f5rn jahutav udu, ideaalne taimedele, mis vajavad \u00f5rna hooldust).<\/p>\n<p>\n<img decoding=\"async\" alt=\"Fotod, mis n\u00e4itavad kahte RainPointi niisutuskontrolleriga niisutatud aiatsooni.\" border=\"0\" src=\"https:\/\/assets.innpro.pl\/17707\/23479\/4.jpg\"\/>\n<\/p>\n<h3>Ilmaprognoosil p\u00f5hinev automatiseerimine<\/h3>\n<p>\u00dchendage valikuline mullaandur (kuni 2 andurit kontrolleri kohta) ja laske s\u00fcsteemil teie taimi iseseisvalt kasta, kui see tuvastab niiskuse languse. Lisaks registreerib sisseehitatud veevoolum\u00f5\u00f5tur viimase 10 p\u00e4eva kasutust ja rakendus teavitab teid aku t\u00fchjenemisest, samuti rikete v\u00f5i lekete korral.<\/p>\n<p>\n<img decoding=\"async\" alt=\"RainPointi niisutuskontroller paigaldatud valgele krohvitud seinale, taustal aed.\" border=\"0\" src=\"https:\/\/assets.innpro.pl\/17707\/23479\/3.jpg\"\/>\n<\/p>\n<h3>L\u00e4bim\u00f5eldud disain<\/h3>\n<p>Kontrolleri korpus on IP54-reitinguga, mis on tolmu-, pritsme- ja UV-kiirgusekindel. Integreeritud filter eemaldab kuni 35% saasteainetest ja talub kuni 35 kg\/cm\u00b2 veesurvet. Suletud patareikate hoiab \u00e4ra niiskuse sissep\u00e4\u00e4su.<\/p>\n<p>\n<img decoding=\"async\" alt=\"RainPointi niisutuskontroller seisab hallil taustal WiFi-l\u00fc\u00fcsi k\u00f5rval.\" border=\"0\" src=\"https:\/\/assets.innpro.pl\/17707\/23479\/2a (5).jpg\"\/>\n<\/p>\n<h3>Kaasas<\/h3>\n<ul class=\"list-disc pl-5\">\n<li>niisutuskontroller<\/li>\n<li>jaotur<\/li>\n<li>kinnitusteip<\/li>\n<li>varu kummist padi<\/li>\n<li>kasutusjuhend<\/li>\n<\/ul>\n<div class=\"table-wrapper\">\n<p>\u0412\u00a0<\/p>\n<h3><\/h3>\n<table>\n<tbody>\n<tr>\n<th>Tootja<\/th>\n<td>RainPoint<\/td>\n<\/tr>\n<tr>\n<th>Mudel<\/th>\n<td>TTV203FRF + TWG004WR<\/td>\n<\/tr>\n<tr>\n<th>Traadita leviala<\/th>\n<td>60 m (avatud alal, kui jaoturi ja seadme vahel pole takistusi) kontroller)<\/td>\n<\/tr>\n<tr>\n<th>Veesurve<\/th>\n<td>0,5\u20138 baari<\/td>\n<\/tr>\n<tr>\n<th>T\u00f6\u00f6temperatuur<\/th>\n<td>3\u201350 \u00b0C kontroller, 3\u201340 \u00b0C jaotur<\/td>\n<\/tr>\n<tr>\n<th>Toiteallikas<\/th>\n<td>4 AA patareid (ei kuulu komplekti)<\/td>\n<\/tr>\n<tr>\n<th>Veekindluse tase<\/th>\n<td>IP54<\/td>\n<\/tr>\n<tr>\n<th>Jaoturi WiFi sagedusriba<\/th>\n<td>2,4 GHz<\/td>\n<\/tr>\n<tr>\n<th>Jaoturi sisend<\/th>\n<td>100\u2013240 V 50 Hz 16 A<\/td>\n<\/tr>\n<tr>\n<th>Spetsiaalne rakendus<\/th>\n<td>RainPoint Tuya<\/td>\n<\/tr>\n<\/tbody>\n<\/table>\n<\/div>\n","protected":false},"excerpt":{"rendered":"<p>RainPoint 2-tsooniline niisutuskontroller rakendusega RainPoint on nutikas 2-tsooniline niisutuskontroller, mis muudab teie aia eest hoolitsemise lihtsamaks. Rakenduse kaudu toimuva kaugjuhtimise abil saate iga tsooni jaoks seadistada kuni kolm kastmisprogrammi, valida intensiivse niisutuse ja \u00f5rna udustamise re\u017eiimi vahel ning vihma korral kastmise peatada. Vastupidav IP54 veekindel korpus ja mustuse eemaldav filter tagavad t\u00f6\u00f6kindluse aastateks, samas kui [&#8230;]\n","protected":false},"featured_media":13084,"comment_status":"open","ping_status":"closed","template":"","meta":[],"product_brand":[781],"product_cat":[1086],"product_tag":[],"class_list":{"0":"post-13083","1":"product","2":"type-product","3":"status-publish","4":"has-post-thumbnail","6":"product_brand-rainpoint","7":"product_cat-irrigation-systems","9":"first","10":"outofstock","11":"taxable","12":"shipping-taxable","13":"purchasable","14":"product-type-simple"},"aioseo_notices":[],"_links":{"self":[{"href":"https:\/\/asura.lv\/et\/wp-json\/wp\/v2\/product\/13083","targetHints":{"allow":["GET"]}}],"collection":[{"href":"https:\/\/asura.lv\/et\/wp-json\/wp\/v2\/product"}],"about":[{"href":"https:\/\/asura.lv\/et\/wp-json\/wp\/v2\/types\/product"}],"replies":[{"embeddable":true,"href":"https:\/\/asura.lv\/et\/wp-json\/wp\/v2\/comments?post=13083"}],"wp:featuredmedia":[{"embeddable":true,"href":"https:\/\/asura.lv\/et\/wp-json\/wp\/v2\/media\/13084"}],"wp:attachment":[{"href":"https:\/\/asura.lv\/et\/wp-json\/wp\/v2\/media?parent=13083"}],"wp:term":[{"taxonomy":"product_brand","embeddable":true,"href":"https:\/\/asura.lv\/et\/wp-json\/wp\/v2\/product_brand?post=13083"},{"taxonomy":"product_cat","embeddable":true,"href":"https:\/\/asura.lv\/et\/wp-json\/wp\/v2\/product_cat?post=13083"},{"taxonomy":"product_tag","embeddable":true,"href":"https:\/\/asura.lv\/et\/wp-json\/wp\/v2\/product_tag?post=13083"}],"curies":[{"name":"wp","href":"https:\/\/api.w.org\/{rel}","templated":true}]}}