{"id":13245,"date":"2025-11-29T00:13:55","date_gmt":"2025-11-29T00:13:55","guid":{"rendered":"https:\/\/asura.lv\/product\/fnirsi-jbm-20-digital-refractometer-brix-sugar-meter\/"},"modified":"2025-12-12T15:21:41","modified_gmt":"2025-12-12T13:21:41","slug":"fnirsi-jbm-20-digital-refractometer-brix-sugar-meter","status":"publish","type":"product","link":"https:\/\/asura.lv\/et\/toode\/fnirsi-jbm-20-digital-refractometer-brix-sugar-meter\/","title":{"rendered":"FNIRSI JBM-20 digitaalne refraktomeeter Brixi suhkru m\u00f5\u00f5tja"},"content":{"rendered":"<h3>FNIRSI JBM-20 digitaalne refraktomeeter Brixi suhkrum\u00f5\u00f5tja<\/h3>\n<p>Tutvuge FNIRSI JBM-20 digitaalse refraktomeetriga \u2013 kompaktne ja t\u00e4pne t\u00f6\u00f6riist, mis loeb puuviljade, kohvi, \u00f5lle v\u00f5i veini suhkrusisaldust sekunditega. Varustatud suure HD-ekraani, kiire \u00fche nupuga m\u00f5\u00f5tmise ja kuni 30 tulemuse salvestamisega v\u00f5imaldab see teil kontrollida oma toodete kvaliteeti k\u00f6\u00f6gis, ostlemisel v\u00f5i laboris. Veekindel, vastupidav disain, automaatne temperatuuri kompenseerimine ja sisseehitatud laetav aku tagavad mugavuse ja t\u00f6\u00f6kindluse igas olukorras. Kui otsite professionaalset Brixi meetrit, mis \u00fchendab endas t\u00e4psuse, kiiruse ja kasutusmugavuse, on FNIRSI JBM-20 valik, mis r\u00f5\u00f5mustab teid igas m\u00f5ttes!<\/p>\n<p>\n<img decoding=\"async\" alt=\"FNIRSI JBM-20 digitaalse refraktomeetri l\u00e4hiv\u00f5te\" border=\"0\" src=\"https:\/\/assets.innpro.pl\/17468\/23106\/5.jpg\"\/>\n<\/p>\n<h3>Mitmek\u00fclgne rakendus<\/h3>\n<p>Seade v\u00f5imaldab teil testida mitmesuguseid puuvilju ja jooke ning on kasulik kvaliteedikontrolliks laborites ja igap\u00e4evaelus, n\u00e4iteks poes k\u00e4ies, k\u00f6\u00f6gis v\u00f5i puuviljade korjamisel. N\u00e4iteks \u00f5unte keskmine Brixi tase on 13,8%, apelsinidel 10,8%, lit\u0161idel 18,2%, mangodel 15,6%, maasikatel 13,6% ja viinamarjadel 17,2%.<\/p>\n<p>\n<img decoding=\"async\" alt=\"FNIRSI digitaalse refraktomeetri sisemus\" border=\"0\" src=\"https:\/\/assets.innpro.pl\/17468\/23106\/1.jpg\"\/>\n<\/p>\n<h3>Selge HD-ekraan ja mahukas aku<\/h3>\n<p>Seadmel on 1,54-tolline HD IPS-ekraan, mis tagab suurep\u00e4rase andmete loetavuse isegi eredas p\u00e4ikesevalguses v\u00e4lit\u00f6\u00f6de ajal. V\u00e4rviline ekraan teeb n\u00e4itude kontrollimise ja salvestatud m\u00f5\u00f5tmiste \u00fclevaatamise lihtsaks. Refraktomeeter suudab salvestada kuni 30 andmekogumit, mis teeb m\u00f5\u00f5tmiste j\u00e4lgimise ja v\u00f5rdlemise aja jooksul lihtsaks. Sisseehitatud 600 mAh laetav liitiumioonaku v\u00f5imaldab korduvat laadimist ja keskkonnas\u00f5bralikku kasutamist. Automaatne v\u00e4ljal\u00fclitusfunktsioon seadme mittekasutamise ajal v\u00f5imaldab teil reguleerida seadme puhkeaega, mis pikendab t\u00f6\u00f6aega ja s\u00e4\u00e4stab energiat.<\/p>\n<p>\n<img decoding=\"async\" alt=\"JBM-20 refraktomeeter andmete kuvamisega\" border=\"0\" src=\"https:\/\/assets.innpro.pl\/17468\/23106\/4.jpg\"\/>\n<\/p>\n<h3>Intuitiivne kasutamine ja kiire m\u00f5\u00f5tmine<\/h3>\n<p>FNIRSI JBM-20 v\u00f5imaldab kohest m\u00f5\u00f5tmist vaid 3 sekundiga. Lihtsalt t\u00e4itke m\u00f5\u00f5tesooned kahe kolmandikuni mahust m\u00f5\u00f5detava vedelikuga ja vajutage m\u00f5\u00f5tmisnuppu \u2013 tulemus kuvatakse koheselt. \u00dche nupuga nullimine teeb seadme j\u00e4rgmiseks m\u00f5\u00f5tmiseks ettevalmistamise lihtsaks \u2013 valage lihtsalt soontesse vesi ja vajutage nuppu, et saada tulemus 0,0%. \u00dclit\u00e4pse optilise prisma ja nutikate andurite kasutamine v\u00f5imaldab veelgi kiiremaid ja t\u00e4psemaid n\u00e4ite. T\u00e4nu temperatuurikompensatsioonile on tulemused t\u00e4psed olenemata \u00fcmbritsevatest tingimustest, v\u00e4listades temperatuurimuutustest tulenevad vead.<\/p>\n<p>\n<img decoding=\"async\" alt=\"Digitaalse refraktomeetri selge liides\" border=\"0\" src=\"https:\/\/assets.innpro.pl\/17468\/23106\/2.jpg\"\/>\n<\/p>\n<h3>Vastupidav ja veekindel disain<\/h3>\n<p>Kompaktne ja kerge disain muudab refraktomeetri kaasaskandmise mugavaks \u2013 see sobib h\u00e4sti nii k\u00f6\u00f6gis kui ka poes k\u00e4ies v\u00f5i p\u00f5llul t\u00f6\u00f6tades. T\u00e4nu IPX6 veekindlusele ning PVC-kile ja pehmete kummist katete kasutamisele saab refraktomeetrit kergesti pesta, kartmata kahjustusi. Lisaks on galvaanilise kattega m\u00f5\u00f5tesooned korrosioonikindlad, kergesti puhastatavad ja vastupidavad, tagades seadme pika eluea. P\u00e4ikesesirm kaitseb m\u00f5\u00f5tmissoont, USB-port on veekindel ja ABS-korpus on kukkumiskindel.<\/p>\n<p>\n<img decoding=\"async\" alt=\"FNIRSI JBM-20 digitaalne refraktomeeter valges v\u00e4rvitoonis\" border=\"0\" src=\"https:\/\/assets.innpro.pl\/17468\/23106\/3.jpg\"\/>\n<\/p>\n<h3>Kaasas<\/h3>\n<ul class=\"list-disc pl-5\">\n<li>digitaalne refraktomeeter<\/li>\n<li>USB-andmesidekaabel<\/li>\n<li>tilguti x2<\/li>\n<li>puhastuslapp<\/li>\n<li>kasutusjuhend<\/li>\n<\/ul>\n<div class=\"table-wrapper\">\n<p>\u0412\u00a0<\/p>\n<h3><\/h3>\n<table>\n<tbody>\n<tr>\n<th>Tootja<\/th>\n<td>FNIRSI<\/td>\n<\/tr>\n<tr>\n<th>Mudel<\/th>\n<td>JBM-20<\/td>\n<\/tr>\n<tr>\n<th>M\u00f5\u00f5tevahemik<\/th>\n<td>0%~55%Brix<\/td>\n<\/tr>\n<tr>\n<th>Ekraan<\/th>\n<td>1,54-tolline IPS, HD v\u00e4rviline<\/td>\n<\/tr>\n<tr>\n<th>T\u00e4psus<\/th>\n<td>\u00b10,2%<\/td>\n<\/tr>\n<tr>\n<th>Toetatud keeled<\/th>\n<td>Hiina, inglise<\/td>\n<\/tr>\n<tr>\n<th>M\u00f5\u00f5tmed<\/th>\n<td>46 \u00d7 31,5 \u00d7 125 mm<\/td>\n<\/tr>\n<tr>\n<th>Aku mahutavus<\/th>\n<td>600 mAh<\/td>\n<\/tr>\n<tr>\n<th>Laadimismeetod<\/th>\n<td>C-t\u00fc\u00fcpi kaabli kaudu<\/td>\n<\/tr>\n<tr>\n<th>Omadused<\/th>\n<td>Temperatuuri\/murdumisn\u00e4itaja\/Brixi taseme m\u00f5\u00f5tmine, automaatne v\u00e4ljal\u00fclitus p\u00e4rast kasutaja tegevusetust, keele vahetamise v\u00f5imalus inglise keelest hiina keelde (ja vastupidi), andmesalvestus, heleduse reguleerimine, \u00fche m\u00f5\u00f5tmise korduvus<\/td>\n<\/tr>\n<\/tbody>\n<\/table>\n<\/div>\n","protected":false},"excerpt":{"rendered":"<p>FNIRSI JBM-20 digitaalne refraktomeeter Brixi suhkrum\u00f5\u00f5tja Tutvuge FNIRSI JBM-20 digitaalse refraktomeetriga \u2013 kompaktne ja t\u00e4pne t\u00f6\u00f6riist, mis loeb puuviljade, kohvi, \u00f5lle v\u00f5i veini suhkrusisaldust sekunditega. Varustatud suure HD-ekraani, kiire \u00fche nupuga m\u00f5\u00f5tmise ja kuni 30 tulemuse salvestamisega v\u00f5imaldab see teil kontrollida oma toodete kvaliteeti k\u00f6\u00f6gis, ostlemisel v\u00f5i laboris. Veekindel, vastupidav disain, automaatne temperatuuri kompenseerimine ja [&#8230;]\n","protected":false},"featured_media":13246,"comment_status":"open","ping_status":"closed","template":"","meta":[],"product_brand":[778],"product_cat":[876],"product_tag":[],"class_list":{"0":"post-13245","1":"product","2":"type-product","3":"status-publish","4":"has-post-thumbnail","6":"product_brand-fnirsi","7":"product_cat-measuring-tools-tools-home-and-garden","9":"first","10":"outofstock","11":"taxable","12":"shipping-taxable","13":"purchasable","14":"product-type-simple"},"aioseo_notices":[],"_links":{"self":[{"href":"https:\/\/asura.lv\/et\/wp-json\/wp\/v2\/product\/13245","targetHints":{"allow":["GET"]}}],"collection":[{"href":"https:\/\/asura.lv\/et\/wp-json\/wp\/v2\/product"}],"about":[{"href":"https:\/\/asura.lv\/et\/wp-json\/wp\/v2\/types\/product"}],"replies":[{"embeddable":true,"href":"https:\/\/asura.lv\/et\/wp-json\/wp\/v2\/comments?post=13245"}],"wp:featuredmedia":[{"embeddable":true,"href":"https:\/\/asura.lv\/et\/wp-json\/wp\/v2\/media\/13246"}],"wp:attachment":[{"href":"https:\/\/asura.lv\/et\/wp-json\/wp\/v2\/media?parent=13245"}],"wp:term":[{"taxonomy":"product_brand","embeddable":true,"href":"https:\/\/asura.lv\/et\/wp-json\/wp\/v2\/product_brand?post=13245"},{"taxonomy":"product_cat","embeddable":true,"href":"https:\/\/asura.lv\/et\/wp-json\/wp\/v2\/product_cat?post=13245"},{"taxonomy":"product_tag","embeddable":true,"href":"https:\/\/asura.lv\/et\/wp-json\/wp\/v2\/product_tag?post=13245"}],"curies":[{"name":"wp","href":"https:\/\/api.w.org\/{rel}","templated":true}]}}