{"id":13311,"date":"2025-11-29T00:13:47","date_gmt":"2025-11-29T00:13:47","guid":{"rendered":"https:\/\/asura.lv\/product\/sunnylife-base-base-for-insta360-x5-camera\/"},"modified":"2025-12-12T15:21:34","modified_gmt":"2025-12-12T13:21:34","slug":"sunnylife-base-base-for-insta360-x5-camera","status":"publish","type":"product","link":"https:\/\/asura.lv\/et\/toode\/sunnylife-base-base-for-insta360-x5-camera\/","title":{"rendered":"Sunnylife alus \/ Alus Insta360 X5 kaamerale"},"content":{"rendered":"<h3>Sunnylife alus \/ alus Insta360 X5 kaamerale<\/h3>\n<p>Sunnylife&#8217;i silikoonalus Insta360 X5 videokaamerale v\u00f5imaldab seadmete stabiilset paigutamist nii s\u00f5idukis kui ka tasasel pinnal. Tugev kleeplint p\u00f5hjas suurendab haarduvust, mille tulemuseks on suurem stabiilsus salvestamise ajal. Aluse disain v\u00f5imaldab kaamerat p\u00fcstises asendis laadida, mis lihtsustab ruumi korraldamist ning kaitseb korpust ja objektiivi maapinnaga kokkupuute eest. Pehme silikoon kaitseb kaamera pinda kriimustuste eest, pakkudes samal ajal stabiilsust kasutamise ajal.<\/p>\n<p>\n<img decoding=\"async\" alt=\"\" border=\"0\" src=\"https:\/\/assets.innpro.pl\/17000\/22247\/1.jpg\"\/>\n<\/p>\n<div class=\"table-wrapper\">\n<p>\u0412\u00a0<\/p>\n<h3><\/h3>\n<table>\n<tbody>\n<tr>\n<th>Tootja<\/th>\n<td>Sunnylife<\/td>\n<\/tr>\n<tr>\n<th>Tootjakood<\/th>\n<td>X5-DZ997<\/td>\n<\/tr>\n<tr>\n<th>\u00dchilduvus<\/th>\n<td>Insta360 X5\/4<\/td>\n<\/tr>\n<tr>\n<th>Materjal<\/th>\n<td>Silikoon<\/td>\n<\/tr>\n<tr>\n<th>Kaal<\/th>\n<td>37g<\/td>\n<\/tr>\n<tr>\n<th>M\u00f5\u00f5tmed<\/th>\n<td>70x55x29mm<\/td>\n<\/tr>\n<\/tbody>\n<\/table>\n<\/div>\n","protected":false},"excerpt":{"rendered":"<p>Sunnylife alus \/ alus Insta360 X5 kaamerale Sunnylife&#8217;i silikoonalus Insta360 X5 videokaamerale v\u00f5imaldab seadmete stabiilset paigutamist nii s\u00f5idukis kui ka tasasel pinnal. Tugev kleeplint p\u00f5hjas suurendab haarduvust, mille tulemuseks on suurem stabiilsus salvestamise ajal. Aluse disain v\u00f5imaldab kaamerat p\u00fcstises asendis laadida, mis lihtsustab ruumi korraldamist ning kaitseb korpust ja objektiivi maapinnaga kokkupuute eest. Pehme silikoon [&#8230;]\n","protected":false},"featured_media":13312,"comment_status":"open","ping_status":"closed","template":"","meta":[],"product_brand":[432],"product_cat":[936],"product_tag":[],"class_list":{"0":"post-13311","1":"product","2":"type-product","3":"status-publish","4":"has-post-thumbnail","6":"product_brand-sunnylife","7":"product_cat-for-sports-cameras","9":"first","10":"outofstock","11":"taxable","12":"shipping-taxable","13":"purchasable","14":"product-type-simple"},"aioseo_notices":[],"_links":{"self":[{"href":"https:\/\/asura.lv\/et\/wp-json\/wp\/v2\/product\/13311","targetHints":{"allow":["GET"]}}],"collection":[{"href":"https:\/\/asura.lv\/et\/wp-json\/wp\/v2\/product"}],"about":[{"href":"https:\/\/asura.lv\/et\/wp-json\/wp\/v2\/types\/product"}],"replies":[{"embeddable":true,"href":"https:\/\/asura.lv\/et\/wp-json\/wp\/v2\/comments?post=13311"}],"wp:featuredmedia":[{"embeddable":true,"href":"https:\/\/asura.lv\/et\/wp-json\/wp\/v2\/media\/13312"}],"wp:attachment":[{"href":"https:\/\/asura.lv\/et\/wp-json\/wp\/v2\/media?parent=13311"}],"wp:term":[{"taxonomy":"product_brand","embeddable":true,"href":"https:\/\/asura.lv\/et\/wp-json\/wp\/v2\/product_brand?post=13311"},{"taxonomy":"product_cat","embeddable":true,"href":"https:\/\/asura.lv\/et\/wp-json\/wp\/v2\/product_cat?post=13311"},{"taxonomy":"product_tag","embeddable":true,"href":"https:\/\/asura.lv\/et\/wp-json\/wp\/v2\/product_tag?post=13311"}],"curies":[{"name":"wp","href":"https:\/\/api.w.org\/{rel}","templated":true}]}}