{"id":13365,"date":"2025-11-29T00:13:43","date_gmt":"2025-11-29T00:13:43","guid":{"rendered":"https:\/\/asura.lv\/product\/euhomy-ice-cube-maker-im002\/"},"modified":"2025-12-12T15:21:31","modified_gmt":"2025-12-12T13:21:31","slug":"euhomy-ice-cube-maker-im002","status":"publish","type":"product","link":"https:\/\/asura.lv\/et\/toode\/euhomy-ice-cube-maker-im002\/","title":{"rendered":"Euhomy j\u00e4\u00e4kuubikumasin IM002"},"content":{"rendered":"<h3>Euhomy IM002 j\u00e4\u00e4kuubikumasin<\/h3>\n<p>Euhomy IM002 j\u00e4\u00e4kuubikumasin pakub v\u00e4rsket, pehmet j\u00e4\u00e4t\u00fckke \u2013 ideaalne jookide jahutamiseks, n\u00e4rimiseks ja segamiseks. Saate oma esimese portsjoni j\u00e4\u00e4d juba 6 minutiga p\u00e4rast k\u00e4ivitamist ja p\u00e4evane toodang ulatub umbes 2200 t\u00fckini. Seade t\u00f6\u00f6tab vaikselt, s\u00e4\u00e4stab energiat ja mahub kergesti k\u00f6\u00f6gi t\u00f6\u00f6pinnale, matkaautosse v\u00f5i k\u00e4mpingusse. See sobib suurep\u00e4raselt pidudele, kontorisse v\u00f5i igap\u00e4evaseks k\u00f6\u00f6gilisaks.<\/p>\n<p>\n<img decoding=\"async\" alt=\"\" border=\"0\" src=\"https:\/\/assets.innpro.pl\/16888\/22024\/4.jpg\"\/>\n<\/p>\n<h3>Kiire j\u00e4\u00e4 tootmine<\/h3>\n<p>Euhomy IM002-l kulub esimese j\u00e4\u00e4kuubikute portsjoni valmistamiseks vaid 6 minutit. Umbes 15,4 kg p\u00e4evase mahutavusega v\u00f5ite olla kindel, et isegi suurema n\u00f5udluse korral, n\u00e4iteks peol v\u00f5i kuumal p\u00e4eval, on j\u00e4\u00e4 alati k\u00e4ep\u00e4rast. 1,1-liitrise veepaagi ja kuni 0,8 kg j\u00e4\u00e4d mahutava korviga saate kauem t\u00f6\u00f6tada ilma sagedase t\u00e4itmiseta.<\/p>\n<p>\n<img decoding=\"async\" alt=\"\" border=\"0\" src=\"https:\/\/assets.innpro.pl\/16888\/22024\/8 \u0412\u201d kopija.jpg\"\/>\n<\/p>\n<h3>Pehme j\u00e4\u00e4t\u00fckikeste<\/h3>\n<p>K\u00f5vade, nurgeliste kuubikute asemel loob Euhoma j\u00e4\u00e4kuubikumasin IM002 pehmeid, poorseid j\u00e4\u00e4t\u00fckikeste sarnaseid graanuleid. Neid on meeldiv n\u00e4rida, need jahutavad jooke kiiresti ja segunevad h\u00e4sti mahlade, limonaadide v\u00f5i j\u00e4\u00e4kohviga.<\/p>\n<p>\n<img decoding=\"async\" alt=\"\" border=\"0\" src=\"https:\/\/assets.innpro.pl\/16888\/22024\/5.jpg\"\/>\n<\/p>\n<h3>Vaikne t\u00f6\u00f6<\/h3>\n<p>T\u00e4nu madalale M\u00fcratase \u2013 ainult 45 dB \u2013 seade ei h\u00e4iri teid r\u00e4\u00e4kimisel, t\u00f6\u00f6tamisel ega magamisel. See on oluline eriti siis, kui j\u00e4\u00e4kuubikumasin t\u00f6\u00f6tab k\u00f6\u00f6gis koos lisaga v\u00f5i avatud kontoris. V\u00f5ite selle muretult sisse l\u00fclitada ka \u00f6\u00f6sel, n\u00e4iteks haagissuvilas \u2013 j\u00e4\u00e4 teeb ise ja te ei pane seda isegi t\u00e4hele.<\/p>\n<p>\n<img decoding=\"async\" alt=\"\" border=\"0\" src=\"https:\/\/assets.innpro.pl\/16888\/22024\/3 \u2014 kopija.jpg\"\/>\n<\/p>\n<h3>Automaatne puhastus<\/h3>\n<p>H\u00fcgieeni s\u00e4ilitamine on automaatse puhastusfunktsiooniga \u00e4\u00e4rmiselt lihtne. Puhastusprogrammi k\u00e4ivitamiseks hoidke lihtsalt 3 sekundit all nuppu ICE\/CLEAN, mis loputab j\u00e4\u00e4kuubikumasina sisemust ja valmistab selle ette edasiseks kasutamiseks. See on suur mugavus \u2013 te ei pea seadet lahti v\u00f5tma ega raskesti ligip\u00e4\u00e4setavaid kohti k\u00e4sitsi puhastama.<\/p>\n<p>\n<img decoding=\"async\" alt=\"\" border=\"0\" src=\"https:\/\/assets.innpro.pl\/16888\/22024\/7.jpg\"\/>\n<\/p>\n<h3>Energias\u00e4\u00e4st<\/h3>\n<p>Kuubikuvalmistaja tarbib 8 t\u00f6\u00f6tunni kohta vaid 1 kWh, mis t\u00e4hendab madalaid k\u00e4ituskulusid isegi intensiivse kasutamise korral. Saate seda kasutada iga p\u00e4ev, muretsemata elektriarvete p\u00e4rast. See on eriti oluline, kui plaanite seda kasutada haagissuvilas v\u00f5i kontoris, kus juurdep\u00e4\u00e4s elektrile on m\u00f5nikord piiratud.<\/p>\n<p>\n<img decoding=\"async\" alt=\"\" border=\"0\" src=\"https:\/\/assets.innpro.pl\/16888\/22024\/2.jpg\"\/>\n<\/p>\n<h3>Kompaktne ja kaasaskantav<\/h3>\n<p>M\u00f5\u00f5tmetega vaid 24\u201329,5\u201332,99 cm mahub Euhomy IM002 peaaegu k\u00f5ikjale \u2013 k\u00f6\u00f6giletile, suvilasse v\u00f5i haagissuvilasse. T\u00f6\u00f6tamiseks on vaja vaid elektrit ja vett \u2013 saate selle joogiveega t\u00e4ita, nuppu vajutada ja nautida v\u00e4rsket j\u00e4\u00e4d millal iganes soovite. Komplekti kuulub ka j\u00e4\u00e4korv ja praktiline spaatel selle mugavaks kasutamiseks.<\/p>\n<p>\n<img decoding=\"async\" alt=\"\" border=\"0\" src=\"https:\/\/assets.innpro.pl\/16888\/22024\/9.jpg\"\/>\n<\/p>\n<h3>Komplektis:<\/h3>\n<ul class=\"list-disc pl-5\">\n<li>J\u00e4\u00e4kuubikumasin<\/li>\n<li>Eemaldatav j\u00e4\u00e4korv<\/li>\n<li>J\u00e4\u00e4spaatel<\/li>\n<li>Kasutusjuhend<\/li>\n<\/ul>\n<div class=\"table-wrapper\">\n<p>\u0412\u00a0<\/p>\n<h3><\/h3>\n<table>\n<tbody>\n<tr>\n<th>Tootja<\/th>\n<td>Euhomy<\/td>\n<\/tr>\n<tr>\n<th>Mudel<\/th>\n<td>IM002-NBL-DEEH-AZ<\/td>\n<\/tr>\n<tr>\n<th>M\u00f5\u00f5tmed<\/th>\n<td>24 cm \u00d7 29,5 cm \u00d7 32,99 cm<\/td>\n<\/tr>\n<tr>\n<th>Veepaagi maht<\/th>\n<td>1,1 l<\/td>\n<\/tr>\n<tr>\n<th>J\u00e4\u00e4korvi maht<\/th>\n<td>0,8 kg<\/td>\n<\/tr>\n<tr>\n<th>P\u00e4evane mahutavus<\/th>\n<td>Kuni 15,4 kg \/ u. 2200 j\u00e4\u00e4kuubikut<\/td>\n<\/tr>\n<tr>\n<th>J\u00e4\u00e4 t\u00fc\u00fcp<\/th>\n<td>nugget<\/td>\n<\/tr>\n<tr>\n<th>Esimese partii tootmisaeg<\/th>\n<td>6 minutit<\/td>\n<\/tr>\n<tr>\n<th>M\u00fcratase<\/th>\n<td>45 dB<\/td>\n<\/tr>\n<tr>\n<th>Energiatarve<\/th>\n<td>1 kWh \/ 8 h<\/td>\n<\/tr>\n<tr>\n<th>Toiteallikas<\/th>\n<td>220-240V ~ 50 Hz<\/td>\n<\/tr>\n<tr>\n<th>Voolutarve t\u00f6\u00f6tamise ajal<\/th>\n<td>11 A<\/td>\n<\/tr>\n<tr>\n<th>K\u00fclmaaine<\/th>\n<td>R600a, 16 g AY<\/td>\n<\/tr>\n<tr>\n<th>Korpuse materjal<\/th>\n<td>Plast (plastik)<\/td>\n<\/tr>\n<tr>\n<th>Kaitse t\u00fc\u00fcp<\/th>\n<td>I<\/td>\n<\/tr>\n<\/tbody>\n<\/table>\n<\/div>\n","protected":false},"excerpt":{"rendered":"<p>Euhomy IM002 j\u00e4\u00e4kuubikumasin Euhomy IM002 j\u00e4\u00e4kuubikumasin pakub v\u00e4rsket, pehmet j\u00e4\u00e4t\u00fckke \u2013 ideaalne jookide jahutamiseks, n\u00e4rimiseks ja segamiseks. Saate oma esimese portsjoni j\u00e4\u00e4d juba 6 minutiga p\u00e4rast k\u00e4ivitamist ja p\u00e4evane toodang ulatub umbes 2200 t\u00fckini. Seade t\u00f6\u00f6tab vaikselt, s\u00e4\u00e4stab energiat ja mahub kergesti k\u00f6\u00f6gi t\u00f6\u00f6pinnale, matkaautosse v\u00f5i k\u00e4mpingusse. See sobib suurep\u00e4raselt pidudele, kontorisse v\u00f5i igap\u00e4evaseks k\u00f6\u00f6gilisaks. [&#8230;]\n","protected":false},"featured_media":13366,"comment_status":"open","ping_status":"closed","template":"","meta":[],"product_brand":[777],"product_cat":[1104],"product_tag":[],"class_list":{"0":"post-13365","1":"product","2":"type-product","3":"status-publish","4":"has-post-thumbnail","6":"product_brand-euhomy","7":"product_cat-small-household-appliances","9":"first","10":"outofstock","11":"taxable","12":"shipping-taxable","13":"purchasable","14":"product-type-simple"},"aioseo_notices":[],"_links":{"self":[{"href":"https:\/\/asura.lv\/et\/wp-json\/wp\/v2\/product\/13365","targetHints":{"allow":["GET"]}}],"collection":[{"href":"https:\/\/asura.lv\/et\/wp-json\/wp\/v2\/product"}],"about":[{"href":"https:\/\/asura.lv\/et\/wp-json\/wp\/v2\/types\/product"}],"replies":[{"embeddable":true,"href":"https:\/\/asura.lv\/et\/wp-json\/wp\/v2\/comments?post=13365"}],"wp:featuredmedia":[{"embeddable":true,"href":"https:\/\/asura.lv\/et\/wp-json\/wp\/v2\/media\/13366"}],"wp:attachment":[{"href":"https:\/\/asura.lv\/et\/wp-json\/wp\/v2\/media?parent=13365"}],"wp:term":[{"taxonomy":"product_brand","embeddable":true,"href":"https:\/\/asura.lv\/et\/wp-json\/wp\/v2\/product_brand?post=13365"},{"taxonomy":"product_cat","embeddable":true,"href":"https:\/\/asura.lv\/et\/wp-json\/wp\/v2\/product_cat?post=13365"},{"taxonomy":"product_tag","embeddable":true,"href":"https:\/\/asura.lv\/et\/wp-json\/wp\/v2\/product_tag?post=13365"}],"curies":[{"name":"wp","href":"https:\/\/api.w.org\/{rel}","templated":true}]}}