{"id":13485,"date":"2025-11-29T00:13:31","date_gmt":"2025-11-29T00:13:31","guid":{"rendered":"https:\/\/asura.lv\/product\/neweer-sp-02-quick-release-arca-phone-adapter-mount\/"},"modified":"2025-12-12T15:21:24","modified_gmt":"2025-12-12T13:21:24","slug":"neweer-sp-02-quick-release-arca-phone-adapter-mount","status":"publish","type":"product","link":"https:\/\/asura.lv\/et\/toode\/neweer-sp-02-quick-release-arca-phone-adapter-mount\/","title":{"rendered":"Neweer SP-02 kiirkinnitusega Arca telefoniadapteri kinnitus"},"content":{"rendered":"<h3>Neewer SP-02 kiirkinnitusega Arca telefoniadapteri kinnitus<\/h3>\n<p>Neewer SP-02 on kindel lahendus filmitegijatele, kes salvestavad nutitelefoniga. Vedrumehhanismi ja lukustusmehhanismiga klamber hoiab telefoni stabiilselt. Lisatarvik toetab seadmeid laiusega 66\u201396 mm ning kummipadjad kaitsevad servi kriimustuste eest. See v\u00f5imaldab teil stressivabalt salvestada, voogesitada v\u00f5i pildistada.<\/p>\n<p>\n<img decoding=\"async\" alt=\"\" border=\"0\" src=\"https:\/\/assets.innpro.pl\/16657\/21690\/1.jpg\"\/>\n<\/p>\n<h3>Kiire paigaldus ja t\u00e4ielik kontroll<\/h3>\n<p>Arca-t\u00fc\u00fcpi alus v\u00f5imaldab teil adapteri koheselt Arca Swiss s\u00fcsteemiga \u00fchilduvatele statiivipeadele kinnitada. Kui kasutate muid lisatarvikuid, annavad kaks keeret \u2013 1\/4&#8243; ja 3\/8&#8243; \u2013 teile paindlikkuse statiivi v\u00f5i k\u00e4e valimisel. Lisaks v\u00f5imaldab pea 270\u00b0 p\u00f6\u00f6rlemist ja 180\u00b0 kallutamist, mis v\u00f5imaldab teil sujuvalt vahetada horisontaalseid ja vertikaalseid kaadreid ilma telefoni uuesti juhtmeid \u00fchendamata.<\/p>\n<p>\n<img decoding=\"async\" alt=\"\" border=\"0\" src=\"https:\/\/assets.innpro.pl\/16657\/21690\/3.jpg\"\/>\n<\/p>\n<h3>Laiendusvalmis<\/h3>\n<p>K\u00fclmakinnituse adapter on praktiline lahendus neile, kes soovivad oma komplekti laiendada mikrofoni, LED-valguse v\u00f5i muude kinnitustarvikutega. Kogu konstruktsioon on valmistatud alumiiniumist ja kummist, mis tagab vastupidavuse, kerguse ja professionaalse v\u00e4limuse. Neewer SP-02 kaalub vaid 140 g ja m\u00f5\u00f5tmetega 40 x 60 x 105 mm mahub see kergesti kotti v\u00f5i taskusse.<\/p>\n<p>\n<img decoding=\"async\" alt=\"\" border=\"0\" src=\"https:\/\/assets.innpro.pl\/16657\/21690\/5.jpg\"\/>\n<\/p>\n<h3>Suurep\u00e4rane \u00fchilduvus<\/h3>\n<p>Reguleeritav laiusvahemik (66 mm kuni 96 mm) v\u00f5imaldab hoidikul sobida enamiku nutitelefonidega, n\u00e4iteks iPhone 15 \/ 15 Pro \/ 15 Pro Max \/ 14 Pro Max \/ 13 Pro Max \/ 14 Plus \/ 13 Mini \/ 12 \/ 11 \/ X \/ XS \/ Max, Samsung Galaxy S24 \/ S23 \/ S22 Ultra, Huawei ja Pixel 8 \/ 7 Pro.<\/p>\n<p>\n<img decoding=\"async\" alt=\"\" border=\"0\" src=\"https:\/\/assets.innpro.pl\/16657\/21690\/2.jpg\"\/>\n<\/p>\n<h3>T\u00e4ielik konfiguratsioonivabadus<\/h3>\n<p>Toode v\u00f5imaldab teil telefoni kiiresti vertikaalselt horisontaalsele orientatsioonile l\u00fclitada, muutes t\u00f6\u00f6tamise materjali vormingust olenevalt lihtsaks \u2013 olgu tegemist vlogi, TikToki v\u00f5i videokonverentsi salvestamisega.<\/p>\n<p>\n<img decoding=\"async\" alt=\"\" border=\"0\" src=\"https:\/\/assets.innpro.pl\/16657\/21690\/6.jpg\"\/>\n<\/p>\n<div class=\"table-wrapper\">\n<p>B\u00a0<\/p>\n<h3><\/h3>\n<table>\n<tbody>\n<tr>\n<th>Tootja<\/th>\n<td>Neewer<\/td>\n<\/tr>\n<tr>\n<th>Mudel<\/th>\n<td>SP-02<\/td>\n<\/tr>\n<tr>\n<th>Materjal<\/th>\n<td>alumiinium, kumm<\/td>\n<\/tr>\n<tr>\n<th>Klambri laiuse vahemik<\/th>\n<td>66 kuni 96 mm<\/td>\n<\/tr>\n<tr>\n<th>Kaal<\/th>\n<td>140 g<\/td>\n<\/tr>\n<tr>\n<th>M\u00f5\u00f5tmed<\/th>\n<td>40 x 60 x 105 mm<\/td>\n<\/tr>\n<\/tbody>\n<\/table>\n<\/div>\n","protected":false},"excerpt":{"rendered":"<p>Neewer SP-02 kiirkinnitusega Arca telefoniadapteri kinnitus Neewer SP-02 on kindel lahendus filmitegijatele, kes salvestavad nutitelefoniga. Vedrumehhanismi ja lukustusmehhanismiga klamber hoiab telefoni stabiilselt. Lisatarvik toetab seadmeid laiusega 66\u201396 mm ning kummipadjad kaitsevad servi kriimustuste eest. See v\u00f5imaldab teil stressivabalt salvestada, voogesitada v\u00f5i pildistada. Kiire paigaldus ja t\u00e4ielik kontroll Arca-t\u00fc\u00fcpi alus v\u00f5imaldab teil adapteri koheselt Arca Swiss [&#8230;]\n","protected":false},"featured_media":13486,"comment_status":"open","ping_status":"closed","template":"","meta":[],"product_brand":[606],"product_cat":[1044],"product_tag":[],"class_list":{"0":"post-13485","1":"product","2":"type-product","3":"status-publish","4":"has-post-thumbnail","6":"product_brand-neewer","7":"product_cat-straps-mounts-and-holders","9":"first","10":"outofstock","11":"taxable","12":"shipping-taxable","13":"purchasable","14":"product-type-simple"},"aioseo_notices":[],"_links":{"self":[{"href":"https:\/\/asura.lv\/et\/wp-json\/wp\/v2\/product\/13485","targetHints":{"allow":["GET"]}}],"collection":[{"href":"https:\/\/asura.lv\/et\/wp-json\/wp\/v2\/product"}],"about":[{"href":"https:\/\/asura.lv\/et\/wp-json\/wp\/v2\/types\/product"}],"replies":[{"embeddable":true,"href":"https:\/\/asura.lv\/et\/wp-json\/wp\/v2\/comments?post=13485"}],"wp:featuredmedia":[{"embeddable":true,"href":"https:\/\/asura.lv\/et\/wp-json\/wp\/v2\/media\/13486"}],"wp:attachment":[{"href":"https:\/\/asura.lv\/et\/wp-json\/wp\/v2\/media?parent=13485"}],"wp:term":[{"taxonomy":"product_brand","embeddable":true,"href":"https:\/\/asura.lv\/et\/wp-json\/wp\/v2\/product_brand?post=13485"},{"taxonomy":"product_cat","embeddable":true,"href":"https:\/\/asura.lv\/et\/wp-json\/wp\/v2\/product_cat?post=13485"},{"taxonomy":"product_tag","embeddable":true,"href":"https:\/\/asura.lv\/et\/wp-json\/wp\/v2\/product_tag?post=13485"}],"curies":[{"name":"wp","href":"https:\/\/api.w.org\/{rel}","templated":true}]}}