{"id":13503,"date":"2025-11-29T00:13:29","date_gmt":"2025-11-29T00:13:29","guid":{"rendered":"https:\/\/asura.lv\/product\/shelly-gas-cng-wifi-gas-sensor\/"},"modified":"2025-12-12T15:21:22","modified_gmt":"2025-12-12T13:21:22","slug":"shelly-gas-cng-wifi-gas-sensor","status":"publish","type":"product","link":"https:\/\/asura.lv\/et\/toode\/shelly-gas-cng-wifi-gas-sensor\/","title":{"rendered":"Shelly Gas CNG WiFi gaasiandur"},"content":{"rendered":"<h3>Shelly Gas CNG maagaasiandur<\/h3>\n<p>Shelly Gas CNG on nutikas andur, mis pakub t\u00e4iendavat kaitset kodudes, kus kasutatakse surugaasi (CNG). See paistab silma oma t\u00e4psete m\u00f5\u00f5tmiste, pika kasutusea ja k\u00f5rge tundlikkuse poolest, pakkudes usaldusv\u00e4\u00e4rset kaitset v\u00f5imaliku lekke ohtude eest. T\u00e4nu WiFi-tehnoloogiale ja \u00fchilduvusele platvormidega nagu Google Assistant ja Amazon Alexa saate reaalajas teavet oma kodu turvaseisundi kohta.<\/p>\n<p>\n<img decoding=\"async\" alt=\"\" border=\"0\" src=\"https:\/\/assets.innpro.pl\/16454\/21219\/2.jpg\"\/>\n<\/p>\n<h3>Usaldusv\u00e4\u00e4rsed alarmid<\/h3>\n<p>Shelly Gas CNG on varustatud umbes 70 dB LED-valguse ja helisignaaliga, mis hoiatab kasutajaid t\u00f5husalt gaasi tuvastamise korral. See saab saata ka teateid teie telefoni. Nii saate v\u00f5imalikule ohule kohe reageerida!<\/p>\n<p>\n<img decoding=\"async\" alt=\"\" border=\"0\" src=\"https:\/\/assets.innpro.pl\/16454\/21219\/3.jpg\"\/>\n<\/p>\n<h3>Nutikad funktsioonid ja integratsioon<\/h3>\n<p>Andurit saab h\u00f5lpsasti integreerida teiste Shelly kaubam\u00e4rgiga seadmetega, et luua \u00fchtne nutika kodu s\u00fcsteem. Toode \u00fchildub ka Androidi ja iOS-i operatsioonis\u00fcsteemidega ning t\u00f6\u00f6tab Amazon Alexa ja Google Assistant \u00f6kos\u00fcsteemidega. See t\u00f6\u00f6tab ka koduautomaatika serveritega, kasutades MQTT, CoAP ja REST API-sid. See v\u00f5imaldab seda rakenduste ja h\u00e4\u00e4lassistentide abil eemalt j\u00e4lgida ja juhtida. Samuti saate selle h\u00f5lpsalt oma Arduino-p\u00f5histesse projektidesse integreerida.<\/p>\n<p>\n<img decoding=\"async\" alt=\"\" border=\"0\" src=\"https:\/\/assets.innpro.pl\/16454\/21219\/7.jpg\"\/>\n<\/p>\n<h3>Ohutus ja vastupidavus<\/h3>\n<p>Anduri korpus on leegiaeglustav, mis muudab selle tulekahju korral ohutumaks. Lisaks muudavad selle minimaalne energiatarve (< 3 W) ja v\u00f5ime t\u00f6\u00f6tada laias temperatuurivahemikus (-10 \u00b0C kuni 50 \u00b0C) Shelly Gas CNG \u00e4\u00e4rmiselt t\u00f5husaks ja usaldusv\u00e4\u00e4rseks seadmeks peaaegu igasugustes tingimustes.<\/p>\n<p>\n<img decoding=\"async\" alt=\"\" border=\"0\" src=\"https:\/\/assets.innpro.pl\/16454\/21219\/5.jpg\"\/>\n<\/p>\n<h3>Lihtne paigaldamine ja kasutamine<\/h3>\n<p>Shelly Gas CNG on lihtne paigaldada ja seadistada, nii et sellest saab kiiresti teie koduturvas\u00fcsteemi lahutamatu osa. Samuti ei vaja see t\u00e4iendavaid jaotureid, mis lihtsustab paigaldamist ja v\u00e4hendab esialgseid kulusid. Kuni 50 meetri pikkune WiFi leviala \u00f5ues ja kuni 30 meetrit siseruumides v\u00f5imaldab anduri optimaalsesse asukohta paigutada paindlikult.<\/p>\n<p>\n<img decoding=\"async\" alt=\"\" border=\"0\" src=\"https:\/\/assets.innpro.pl\/16454\/21219\/1.jpg\"\/>\n<\/p>\n<div class=\"table-wrapper\">\n<p>\u0412\u00a0<\/p>\n<h3><\/h3>\n<table>\n<tbody>\n<tr>\n<th>Tootja<\/th>\n<td>Shelly<\/td>\n<\/tr>\n<tr>\n<th>Mudel<\/th>\n<td>GasCNG<\/td>\n<\/tr>\n<tr>\n<th>Toiteallikas<\/th>\n<td>110-230 V \u00b110% 50\/60 Hz<\/td>\n<\/tr>\n<tr>\n<th>Gaasiandur<\/th>\n<td>Surugaas &#8211; CNG<\/td>\n<\/tr>\n<tr>\n<th>Kaitse temperatuuride eest<\/th>\n<td>Jah &#8211; leegiaeglustav<\/td>\n<\/tr>\n<tr>\n<th>H\u00e4ire<\/th>\n<td>LED-v\u00e4lklamp ja -heli<\/td>\n<\/tr>\n<tr>\n<th>H\u00e4ire tundlikkus<\/th>\n<td>6% LEL<\/td>\n<\/tr>\n<tr>\n<th>Helitugevus<\/th>\n<td>\u2248 70 dB<\/td>\n<\/tr>\n<tr>\n<th>Klapi manipulaatori pesa v\u00e4ljund<\/th>\n<td>11\u201313 V, 500 mA<\/td>\n<\/tr>\n<tr>\n<th>T\u00f6\u00f6temperatuur<\/th>\n<td>Alates -10 \u00b0C kuni 50 \u00b0C<\/td>\n<\/tr>\n<tr>\n<th>Energiatarve<\/th>\n<td>< 3 W<\/td>\n<\/tr>\n<tr>\n<th>Nutikas sisse\/v\u00e4lja l\u00fclitamine<\/th>\n<td>Jah<\/td>\n<\/tr>\n<tr>\n<th>Kohalik ja kaugjuhtimisega juhtimine<\/th>\n<td>Jah<\/td>\n<\/tr>\n<tr>\n<th>Wi-Fi \u00fchenduvuse standard<\/th>\n<td>802.11 b\/g\/n<\/td>\n<\/tr>\n<tr>\n<th>Raadiosagedus<\/th>\n<td>2400\u20132484 MHz<\/td>\n<\/tr>\n<tr>\n<th>Leviala<\/th>\n<td>Kuni 50 m \u00f5ues \/ kuni 30 m siseruumides<\/td>\n<\/tr>\n<tr>\n<th>M\u00f5\u00f5tmed (ilma pistikuta)<\/th>\n<td>89,5 x 89,5 x 38 mm<\/td>\n<\/tr>\n<\/tbody>\n<\/table>\n<\/div>\n","protected":false},"excerpt":{"rendered":"<p>Shelly Gas CNG maagaasiandur Shelly Gas CNG on nutikas andur, mis pakub t\u00e4iendavat kaitset kodudes, kus kasutatakse surugaasi (CNG). See paistab silma oma t\u00e4psete m\u00f5\u00f5tmiste, pika kasutusea ja k\u00f5rge tundlikkuse poolest, pakkudes usaldusv\u00e4\u00e4rset kaitset v\u00f5imaliku lekke ohtude eest. T\u00e4nu WiFi-tehnoloogiale ja \u00fchilduvusele platvormidega nagu Google Assistant ja Amazon Alexa saate reaalajas teavet oma kodu turvaseisundi [&#8230;]\n","protected":false},"featured_media":13504,"comment_status":"open","ping_status":"closed","template":"","meta":[],"product_brand":[551],"product_cat":[948],"product_tag":[],"class_list":{"0":"post-13503","1":"product","2":"type-product","3":"status-publish","4":"has-post-thumbnail","6":"product_brand-shelly","7":"product_cat-sensors","9":"first","10":"outofstock","11":"taxable","12":"shipping-taxable","13":"purchasable","14":"product-type-simple"},"aioseo_notices":[],"_links":{"self":[{"href":"https:\/\/asura.lv\/et\/wp-json\/wp\/v2\/product\/13503","targetHints":{"allow":["GET"]}}],"collection":[{"href":"https:\/\/asura.lv\/et\/wp-json\/wp\/v2\/product"}],"about":[{"href":"https:\/\/asura.lv\/et\/wp-json\/wp\/v2\/types\/product"}],"replies":[{"embeddable":true,"href":"https:\/\/asura.lv\/et\/wp-json\/wp\/v2\/comments?post=13503"}],"wp:featuredmedia":[{"embeddable":true,"href":"https:\/\/asura.lv\/et\/wp-json\/wp\/v2\/media\/13504"}],"wp:attachment":[{"href":"https:\/\/asura.lv\/et\/wp-json\/wp\/v2\/media?parent=13503"}],"wp:term":[{"taxonomy":"product_brand","embeddable":true,"href":"https:\/\/asura.lv\/et\/wp-json\/wp\/v2\/product_brand?post=13503"},{"taxonomy":"product_cat","embeddable":true,"href":"https:\/\/asura.lv\/et\/wp-json\/wp\/v2\/product_cat?post=13503"},{"taxonomy":"product_tag","embeddable":true,"href":"https:\/\/asura.lv\/et\/wp-json\/wp\/v2\/product_tag?post=13503"}],"curies":[{"name":"wp","href":"https:\/\/api.w.org\/{rel}","templated":true}]}}