{"id":13545,"date":"2025-11-29T00:13:25","date_gmt":"2025-11-29T00:13:25","guid":{"rendered":"https:\/\/asura.lv\/product\/petlibro-granary-feed-dispenser-wifi-5l-black\/"},"modified":"2025-12-12T15:21:19","modified_gmt":"2025-12-12T13:21:19","slug":"petlibro-granary-feed-dispenser-wifi-5l-black","status":"publish","type":"product","link":"https:\/\/asura.lv\/et\/toode\/petlibro-granary-feed-dispenser-wifi-5l-black\/","title":{"rendered":"Petlibro Granary s\u00f6\u00f6dadosaator, WiFi, 5L (must)"},"content":{"rendered":"<h3>Petlibro Granary WiFi toiduautomaat, 5L (must)<\/h3>\n<p>Petlibro Granary on 5-liitrine nutikas toiduautomaat, mis v\u00f5imaldab teil oma lemmiklooma rakendusest eemalt toita \u2013 kus iganes te ka poleks. See v\u00f5imaldab teil t\u00e4pselt planeerida toidukordi, m\u00e4\u00e4rata isikup\u00e4rastatud h\u00e4\u00e4ls\u00f5numi ja vaadata s\u00f6\u00f6tmislogisid. T\u00e4nu neljakordsele tihenduss\u00fcsteemile tagab see toidu v\u00e4rskuse ja t\u00e4iustatud disain hoiab \u00e4ra selle kinnikiilumise. Automaat t\u00f6\u00f6tab isegi voolukatkestuse ajal (patareide abil) ning eemaldatav terasest kauss ja BPA-vabad komponendid tagavad ohutuse ja lihtsa puhastamise. See on mugav, usaldusv\u00e4\u00e4rne ja h\u00fcgieeniline lahendus igale neljajalgse koera omanikule.<\/p>\n<p>\n<img decoding=\"async\" alt=\"\" border=\"0\" src=\"https:\/\/assets.innpro.pl\/16814\/21890\/3.jpg\"\/>\n<\/p>\n<h3>Nutikas toitmine alati k\u00e4ep\u00e4rast<\/h3>\n<p>Petlibro Granary muudab teie lemmiklooma toitumise eest hoolitsemise revolutsiooniliselt. WiFi-toe (2,4 GHz ja 5 GHz) ja spetsiaalse rakenduse abil saate planeerida portsjoneid, kohandada ajakavasid ja serveerida maiustusi eemalt \u2013 kus iganes te ka poleks. Olenemata sellest, kas olete t\u00f6\u00f6l v\u00f5i eemal, piisab vaid m\u00f5nest kl\u00f5psust, et teie lemmikloom saaks \u00f5igeaegselt eine. Selle muljetavaldav 5-liitrine maht tagab, et teie lemmikloomal on alati \u00f5ige kogus toitu ja kui varud saavad otsa, \u00e4rge muretsege \u2013 rakendus teavitab teid k\u00f5igest!<\/p>\n<p>\n<img decoding=\"async\" alt=\"\" border=\"0\" src=\"https:\/\/assets.innpro.pl\/16814\/21890\/5.jpg\"\/>\n<\/p>\n<h3>Uus tase kontrollis ja mugavuses<\/h3>\n<p>Rakendusest saate \u00fche puudutusega s\u00f6\u00f6tmisgraafikuid sisse ja v\u00e4lja l\u00fclitada ning m\u00e4\u00e4rata iga s\u00f6\u00f6gikorra ajal esitatava isikup\u00e4rastatud h\u00e4\u00e4ls\u00f5numi, nii et teie lemmikloom tunneb teie kohalolekut isegi teie \u00e4raolekul. Lisaks salvestab rakendus kuni 70 hiljutist s\u00f6\u00f6tmislogi, sh v\u00f5rgu\u00fchenduseta, ja teavitusfunktsioonid annavad teada, kui toit on madal, aku hakkab t\u00fchjenema v\u00f5i s\u00f6\u00f6tja on blokeeritud.<\/p>\n<p>\n<img decoding=\"async\" alt=\"\" border=\"0\" src=\"https:\/\/assets.innpro.pl\/16814\/21890\/8.jpg\"\/>\n<\/p>\n<h3>Ohutus ja v\u00e4rskus esikohal<\/h3>\n<p>Neljakordne tihenduss\u00fcsteem (silikoonr\u00f5ngas, p\u00f6\u00f6rleva lukuga kaas, spetsiaalne niiskust imav kott ja kaitstud v\u00e4ljalaskeava) kaitseb toitu \u00f5hu ja niiskuse eest. See hoiab iga portsjoni sama v\u00e4rskena kui esimene. Libisemiskindlad jalad stabiliseerivad seadet ja nailonist punutud kaabel hoiab \u00e4ra \u00fclehammustamise. Petlibro Granaryga saab teie lemmikloom maksimaalse mugavuse ja kaitse.<\/p>\n<p>\n<img decoding=\"async\" alt=\"\" border=\"0\" src=\"https:\/\/assets.innpro.pl\/16814\/21890\/7.jpg\"\/>\n<\/p>\n<h3>Sujuv s\u00f6\u00f6tmine ja t\u00f6\u00f6kindlus<\/h3>\n<p>Uuenduslik disain 45-kraadise nurga, laia ava ja spetsiaalse kinnikiilumisvastase algoritmiga hoiab \u00e4ra s\u00f6\u00f6tmisprobleemid. Dosaator k\u00e4itleb kuivi graanuleid l\u00e4bim\u00f5\u00f5duga 2\u201315 mm. Voolukatkestuse korral t\u00f6\u00f6tab dosaator endiselt \u2013 pideva s\u00f6\u00f6tmise tagamiseks tuleb seda toita patareidega (saadaval komplektist v\u00e4ljaspool).<\/p>\n<p>\n<img decoding=\"async\" alt=\"\" border=\"0\" src=\"https:\/\/assets.innpro.pl\/16814\/21890\/6.jpg\"\/>\n<\/p>\n<h3>Lihtne puhastada ja h\u00fcgieenilised materjalid<\/h3>\n<p>Eemaldatav 304 roostevabast terasest kauss hoiab \u00e4ra rasva kogunemise ja l\u00f5ua akne. K\u00f5ik toiduga kokkupuutuvad osad on BPA-vabad, mist\u00f5ttu on seade teie lemmiklooma tervisele t\u00e4iesti ohutu. Eemaldatav disain muudab puhastamise lihtsaks ja sisseehitatud infrapunaandur kaitseb \u00fclet\u00e4itmise eest.<\/p>\n<p>\n<img decoding=\"async\" alt=\"\" border=\"0\" src=\"https:\/\/assets.innpro.pl\/16814\/21890\/2.jpg\"\/>\n<\/p>\n<h3>Kaasas<\/h3>\n<ul class=\"list-disc pl-5\">\n<li>toidudosaator<\/li>\n<li>terasest kauss<\/li>\n<li>kausi alus<\/li>\n<li>adapter<\/li>\n<li>toitejuhe<\/li>\n<li>kuivatusainega kott<\/li>\n<li>kasutusjuhend<\/li>\n<\/ul>\n<div class=\"table-wrapper\">\n<p>\u0412\u00a0<\/p>\n<h3><\/h3>\n<table>\n<tbody>\n<tr>\n<th>Tootja<\/th>\n<td>Petlibro<\/td>\n<\/tr>\n<tr>\n<th>Mudel<\/th>\n<td>PL-AF103-34W<\/td>\n<\/tr>\n<tr>\n<th>Mahutavus<\/th>\n<td>5L<\/td>\n<\/tr>\n<tr>\n<th>Sisend<\/th>\n<td>Vahelduvvool 100\u2013240 V 50\/60 Hz<\/td>\n<\/tr>\n<tr>\n<th>Aku t\u00fc\u00fcp<\/th>\n<td>Kolm D-t\u00fc\u00fcpi patareid (ei kuulu komplekti)<\/td>\n<\/tr>\n<tr>\n<th>T\u00f6\u00f6temperatuur<\/th>\n<td>0\u201340 \u00b0C<\/td>\n<\/tr>\n<tr>\n<th>Kaal<\/th>\n<td>1,66 kg<\/td>\n<\/tr>\n<tr>\n<th>M\u00f5\u00f5tmed<\/th>\n<td>340 \u00d7 190 \u00d7 190 mm<\/td>\n<\/tr>\n<tr>\n<th>Spetsiaalne rakendus<\/th>\n<td>Jah<\/td>\n<\/tr>\n<tr>\n<th>Toide<\/th>\n<td>USB kaudu, akutoitel<\/td>\n<\/tr>\n<tr>\n<th>Valmistamismaterjal<\/th>\n<td>304 roostevaba teras (topsid), BPA-vabad materjalid (dosaator)<\/td>\n<\/tr>\n<tr>\n<th>Andurid<\/th>\n<td>IRA-andur<\/td>\n<\/tr>\n<tr>\n<th>Soovitatav s\u00f6\u00f6da suurus<\/th>\n<td>2\u201315 mm<\/td>\n<\/tr>\n<tr>\n<th>Soovitatav s\u00f6\u00f6da t\u00fc\u00fcp<\/th>\n<td>Kuiv<\/td>\n<\/tr>\n<tr>\n<th>Sidemeetod<\/th>\n<td>WiFi 2.4 GHz\/5 GHz<\/td>\n<\/tr>\n<tr>\n<th>V\u00e4rv<\/th>\n<td>Must<\/td>\n<\/tr>\n<\/tbody>\n<\/table>\n<\/div>\n","protected":false},"excerpt":{"rendered":"<p>Petlibro Granary WiFi toiduautomaat, 5L (must) Petlibro Granary on 5-liitrine nutikas toiduautomaat, mis v\u00f5imaldab teil oma lemmiklooma rakendusest eemalt toita \u2013 kus iganes te ka poleks. See v\u00f5imaldab teil t\u00e4pselt planeerida toidukordi, m\u00e4\u00e4rata isikup\u00e4rastatud h\u00e4\u00e4ls\u00f5numi ja vaadata s\u00f6\u00f6tmislogisid. T\u00e4nu neljakordsele tihenduss\u00fcsteemile tagab see toidu v\u00e4rskuse ja t\u00e4iustatud disain hoiab \u00e4ra selle kinnikiilumise. Automaat t\u00f6\u00f6tab isegi [&#8230;]\n","protected":false},"featured_media":13546,"comment_status":"open","ping_status":"closed","template":"","meta":[],"product_brand":[775],"product_cat":[1029],"product_tag":[],"class_list":{"0":"post-13545","1":"product","2":"type-product","3":"status-publish","4":"has-post-thumbnail","6":"product_brand-petlibro","7":"product_cat-bowls","9":"first","10":"outofstock","11":"taxable","12":"shipping-taxable","13":"purchasable","14":"product-type-simple"},"aioseo_notices":[],"_links":{"self":[{"href":"https:\/\/asura.lv\/et\/wp-json\/wp\/v2\/product\/13545","targetHints":{"allow":["GET"]}}],"collection":[{"href":"https:\/\/asura.lv\/et\/wp-json\/wp\/v2\/product"}],"about":[{"href":"https:\/\/asura.lv\/et\/wp-json\/wp\/v2\/types\/product"}],"replies":[{"embeddable":true,"href":"https:\/\/asura.lv\/et\/wp-json\/wp\/v2\/comments?post=13545"}],"wp:featuredmedia":[{"embeddable":true,"href":"https:\/\/asura.lv\/et\/wp-json\/wp\/v2\/media\/13546"}],"wp:attachment":[{"href":"https:\/\/asura.lv\/et\/wp-json\/wp\/v2\/media?parent=13545"}],"wp:term":[{"taxonomy":"product_brand","embeddable":true,"href":"https:\/\/asura.lv\/et\/wp-json\/wp\/v2\/product_brand?post=13545"},{"taxonomy":"product_cat","embeddable":true,"href":"https:\/\/asura.lv\/et\/wp-json\/wp\/v2\/product_cat?post=13545"},{"taxonomy":"product_tag","embeddable":true,"href":"https:\/\/asura.lv\/et\/wp-json\/wp\/v2\/product_tag?post=13545"}],"curies":[{"name":"wp","href":"https:\/\/api.w.org\/{rel}","templated":true}]}}