{"id":13731,"date":"2025-11-29T00:12:02","date_gmt":"2025-11-29T00:12:02","guid":{"rendered":"https:\/\/asura.lv\/product\/cooler-master-sickleflow-edge-120-argb-we-3-in-1-fan\/"},"modified":"2025-12-12T15:20:17","modified_gmt":"2025-12-12T13:20:17","slug":"cooler-master-sickleflow-edge-120-argb-we-3-in-1-fan","status":"publish","type":"product","link":"https:\/\/asura.lv\/et\/toode\/cooler-master-sickleflow-edge-120-argb-we-3-in-1-fan\/","title":{"rendered":"Cooler Master SickleFlow Edge 120 ARGB WE 3-in-1 ventilaator"},"content":{"rendered":"<h3>Cooler Master SickleFlow Edge 120 ARGB WE 3-in-1 ventilaator<\/h3>\n<p>Cooler Master SickleFlow Edge 120 ARGB on ventilaator, mis on loodud arvutihuvilistele, kes ootavad lisaks t\u00f5husale jahutusele ka esteetilist disaini. T\u00e4nu t\u00e4iustatud labadele, kaasaegsele raami disainile ja vaiksele d\u00fcnaamilisele laagrite t\u00f6\u00f6le sobib see ideaalselt m\u00e4ngukonfiguratsioonide jaoks. Seda eristab ka v\u00e4rviline ARGB-taustvalgustus, nii et saate oma arvutikonfiguratsioonile anda ainulaadse iseloomu. Komplekt sisaldab kolme ventilaatorit.<\/p>\n<p>\n<img decoding=\"async\" alt=\"\" border=\"0\" src=\"https:\/\/assets.innpro.pl\/15523\/19518\/1.jpg\"\/>\n<\/p>\n<h3>Uue p\u00f5lvkonna labad<\/h3>\n<p>T\u00e4iustatud ventilaatori labad pakuvad k\u00f5rgemat \u00f5hur\u00f5hku ja suuremat voolu, hoides samal ajal m\u00fcrataseme madalana &#8211; umbes 32,8 dB(A). See on ideaalne valik neile, kes vajavad parimat v\u00f5imalikku j\u00f5udlust ilma ebavajaliku m\u00fcrata \u2013 isegi maksimaalsel kiirusel.<\/p>\n<p>\n<img decoding=\"async\" alt=\"\" border=\"0\" src=\"https:\/\/assets.innpro.pl\/15523\/19518\/4.jpg\"\/>\n<\/p>\n<h3>Vastupidav raam m\u00e4ngukarakteristikutega<\/h3>\n<p>Ventilaatori korpus on saanud t\u00e4iesti uue vormiteguri, mida t\u00e4iustavad SickleFlow seeria ikoonilised jooned. See ei ole mitte ainult v\u00e4limuse, vaid ka kogu konstruktsiooni stabiilsuse paranemine, mis t\u00e4hendab vastupidavat paigaldust ja paremat toimimist pikas perspektiivis.<\/p>\n<p>\n<img decoding=\"async\" alt=\"\" border=\"0\" src=\"https:\/\/assets.innpro.pl\/15523\/19518\/3.jpg\"\/>\n<\/p>\n<h3>Vaikne ja sujuv t\u00f6\u00f6<\/h3>\n<p>D\u00fcnaamilise laagri kasutamine v\u00f5imaldab ventilaatoril t\u00f6\u00f6tada \u00e4\u00e4rmiselt vaikselt ja stabiilselt, olenemata koormuse intensiivsusest. Seet\u00f5ttu t\u00f6\u00f6tab seade h\u00e4sti nii igap\u00e4evases kasutuses kui ka n\u00f5udlike m\u00e4ngu- v\u00f5i renderdusseansside ajal.<\/p>\n<p>\n<img decoding=\"async\" alt=\"\" border=\"0\" src=\"https:\/\/assets.innpro.pl\/15523\/19518\/2.jpg\"\/>\n<\/p>\n<h3>T\u00e4ieliku juhtimisega ARGB<\/h3>\n<p>Ventilaator on varustatud A1 Mini LED-kontrolleri ja 3-kontaktilise ARGB-pistikuga, mis \u00fchildub 2. p\u00f5lvkonna s\u00fcsteemidega, v\u00f5imaldades teil taustvalgustust t\u00e4pselt juhtida. Saate oma korpuse sisemuse v\u00e4limust t\u00e4ielikult kohandada vastavalt oma eelistustele ja konfiguratsiooni stiilile!<\/p>\n<p>\n<img decoding=\"async\" alt=\"\" border=\"0\" src=\"https:\/\/assets.innpro.pl\/15523\/19518\/6.jpg\"\/>\n<\/p>\n<div class=\"table-wrapper\">\n<p>\u0412\u00a0<\/p>\n<h3><\/h3>\n<table>\n<tbody>\n<tr>\n<th>Tootja<\/th>\n<td>Cooler Master<\/td>\n<\/tr>\n<tr>\n<th>Mudel<\/th>\n<td>MFX-B2DW-253P2-R2<\/td>\n<\/tr>\n<tr>\n<th>V\u00e4rv<\/th>\n<td>Valge<\/td>\n<\/tr>\n<tr>\n<th>Ventilaatori m\u00f5\u00f5tmed<\/th>\n<td>120 x 120 x 25 mm<\/td>\n<\/tr>\n<tr>\n<th>Taustvalgustuse t\u00fc\u00fcp<\/th>\n<td>ARGB p\u00f5lvkond 2<\/td>\n<\/tr>\n<tr>\n<th>P\u00f6\u00f6rlemiskiirus<\/th>\n<td>690\u20132500 \u00b1 10% p\/min<\/td>\n<\/tr>\n<tr>\n<th>\u00d5huvool<\/th>\n<td>120 m\u00b2\/h (70,7 CFM)<\/td>\n<\/tr>\n<tr>\n<th>M\u00fcratase<\/th>\n<td>32,8 dB(A)<\/td>\n<\/tr>\n<tr>\n<th>Laagri t\u00fc\u00fcp<\/th>\n<td>Silmusd\u00fcnaamiline laager<\/td>\n<\/tr>\n<tr>\n<th>R\u00f5hk<\/th>\n<td>3,61 mmH2O<\/td>\n<\/tr>\n<tr>\n<th>Kasutusiga (MTTF)<\/th>\n<td>> 160 000 tundi<\/td>\n<\/tr>\n<tr>\n<th>Toitepistik<\/th>\n<td>4-kontaktiline (PWM)<\/td>\n<\/tr>\n<tr>\n<th>Nimipinge<\/th>\n<td>12 V alalisvool<\/td>\n<\/tr>\n<tr>\n<th>Vool<\/th>\n<td>0,2 A<\/td>\n<\/tr>\n<tr>\n<th>Ohutu voolutugevus<\/th>\n<td>0,3 A<\/td>\n<\/tr>\n<tr>\n<th>Energiatarve<\/th>\n<td>2,4 W<\/td>\n<\/tr>\n<tr>\n<th>ARGB pistik<\/th>\n<td>3-kontaktiline<\/td>\n<\/tr>\n<tr>\n<th>ARGB nimipinge<\/th>\n<td>5 V alalisvool<\/td>\n<\/tr>\n<tr>\n<th>ARGB nimivool<\/th>\n<td>0,21 A<\/td>\n<\/tr>\n<tr>\n<th>Kaal<\/th>\n<td>168 g<\/td>\n<\/tr>\n<tr>\n<th>Komplektis olevate t\u00fckkide arv<\/th>\n<td>3<\/td>\n<\/tr>\n<\/tbody>\n<\/table>\n<\/div>\n","protected":false},"excerpt":{"rendered":"<p>Cooler Master SickleFlow Edge 120 ARGB WE 3-in-1 ventilaator Cooler Master SickleFlow Edge 120 ARGB on ventilaator, mis on loodud arvutihuvilistele, kes ootavad lisaks t\u00f5husale jahutusele ka esteetilist disaini. T\u00e4nu t\u00e4iustatud labadele, kaasaegsele raami disainile ja vaiksele d\u00fcnaamilisele laagrite t\u00f6\u00f6le sobib see ideaalselt m\u00e4ngukonfiguratsioonide jaoks. Seda eristab ka v\u00e4rviline ARGB-taustvalgustus, nii et saate oma arvutikonfiguratsioonile [&#8230;]\n","protected":false},"featured_media":13732,"comment_status":"open","ping_status":"closed","template":"","meta":[],"product_brand":[771],"product_cat":[897],"product_tag":[],"class_list":{"0":"post-13731","1":"product","2":"type-product","3":"status-publish","4":"has-post-thumbnail","6":"product_brand-coolermaster","7":"product_cat-fans","9":"first","10":"outofstock","11":"taxable","12":"shipping-taxable","13":"purchasable","14":"product-type-simple"},"aioseo_notices":[],"_links":{"self":[{"href":"https:\/\/asura.lv\/et\/wp-json\/wp\/v2\/product\/13731","targetHints":{"allow":["GET"]}}],"collection":[{"href":"https:\/\/asura.lv\/et\/wp-json\/wp\/v2\/product"}],"about":[{"href":"https:\/\/asura.lv\/et\/wp-json\/wp\/v2\/types\/product"}],"replies":[{"embeddable":true,"href":"https:\/\/asura.lv\/et\/wp-json\/wp\/v2\/comments?post=13731"}],"wp:featuredmedia":[{"embeddable":true,"href":"https:\/\/asura.lv\/et\/wp-json\/wp\/v2\/media\/13732"}],"wp:attachment":[{"href":"https:\/\/asura.lv\/et\/wp-json\/wp\/v2\/media?parent=13731"}],"wp:term":[{"taxonomy":"product_brand","embeddable":true,"href":"https:\/\/asura.lv\/et\/wp-json\/wp\/v2\/product_brand?post=13731"},{"taxonomy":"product_cat","embeddable":true,"href":"https:\/\/asura.lv\/et\/wp-json\/wp\/v2\/product_cat?post=13731"},{"taxonomy":"product_tag","embeddable":true,"href":"https:\/\/asura.lv\/et\/wp-json\/wp\/v2\/product_tag?post=13731"}],"curies":[{"name":"wp","href":"https:\/\/api.w.org\/{rel}","templated":true}]}}