{"id":13965,"date":"2025-11-29T00:11:40","date_gmt":"2025-11-29T00:11:40","guid":{"rendered":"https:\/\/asura.lv\/product\/shelly-1-gen3-set-of-4-controller-wifi-bluetooth\/"},"modified":"2025-12-12T15:20:04","modified_gmt":"2025-12-12T13:20:04","slug":"shelly-1-gen3-set-of-4-controller-wifi-bluetooth","status":"publish","type":"product","link":"https:\/\/asura.lv\/et\/toode\/shelly-1-gen3-set-of-4-controller-wifi-bluetooth\/","title":{"rendered":"Shelly 1 Gen3 4-osaline WiFi\/Bluetooth kontrolleri komplekt"},"content":{"rendered":"<h3>Shelly 1 Gen3 4-osaline WiFi\/Bluetooth kontrolleri komplekt<\/h3>\n<p>Shelly 1 Gen3 pole lihtsalt kontroller \u2013 see on t\u00e4isv\u00e4\u00e4rtuslik nutika kodu keskus, mis pakub enneolematut juhtimist, paindlikkust ja turvalisust. See kontroller, mida saab h\u00f5lpsalt teie olemasolevasse infrastruktuuri integreerida, v\u00f5imaldab teil luua t\u00e4iustatud automatiseerimiss\u00fcsteeme ilma kulukatesse lahendustesse investeerimata. Shelly 1 Gen3 abil saate muuta oma kodu ja kontori nutikaks, energiat\u00f5husaks ja mugavaks ruumiks, mis vastab teie vajadustele. Komplekt sisaldab 4 toodet.<\/p>\n<p>\n<img decoding=\"async\" alt=\"\" border=\"0\" src=\"https:\/\/assets.innpro.pl\/14183\/17683\/7.jpg\"\/>\n<\/p>\n<h3>Nutikas juhtimine teie k\u00e4eulatuses<\/h3>\n<p>Shelly 1 Gen3 on t\u00e4iustatud WiFi-toega nutikas kontroller, mis muudab teie kodu ja kontori haldamise viisi revolutsiooniliselt. Sellel mitmek\u00fclgsel kontrolleril on 1-kanaliline kuivkontakt voolutugevusega 16 A, mis v\u00f5imaldab teil kaugjuhtimise teel juhtida laia valikut kodu- ja kontoriseadmeid, kus iganes te ka ei viibiks. Uuendage standardseid elektrikilpe, pistikupesasid ja l\u00fcliteid ilma keerukate paigaldusteta.<\/p>\n<p>\n<img decoding=\"async\" alt=\"\" border=\"0\" src=\"https:\/\/assets.innpro.pl\/14183\/17683\/2.jpg\"\/>\n<\/p>\n<h3>T\u00e4iustatud tehnoloogia ja suur j\u00f5udlus<\/h3>\n<p>Shelly 1 Gen3 on varustatud uue ESP-Shelly-C38F protsessoriga, millel on 8 MB m\u00e4lu, mis suurendab oluliselt selle j\u00f5udlust ja t\u00f5husust. Terminalide suurem vastupidavus ja k\u00f5rge turvalisuse tase tagavad usaldusv\u00e4\u00e4rse t\u00f6\u00f6 aastateks. WiFi leviala v\u00f5imendaja ja sisseehitatud Bluetooth-l\u00fc\u00fcs tagavad stabiilse \u00fchenduse, v\u00f5imaldades seadmete kiiret ja sujuvat haldamist kogu kodus.<\/p>\n<p>\n<img decoding=\"async\" alt=\"\" border=\"0\" src=\"https:\/\/assets.innpro.pl\/14183\/17683\/3.jpg\"\/>\n<\/p>\n<h3>Kompromissitu \u00fchilduvus ja integreerimise lihtsus<\/h3>\n<p>Shelly 1 Gen3 kasutamiseks ei ole vaja t\u00e4iendavat jaoturit. Kontroller \u00fchildub t\u00e4ielikult Shelly Smart Controli rakenduse, erinevate koduautomaatika protokollide ning populaarsete platvormide ja h\u00e4\u00e4lassistentidega, nagu Alexa ja Google Home. Lisaks toetab Shelly 1 Gen3 KNXnet\/IP-sidet, mis teeb sellest ideaalse valiku edasij\u00f5udnutele automatiseerimisprojektidele.<\/p>\n<p>\n<img decoding=\"async\" alt=\"\" border=\"0\" src=\"https:\/\/assets.innpro.pl\/14183\/17683\/4.jpg\"\/>\n<\/p>\n<h3>Mitmek\u00fclgne automatiseerimine<\/h3>\n<p>Shelly 1 Gen3 on ideaalne valik valgustuse automatiseerimiseks, garaa\u017eiuste haldamiseks, vananenud seadmete uuendamiseks ja paljude muude rakenduste jaoks. V\u00f5imalusega seadistada kohandatud ajakavasid ja stseene ning integreerida teiste Shelly seadmetega saate luua nutika s\u00fcsteemi, mis kohandub teie elustiiliga. Automatiseerige aia kastmist, kontrollige kodu temperatuuri v\u00f5i hallake valgustust \u2013 k\u00f5ik see eemalt ja vaevata.<\/p>\n<p>\n<img decoding=\"async\" alt=\"\" border=\"0\" src=\"https:\/\/assets.innpro.pl\/14183\/17683\/5.jpg\"\/>\n<\/p>\n<h3>Turvalisus ja t\u00f6\u00f6kindlus<\/h3>\n<p>Shelly 1 Gen3 pakub k\u00f5rgetasemelist turvalisust t\u00e4iustatud kr\u00fcptimisega. Erinevate turvaprotokollide toega v\u00f5ite olla kindel, et teie andmed ja seadmed on k\u00f5rgeimal tasemel kaitstud. Lisaks n\u00e4eb seade oma kompaktse suuruse ja sinise v\u00e4rviga stiilne ja minimalistlik v\u00e4lja. Investeeri Shelly 1 Gen3-sse juba t\u00e4na ja avasta uus mugavuse ja oma keskkonna kontrolli dimensioon!<\/p>\n<p>\n<img decoding=\"async\" alt=\"\" border=\"0\" src=\"https:\/\/assets.innpro.pl\/14183\/17683\/1.jpg\"\/>\n<\/p>\n<div class=\"table-wrapper\">\n<p>\u0412\u00a0<\/p>\n<h3><\/h3>\n<table>\n<tbody>\n<tr>\n<th>Tootja<\/th>\n<td>Shelly<\/td>\n<\/tr>\n<tr>\n<th>Mudel<\/th>\n<td>1Gen3x4<\/td>\n<\/tr>\n<tr>\n<th>M\u00f5\u00f5tmed<\/th>\n<td>37 x 42 x 16 mm<\/td>\n<\/tr>\n<tr>\n<th>Kaal<\/th>\n<td>26 g<\/td>\n<\/tr>\n<tr>\n<th>Kruviklemmi maksimaalne p\u00f6\u00f6rdemoment<\/th>\n<td>0,4 Nm<\/td>\n<\/tr>\n<tr>\n<th>Juhtme ristl\u00f5ige<\/th>\n<td>0,2 kuni 2,5 mm\u00b2 (j\u00e4ik-, traat- ja paelkinnitusega liitmikud)<\/td>\n<\/tr>\n<tr>\n<th>Juhtme pikkus ilma isolatsioonita<\/th>\n<td>6 kuni 7 mm<\/td>\n<\/tr>\n<tr>\n<th>Paigaldus<\/th>\n<td>Seinakonsool \/ s\u00fcvistatav karp<\/td>\n<\/tr>\n<tr>\n<th>Korpuse materjal<\/th>\n<td>plastik<\/td>\n<\/tr>\n<tr>\n<th>V\u00e4rv<\/th>\n<td>sinine<\/td>\n<\/tr>\n<tr>\n<th>\u00dcmbritseva keskkonna temperatuur t\u00f6\u00f6tamise ajal<\/th>\n<td>-20 \u00b0C kuni 40 \u00b0C<\/td>\n<\/tr>\n<tr>\n<th>\u00dcmbritseva keskkonna niiskus t\u00f6\u00f6tamise ajal<\/th>\n<td>30% kuni 70% suhteline \u00f5huniiskus<\/td>\n<\/tr>\n<tr>\n<th>Maksimaalne k\u00f5rgus<\/th>\n<td>2000 m<\/td>\n<\/tr>\n<tr>\n<th>Toide Allikas<\/th>\n<td>110\u2013240 V ~ 24\u201348 V \u201e12 V\u201c<\/td>\n<\/tr>\n<tr>\n<th>Energiatarve<\/th>\n<td>< 1,2 W<\/td>\n<\/tr>\n<tr>\n<th>Maksimaalne l\u00fclituspinge<\/th>\n<td>240 V ~ 30 V\u201c<\/td>\n<\/tr>\n<tr>\n<th>Maksimaalne l\u00fclitusvool<\/th>\n<td>16 A (240 V ~) 10 A (30 V\u201c)<\/td>\n<\/tr>\n<tr>\n<th>Sisemine temperatuuriandur<\/th>\n<td>Jah<\/td>\n<\/tr>\n<tr>\n<th>Wi-Fi protokoll<\/th>\n<td>802.11 b\/g\/n<\/td>\n<\/tr>\n<tr>\n<th>Wi-Fi raadiosagedus<\/th>\n<td>2401\u20132483 Hz<\/td>\n<\/tr>\n<tr>\n<th>Maksimaalne Wi-Fi raadiosagedusv\u00f5imsus <<\/th>\n<td>20 dBm<\/td>\n<\/tr>\n<tr>\n<th>Wi-Fi leviala<\/th>\n<td>Kuni 50 meetrit avatud ruumis, kuni 30 meetrit suletud ruumis (s\u00f5ltuvalt tingimustest)<\/td>\n<\/tr>\n<tr>\n<th>Bluetoothi \u200b\u200bversioon<\/th>\n<td>4.2<\/td>\n<\/tr>\n<tr>\n<th>Bluetoothi \u200b\u200braadiosagedus<\/th>\n<td>2400\u20132483,5 MHz<\/td>\n<\/tr>\n<tr>\n<th>Maksimaalne Bluetoothi \u200b\u200braadiosagedusv\u00f5imsus<\/th>\n<td><4 dBm<\/td>\n<\/tr>\n<tr>\n<th>Bluetoothi \u200b\u200bleviala<\/th>\n<td>Kuni 30 meetrit avatud ruumis, kuni 10 meetrit suletud ruumis (s\u00f5ltuvalt tingimustest)<\/td>\n<\/tr>\n<tr>\n<th>Protsessor<\/th>\n<td>ESP-Shelly-C38F<\/td>\n<\/tr>\n<tr>\n<th>V\u00e4lkm\u00e4lu<\/th>\n<td>8 MB<\/td>\n<\/tr>\n<tr>\n<th>Ajakavade arv<\/th>\n<td>20<\/td>\n<\/tr>\n<tr>\n<th>Veebikonksud (URL-i jagamised)<\/th>\n<td>20, 5 URL-i konksu kohta<\/td>\n<\/tr>\n<tr>\n<th>V\u00f5imalus suurendada WiFi leviala<\/th>\n<td>Jah<\/td>\n<\/tr>\n<tr>\n<th>BLE-l\u00fc\u00fcs<\/th>\n<td>Jah<\/td>\n<\/tr>\n<tr>\n<th>Skriptid<\/th>\n<td>Jah<\/td>\n<\/tr>\n<tr>\n<th>MQTT<\/th>\n<td>Jah<\/td>\n<\/tr>\n<tr>\n<th>Kr\u00fcptimine<\/th>\n<td>Jah<\/td>\n<\/tr>\n<\/tbody>\n<\/table>\n<\/div>\n","protected":false},"excerpt":{"rendered":"<p>Shelly 1 Gen3 4-osaline WiFi\/Bluetooth kontrolleri komplekt Shelly 1 Gen3 pole lihtsalt kontroller \u2013 see on t\u00e4isv\u00e4\u00e4rtuslik nutika kodu keskus, mis pakub enneolematut juhtimist, paindlikkust ja turvalisust. See kontroller, mida saab h\u00f5lpsalt teie olemasolevasse infrastruktuuri integreerida, v\u00f5imaldab teil luua t\u00e4iustatud automatiseerimiss\u00fcsteeme ilma kulukatesse lahendustesse investeerimata. Shelly 1 Gen3 abil saate muuta oma kodu ja kontori [&#8230;]\n","protected":false},"featured_media":13966,"comment_status":"open","ping_status":"closed","template":"","meta":[],"product_brand":[551],"product_cat":[918],"product_tag":[],"class_list":{"0":"post-13965","1":"product","2":"type-product","3":"status-publish","4":"has-post-thumbnail","6":"product_brand-shelly","7":"product_cat-smart-controllers","9":"first","10":"outofstock","11":"taxable","12":"shipping-taxable","13":"purchasable","14":"product-type-simple"},"aioseo_notices":[],"_links":{"self":[{"href":"https:\/\/asura.lv\/et\/wp-json\/wp\/v2\/product\/13965","targetHints":{"allow":["GET"]}}],"collection":[{"href":"https:\/\/asura.lv\/et\/wp-json\/wp\/v2\/product"}],"about":[{"href":"https:\/\/asura.lv\/et\/wp-json\/wp\/v2\/types\/product"}],"replies":[{"embeddable":true,"href":"https:\/\/asura.lv\/et\/wp-json\/wp\/v2\/comments?post=13965"}],"wp:featuredmedia":[{"embeddable":true,"href":"https:\/\/asura.lv\/et\/wp-json\/wp\/v2\/media\/13966"}],"wp:attachment":[{"href":"https:\/\/asura.lv\/et\/wp-json\/wp\/v2\/media?parent=13965"}],"wp:term":[{"taxonomy":"product_brand","embeddable":true,"href":"https:\/\/asura.lv\/et\/wp-json\/wp\/v2\/product_brand?post=13965"},{"taxonomy":"product_cat","embeddable":true,"href":"https:\/\/asura.lv\/et\/wp-json\/wp\/v2\/product_cat?post=13965"},{"taxonomy":"product_tag","embeddable":true,"href":"https:\/\/asura.lv\/et\/wp-json\/wp\/v2\/product_tag?post=13965"}],"curies":[{"name":"wp","href":"https:\/\/api.w.org\/{rel}","templated":true}]}}