{"id":13977,"date":"2025-11-29T00:11:39","date_gmt":"2025-11-29T00:11:39","guid":{"rendered":"https:\/\/asura.lv\/product\/shelly-dimmer-gen3-wifi-light-controller\/"},"modified":"2025-12-12T15:20:03","modified_gmt":"2025-12-12T13:20:03","slug":"shelly-dimmer-gen3-wifi-light-controller","status":"publish","type":"product","link":"https:\/\/asura.lv\/et\/toode\/shelly-dimmer-gen3-wifi-light-controller\/","title":{"rendered":"Shelly Dimmer Gen3 WiFi valguskontroller"},"content":{"rendered":"<h3>Shelly Dimmer Gen3 WiFi valguskontroller<\/h3>\n<p>Shelly Dimmer Gen3 on kompaktne \u00fcheahelaline valgusregulaator, mis v\u00f5imaldab valgustuse heledust t\u00e4pselt juhtida nutitelefonist, tahvelarvutist, arvutist v\u00f5i koduse automatiseerimiss\u00fcsteemist. See t\u00f6\u00f6tab WiFi-kohaliku v\u00f5rgu kaudu ilma t\u00e4iendava jaoturi vajaduseta ning toetab ka kaugjuhtimist pilve kaudu. See v\u00f5ib t\u00f6\u00f6tada neutraaljuhtmega v\u00f5i ilma. Seade pakub ka WiFi-signaali v\u00f5imendamist, koostalitlusv\u00f5imet Bluetoothi \u200b\u200bja BLE-l\u00fc\u00fcsiga ning mitmesuguseid automatiseerimisv\u00f5imalusi, sealhulgas ajakavasid, skripte ja integratsiooni selliste s\u00fcsteemidega nagu Home Assistant, Google Home, Alexa v\u00f5i SmartThings.<\/p>\n<p>\n<img decoding=\"async\" alt=\"\" border=\"0\" src=\"https:\/\/assets.innpro.pl\/14205\/17708\/2.jpg\"\/>\n<\/p>\n<h3>T\u00f6\u00f6tab neutraaljuhtmega ja ilma<\/h3>\n<p>Shelly Dimmer Gen3 v\u00f5imaldab paigaldamist nii neutraaljuhtmega kui ka ilma s\u00fcsteemides, mis on oluline olemasolevate paigaldiste moderniseerimisel. Neutraaljuhtmeta t\u00f6\u00f6tamiseks on vaja m\u00f6\u00f6daviikmoodulit, kui koormus on alla 20 vati \u2013 selline lahendus hoiab \u00e4ra lambi kogemata h\u00f5\u00f5gumise p\u00e4rast v\u00e4ljal\u00fclitamist.<\/p>\n<p>\n<img decoding=\"async\" alt=\"\" border=\"0\" src=\"https:\/\/assets.innpro.pl\/14205\/17708\/3.jpg\"\/>\n<\/p>\n<h3>T\u00e4psed m\u00f5\u00f5tmised ja kaitse<\/h3>\n<p>Kui neutraaljuhe on \u00fchendatud, v\u00f5imaldab seade m\u00f5\u00f5ta pinget (180\u2013240 V), voolutugevust (0\u20133 A) ja energiatarbimist. Need m\u00f5\u00f5tmised tehakse t\u00e4psusega \u00b15%. Lisaks on seade varustatud sisemise temperatuurianduriga ning l\u00fchise- ja \u00fclekoormuskaitsega. M\u00e4rkus: need funktsioonid toimivad korralikult ainult neutraaljuhiga \u00fchendamisel.<\/p>\n<p>\n<img decoding=\"async\" alt=\"\" border=\"0\" src=\"https:\/\/assets.innpro.pl\/14205\/17708\/4.jpg\"\/>\n<\/p>\n<h3>Mugav juhtimine ja t\u00e4pne h\u00e4mardamine<\/h3>\n<p>Toode toetab tagumise serva re\u017eiimi, mis tagab sujuva h\u00e4mardamise laia valgusallikate valiku puhul \u2013 LED-idest (kuni 150 W) kuni halogeenpirnideni (kuni 200 W) ja elektrooniliste trafodeni. Automaatne h\u00e4mardaja kalibreerimine tagab \u00fchtlase h\u00e4mardamise efekti olenemata valgusallika t\u00fc\u00fcbist. Sisseehitatud funktsioonid, nagu minimaalse ja maksimaalse heleduse seadistamine, \u00fcleminekuaja reguleerimine ja \u00f6\u00f6re\u017eiim, v\u00f5imaldavad valgustuse \u00fcle t\u00e4ielikku kontrolli \u2013 nii k\u00e4sitsi kui ka ajakavade kaudu.<\/p>\n<p>\n<img decoding=\"async\" alt=\"\" border=\"0\" src=\"https:\/\/assets.innpro.pl\/14205\/17708\/1.jpg\"\/>\n<\/p>\n<h3>Automatiseerimine ja t\u00e4psemad ajakavad<\/h3>\n<p>Shelly Dimmer Gen3 toetab kuni 20 ajakava ja 20 veebikonksu (iga\u00fche kohta 5 URL-i). See v\u00f5imaldab teil luua t\u00e4psemaid stsenaariume skriptide ja kohalike toimingute abil. Saate ajastada heleduse muutusi, \u00fcleminekuaegu ja seadistada automaatse valguse sisse\/v\u00e4lja l\u00fclitamise. MQTT, KVS ja virtuaalsete komponentide toega on v\u00f5imalik s\u00fcgav integratsioon t\u00e4iustatud hooneautomaatika s\u00fcsteemidega.<\/p>\n<p>\n<img decoding=\"async\" alt=\"\" border=\"0\" src=\"https:\/\/assets.innpro.pl\/14205\/17708\/5.jpg\"\/>\n<\/p>\n<div class=\"table-wrapper\">\n<p>\u0412\u00a0<\/p>\n<h3>\u00dcldine<\/h3>\n<table>\n<tbody>\n<tr>\n<th>Tootja<\/th>\n<td>Shelly<\/td>\n<\/tr>\n<tr>\n<th>Mudel<\/th>\n<td>DimmerGen3<\/td>\n<\/tr>\n<\/tbody>\n<\/table>\n<p>\u0412\u00a0<\/p>\n<h3>F\u00fc\u00fcsikalised parameetrid<\/h3>\n<table>\n<tbody>\n<tr>\n<th>M\u00f5\u00f5tmed<\/th>\n<td>38 x 42,5 x 16,5 mm \/ 1,50 x 1,67 \u00c5 \u2014 0,65 tolli<\/td>\n<\/tr>\n<tr>\n<th>Kaal<\/th>\n<td>24,3 g \/ 0,86 oz<\/td>\n<\/tr>\n<tr>\n<th>Klemmide maksimaalne pingutusmoment<\/th>\n<td>0,4 Nm \/ 3,5 lbin<\/td>\n<\/tr>\n<tr>\n<th>Kaabli ristl\u00f5ige<\/th>\n<td>0,2 kuni 2,5 mm\u00b2 \/ 24 kuni 14 AWG (tahke, mitmekiuline, varrukatega)<\/td>\n<\/tr>\n<tr>\n<th>Koristatud juhtme pikkus<\/th>\n<td>5 kuni 6 mm \/ 0,20 kuni 0,24 tolli<\/td>\n<\/tr>\n<tr>\n<th>Paigaldus<\/th>\n<td>Seinakarp<\/td>\n<\/tr>\n<tr>\n<th>Korpuse materjal<\/th>\n<td>Plast<\/td>\n<\/tr>\n<tr>\n<th>Korpuse v\u00e4rv<\/th>\n<td>Roheline, tr\u00fckk: must<\/td>\n<\/tr>\n<tr>\n<th>Pistikute v\u00e4rv<\/th>\n<td>Must<\/td>\n<\/tr>\n<\/tbody>\n<\/table>\n<p>\u0412\u00a0<\/p>\n<h3>Keskkonnatingimused<\/h3>\n<table>\n<tbody>\n<tr>\n<th>T\u00f6\u00f6temperatuur<\/th>\n<td>-20 \u00b0C kuni 40 \u00b0C \/ -5 \u00b0F kuni 105 \u00b0F<\/td>\n<\/tr>\n<tr>\n<th>T\u00f6\u00f6keskkonna \u00f5huniiskus<\/th>\n<td>30% kuni 70% suhteline \u00f5huniiskus<\/td>\n<\/tr>\n<tr>\n<th>Maksimaalne k\u00f5rgus merepinnast.<\/th>\n<td>2000 m \/ 6562 jalga<\/td>\n<\/tr>\n<\/tbody>\n<\/table>\n<p>\u0412\u00a0<\/p>\n<h3>Elektrilised parameetrid<\/h3>\n<table>\n<tbody>\n<tr>\n<th>Toiteallikas<\/th>\n<td>220\u2013240 V~, 50 Hz<\/td>\n<\/tr>\n<tr>\n<th>Energiatarve<\/th>\n<td>< 1,5 W<\/td>\n<\/tr>\n<tr>\n<th>Neutraaljuhet pole<\/th>\n<td>Jah<\/td>\n<\/tr>\n<tr>\n<th>Minimaalne koormus ilma neutraaljuhtmeta ja m\u00f6\u00f6daviiguta<\/th>\n<td>20 W<\/td>\n<\/tr>\n<tr>\n<th>H\u00e4mardamise t\u00fc\u00fcp<\/th>\n<td>Tagaserv<\/td>\n<\/tr>\n<tr>\n<th>V\u00e4line kaitse<\/th>\n<td>16 A, karakteristik B v\u00f5i C, 6 kA lahutusv\u00f5ime, energiapiirangu klass 3<\/td>\n<\/tr>\n<tr>\n<th>L\u00fchisekaitse<\/th>\n<td>Jah<\/td>\n<\/tr>\n<\/tbody>\n<\/table>\n<p>\u0412\u00a0<\/p>\n<h3>V\u00e4ljundahela parameetrid<\/h3>\n<table>\n<tbody>\n<tr>\n<th>Maksimaalne v\u00e4ljundv\u00f5imsus<\/th>\n<td>200 W<\/td>\n<\/tr>\n<\/tbody>\n<\/table>\n<p>\u0412\u00a0<\/p>\n<h3>Andurid ja m\u00f5\u00f5tmised<\/h3>\n<table>\n<tbody>\n<tr>\n<th>Pingevahemik (vahelduvvool)<\/th>\n<td>180\u2013240 V<\/td>\n<\/tr>\n<tr>\n<th>Pinge m\u00f5\u00f5tmise t\u00e4psus<\/th>\n<td>\u00b15% (neutraaljuhiga kasutamisel)<\/td>\n<\/tr>\n<tr>\n<th>Vooluvahemik (vahelduvvool)<\/th>\n<td>0\u20133 A<\/td>\n<\/tr>\n<tr>\n<th>Voolu m\u00f5\u00f5tmise t\u00e4psus<\/th>\n<td>\u00b15% (neutraaljuhiga kasutamisel)<\/td>\n<\/tr>\n<tr>\n<th>Sisetemperatuur andur<\/th>\n<td>Jah<\/td>\n<\/tr>\n<\/tbody>\n<\/table>\n<p>\u0412\u00a0<\/p>\n<h3>Wi-Fi<\/h3>\n<table>\n<tbody>\n<tr>\n<th>Protokoll<\/th>\n<td>802.11 b\/g\/n<\/td>\n<\/tr>\n<tr>\n<th>RF-sagedusala<\/th>\n<td>2412\u20132472 MHz<\/td>\n<\/tr>\n<tr>\n<th>RF-v\u00f5imsus<\/th>\n<td>< 20 dBm<\/td>\n<\/tr>\n<tr>\n<th>Ulatus<\/th>\n<td>Kuni 30 m siseruumides \/ 50 m \u00f5ues (s\u00f5ltuvalt tingimustest)<\/td>\n<\/tr>\n<\/tbody>\n<\/table>\n<p>\u0412\u00a0<\/p>\n<h3>Bluetooth<\/h3>\n<table>\n<tbody>\n<tr>\n<th>Protokoll<\/th>\n<td>4.2<\/td>\n<\/tr>\n<tr>\n<th>RF Sagedusriba<\/th>\n<td>2402\u20132480 MHz<\/td>\n<\/tr>\n<tr>\n<th>Maksimaalne raadiosageduslik v\u00f5imsus<\/th>\n<td>< 4 dBm<\/td>\n<\/tr>\n<tr>\n<th>Ulatus<\/th>\n<td>Kuni 10 m siseruumides \/ 30 m \u00f5ues (s\u00f5ltuvalt tingimustest)<\/td>\n<\/tr>\n<\/tbody>\n<\/table>\n<p>\u0412\u00a0<\/p>\n<h3>Mikroprotsessor\u00fcksus<\/h3>\n<table>\n<tbody>\n<tr>\n<th>Protsessor<\/th>\n<td>ESP32 C3 \/ STM32 G051<\/td>\n<\/tr>\n<tr>\n<th>Taktsagedus<\/th>\n<td>ESP32 C3 \u2013 40 MHz<\/td>\n<\/tr>\n<tr>\n<th>V\u00e4lkm\u00e4lu<\/th>\n<td>8 MB<\/td>\n<\/tr>\n<\/tbody>\n<\/table>\n<p>\u0412\u00a0<\/p>\n<h3>P\u00fcsivara funktsioonid<\/h3>\n<table>\n<tbody>\n<tr>\n<th>Ajakavad<\/th>\n<td>20<\/td>\n<\/tr>\n<tr>\n<th>Veebikonksud (URL-i jagamised)<\/th>\n<td>20, iga veebikonksu kohta 5 URL-i<\/td>\n<\/tr>\n<tr>\n<th>Skriptid<\/th>\n<td>Jah<\/td>\n<\/tr>\n<tr>\n<th>MQTT<\/th>\n<td>Jah<\/td>\n<\/tr>\n<tr>\n<th>T\u00e4psem ajastamine<\/th>\n<td>Jah<\/td>\n<\/tr>\n<tr>\n<th>KVS (v\u00f5tme-v\u00e4\u00e4rtuse salvestamine)<\/th>\n<td>Jah<\/td>\n<\/tr>\n<\/tbody>\n<\/table>\n<\/div>\n","protected":false},"excerpt":{"rendered":"<p>Shelly Dimmer Gen3 WiFi valguskontroller Shelly Dimmer Gen3 on kompaktne \u00fcheahelaline valgusregulaator, mis v\u00f5imaldab valgustuse heledust t\u00e4pselt juhtida nutitelefonist, tahvelarvutist, arvutist v\u00f5i koduse automatiseerimiss\u00fcsteemist. See t\u00f6\u00f6tab WiFi-kohaliku v\u00f5rgu kaudu ilma t\u00e4iendava jaoturi vajaduseta ning toetab ka kaugjuhtimist pilve kaudu. See v\u00f5ib t\u00f6\u00f6tada neutraaljuhtmega v\u00f5i ilma. Seade pakub ka WiFi-signaali v\u00f5imendamist, koostalitlusv\u00f5imet Bluetoothi \u200b\u200bja BLE-l\u00fc\u00fcsiga ning [&#8230;]\n","protected":false},"featured_media":13978,"comment_status":"open","ping_status":"closed","template":"","meta":[],"product_brand":[551],"product_cat":[918],"product_tag":[],"class_list":{"0":"post-13977","1":"product","2":"type-product","3":"status-publish","4":"has-post-thumbnail","6":"product_brand-shelly","7":"product_cat-smart-controllers","9":"first","10":"outofstock","11":"taxable","12":"shipping-taxable","13":"purchasable","14":"product-type-simple"},"aioseo_notices":[],"_links":{"self":[{"href":"https:\/\/asura.lv\/et\/wp-json\/wp\/v2\/product\/13977","targetHints":{"allow":["GET"]}}],"collection":[{"href":"https:\/\/asura.lv\/et\/wp-json\/wp\/v2\/product"}],"about":[{"href":"https:\/\/asura.lv\/et\/wp-json\/wp\/v2\/types\/product"}],"replies":[{"embeddable":true,"href":"https:\/\/asura.lv\/et\/wp-json\/wp\/v2\/comments?post=13977"}],"wp:featuredmedia":[{"embeddable":true,"href":"https:\/\/asura.lv\/et\/wp-json\/wp\/v2\/media\/13978"}],"wp:attachment":[{"href":"https:\/\/asura.lv\/et\/wp-json\/wp\/v2\/media?parent=13977"}],"wp:term":[{"taxonomy":"product_brand","embeddable":true,"href":"https:\/\/asura.lv\/et\/wp-json\/wp\/v2\/product_brand?post=13977"},{"taxonomy":"product_cat","embeddable":true,"href":"https:\/\/asura.lv\/et\/wp-json\/wp\/v2\/product_cat?post=13977"},{"taxonomy":"product_tag","embeddable":true,"href":"https:\/\/asura.lv\/et\/wp-json\/wp\/v2\/product_tag?post=13977"}],"curies":[{"name":"wp","href":"https:\/\/api.w.org\/{rel}","templated":true}]}}