{"id":14181,"date":"2025-11-29T00:11:19","date_gmt":"2025-11-29T00:11:19","guid":{"rendered":"https:\/\/asura.lv\/product\/sunnylife-mini-protective-case-fp-sn953-c-for-dji-flip-orange\/"},"modified":"2025-12-12T15:19:50","modified_gmt":"2025-12-12T13:19:50","slug":"sunnylife-mini-protective-case-fp-sn953-c-for-dji-flip-orange","status":"publish","type":"product","link":"https:\/\/asura.lv\/et\/toode\/sunnylife-mini-protective-case-fp-sn953-c-for-dji-flip-orange\/","title":{"rendered":"Sunnylife mini kaitse\u00fcmbris FP-SN953-C DJI FLIPile (oran\u017e)"},"content":{"rendered":"<h3>Sunnylife minikaitse\u00fcmbris FP-SN953-C DJI FLIP-ile (oran\u017e)<\/h3>\n<p>Sunnylife FP-SN953-C minikaitse\u00fcmbris DJI FLIP-ile \u00fchendab ainulaadse disaini tipptasemel funktsionaalsusega. T\u00e4nu t\u00e4psele valmistamisele, \u00fchilduvusele originaalsete stabilisaatori ja objektiivikattega ning lisalahendustele, nagu \u00f5larihm ja karabiinikinnitus, tagab \u00fcmbris kindla kaitse l\u00f6\u00f6kide ja tolmu eest, parandades samal ajal teie drooni originaalset v\u00e4limust. Hoolitse oma varustuse ohutuse eest Sunnylife&#8217;iga!<\/p>\n<p>\n<img decoding=\"async\" alt=\"\" border=\"0\" src=\"https:\/\/assets.innpro.pl\/13589\/16708\/5.jpg\"\/>\n<\/p>\n<h3>Ainulaadne disain ja funktsionaalsus<\/h3>\n<p>Sunnylife FP-SN953-C minikaitse\u00fcmbrist iseloomustab elegantne ja vastupidav disain. \u00dcmbrise kuju meenutab kalabashi v\u00f5i v\u00e4ikest k\u00f5rvitsat, mis annab teie droonile ainulaadse v\u00e4limuse ja eristab seda teistest. T\u00e4pne meisterlikkus tagab ideaalse sobivuse, garanteerides teie DJI FLIPi stabiilse haarde.<\/p>\n<p>\n<img decoding=\"async\" alt=\"\" border=\"0\" src=\"https:\/\/assets.innpro.pl\/13589\/16708\/1.jpg\"\/>\n<\/p>\n<h3>Mugavus ja liikuvus k\u00f5rgeimal tasemel<\/h3>\n<p>\u00dcmbris on varustatud vastupidava rihmaga, mis teeb sellest praktilise mini\u00f5lakoti. T\u00e4iendav karabiinikinnitus v\u00f5imaldab teil lisatarviku h\u00f5lpsalt seljakoti k\u00fclge kinnitada, j\u00e4ttes teie k\u00e4ed edasisteks tegevusteks vabaks. See on lahendus, mis \u00fchendab mugavuse ja mobiilsuse, muutes igap\u00e4evase kasutamise veelgi nauditavamaks.<\/p>\n<p>\n<img decoding=\"async\" alt=\"\" border=\"0\" src=\"https:\/\/assets.innpro.pl\/13589\/16708\/4.jpg\"\/>\n<\/p>\n<h3>Mitmek\u00fclgne \u00fchilduvus ja usaldusv\u00e4\u00e4rne kaitse<\/h3>\n<p>Toode on t\u00e4ielikult \u00fchilduv originaalse Sunnylife stabilisaatori ja objektiivikattega, muutes selle ideaalseks t\u00e4ienduseks teie DJI FLIP komplektile. Plastmaterjal pakub kaitset l\u00f6\u00f6kide ja tolmu eest, olles samal ajal kerge, kaaludes vaid 132 grammi. Kompaktne suurus muudab koti mitte ainult funktsionaalseks, vaid ka h\u00f5lpsasti kaasaskantavaks.<\/p>\n<p>\n<img decoding=\"async\" alt=\"\" border=\"0\" src=\"https:\/\/assets.innpro.pl\/13589\/16708\/6.jpg\"\/>\n<\/p>\n<h3>Ideaalne lahendus n\u00f5udlikele kasutajatele<\/h3>\n<p>Sunnylife FP-SN953-C minikaitsekott tagab teie droonile kindla kaitse, s\u00e4ilitades samal ajal stiilse disaini. Selle mitmek\u00fclgne kasutus, t\u00e4pne t\u00f6\u00f6tlus ja lisatarvikud rihma ja karabiini n\u00e4ol muudavad selle suurep\u00e4raseks valikuks k\u00f5igile, kes hindavad oma varustuse ohutust, mugavust ja originaalset disaini. Vali Sunnylife juba t\u00e4na ja liitu rahulolevate DJI FLIP droonikasutajate ridadega!<\/p>\n<p>\n<img decoding=\"async\" alt=\"\" border=\"0\" src=\"https:\/\/assets.innpro.pl\/13589\/16708\/3.jpg\"\/>\n<\/p>\n<h3>Kaasas<\/h3>\n<ul class=\"list-disc pl-5\">\n<li>kaitse\u00fcmbris<\/li>\n<li>rihm<\/li>\n<li>karabiin<\/li>\n<li>kasutusjuhend<\/li>\n<\/ul>\n<div class=\"table-wrapper\">\n<p>\u0412\u00a0<\/p>\n<h3><\/h3>\n<table>\n<tbody>\n<tr>\n<th>Tootja<\/th>\n<td>Sunnylife<\/td>\n<\/tr>\n<tr>\n<th>Mudel<\/th>\n<td>FP-SN953<\/td>\n<\/tr>\n<tr>\n<th>\u00dchilduvad mudelid<\/th>\n<td>DJI FLIP<\/td>\n<\/tr>\n<tr>\n<th>Valmistamismaterjal<\/th>\n<td>Plast<\/td>\n<\/tr>\n<tr>\n<th>Kaal<\/th>\n<td>132 g<\/td>\n<\/tr>\n<tr>\n<th>M\u00f5\u00f5tmed<\/th>\n<td>183 x 66 x 165 mm<\/td>\n<\/tr>\n<tr>\n<th>V\u00e4rv<\/th>\n<td>Oran\u017e<\/td>\n<\/tr>\n<tr>\n<th>Turvafunktsioonid<\/th>\n<td>Tolmu- ja l\u00f6\u00f6gikindlus<\/td>\n<\/tr>\n<\/tbody>\n<\/table>\n<\/div>\n","protected":false},"excerpt":{"rendered":"<p>Sunnylife minikaitse\u00fcmbris FP-SN953-C DJI FLIP-ile (oran\u017e) Sunnylife FP-SN953-C minikaitse\u00fcmbris DJI FLIP-ile \u00fchendab ainulaadse disaini tipptasemel funktsionaalsusega. T\u00e4nu t\u00e4psele valmistamisele, \u00fchilduvusele originaalsete stabilisaatori ja objektiivikattega ning lisalahendustele, nagu \u00f5larihm ja karabiinikinnitus, tagab \u00fcmbris kindla kaitse l\u00f6\u00f6kide ja tolmu eest, parandades samal ajal teie drooni originaalset v\u00e4limust. Hoolitse oma varustuse ohutuse eest Sunnylife&#8217;iga! Ainulaadne disain ja funktsionaalsus [&#8230;]\n","protected":false},"featured_media":14182,"comment_status":"open","ping_status":"closed","template":"","meta":[],"product_brand":[432],"product_cat":[1026],"product_tag":[],"class_list":{"0":"post-14181","1":"product","2":"type-product","3":"status-publish","4":"has-post-thumbnail","6":"product_brand-sunnylife","7":"product_cat-dji","9":"first","10":"outofstock","11":"taxable","12":"shipping-taxable","13":"purchasable","14":"product-type-simple"},"aioseo_notices":[],"_links":{"self":[{"href":"https:\/\/asura.lv\/et\/wp-json\/wp\/v2\/product\/14181","targetHints":{"allow":["GET"]}}],"collection":[{"href":"https:\/\/asura.lv\/et\/wp-json\/wp\/v2\/product"}],"about":[{"href":"https:\/\/asura.lv\/et\/wp-json\/wp\/v2\/types\/product"}],"replies":[{"embeddable":true,"href":"https:\/\/asura.lv\/et\/wp-json\/wp\/v2\/comments?post=14181"}],"wp:featuredmedia":[{"embeddable":true,"href":"https:\/\/asura.lv\/et\/wp-json\/wp\/v2\/media\/14182"}],"wp:attachment":[{"href":"https:\/\/asura.lv\/et\/wp-json\/wp\/v2\/media?parent=14181"}],"wp:term":[{"taxonomy":"product_brand","embeddable":true,"href":"https:\/\/asura.lv\/et\/wp-json\/wp\/v2\/product_brand?post=14181"},{"taxonomy":"product_cat","embeddable":true,"href":"https:\/\/asura.lv\/et\/wp-json\/wp\/v2\/product_cat?post=14181"},{"taxonomy":"product_tag","embeddable":true,"href":"https:\/\/asura.lv\/et\/wp-json\/wp\/v2\/product_tag?post=14181"}],"curies":[{"name":"wp","href":"https:\/\/api.w.org\/{rel}","templated":true}]}}