{"id":14325,"date":"2025-11-29T00:10:10","date_gmt":"2025-11-29T00:10:10","guid":{"rendered":"https:\/\/asura.lv\/product\/telesin-multifunctional-sd-and-tf-card-reader-s6-mcr-01\/"},"modified":"2025-12-12T15:18:50","modified_gmt":"2025-12-12T13:18:50","slug":"telesin-multifunctional-sd-and-tf-card-reader-s6-mcr-01","status":"publish","type":"product","link":"https:\/\/asura.lv\/et\/toode\/telesin-multifunctional-sd-and-tf-card-reader-s6-mcr-01\/","title":{"rendered":"Telesin multifunktsionaalne SD- ja TF-kaardilugeja (S6-MCR-01)"},"content":{"rendered":"<h3>Telesini multifunktsionaalne SD- ja TF-kaardilugeja (S6-MCR-01)<\/h3>\n<p>Telesini S6-MCR-01 kaardilugeja on mitmek\u00fclgne seade, mis \u00fchendab endas salvestus-, lugemis- ja kirjutamisfunktsioonid. See v\u00f5imaldab samaaegselt lugeda kahte kaarti &#8211; 1 SD ja 1 TF &#8211; ning lisaks v\u00f5imaldab see turvaliselt salvestada 4 SD-kaarti, 6 TF-kaarti ja 2 Nano SIM-kaarti. See teeb selle ideaalseks professionaalseteks foto- ja videosessioonideks! See paistab silma ka oma laia \u00fchilduvuse ja vastupidava disaini poolest, millel on IP54 reiting.<\/p>\n<p>\n<img decoding=\"async\" alt=\"\" border=\"0\" src=\"https:\/\/assets.innpro.pl\/13038\/15916\/6.jpg\"\/>\n<\/p>\n<h3>Kiire andmeedastus ja lai \u00fchilduvus<\/h3>\n<p>Toetades kuni 312 MB\/s edastuskiirust ja sisseehitatud USB 3.1 kiibistikku, pakub Telesini lugeja suurte failide v\u00e4lkkiiret edastamist. Unusta pikk ootamine! Lisaks on seade varustatud USB-C pistikuga, millel on plug-and-play lahendus, mis v\u00f5imaldab teil selle otse nutitelefoni, tahvelarvuti v\u00f5i s\u00fclearvutiga \u00fchendada \u2013 t\u00e4iendavat seadistamist pole vaja. Toode \u00fchildub Linuxi, iOS-i, Androidi, Windows 7+ ja macOS 10+ operatsioonis\u00fcsteemidega.<\/p>\n<p>\n<img decoding=\"async\" alt=\"\" border=\"0\" src=\"https:\/\/assets.innpro.pl\/13038\/15916\/8.jpg\"\/>\n<\/p>\n<h3>Kaitse ja vastupidavus igas olukorras<\/h3>\n<p>S6-MCR-01 kaardilugejal on vastupidav disain, IP54 kaitseklass ja paks silikoonkate. Seet\u00f5ttu on see t\u00f5husalt kaitstud kukkumiste, tolmu ja pritsmete eest, tagades andmete turvalisuse isegi karmides v\u00e4litingimustes. Lisaks muudab selle kompaktne suurus ja kerge kaal (144 g) selle kaasaskandmise v\u00e4ga mugavaks. Kaasas on ka karabiinihaak, mis teeb transportimise veelgi lihtsamaks \u2013 saate selle n\u00e4iteks koti k\u00fclge kinnitada.<\/p>\n<p>\n<img decoding=\"async\" alt=\"\" border=\"0\" src=\"https:\/\/assets.innpro.pl\/13038\/15916\/1.jpg\"\/>\n<\/p>\n<h3>Kaasas<\/h3>\n<ul class=\"list-disc pl-5\">\n<li>Kaardilugeja<\/li>\n<li>Karabiinhaak<\/li>\n<li>Kasutusjuhend<\/li>\n<\/ul>\n<div class=\"table-wrapper\">\n<p>\u0412\u00a0<\/p>\n<h3><\/h3>\n<table>\n<tbody>\n<tr>\n<th>Tootja<\/th>\n<td>Telesin<\/td>\n<\/tr>\n<tr>\n<th>Nimi<\/th>\n<td>Mitmeotstarbeline kaart Lugeja<\/td>\n<\/tr>\n<tr>\n<th>Mudel<\/th>\n<td>S6-MCR-01<\/td>\n<\/tr>\n<tr>\n<th>V\u00e4rv<\/th>\n<td>Must<\/td>\n<\/tr>\n<tr>\n<th>Materjal<\/th>\n<td>Alumiinium, ABS, silikoon<\/td>\n<\/tr>\n<tr>\n<th>Kaal<\/th>\n<td>144 g<\/td>\n<\/tr>\n<tr>\n<th>M\u00f5\u00f5tmed<\/th>\n<td>117 \u00d7 53 \u00d7 24 mm<\/td>\n<\/tr>\n<tr>\n<th>Salvestusruum<\/th>\n<td>4 \u00d7 SD-kaarti, 6 \u00d7 TF-kaarti, 2 \u00d7 Nano-SIM-kaarti<\/td>\n<\/tr>\n<tr>\n<th>Liides<\/th>\n<td>USB-C<\/td>\n<\/tr>\n<tr>\n<th>Edastuskiirus<\/th>\n<td>Kuni 312 MB\/s<\/td>\n<\/tr>\n<tr>\n<th>\u00dchilduv s\u00fcsteemid<\/th>\n<td>Linux, iOS, Android, Windows 7+, macOS 10+<\/td>\n<\/tr>\n<tr>\n<th>\u00dchilduvad seadmed<\/th>\n<td>Spordikaamerad, videokaamerad, nutitelefonid, arvutid<\/td>\n<\/tr>\n<tr>\n<th>Toetatud m\u00e4lukaardid<\/th>\n<td>UHS-II, SD4.0: UHS-II: SDXC, SDHC, SD-kaardid; UHS-I: SDXC, SDHC, SD-kaardid; UHS-II: micro SDXC, micro SDHC, micro SD-kaardid; UHS-I: micro SDXC, micro SDHC, micro SD-kaardid;<\/td>\n<\/tr>\n<\/tbody>\n<\/table>\n<\/div>\n","protected":false},"excerpt":{"rendered":"<p>Telesini multifunktsionaalne SD- ja TF-kaardilugeja (S6-MCR-01) Telesini S6-MCR-01 kaardilugeja on mitmek\u00fclgne seade, mis \u00fchendab endas salvestus-, lugemis- ja kirjutamisfunktsioonid. See v\u00f5imaldab samaaegselt lugeda kahte kaarti &#8211; 1 SD ja 1 TF &#8211; ning lisaks v\u00f5imaldab see turvaliselt salvestada 4 SD-kaarti, 6 TF-kaarti ja 2 Nano SIM-kaarti. See teeb selle ideaalseks professionaalseteks foto- ja videosessioonideks! See [&#8230;]\n","protected":false},"featured_media":14326,"comment_status":"open","ping_status":"closed","template":"","meta":[],"product_brand":[296],"product_cat":[1182],"product_tag":[],"class_list":{"0":"post-14325","1":"product","2":"type-product","3":"status-publish","4":"has-post-thumbnail","6":"product_brand-telesin","7":"product_cat-card-readers","9":"first","10":"outofstock","11":"taxable","12":"shipping-taxable","13":"purchasable","14":"product-type-simple"},"aioseo_notices":[],"_links":{"self":[{"href":"https:\/\/asura.lv\/et\/wp-json\/wp\/v2\/product\/14325","targetHints":{"allow":["GET"]}}],"collection":[{"href":"https:\/\/asura.lv\/et\/wp-json\/wp\/v2\/product"}],"about":[{"href":"https:\/\/asura.lv\/et\/wp-json\/wp\/v2\/types\/product"}],"replies":[{"embeddable":true,"href":"https:\/\/asura.lv\/et\/wp-json\/wp\/v2\/comments?post=14325"}],"wp:featuredmedia":[{"embeddable":true,"href":"https:\/\/asura.lv\/et\/wp-json\/wp\/v2\/media\/14326"}],"wp:attachment":[{"href":"https:\/\/asura.lv\/et\/wp-json\/wp\/v2\/media?parent=14325"}],"wp:term":[{"taxonomy":"product_brand","embeddable":true,"href":"https:\/\/asura.lv\/et\/wp-json\/wp\/v2\/product_brand?post=14325"},{"taxonomy":"product_cat","embeddable":true,"href":"https:\/\/asura.lv\/et\/wp-json\/wp\/v2\/product_cat?post=14325"},{"taxonomy":"product_tag","embeddable":true,"href":"https:\/\/asura.lv\/et\/wp-json\/wp\/v2\/product_tag?post=14325"}],"curies":[{"name":"wp","href":"https:\/\/api.w.org\/{rel}","templated":true}]}}