{"id":14355,"date":"2025-11-29T00:10:07","date_gmt":"2025-11-29T00:10:07","guid":{"rendered":"https:\/\/asura.lv\/product\/pla-matte-elegoo-filament-white\/"},"modified":"2025-12-12T15:18:48","modified_gmt":"2025-12-12T13:18:48","slug":"pla-matte-elegoo-filament-white","status":"publish","type":"product","link":"https:\/\/asura.lv\/et\/toode\/pla-matte-elegoo-filament-white\/","title":{"rendered":"PLA matt ELEGOO filament (valge)"},"content":{"rendered":"<h3>ELEGOO PLA mattfilament (valge)<\/h3>\n<p>Elegoo PLA matt on filament, mis annab prinditud piltidele mati viimistluse. Selle pind on madala l\u00e4ike ja sileduse t\u00f5ttu peaaegu t\u00e4ielikult kadunud. Sellel on fikseeritud l\u00e4bim\u00f5\u00f5t 1,75 \u00b1 0,02 mm ja printer t\u00f6\u00f6tab sellega temperatuurivahemikus 190 \u00b0C kuni 230 \u00b0C, et toota \u00fclit\u00e4pseid prinditud pilte.<\/p>\n<p>\n<img decoding=\"async\" alt=\"\" border=\"0\" src=\"https:\/\/assets.innpro.pl\/13351\/16434\/8.jpg\"\/>\n<\/p>\n<h3>T\u00e4psus ja t\u00f6\u00f6kindlus<\/h3>\n<p>Filmi l\u00e4bim\u00f5\u00f5t on 1,75 mm ja t\u00e4psus \u00b1 0,02 mm, mis tagab printeri t\u00e4pse t\u00f6\u00f6. Pool, millele see on hoolikalt keritud, hoiab \u00e4ra sassimineku ja s\u00f6\u00f6tmisprobleemid. Nii saate nautida probleemivaba printimist ilma d\u00fc\u00fcsi ummistumata v\u00f5i t\u00fckke tekitamata.<\/p>\n<p>\n<img decoding=\"async\" alt=\"\" border=\"0\" src=\"https:\/\/assets.innpro.pl\/13351\/16434\/2.jpg\"\/>\n<\/p>\n<h3>Optimaalne printimisj\u00f5udlus<\/h3>\n<p>Elegoo PLA Matte t\u00f6\u00f6tab d\u00fc\u00fcsi temperatuuridel vahemikus 190 \u00b0C kuni 230 \u00b0C. Printimiskiirus peaks olema vahemikus 30 kuni 70 mm\/s, mis v\u00f5imaldab projektide puhul tasakaalu kvaliteedi ja teostusaja vahel. Selline parameetrite valik v\u00f5imaldab saavutada suure t\u00e4psuse ja esteetikaga prinditud tulemusi.<\/p>\n<p>\n<img decoding=\"async\" alt=\"\" border=\"0\" src=\"https:\/\/assets.innpro.pl\/13351\/16434\/5.jpg\"\/>\n<\/p>\n<h3>Keskkonnas\u00f5bralik<\/h3>\n<p>Elegoo PLA Matte filament on loodud \u00f6koloogiat silmas pidades. Papist ja kiirema lagunemiskiirusega materjalist valmistatud poolid annavad tunnistust vastutustundlikust l\u00e4henemisest keskkonnale, mis on selle toote valimisel t\u00e4iendav eelis. Pakend sisaldab 1 kg materjali.<\/p>\n<p>\n<img decoding=\"async\" alt=\"\" border=\"0\" src=\"https:\/\/assets.innpro.pl\/13351\/16434\/3.jpg\"\/>\n<\/p>\n<div class=\"table-wrapper\">\n<p>\u0412\u00a0<\/p>\n<h3><\/h3>\n<table>\n<tbody>\n<tr>\n<th>Tootja<\/th>\n<td>Elegoo<\/td>\n<\/tr>\n<tr>\n<th>Mudel<\/th>\n<td>PLA matt<\/td>\n<\/tr>\n<tr>\n<th>V\u00e4rv<\/th>\n<td>valge<\/td>\n<\/tr>\n<tr>\n<th>Kaal<\/th>\n<td>1 kg<\/td>\n<\/tr>\n<tr>\n<th>L\u00e4bim\u00f5\u00f5t<\/th>\n<td>1,75 \u00b1 0,02 mm<\/td>\n<\/tr>\n<tr>\n<th>Tr\u00fckiotsik temperatuur<\/th>\n<td>190 \u00b0C &#8211; 230 \u00b0C<\/td>\n<\/tr>\n<\/tbody>\n<\/table>\n<\/div>\n","protected":false},"excerpt":{"rendered":"<p>ELEGOO PLA mattfilament (valge) Elegoo PLA matt on filament, mis annab prinditud piltidele mati viimistluse. Selle pind on madala l\u00e4ike ja sileduse t\u00f5ttu peaaegu t\u00e4ielikult kadunud. Sellel on fikseeritud l\u00e4bim\u00f5\u00f5t 1,75 \u00b1 0,02 mm ja printer t\u00f6\u00f6tab sellega temperatuurivahemikus 190 \u00b0C kuni 230 \u00b0C, et toota \u00fclit\u00e4pseid prinditud pilte. T\u00e4psus ja t\u00f6\u00f6kindlus Filmi l\u00e4bim\u00f5\u00f5t on [&#8230;]\n","protected":false},"featured_media":14356,"comment_status":"open","ping_status":"closed","template":"","meta":[],"product_brand":[694],"product_cat":[975],"product_tag":[],"class_list":{"0":"post-14355","1":"product","2":"type-product","3":"status-publish","4":"has-post-thumbnail","6":"product_brand-elegoo","7":"product_cat-filaments","9":"first","10":"outofstock","11":"taxable","12":"shipping-taxable","13":"purchasable","14":"product-type-simple"},"aioseo_notices":[],"_links":{"self":[{"href":"https:\/\/asura.lv\/et\/wp-json\/wp\/v2\/product\/14355","targetHints":{"allow":["GET"]}}],"collection":[{"href":"https:\/\/asura.lv\/et\/wp-json\/wp\/v2\/product"}],"about":[{"href":"https:\/\/asura.lv\/et\/wp-json\/wp\/v2\/types\/product"}],"replies":[{"embeddable":true,"href":"https:\/\/asura.lv\/et\/wp-json\/wp\/v2\/comments?post=14355"}],"wp:featuredmedia":[{"embeddable":true,"href":"https:\/\/asura.lv\/et\/wp-json\/wp\/v2\/media\/14356"}],"wp:attachment":[{"href":"https:\/\/asura.lv\/et\/wp-json\/wp\/v2\/media?parent=14355"}],"wp:term":[{"taxonomy":"product_brand","embeddable":true,"href":"https:\/\/asura.lv\/et\/wp-json\/wp\/v2\/product_brand?post=14355"},{"taxonomy":"product_cat","embeddable":true,"href":"https:\/\/asura.lv\/et\/wp-json\/wp\/v2\/product_cat?post=14355"},{"taxonomy":"product_tag","embeddable":true,"href":"https:\/\/asura.lv\/et\/wp-json\/wp\/v2\/product_tag?post=14355"}],"curies":[{"name":"wp","href":"https:\/\/api.w.org\/{rel}","templated":true}]}}