{"id":14601,"date":"2025-11-29T00:09:45","date_gmt":"2025-11-29T00:09:45","guid":{"rendered":"https:\/\/asura.lv\/product\/podofo-k0126-7-car-monitor\/"},"modified":"2025-12-12T15:18:28","modified_gmt":"2025-12-12T13:18:28","slug":"podofo-k0126-7-car-monitor","status":"publish","type":"product","link":"https:\/\/asura.lv\/et\/toode\/podofo-k0126-7-car-monitor\/","title":{"rendered":"Podofo K0126 7-tolline automonitor"},"content":{"rendered":"<h3>Podofo K0126 automonitor Mirror Link, BT, USB 7&#8243;<\/h3>\n<p>Podofo K0126 automonitor on usaldusv\u00e4\u00e4rne seade, mis \u00fchendab endas multimeedia, meelelahutuse ja ohutusfunktsioonid. Mirror Linki, Bluetoothi, FM-saatja funktsiooni, tagakaamera toe ja paljude muude funktsioonidega saab sellest asendamatu autovarustus. Lisamugavused, nagu telefoni laadimine ja v\u00e4rviline taustvalgustus, muudavad selle veelgi atraktiivsemaks. Valige Podofo K0126 ja nautige iga p\u00e4ev mugavat ja turvalist s\u00f5itu.<\/p>\n<p>\n<img decoding=\"async\" alt=\"\" border=\"0\" src=\"https:\/\/assets.innpro.pl\/12992\/15847\/7.jpg\"\/>\n<\/p>\n<h3>S\u00fcnkroniseerimine telefoniga t\u00e4nu Mirror Linkile<\/h3>\n<p>Podofo K0126 toetab Mirror Linki Androidi ja iOS-i seadmete jaoks, mis v\u00f5imaldab teil telefoni ekraani auto ekraaniga s\u00fcnkroonida. See teeb kaartide vaatamise, muusika esitamise v\u00f5i rakenduste kasutamise otse seadmes lihtsaks. monitori, saavutades t\u00e4ieliku kontrolli. Android pakub kahesuunalist juhtimist, samas kui iPhone t\u00f6\u00f6tab \u00fchesuunalises re\u017eiimis, et oleks mugavam juhtida auto puutetundliku ekraani kaudu.<\/p>\n<p>\n<img decoding=\"async\" alt=\"\" border=\"0\" src=\"https:\/\/assets.innpro.pl\/12992\/15847\/2.jpg\"\/>\n<\/p>\n<h3>Bluetooth-\u00fchendus \u2013 suhtlus ja muusika juhtmevabalt<\/h3>\n<p>Monitor on varustatud A2DP-toega Bluetoothiga, mis v\u00f5imaldab teil vabalt telefonik\u00f5nesid teha ilma telefoni k\u00e4es hoidmata. K\u00e4ed-vabad funktsioon pakub k\u00f5nede ajal t\u00e4ielikku mugavust ning telefonist muusikat esitades saate nautida oma lemmikmuusikat, muretsemata sassis kaablite p\u00e4rast. Lisaks saab telefoni kontaktide raamatuid seadmesse h\u00f5lpsalt alla laadida, et saaksite olulistele numbritele kiiresti juurde p\u00e4\u00e4seda.<\/p>\n<p>\n<img decoding=\"async\" alt=\"\" border=\"0\" src=\"https:\/\/assets.innpro.pl\/12992\/15847\/9.jpg\"\/>\n<\/p>\n<h3>Turvaline parkimine<\/h3>\n<p>Podofo K0126 toetab tagurduskaamerat, mis kuvab tagurpidik\u00e4igu sissel\u00fclitamisel automaatselt pildi ekraanile. See lihtsustab parkimisman\u00f6\u00f6vreid ja aitab v\u00e4ltida tarbetuid kokkup\u00f5rkeid. See on oluline mugavus, mis parandab ohutust igap\u00e4evastes olukordades teedel.<\/p>\n<p>\n<img decoding=\"async\" alt=\"\" border=\"0\" src=\"https:\/\/assets.innpro.pl\/12992\/15847\/4.jpg\"\/>\n<\/p>\n<h3>Roolilt juhtimine \u2013 s\u00e4tete kiire muutmine<\/h3>\n<p>Monitor v\u00f5imaldab funktsioone juhtida roolil olevate nuppude abil, mis v\u00f5imaldab teil mugavalt erinevate re\u017eiimide vahel vahetada ilma k\u00e4si s\u00f5idu ajal \u00e4ra v\u00f5tmata. See on funktsioon, mis suurendab oluliselt mugavust, v\u00f5imaldades teil t\u00e4ielikult teele keskenduda.<\/p>\n<p>\n<img decoding=\"async\" alt=\"\" border=\"0\" src=\"https:\/\/assets.innpro.pl\/12992\/15847\/11.jpg\"\/>\n<\/p>\n<h3>Muusika ja teave teie k\u00e4eulatuses<\/h3>\n<p>Monitor on varustatud kvaliteetse FM-saatjaga, mis otsib automaatselt raadiojaamu. Automaatsete ja poolautomaatsete otsingure\u017eiimide abil leiate h\u00f5lpsalt oma lemmikjaamad, et nautida muusikat, uudiseid v\u00f5i liiklusteavet. See on ideaalne neile, kes soovivad liiklusolukorraga kursis olla.<\/p>\n<p>\n<img decoding=\"async\" alt=\"\" border=\"0\" src=\"https:\/\/assets.innpro.pl\/12992\/15847\/6.jpg\"\/>\n<\/p>\n<h3>USB ja AUX muusika taasesitus<\/h3>\n<p>Monitor toetab muusika taasesitust USB-lt, \u00fchendage lihtsalt USB-m\u00e4lupulk seadmega. Lisaks on saadaval AUX-sisend, nii et saate \u00fchendada v\u00e4liseid heliseadmeid, n\u00e4iteks MP3-m\u00e4ngija, et nautida oma lemmiklugusid. TF Kaarditugi seevastu v\u00f5imaldab teil salvestada suures koguses meediat, nii et saate kogu oma muusikakogu v\u00f5i filmid teele kaasa v\u00f5tta. Lisaks t\u00e4hendab oleku m\u00e4lufunktsioon v\u00e4ljal\u00fclitatud olekus, et te ei pea seadme uuesti sissel\u00fclitamisel muusika ega helitugevuse s\u00e4tteid uuesti reguleerima. Monitor m\u00e4letab viimast konfiguratsiooni, mis on v\u00e4ga mugav ja s\u00e4\u00e4stab kasutaja aega.<\/p>\n<p>\n<img decoding=\"async\" alt=\"\" border=\"0\" src=\"https:\/\/assets.innpro.pl\/12992\/15847\/10.jpg\"\/>\n<\/p>\n<h3>V\u00e4rviline taustvalgustus \u2013 isikup\u00e4rastage oma interj\u00f6\u00f6ri<\/h3>\n<p>Monitoril on v\u00e4rviline taustvalgustus, mida saab vastavalt teie eelistustele kohandada. Valige \u00fcks saadaolevatest v\u00e4rvidest, et lisada oma s\u00f5iduki interj\u00f6\u00f6rile ainulaadne puudutus. See on v\u00e4ike detailit\u00e4psus, mis toob elegantsi ja isikup\u00e4ra.<\/p>\n<p>\n<img decoding=\"async\" alt=\"\" border=\"0\" src=\"https:\/\/assets.innpro.pl\/12992\/15847\/1.jpg\"\/>\n<\/p>\n<h3>Mitmed heliefektid<\/h3>\n<p>Podofo K0126 v\u00f5imaldab teil valida mitmesuguste heliefektide stsenaariumide hulgast, et saaksite seadme heli oma maitse j\u00e4rgi kohandada. Olenemata sellest, kas eelistate tugevat bassi v\u00f5i selget k\u00f5rget heli, leiate h\u00f5lpsalt oma muusikamaitsele sobivad seaded.<\/p>\n<p>\n<img decoding=\"async\" alt=\"\" border=\"0\" src=\"https:\/\/assets.innpro.pl\/12992\/15847\/3.jpg\"\/>\n<\/p>\n<h3>Intuitiivne ekraani kasutamine<\/h3>\n<p>Podofo K0126-l on 7-tolline HD-puuteekraan mugavaks kasutamiseks ja kiireks \u00fcleminekuks funktsioonide vahel. T\u00e4nu suurele ekraanile on multimeediat ja navigeerimist lihtsam kuvada, mis parandab oluliselt s\u00f5idukogemust.<\/p>\n<p>\n<img decoding=\"async\" alt=\"\" border=\"0\" src=\"https:\/\/assets.innpro.pl\/12992\/15847\/5.jpg\"\/>\n<\/p>\n<h3>Telefoni USB-laadimine<\/h3>\n<p>Monitor toetab telefoni USB-laadimist, mis on eriti kasulik pikkadel reisidel. Saate oma mobiilseadmeid laadida ilma pistikupesa otsimata, tagades, et teie telefon on t\u00e4ielikult kasutusvalmis.<\/p>\n<p>\n<img decoding=\"async\" alt=\"\" border=\"0\" src=\"https:\/\/assets.innpro.pl\/12992\/15847\/11a.jpg\"\/>\n<\/p>\n<h3>Kaasas<\/h3>\n<ul class=\"list-disc pl-5\">\n<li>Podofo automonitor<\/li>\n<li>Toitekaabel<\/li>\n<li>K\u00f5larikaabel<\/li>\n<li>Kaugjuhtimispult<\/li>\n<li>Kasutusjuhend<\/li>\n<\/ul>\n<div class=\"table-wrapper\">\n<p>B\u00a0<\/p>\n<h3><\/h3>\n<table>\n<tbody>\n<tr>\n<th>Tootja<\/th>\n<td>Podofo<\/td>\n<\/tr>\n<tr>\n<th>Mudel<\/th>\n<td>K0123<\/td>\n<\/tr>\n<tr>\n<th>S\u00fcsteem<\/th>\n<td>WINCE<\/td>\n<\/tr>\n<tr>\n<th>Kiibistik<\/th>\n<td>C200S<\/td>\n<\/tr>\n<tr>\n<th>Ekraani suurus<\/th>\n<td>7&#8221;<\/td>\n<\/tr>\n<tr>\n<th>Ekraani eraldusv\u00f5ime<\/th>\n<td>800 x 480<\/td>\n<\/tr>\n<tr>\n<th>Peegellink<\/th>\n<td>Toetatud Androidile\/IOS-ile<\/td>\n<\/tr>\n<tr>\n<th>Raadiosagedusala<\/th>\n<td>FM<\/td>\n<\/tr>\n<tr>\n<th>Raadio kiip<\/th>\n<td>QN8035<\/td>\n<\/tr>\n<tr>\n<th>V\u00e4ljundv\u00f5imsus<\/th>\n<td>445 W<\/td>\n<\/tr>\n<tr>\n<th>Bluetoothi \u200b\u200bnimi<\/th>\n<td>CAR BT<\/td>\n<\/tr>\n<tr>\n<th>T\u00f6\u00f6temperatuur<\/th>\n<td>-10\u00b0C-60\u00b0C<\/td>\n<\/tr>\n<tr>\n<th>Rooliratta juhtimise funktsioon<\/th>\n<td>Toetatud<\/td>\n<\/tr>\n<tr>\n<th>V\u00f5imendusahel<\/th>\n<td>TDA7388<\/td>\n<\/tr>\n<tr>\n<th>Raadiosagedus<\/th>\n<td>87,5-108MHz<\/td>\n<\/tr>\n<tr>\n<th>Wi-Fi<\/th>\n<td>Ei toetata<\/td>\n<\/tr>\n<tr>\n<th>GPS<\/th>\n<td>Ei toetata<\/td>\n<\/tr>\n<tr>\n<th>USB versioon<\/th>\n<td>2.0<\/td>\n<\/tr>\n<tr>\n<th>Heli formaat<\/th>\n<td>MP3\/WMA\/WAV\/APE\/FLAC<\/td>\n<\/tr>\n<tr>\n<th>Video formaat<\/th>\n<td>RM\/RMVB\/AVI\/MP4\/MKV\/3GP<\/td>\n<\/tr>\n<tr>\n<th>Pildi formaat<\/th>\n<td>JPG<\/td>\n<\/tr>\n<tr>\n<th>Keel<\/th>\n<td>Inglise\/Hispaania\/Prantsuse\/Portugali\/Saksa\/Itaalia\/Vene\/T\u00fcrgi\/Araabia\/Heebrea\/Poola\/Jaapani\/Hiina<\/td>\n<\/tr>\n<tr>\n<th>Puutetundlik ekraan<\/th>\n<td>Toetatud<\/td>\n<\/tr>\n<tr>\n<th>RAM<\/th>\n<td>64M<\/td>\n<\/tr>\n<tr>\n<th>ROM-m\u00e4lu<\/th>\n<td>64M<\/td>\n<\/tr>\n<tr>\n<th>M\u00f5\u00f5tmed<\/th>\n<td>103 x 178 x 63 mm<\/td>\n<\/tr>\n<\/tbody>\n<\/table>\n<\/div>\n","protected":false},"excerpt":{"rendered":"<p>Podofo K0126 automonitor Mirror Link, BT, USB 7&#8243; Podofo K0126 automonitor on usaldusv\u00e4\u00e4rne seade, mis \u00fchendab endas multimeedia, meelelahutuse ja ohutusfunktsioonid. Mirror Linki, Bluetoothi, FM-saatja funktsiooni, tagakaamera toe ja paljude muude funktsioonidega saab sellest asendamatu autovarustus. Lisamugavused, nagu telefoni laadimine ja v\u00e4rviline taustvalgustus, muudavad selle veelgi atraktiivsemaks. Valige Podofo K0126 ja nautige iga p\u00e4ev mugavat [&#8230;]\n","protected":false},"featured_media":14602,"comment_status":"open","ping_status":"closed","template":"","meta":[],"product_brand":[737],"product_cat":[1200],"product_tag":[],"class_list":{"0":"post-14601","1":"product","2":"type-product","3":"status-publish","4":"has-post-thumbnail","6":"product_brand-podofo","7":"product_cat-car-monitors","9":"first","10":"outofstock","11":"taxable","12":"shipping-taxable","13":"purchasable","14":"product-type-simple"},"aioseo_notices":[],"_links":{"self":[{"href":"https:\/\/asura.lv\/et\/wp-json\/wp\/v2\/product\/14601","targetHints":{"allow":["GET"]}}],"collection":[{"href":"https:\/\/asura.lv\/et\/wp-json\/wp\/v2\/product"}],"about":[{"href":"https:\/\/asura.lv\/et\/wp-json\/wp\/v2\/types\/product"}],"replies":[{"embeddable":true,"href":"https:\/\/asura.lv\/et\/wp-json\/wp\/v2\/comments?post=14601"}],"wp:featuredmedia":[{"embeddable":true,"href":"https:\/\/asura.lv\/et\/wp-json\/wp\/v2\/media\/14602"}],"wp:attachment":[{"href":"https:\/\/asura.lv\/et\/wp-json\/wp\/v2\/media?parent=14601"}],"wp:term":[{"taxonomy":"product_brand","embeddable":true,"href":"https:\/\/asura.lv\/et\/wp-json\/wp\/v2\/product_brand?post=14601"},{"taxonomy":"product_cat","embeddable":true,"href":"https:\/\/asura.lv\/et\/wp-json\/wp\/v2\/product_cat?post=14601"},{"taxonomy":"product_tag","embeddable":true,"href":"https:\/\/asura.lv\/et\/wp-json\/wp\/v2\/product_tag?post=14601"}],"curies":[{"name":"wp","href":"https:\/\/api.w.org\/{rel}","templated":true}]}}