{"id":14667,"date":"2025-11-29T00:09:38","date_gmt":"2025-11-29T00:09:38","guid":{"rendered":"https:\/\/asura.lv\/product\/blitzwolf-bw-voyager1-black-watch\/"},"modified":"2025-12-12T15:18:24","modified_gmt":"2025-12-12T13:18:24","slug":"blitzwolf-bw-voyager1-black-watch","status":"publish","type":"product","link":"https:\/\/asura.lv\/et\/toode\/blitzwolf-bw-voyager1-black-watch\/","title":{"rendered":"BlitzWolf BW-Voyager1 must k\u00e4ekell"},"content":{"rendered":"<h3>BlitzWolf BW-Voyager1 kell must<\/h3>\n<p>BlitzWolf BW-Voyager1 on nutikell, mis on loodud aktiivsetele inimestele, kes hindavad funktsionaalsust, vastupidavust ja moodsat disaini. T\u00e4pse GPS-s\u00fcsteemi, ulatuslike tervisefunktsioonide ja \u00e4\u00e4rmiselt v\u00f5imsa akuga varustatud kell t\u00f5estab oma v\u00e4\u00e4rtust nii igap\u00e4evasel kasutamisel kui ka ekstreemsetes tingimustes. See sobib ideaalselt sportlastele, reisijatele ja k\u00f5igile, kes soovivad oma tervist ja aktiivsust j\u00e4lgida.<\/p>\n<p>\n<img decoding=\"async\" alt=\"\" border=\"0\" src=\"https:\/\/assets.innpro.pl\/12775\/15504\/10.jpg\"\/>\n<\/p>\n<h3>AMOLED &#8211; loetav ekraan igas olukorras<\/h3>\n<p>Nutikellal on 1,43-tolline AMOLED-ekraan eraldusv\u00f5imega 466 \u00d7 466 pikslit, mis pakub \u00e4\u00e4rmiselt selget ja detailset pilti. Kuni 1000-nitise heledusega ekraan j\u00e4\u00e4b loetavaks isegi eredas p\u00e4ikesevalguses, samas kui tundlik puuteplaat tagab seadme sujuva t\u00f6\u00f6.<\/p>\n<p>\n<img decoding=\"async\" alt=\"\" border=\"0\" src=\"https:\/\/assets.innpro.pl\/12775\/15504\/7.jpg\"\/>\n<\/p>\n<h3>T\u00e4pne GPS-positsioneerimine<\/h3>\n<p>BlitzWolf BW-Voyager1-l on kahesageduslik GNSS ja see toetab kuut positsioneerimiss\u00fcsteemi (GPS, GLONASS, GALILEO, NAVIC, QZSS, BDS) \u00e4\u00e4rmiselt t\u00e4pseks j\u00e4lgimiseks. Funktsioon \u201eNaase algusesse\u201d aitab teil turvaliselt alguspunkti naasta, olenemata sellest, kus te olete.<\/p>\n<p>\n<img decoding=\"async\" alt=\"\" border=\"0\" src=\"https:\/\/assets.innpro.pl\/12775\/15504\/6.jpg\"\/>\n<\/p>\n<h3>10 ATM veekindlus \u2013 valmis igaks v\u00e4ljakutseks<\/h3>\n<p>Nutikell on loodud aktiivseid inimesi silmas pidades, seega on selle veekindluse reiting 10 ATM. See t\u00e4hendab, et saate sellega ujuda, sukelduda ja veespordiga tegeleda, ilma et peaksite kahjustuste p\u00e4rast muretsema. Selle vastupidav disain t\u00e4hendab, et see saab hakkama isegi karmides tingimustes.<\/p>\n<p>\n<img decoding=\"async\" alt=\"\" border=\"0\" src=\"https:\/\/assets.innpro.pl\/12775\/15504\/2.jpg\"\/>\n<\/p>\n<h3>S\u00f5jaline vastupidavus<\/h3>\n<p>Tsingisulamist korpus ja Panda Glass pakuvad suurep\u00e4rast vastupidavust l\u00f6\u00f6kidele, kukkumistele ja kriimustustele. Nutikell vastab rangetele MIL-STD-810H vastupidavusstandarditele, mist\u00f5ttu sobib see ideaalselt ekstreemseteks olukordadeks, nagu ronimine, matkamine ja intensiivsed treeningud.<\/p>\n<p>\n<img decoding=\"async\" alt=\"\" border=\"0\" src=\"https:\/\/assets.innpro.pl\/12775\/15504\/1.jpg\"\/>\n<\/p>\n<h3>\u00d6\u00f6p\u00e4evaringne tervise j\u00e4lgimine<\/h3>\n<p>Kell pakub t\u00e4iustatud tervisefunktsioone, mis v\u00f5imaldavad teil j\u00e4lgida oma keha tervist \u00f6\u00f6p\u00e4evaringselt. See h\u00f5lmab pulsisageduse, vere hapnikusisalduse (SpO2), stressitaseme ja unefaasi m\u00f5\u00f5tmist. Lisaks aitavad sisseehitatud hingamisharjutused pingeid v\u00e4hendada ja heaolu parandada.<\/p>\n<p>\n<img decoding=\"async\" alt=\"\" border=\"0\" src=\"https:\/\/assets.innpro.pl\/12775\/15504\/9.jpg\"\/>\n<\/p>\n<h3>Rohkem kui 170 spordire\u017eiimi<\/h3>\n<p>Nutikell toetab enam kui 170 sisseehitatud spordire\u017eiimi, mis v\u00f5imaldavad teil t\u00e4pselt j\u00e4lgida mitmesuguseid tegevusi \u2013 jooksmisest jalgrattas\u00f5idu ja ekstreemspordini. Saate oma sooritust reaalajas anal\u00fc\u00fcsida ja treeninguid oma eesm\u00e4rkide saavutamiseks kohandada.<\/p>\n<p>\n<img decoding=\"async\" alt=\"\" border=\"0\" src=\"https:\/\/assets.innpro.pl\/12775\/15504\/5.jpg\"\/>\n<\/p>\n<h3>Bluetooth ja telefonik\u00f5ned<\/h3>\n<p>Sisseehitatud k\u00f5lari ja mikrofoniga v\u00f5imaldab kell teil Bluetoothi \u200b\u200bkaudu telefonik\u00f5nesid teha. Saate k\u00f5nesid vastu v\u00f5tta ja teha ilma telefoni j\u00e4rele haaramata \u2013 see on eriti kasulik autojuhtimise v\u00f5i treeningu ajal.<\/p>\n<p>\n<img decoding=\"async\" alt=\"\" border=\"0\" src=\"https:\/\/assets.innpro.pl\/12775\/15504\/3.jpg\"\/>\n<\/p>\n<h3>V\u00f5imas aku \u2013 kuni 65 p\u00e4eva kasutusaega<\/h3>\n<p>BlitzWolf BW-Voyager1 on varustatud 500 mAh akuga, mis kestab ootere\u017eiimis kuni 65 p\u00e4eva. Tavakasutuses on t\u00f6\u00f6aeg 5\u201310 p\u00e4eva ja energias\u00e4\u00e4sture\u017eiimis kuni 30 p\u00e4eva. Magnetiline laadimine v\u00f5imaldab kiiret ja mugavat energia taastamist umbes 2 tunniga.<\/p>\n<p>\n<img decoding=\"async\" alt=\"\" border=\"0\" src=\"https:\/\/assets.innpro.pl\/12775\/15504\/8.jpg\"\/>\n<\/p>\n<h3>Nutikad funktsioonid ja \u00fchenduvus<\/h3>\n<p>Kell t\u00f6\u00f6tab GloryFitPro rakendusega, et pakkuda m\u00e4rguandeid k\u00f5nede, s\u00f5numite ja rakenduste kohta. Sellel on ka sellised funktsioonid nagu \u00e4ratuskell, ilmateade, telefoni otsimine ja re\u017eiim \u201e\u00c4ra sega\u201d. See toetab Bluetooth 5.3, mis tagab stabiilse \u00fchenduse teie telefoniga ja sujuva andmete s\u00fcnkroniseerimise.<\/p>\n<p>\n<img decoding=\"async\" alt=\"\" border=\"0\" src=\"https:\/\/assets.innpro.pl\/12775\/15504\/4.jpg\"\/>\n<\/p>\n<h3>Kaasas<\/h3>\n<ul class=\"list-disc pl-5\">\n<li>1* BlitzWolf\u00ae BW-Voyager 1 nutikell<\/li>\n<li>1* Juhtmevaba laadimiskaabel<\/li>\n<li>1* Vahetusrihm<\/li>\n<li>1* Kasutusjuhend<\/li>\n<\/ul>\n<div class=\"table-wrapper\">\n<p>\u0412\u00a0<\/p>\n<h3><\/h3>\n<table>\n<tbody>\n<tr>\n<th>Tootja<\/th>\n<td>BlitzWolf<\/td>\n<\/tr>\n<tr>\n<th>Mudel<\/th>\n<td>BW-Voyager1 must<\/td>\n<\/tr>\n<tr>\n<th>Bluetoothi \u200b\u200bversioon<\/th>\n<td>bluetooth 5.3<\/td>\n<\/tr>\n<tr>\n<th>\u00dchilduv operatsioonis\u00fcsteem<\/th>\n<td>Android 4.4 ja uuem; iOS 9.0 ja uuemad versioonid<\/td>\n<\/tr>\n<tr>\n<th>T\u00f6\u00f6re\u017eiim<\/th>\n<td>T\u00e4ispuutetundlik<\/td>\n<\/tr>\n<tr>\n<th>GPS-positsioneerimine<\/th>\n<td>Kahesageduslik GNSS ja 6 positsioneerimiss\u00fcsteemi (GPS, GLONASS, GALILEO, NAVIC, QZSS, BDS) Abiga GPS kiireks positsioneerimiseks<\/td>\n<\/tr>\n<tr>\n<th>RAKENDUS<\/th>\n<td>Gloryfitpro<\/td>\n<\/tr>\n<tr>\n<th>Master Chip<\/th>\n<td>ATS3085L<\/td>\n<\/tr>\n<tr>\n<th>Rakenduse keel<\/th>\n<td>Inglise, lihtsustatud hiina, traditsiooniline hiina, jaapani, prantsuse, saksa, itaalia, korea, hispaania, ukraina, vene, bulgaaria, indoneesia, t\u00fcrgi, heebrea, t\u0161ehhi, slovaki, poola, tai, rumeenia, portugali, mongoolia, araabia<\/td>\n<\/tr>\n<tr>\n<th>Omadused<\/th>\n<td>Baromeetriline r\u00f5hum\u00f5\u00f5tur ja kompensaator, 10 ATM (sukeldumisre\u017eiimis veekindel).<\/td>\n<\/tr>\n<\/tbody>\n<\/table>\n<p>\u0412\u00a0<\/p>\n<h3>Tehnilised parameetrid<\/h3>\n<table>\n<tbody>\n<tr>\n<th>Veekindel<\/th>\n<td>10 ATM<\/td>\n<\/tr>\n<tr>\n<th>Ekraani suurus<\/th>\n<td>1,43 tolli<\/td>\n<\/tr>\n<tr>\n<th>Ekraani materjal<\/th>\n<td>AMOLED<\/td>\n<\/tr>\n<tr>\n<th>Eraldusv\u00f5ime<\/th>\n<td>466*466 pikslit, 391 PPI, heledus kuni 1000 nitti<\/td>\n<\/tr>\n<tr>\n<th>Aku mahtuvus<\/th>\n<td>500mAh<\/td>\n<\/tr>\n<tr>\n<th>Ooteaeg<\/th>\n<td>Umbes 65 p\u00e4eva<\/td>\n<\/tr>\n<tr>\n<th>Treeningaeg energias\u00e4\u00e4sture\u017eiimides<\/th>\n<td>Kuni 30 p\u00e4eva<\/td>\n<\/tr>\n<tr>\n<th>Aktiivse kasutamise aeg<\/th>\n<td>Ligikaudu 7 p\u00e4eva<\/td>\n<\/tr>\n<tr>\n<th>Laadimisaeg<\/th>\n<td>Ligikaudu 2 tundi<\/td>\n<\/tr>\n<tr>\n<th>Laadimise t\u00fc\u00fcp<\/th>\n<td>Magnetiline juhtmevaba laadimine<\/td>\n<\/tr>\n<\/tbody>\n<\/table>\n<p>\u0412\u00a0<\/p>\n<h3>V\u00e4limus ja detailid<\/h3>\n<table>\n<tbody>\n<tr>\n<th>Rihma materjal<\/th>\n<td>Silikoon<\/td>\n<\/tr>\n<tr>\n<th>Kellakorpuse materjal<\/th>\n<td>Tsingisulam<\/td>\n<\/tr>\n<tr>\n<th>Sihverplaadi suurus<\/th>\n<td>Ligikaudu 52,2 * 52,2 * 13,5 mm<\/td>\n<\/tr>\n<tr>\n<th>Rihma pikkus<\/th>\n<td>Ligikaudu 249 mm<\/td>\n<\/tr>\n<tr>\n<th>Rihma laius<\/th>\n<td>Ligikaudu 22 mm<\/td>\n<\/tr>\n<\/tbody>\n<\/table>\n<\/div>\n","protected":false},"excerpt":{"rendered":"<p>BlitzWolf BW-Voyager1 kell must BlitzWolf BW-Voyager1 on nutikell, mis on loodud aktiivsetele inimestele, kes hindavad funktsionaalsust, vastupidavust ja moodsat disaini. T\u00e4pse GPS-s\u00fcsteemi, ulatuslike tervisefunktsioonide ja \u00e4\u00e4rmiselt v\u00f5imsa akuga varustatud kell t\u00f5estab oma v\u00e4\u00e4rtust nii igap\u00e4evasel kasutamisel kui ka ekstreemsetes tingimustes. See sobib ideaalselt sportlastele, reisijatele ja k\u00f5igile, kes soovivad oma tervist ja aktiivsust j\u00e4lgida. AMOLED [&#8230;]\n","protected":false},"featured_media":14668,"comment_status":"open","ping_status":"closed","template":"","meta":[],"product_brand":[224],"product_cat":[984],"product_tag":[],"class_list":{"0":"post-14667","1":"product","2":"type-product","3":"status-publish","4":"has-post-thumbnail","6":"product_brand-blitzwolf","7":"product_cat-smartwatches-smartwatches","9":"first","10":"outofstock","11":"taxable","12":"shipping-taxable","13":"purchasable","14":"product-type-simple"},"aioseo_notices":[],"_links":{"self":[{"href":"https:\/\/asura.lv\/et\/wp-json\/wp\/v2\/product\/14667","targetHints":{"allow":["GET"]}}],"collection":[{"href":"https:\/\/asura.lv\/et\/wp-json\/wp\/v2\/product"}],"about":[{"href":"https:\/\/asura.lv\/et\/wp-json\/wp\/v2\/types\/product"}],"replies":[{"embeddable":true,"href":"https:\/\/asura.lv\/et\/wp-json\/wp\/v2\/comments?post=14667"}],"wp:featuredmedia":[{"embeddable":true,"href":"https:\/\/asura.lv\/et\/wp-json\/wp\/v2\/media\/14668"}],"wp:attachment":[{"href":"https:\/\/asura.lv\/et\/wp-json\/wp\/v2\/media?parent=14667"}],"wp:term":[{"taxonomy":"product_brand","embeddable":true,"href":"https:\/\/asura.lv\/et\/wp-json\/wp\/v2\/product_brand?post=14667"},{"taxonomy":"product_cat","embeddable":true,"href":"https:\/\/asura.lv\/et\/wp-json\/wp\/v2\/product_cat?post=14667"},{"taxonomy":"product_tag","embeddable":true,"href":"https:\/\/asura.lv\/et\/wp-json\/wp\/v2\/product_tag?post=14667"}],"curies":[{"name":"wp","href":"https:\/\/api.w.org\/{rel}","templated":true}]}}