{"id":14721,"date":"2025-11-29T00:09:33","date_gmt":"2025-11-29T00:09:33","guid":{"rendered":"https:\/\/asura.lv\/product\/filtry-nd8-nd16-nd32-nd64-sunnylife-do-dji-flip\/"},"modified":"2025-12-12T15:18:19","modified_gmt":"2025-12-12T13:18:19","slug":"filtry-nd8-nd16-nd32-nd64-sunnylife-do-dji-flip","status":"publish","type":"product","link":"https:\/\/asura.lv\/et\/toode\/filtry-nd8-nd16-nd32-nd64-sunnylife-do-dji-flip\/","title":{"rendered":"Filtry ND8, ND16, ND32, ND64 Sunnylife ja DJI Flip"},"content":{"rendered":"<h3>ND8, ND16, ND32, ND64 Sunnylife filtrid DJI Flipile<\/h3>\n<p>Sunnylife ND8, ND16, ND32 ja ND64 filtrid DJI Flipile on professionaalsed lisatarvikud, mis v\u00f5imaldavad teil teha veelgi paremaid fotosid ja videoid. T\u00e4nu uuenduslikele materjalidele, suurep\u00e4rasele optilisele kvaliteedile ja k\u00f5rgele kahjustuskindlusele on need filtrid suurep\u00e4rane valik igale drooniomanikule. Investeerige nendesse kohe ja t\u00f5stke oma kaadrite kvaliteet j\u00e4rgmisele tasemele!<\/p>\n<p>\n<img decoding=\"async\" alt=\"\" border=\"0\" src=\"https:\/\/assets.innpro.pl\/12749\/15456\/1.jpg\"\/>\n<\/p>\n<h3>Kerge kui sulg, vastupidav kui kivi<\/h3>\n<p>Sunnylife filtrid on \u00e4\u00e4rmiselt kerged \u2013 iga\u00fcks kaalub vaid 0,5 g, mis t\u00e4hendab, et need ei raskenda teie drooni stabilisaatorit, tagades stabiilsuse lennu ajal. Vaatamata oma kaalule on filtrid \u00e4\u00e4rmiselt vastupidavad t\u00e4nu Saksa optilise klaasi kasutamisele, mis on l\u00e4binud t\u00e4pse lihvimisprotsessi. See tipptehnoloogia ja suurep\u00e4raste materjalide kombinatsioon muudab need filtrid \u00e4\u00e4rmiselt vastupidavaks ja kriimustuskindlaks.<\/p>\n<p>\n<img decoding=\"async\" alt=\"\" border=\"0\" src=\"https:\/\/assets.innpro.pl\/12749\/15456\/3.jpg\"\/>\n<\/p>\n<h3>Suurep\u00e4rane pildikvaliteet<\/h3>\n<p>Sunnylife filtreid eristab lisaks kergele disainile ka k\u00f5rge optiline kvaliteet. T\u00e4nu mitmekihilistele katetele ja suurele valguse l\u00e4bilaskvusele taastavad need filtrid t\u00f5husalt fotode ja videote loomulikud v\u00e4rvid. Need v\u00e4hendavad ideaalselt peegeldusi ja parandavad kontrasti, v\u00f5imaldades teil saada selgeid ja professionaalseid pilte mis tahes valgustingimustes.<\/p>\n<p>\n<img decoding=\"async\" alt=\"\" border=\"0\" src=\"https:\/\/assets.innpro.pl\/12749\/15456\/2.jpg\"\/>\n<\/p>\n<h3>Objektiivi kaitsmine<\/h3>\n<p>Sunnylife filtrite kasutamine pakub t\u00f5husat kaitset ka teie drooni objektiivile. Need filtrid on vee-, \u00f5li- ja kriimustuskindlad ning kaitsevad teie objektiivi mehaaniliste kahjustuste ja mustuse eest, tagades teie seadmete pikaajalise t\u00f6\u00f6kindluse v\u00e4litingimustes.<\/p>\n<p>\n<img decoding=\"async\" alt=\"\" border=\"0\" src=\"https:\/\/assets.innpro.pl\/12749\/15456\/4.jpg\"\/>\n<\/p>\n<h3>Lihtne kasutada ja mugav hoiustada<\/h3>\n<p>Filtreid on t\u00e4nu nende uuenduslikule disainile \u00e4\u00e4rmiselt lihtne paigaldada ja eemaldada. Filtri paigaldamiseks joondage see lihtsalt vasakul asuva logoga ja seej\u00e4rel l\u00fckake seda \u00f5rnalt sisse, kuni filter kl\u00f5psatusega oma kohale lukustub. Eemaldamiseks t\u00f5stke filter lihtsalt vasakult k\u00fcljelt \u00fcles. Iga filter on hoolikalt pakendatud elegantsesse miniatuursesse pappkarpi, mis kaitseb seda t\u00f5husalt kriimustuste ja mehaaniliste kahjustuste eest.<\/p>\n<p>\n<img decoding=\"async\" alt=\"\" border=\"0\" src=\"https:\/\/assets.innpro.pl\/12749\/15456\/7.jpg\"\/>\n<\/p>\n<div class=\"table-wrapper\">\n<p>\u0412\u00a0<\/p>\n<h3><\/h3>\n<table>\n<tbody>\n<tr>\n<th>Tootja<\/th>\n<td>Sunnylife<\/td>\n<\/tr>\n<tr>\n<th>Kaasasolevad filtrid<\/th>\n<td>ND8, ND16, ND32, ND64<\/td>\n<\/tr>\n<tr>\n<th>\u00dchilduvad seadmed<\/th>\n<td>DJI Flip<\/td>\n<\/tr>\n<tr>\n<th>Valmistamismaterjal<\/th>\n<td>PC ja optiline klaas<\/td>\n<\/tr>\n<tr>\n<th>Kaal<\/th>\n<td>0,5 g<\/td>\n<\/tr>\n<tr>\n<th>M\u00f5\u00f5tmed<\/th>\n<td>16 x 22 mm<\/td>\n<\/tr>\n<\/tbody>\n<\/table>\n<\/div>\n","protected":false},"excerpt":{"rendered":"<p>ND8, ND16, ND32, ND64 Sunnylife filtrid DJI Flipile Sunnylife ND8, ND16, ND32 ja ND64 filtrid DJI Flipile on professionaalsed lisatarvikud, mis v\u00f5imaldavad teil teha veelgi paremaid fotosid ja videoid. T\u00e4nu uuenduslikele materjalidele, suurep\u00e4rasele optilisele kvaliteedile ja k\u00f5rgele kahjustuskindlusele on need filtrid suurep\u00e4rane valik igale drooniomanikule. Investeerige nendesse kohe ja t\u00f5stke oma kaadrite kvaliteet j\u00e4rgmisele tasemele! [&#8230;]\n","protected":false},"featured_media":14722,"comment_status":"open","ping_status":"closed","template":"","meta":[],"product_brand":[432],"product_cat":[1179],"product_tag":[],"class_list":{"0":"post-14721","1":"product","2":"type-product","3":"status-publish","4":"has-post-thumbnail","6":"product_brand-sunnylife","7":"product_cat-for-sports-cameras-filters","9":"first","10":"outofstock","11":"taxable","12":"shipping-taxable","13":"purchasable","14":"product-type-simple"},"aioseo_notices":[],"_links":{"self":[{"href":"https:\/\/asura.lv\/et\/wp-json\/wp\/v2\/product\/14721","targetHints":{"allow":["GET"]}}],"collection":[{"href":"https:\/\/asura.lv\/et\/wp-json\/wp\/v2\/product"}],"about":[{"href":"https:\/\/asura.lv\/et\/wp-json\/wp\/v2\/types\/product"}],"replies":[{"embeddable":true,"href":"https:\/\/asura.lv\/et\/wp-json\/wp\/v2\/comments?post=14721"}],"wp:featuredmedia":[{"embeddable":true,"href":"https:\/\/asura.lv\/et\/wp-json\/wp\/v2\/media\/14722"}],"wp:attachment":[{"href":"https:\/\/asura.lv\/et\/wp-json\/wp\/v2\/media?parent=14721"}],"wp:term":[{"taxonomy":"product_brand","embeddable":true,"href":"https:\/\/asura.lv\/et\/wp-json\/wp\/v2\/product_brand?post=14721"},{"taxonomy":"product_cat","embeddable":true,"href":"https:\/\/asura.lv\/et\/wp-json\/wp\/v2\/product_cat?post=14721"},{"taxonomy":"product_tag","embeddable":true,"href":"https:\/\/asura.lv\/et\/wp-json\/wp\/v2\/product_tag?post=14721"}],"curies":[{"name":"wp","href":"https:\/\/api.w.org\/{rel}","templated":true}]}}