{"id":14865,"date":"2025-11-29T00:09:21","date_gmt":"2025-11-29T00:09:21","guid":{"rendered":"https:\/\/asura.lv\/product\/cable-usb-c-lightning-joyroom-s-a43-30w-15m-black\/"},"modified":"2025-12-12T15:18:07","modified_gmt":"2025-12-12T13:18:07","slug":"cable-usb-c-lightning-joyroom-s-a43-30w-15m-black","status":"publish","type":"product","link":"https:\/\/asura.lv\/et\/toode\/cable-usb-c-lightning-joyroom-s-a43-30w-15m-black\/","title":{"rendered":"Kaabel USB-C Lightning Joyroom S-A43 30W 1,5m (must)"},"content":{"rendered":"<h3>Joyroom S-A43 30W USB-C Lightning kaabel 1,5m must<\/h3>\n<p>Joyroom S-A43 kaabel pole mitte ainult funktsionaalne, vaid ka vastupidav vidin, mis vastab isegi k\u00f5ige n\u00f5udlikumate kasutajate vajadustele. Selle uuenduslik disain, vastupidavus ja paindlikkus teevad sellest suurep\u00e4rase valiku autos kasutamiseks. T\u00e4nu laiale \u00fchilduvusele populaarsete autos\u00fcsteemidega sobib see kaabel ideaalselt kaasaegsesse elustiili ja pakub teile mugavust igal reisil. Investeerige usaldusv\u00e4\u00e4rsusesse ja kvaliteeti, mis t\u00e4hendab mugavust igap\u00e4evasel kasutamisel!<\/p>\n<p>\n<img decoding=\"async\" alt=\"\" border=\"0\" src=\"https:\/\/assets.innpro.pl\/12887\/15659\/1.jpg\"\/>\n<\/p>\n<h3>T\u00e4iustatud tehnoloogia parema j\u00f5udluse tagamiseks<\/h3>\n<p>Joyroom S-A43 kaabel on varustatud magnetilise r\u00f5ngaga, mis kaitseb t\u00f5husalt elektromagnetiliste h\u00e4irete eest. Selle tulemusena on andmeedastus stabiilne ja kiire ilma viivitusteta, v\u00f5imaldades teil oma mobiilseadmeid s\u00f5idu ajal mugavalt kasutada. Nautige rakenduste (nt CarPlay, CarLife, HiCar ja paljude teiste) sujuvat toimimist, ilma et peaksite muretsema katkendliku \u00fchenduse p\u00e4rast.<\/p>\n<p>\n<img decoding=\"async\" alt=\"\" border=\"0\" src=\"https:\/\/assets.innpro.pl\/12887\/15659\/6.jpg\"\/>\n<\/p>\n<h3>Paindlik ja mugav kasutada<\/h3>\n<p>Keskkonnas\u00f5bralikust TPU-materjalist valmistatud kaabel pakub suurt paindlikkust, muutes selle kasutamise \u00e4\u00e4rmiselt mugavaks. Selle disain tagab, et seda saab h\u00f5lpsalt venitada ja l\u00fchendada ning see \u00fchendab mugavalt auto tagaosas olevaid seadmeid. S\u00f5ltumata sellest, kus reisijad istuvad, tagab kaabel mugava juurdep\u00e4\u00e4su laadimisele (kuni 1,5 meetri pikkune) ning sassis kaablitega seotud probleemide puudumine hoiab s\u00f5iduki korras.<\/p>\n<p>\n<img decoding=\"async\" alt=\"\" border=\"0\" src=\"https:\/\/assets.innpro.pl\/12887\/15659\/4.jpg\"\/>\n<\/p>\n<h3>Vastupidavus ja ohutus<\/h3>\n<p>Joyroom S-A43 kaabel on tippkvaliteediga toode. T\u00e4nu oma vastupidavale konstruktsioonile, mida on testitud enam kui 10 000 painutusts\u00fcklis, on see vastupidav mehaanilistele kahjustustele, tagades pikaealisuse. Pikliku 16-millimeetrise SR (purunemiskindla) otsa ja oks\u00fcdatsioonikindlate materjalide kasutamine v\u00f5imaldab stabiilset kasutamist isegi kuni 7 kg koormuse korral. Kaablil on ka paksem vasks\u00fcdamik, mis v\u00f5imaldab kuni 6 korda kiiremat laadimist ja v\u00e4iksemat kuumenemist.<\/p>\n<p>\n<img decoding=\"async\" alt=\"\" border=\"0\" src=\"https:\/\/assets.innpro.pl\/12887\/15659\/5.jpg\"\/>\n<\/p>\n<h3>Kiirlaadimine<\/h3>\n<p>PD 30W kiirlaadimisega saate oma seadmete energiat t\u00f5husalt ja ohutult taastada. Kaablil on USB-C\u2013Lightning-port, mis muudab selle nutitelefonide v\u00f5i tahvelarvutitega \u00fchilduvaks. Vali mugavus ja naudi iga s\u00f5itu Joyroom S-A43-ga!<\/p>\n<p>\n<img decoding=\"async\" alt=\"\" border=\"0\" src=\"https:\/\/assets.innpro.pl\/12887\/15659\/3.jpg\"\/>\n<\/p>\n<div class=\"table-wrapper\">\n<p>\u0412\u00a0<\/p>\n<h3><\/h3>\n<table>\n<tbody>\n<tr>\n<th>Tootja<\/th>\n<td>Joyroom<\/td>\n<\/tr>\n<tr>\n<th>Mudel<\/th>\n<td>S-A43<\/td>\n<\/tr>\n<tr>\n<th>Pistiku t\u00fc\u00fcp<\/th>\n<td>USB-C &#8211; Lightning<\/td>\n<\/tr>\n<tr>\n<th>Funktsioon<\/th>\n<td>Laadimine\/andmeedastus<\/td>\n<\/tr>\n<tr>\n<th>V\u00f5imsus<\/th>\n<td>PD 30 W<\/td>\n<\/tr>\n<tr>\n<th>Andmeedastus kiirus<\/th>\n<td>480 Mbps<\/td>\n<\/tr>\n<tr>\n<th>Materjal<\/th>\n<td>ABS + TPU<\/td>\n<\/tr>\n<tr>\n<th>Kaabli pikkus<\/th>\n<td>1,5 m<\/td>\n<\/tr>\n<tr>\n<th>V\u00e4rv<\/th>\n<td>must<\/td>\n<\/tr>\n<\/tbody>\n<\/table>\n<\/div>\n","protected":false},"excerpt":{"rendered":"<p>Joyroom S-A43 30W USB-C Lightning kaabel 1,5m must Joyroom S-A43 kaabel pole mitte ainult funktsionaalne, vaid ka vastupidav vidin, mis vastab isegi k\u00f5ige n\u00f5udlikumate kasutajate vajadustele. Selle uuenduslik disain, vastupidavus ja paindlikkus teevad sellest suurep\u00e4rase valiku autos kasutamiseks. T\u00e4nu laiale \u00fchilduvusele populaarsete autos\u00fcsteemidega sobib see kaabel ideaalselt kaasaegsesse elustiili ja pakub teile mugavust igal reisil. [&#8230;]\n","protected":false},"featured_media":14866,"comment_status":"open","ping_status":"closed","template":"","meta":[],"product_brand":[443],"product_cat":[1152],"product_tag":[],"class_list":{"0":"post-14865","1":"product","2":"type-product","3":"status-publish","4":"has-post-thumbnail","6":"product_brand-joyroom","7":"product_cat-usb-c-to-lightning-usb-cables","9":"first","10":"outofstock","11":"taxable","12":"shipping-taxable","13":"purchasable","14":"product-type-simple"},"aioseo_notices":[],"_links":{"self":[{"href":"https:\/\/asura.lv\/et\/wp-json\/wp\/v2\/product\/14865","targetHints":{"allow":["GET"]}}],"collection":[{"href":"https:\/\/asura.lv\/et\/wp-json\/wp\/v2\/product"}],"about":[{"href":"https:\/\/asura.lv\/et\/wp-json\/wp\/v2\/types\/product"}],"replies":[{"embeddable":true,"href":"https:\/\/asura.lv\/et\/wp-json\/wp\/v2\/comments?post=14865"}],"wp:featuredmedia":[{"embeddable":true,"href":"https:\/\/asura.lv\/et\/wp-json\/wp\/v2\/media\/14866"}],"wp:attachment":[{"href":"https:\/\/asura.lv\/et\/wp-json\/wp\/v2\/media?parent=14865"}],"wp:term":[{"taxonomy":"product_brand","embeddable":true,"href":"https:\/\/asura.lv\/et\/wp-json\/wp\/v2\/product_brand?post=14865"},{"taxonomy":"product_cat","embeddable":true,"href":"https:\/\/asura.lv\/et\/wp-json\/wp\/v2\/product_cat?post=14865"},{"taxonomy":"product_tag","embeddable":true,"href":"https:\/\/asura.lv\/et\/wp-json\/wp\/v2\/product_tag?post=14865"}],"curies":[{"name":"wp","href":"https:\/\/api.w.org\/{rel}","templated":true}]}}