{"id":15099,"date":"2025-11-28T23:10:48","date_gmt":"2025-11-28T23:10:48","guid":{"rendered":"https:\/\/asura.lv\/product\/sunnylife-oa5-b893-c-bag-for-action-5-pro-osmo-action-4-3-orange\/"},"modified":"2025-12-12T15:16:47","modified_gmt":"2025-12-12T13:16:47","slug":"sunnylife-oa5-b893-c-bag-for-action-5-pro-osmo-action-4-3-orange","status":"publish","type":"product","link":"https:\/\/asura.lv\/et\/toode\/sunnylife-oa5-b893-c-bag-for-action-5-pro-osmo-action-4-3-orange\/","title":{"rendered":"Sunnylife OA5-B893-C kott ACTION 5 PRO\/OSMO Action 4\/3 kaameratele (oran\u017e)"},"content":{"rendered":"<h3>Sunnylife OA5-B893-C kott ACTION 5 PRO\/OSMO Action 4\/3 kaameratele (oran\u017e).<\/h3>\n<p>Sunnylife OA5-B893-C kott on funktsionaalne lahendus, mis on p\u00fchendatud OSMO ACTION 5 Pro, Action 4 ja Action 3 kaameratele. T\u00e4nu kompaktsele suurusele ja vastupidavale disainile tagab toode seadmete ja tarvikute ohutu hoiustamise ning h\u00f5lbustab transportimist. Esteetiliselt meeldiv oran\u017e viimistlus muudab koti silmapaistvaks, lisades igale komplektile stiilse aktsendi.<\/p>\n<p>\n<img decoding=\"async\" border=\"0\" src=\"https:\/\/assets.innpro.pl\/12115\/14354\/2.jpg\"\/>\n<\/p>\n<h3>Vastupidavad materjalid maksimaalse kaitse tagamiseks<\/h3>\n<p>Vastupidava PU-naha ja EVA-vahu kombinatsioon tagab l\u00f6\u00f6gi- ja kriimustuskindluse. Tugev konstruktsioon kaitseb kaamerat ja tarvikuid mehaaniliste kahjustuste eest, muutes koti ideaalseks reisimiseks v\u00f5i aktiivseks kasutamiseks. Sisemine vooder on loodud \u00f5rnade esemete, n\u00e4iteks objektiivide ja kaablite, ohutuks hoiustamiseks.<\/p>\n<p>\n<img decoding=\"async\" border=\"0\" src=\"https:\/\/assets.innpro.pl\/12115\/14354\/3.jpg\"\/>\n<\/p>\n<h3>Kompaktne suurus ja kerge kaal<\/h3>\n<p>Netokaaluga vaid 140 grammi ja m\u00f5\u00f5tmetega 156 x 116 x 67 mm on Sunnylife OA5-B893-C kott \u00e4\u00e4rmiselt kaasaskantav ja h\u00f5lpsasti kaasaskantav. Kerge disain ei koorma kasutajat, muutes selle ideaalseks kaaslaseks pikkadeks reisideks, v\u00e4ljas\u00f5itudeks v\u00f5i igap\u00e4evasteks tegevusteks.<\/p>\n<p>\n<img decoding=\"async\" border=\"0\" src=\"https:\/\/assets.innpro.pl\/12115\/14354\/1.jpg\"\/>\n<\/p>\n<h3>L\u00e4bim\u00f5eldud korraldus<\/h3>\n<p>Koti sisemus on loodud kaamera ja selle lisatarvikute organiseeritud hoiustamiseks. Spetsiaalsed sahtlid tagavad, et k\u00f5ik esemed p\u00fcsivad paigal, v\u00e4ltides liikumist ja v\u00f5imalikke kahjustusi. Sel viisil aitab kott hoida teie varustust ideaalses seisukorras, olenemata olukorrast.<\/p>\n<p>\n<img decoding=\"async\" border=\"0\" src=\"https:\/\/assets.innpro.pl\/12115\/14354\/6.jpg\"\/>\n<\/p>\n<h3>Esteetika ja praktilisus<\/h3>\n<p>Koti oran\u017e v\u00e4rv annab sellele moodsa ja eristuva v\u00e4limuse, samas kui vastupidav t\u00f5mblukk tagab mugava kasutamise. Minimalistlik disain k\u00e4ib k\u00e4sik\u00e4es praktiliste omadustega, muutes Sunnylife OA5-B893-C ideaalseks valikuks OSMO ACTION kaamerahuvilistele, kes hindavad nii esteetikat kui ka funktsionaalsust.<\/p>\n<p>\n<img decoding=\"async\" border=\"0\" src=\"https:\/\/assets.innpro.pl\/12115\/14354\/7.jpg\"\/>\n<\/p>\n<div class=\"table-wrapper\">\n<p>\u0412\u00a0<\/p>\n<h3><\/h3>\n<table>\n<tbody>\n<tr>\n<th>Tootja<\/th>\n<td>Sunnylife<\/td>\n<\/tr>\n<tr>\n<th>Mudel<\/th>\n<td>OA5-B893-C<\/td>\n<\/tr>\n<tr>\n<th>\u00dchilduvad mudelid<\/th>\n<td>OSMO ACTIONS 5 Pro\/4\/3<\/td>\n<\/tr>\n<tr>\n<th>Materjal<\/th>\n<td>PU nahk + EVA<\/td>\n<\/tr>\n<tr>\n<th>Netokaal<\/th>\n<td>140g<\/td>\n<\/tr>\n<tr>\n<th>Brutokaal<\/th>\n<td>172g<\/td>\n<\/tr>\n<tr>\n<th>Koti m\u00f5\u00f5tmed<\/th>\n<td>156*116*67mm<\/td>\n<\/tr>\n<tr>\n<th>Paki m\u00f5\u00f5tmed<\/th>\n<td>158*117*71mm<\/td>\n<\/tr>\n<\/tbody>\n<\/table>\n<\/div>\n","protected":false},"excerpt":{"rendered":"<p>Sunnylife OA5-B893-C kott ACTION 5 PRO\/OSMO Action 4\/3 kaameratele (oran\u017e). Sunnylife OA5-B893-C kott on funktsionaalne lahendus, mis on p\u00fchendatud OSMO ACTION 5 Pro, Action 4 ja Action 3 kaameratele. T\u00e4nu kompaktsele suurusele ja vastupidavale disainile tagab toode seadmete ja tarvikute ohutu hoiustamise ning h\u00f5lbustab transportimist. Esteetiliselt meeldiv oran\u017e viimistlus muudab koti silmapaistvaks, lisades igale komplektile [&#8230;]\n","protected":false},"featured_media":15100,"comment_status":"open","ping_status":"closed","template":"","meta":[],"product_brand":[432],"product_cat":[1101],"product_tag":[],"class_list":{"0":"post-15099","1":"product","2":"type-product","3":"status-publish","4":"has-post-thumbnail","6":"product_brand-sunnylife","7":"product_cat-bags-and-suitcases-drone-accessories","9":"first","10":"outofstock","11":"taxable","12":"shipping-taxable","13":"purchasable","14":"product-type-simple"},"aioseo_notices":[],"_links":{"self":[{"href":"https:\/\/asura.lv\/et\/wp-json\/wp\/v2\/product\/15099","targetHints":{"allow":["GET"]}}],"collection":[{"href":"https:\/\/asura.lv\/et\/wp-json\/wp\/v2\/product"}],"about":[{"href":"https:\/\/asura.lv\/et\/wp-json\/wp\/v2\/types\/product"}],"replies":[{"embeddable":true,"href":"https:\/\/asura.lv\/et\/wp-json\/wp\/v2\/comments?post=15099"}],"wp:featuredmedia":[{"embeddable":true,"href":"https:\/\/asura.lv\/et\/wp-json\/wp\/v2\/media\/15100"}],"wp:attachment":[{"href":"https:\/\/asura.lv\/et\/wp-json\/wp\/v2\/media?parent=15099"}],"wp:term":[{"taxonomy":"product_brand","embeddable":true,"href":"https:\/\/asura.lv\/et\/wp-json\/wp\/v2\/product_brand?post=15099"},{"taxonomy":"product_cat","embeddable":true,"href":"https:\/\/asura.lv\/et\/wp-json\/wp\/v2\/product_cat?post=15099"},{"taxonomy":"product_tag","embeddable":true,"href":"https:\/\/asura.lv\/et\/wp-json\/wp\/v2\/product_tag?post=15099"}],"curies":[{"name":"wp","href":"https:\/\/api.w.org\/{rel}","templated":true}]}}