{"id":15111,"date":"2025-11-28T23:10:47","date_gmt":"2025-11-28T23:10:47","guid":{"rendered":"https:\/\/asura.lv\/product\/sunnylife-ne-zg898-d-lens-hood-for-neo-black\/"},"modified":"2025-12-12T15:16:45","modified_gmt":"2025-12-12T13:16:45","slug":"sunnylife-ne-zg898-d-lens-hood-for-neo-black","status":"publish","type":"product","link":"https:\/\/asura.lv\/et\/toode\/sunnylife-ne-zg898-d-lens-hood-for-neo-black\/","title":{"rendered":"Sunnylife NE-ZG898-D objektiivivarjuk Neo kaamerale (must)"},"content":{"rendered":"<h3>Sunnylife NE-ZG898-D objektiivivarjuk Neo droonile (must)<\/h3>\n<p>Sunnylife NE-ZG898-D objektiivivarjuk on kerge ja funktsionaalne lisatarvik NEO droonile. Toode on loodud valguse peegelduste t\u00f5husaks k\u00f5rvaldamiseks ja soovimatute nurkade alt langeva valguse m\u00f5ju v\u00e4hendamiseks, mille tulemuseks on parema kvaliteediga kaadrid ja fotod erinevates valgustingimustes.<\/p>\n<p>\n<img decoding=\"async\" border=\"0\" src=\"https:\/\/assets.innpro.pl\/12111\/14350\/5.jpg\"\/>\n<\/p>\n<h3>Kaitse valguse peegelduste eest<\/h3>\n<p>T\u00e4nu oma spetsiaalsele disainile hoiab p\u00e4ikesevarjuk \u00e4ra k\u00fclgvalguse tungimise objektiivi, k\u00f5rvaldades peegeldused ja liigse pimestamise. Tulemuseks on selgem ja professionaalsem kaader, olenemata sellest, kas lendate eredas p\u00e4ikesevalguses v\u00f5i keerulisemates valgustingimustes.<\/p>\n<p>\n<img decoding=\"async\" border=\"0\" src=\"https:\/\/assets.innpro.pl\/12111\/14350\/3.jpg\"\/>\n<\/p>\n<h3>T\u00e4iuslik sobivus ja t\u00e4pne j\u00f5udlus<\/h3>\n<p>Sunnylife NE-ZG898-D on hoolikalt modelleeritud, et see sobiks ideaalselt NEO drooniga, ilma et see m\u00f5jutaks kaamera v\u00f5i selle n\u00e4gemiss\u00fcsteemide funktsionaalsust. Varjuk ei piira objektiivi nurka ega kaamera p\u00f6\u00f6rlemisv\u00f5imalust, mist\u00f5ttu on see t\u00e4iesti intuitiivne ja mugav kasutada.<\/p>\n<p>\n<img decoding=\"async\" border=\"0\" src=\"https:\/\/assets.innpro.pl\/12111\/14350\/4.jpg\"\/>\n<\/p>\n<h3>\u00dchilduvus Sunnylife filtritega<\/h3>\n<p>P\u00e4ikesekaitse on t\u00e4ielikult \u00fchilduv Sunnylife kaubam\u00e4rgi filtritega, v\u00f5imaldades j\u00e4\u00e4dvustatud materjali kvaliteedi \u00fcle veelgi suuremat kontrolli. P\u00e4ikesekaitse ja filtri kombinatsioon pakub optimaalset kaitset ja mitmek\u00fclgsust olenemata valitsevatest ilmastikutingimustest.<\/p>\n<p>\n<img decoding=\"async\" border=\"0\" src=\"https:\/\/assets.innpro.pl\/12111\/14350\/1.jpg\"\/>\n<\/p>\n<h3>Kerge disain ja lihtne paigaldus<\/h3>\n<p>Vastupidavast plastist p\u00e4ikesekaitse kaalub vaid 2 grammi, seega ei m\u00f5juta see drooni lennuomadusi. Selle paigaldamine on kiire ja lihtne \u2013 vaid \u00fcks kl\u00f5ps kaitseb objektiivi soovimatu valguse eest. Kilbi m\u00f5\u00f5tmed (52 x 43 x 28 mm) muudavad toote hoiustamise ja transportimise lihtsaks.<\/p>\n<p>\n<img decoding=\"async\" border=\"0\" src=\"https:\/\/assets.innpro.pl\/12111\/14350\/2.jpg\"\/>\n<\/p>\n<div class=\"table-wrapper\">\n<p>\u0412\u00a0<\/p>\n<h3><\/h3>\n<table>\n<tbody>\n<tr>\n<th>Tootja<\/th>\n<td>Sunnylife<\/td>\n<\/tr>\n<tr>\n<th>Mudel<\/th>\n<td>NE-ZG898-D<\/td>\n<\/tr>\n<tr>\n<th>\u00dchilduvad mudelid<\/th>\n<td>Neo<\/td>\n<\/tr>\n<tr>\n<th>Materjal<\/th>\n<td>Plast<\/td>\n<\/tr>\n<tr>\n<th>Netokaal<\/th>\n<td>2g<\/td>\n<\/tr>\n<tr>\n<th>Pakend M\u00f5\u00f5tmed<\/th>\n<td>52 * 43 * 28 mm<\/td>\n<\/tr>\n<\/tbody>\n<\/table>\n<\/div>\n","protected":false},"excerpt":{"rendered":"<p>Sunnylife NE-ZG898-D objektiivivarjuk Neo droonile (must) Sunnylife NE-ZG898-D objektiivivarjuk on kerge ja funktsionaalne lisatarvik NEO droonile. Toode on loodud valguse peegelduste t\u00f5husaks k\u00f5rvaldamiseks ja soovimatute nurkade alt langeva valguse m\u00f5ju v\u00e4hendamiseks, mille tulemuseks on parema kvaliteediga kaadrid ja fotod erinevates valgustingimustes. Kaitse valguse peegelduste eest T\u00e4nu oma spetsiaalsele disainile hoiab p\u00e4ikesevarjuk \u00e4ra k\u00fclgvalguse tungimise objektiivi, [&#8230;]\n","protected":false},"featured_media":15112,"comment_status":"open","ping_status":"closed","template":"","meta":[],"product_brand":[432],"product_cat":[1026],"product_tag":[],"class_list":{"0":"post-15111","1":"product","2":"type-product","3":"status-publish","4":"has-post-thumbnail","6":"product_brand-sunnylife","7":"product_cat-dji","9":"first","10":"outofstock","11":"taxable","12":"shipping-taxable","13":"purchasable","14":"product-type-simple"},"aioseo_notices":[],"_links":{"self":[{"href":"https:\/\/asura.lv\/et\/wp-json\/wp\/v2\/product\/15111","targetHints":{"allow":["GET"]}}],"collection":[{"href":"https:\/\/asura.lv\/et\/wp-json\/wp\/v2\/product"}],"about":[{"href":"https:\/\/asura.lv\/et\/wp-json\/wp\/v2\/types\/product"}],"replies":[{"embeddable":true,"href":"https:\/\/asura.lv\/et\/wp-json\/wp\/v2\/comments?post=15111"}],"wp:featuredmedia":[{"embeddable":true,"href":"https:\/\/asura.lv\/et\/wp-json\/wp\/v2\/media\/15112"}],"wp:attachment":[{"href":"https:\/\/asura.lv\/et\/wp-json\/wp\/v2\/media?parent=15111"}],"wp:term":[{"taxonomy":"product_brand","embeddable":true,"href":"https:\/\/asura.lv\/et\/wp-json\/wp\/v2\/product_brand?post=15111"},{"taxonomy":"product_cat","embeddable":true,"href":"https:\/\/asura.lv\/et\/wp-json\/wp\/v2\/product_cat?post=15111"},{"taxonomy":"product_tag","embeddable":true,"href":"https:\/\/asura.lv\/et\/wp-json\/wp\/v2\/product_tag?post=15111"}],"curies":[{"name":"wp","href":"https:\/\/api.w.org\/{rel}","templated":true}]}}