{"id":15177,"date":"2025-11-28T23:10:41","date_gmt":"2025-11-28T23:10:41","guid":{"rendered":"https:\/\/asura.lv\/product\/moza-racing-crp2-rs067-clutch-pedal\/"},"modified":"2025-12-12T15:16:38","modified_gmt":"2025-12-12T13:16:38","slug":"moza-racing-crp2-rs067-clutch-pedal","status":"publish","type":"product","link":"https:\/\/asura.lv\/et\/toode\/moza-racing-crp2-rs067-clutch-pedal\/","title":{"rendered":"Moza Racing CRP2 RS067 siduripedaal"},"content":{"rendered":"<h3>Siduripedaal Moza Racing CRP2 RS067<\/h3>\n<p>Lisage oma v\u00f5idus\u00f5idusimulatsioonidele realistlikku p\u00f5nevust MOZA Racing CRP2 siduripedaali lisandiga. T\u00e4ppist\u00f6\u00f6deldud lennukikvaliteediga alumiiniumist ja s\u00fcsinikkiust valmistatud pedaal pakub erakordset vastupidavust ja t\u00f6\u00f6kindlust. T\u00f6\u00f6riistavaba kiirreguleerimiss\u00fcsteemiga on selle kohandamine imelihtne ja minimalistlik disain sobib igasse professionaalsesse simulatsioonis\u00fcsteemi. Tagurpidi paigaldamise toe ja t\u00e4ieliku arvuti ja Xboxi \u00fchilduvusega avab CRP2 pedaal koos lisasiduriga tee veelgi realistlikumale kogemusele, mis sobib ideaalselt manuaalk\u00e4igukasti entusiastidele. Toode t\u00f6\u00f6tab koos teiste CRP2 seeria pedaalidega.<\/p>\n<p>\n<img decoding=\"async\" alt=\"\" border=\"0\" src=\"https:\/\/assets.innpro.pl\/12089\/14327\/8.jpg\"\/>\n<\/p>\n<h3>Elegantsus ja funktsionaalsus igas detailis<\/h3>\n<p>MOZA<strong>Racing<\/strong>CRP2 on enamat kui lihtsalt t\u00e4iustatud tehnoloogia \u2013 see on ka rafineeritud esteetika. Elegantsed jooned, peen \u00fchev\u00e4rviliste ja kuusnurksete kujunduste kombinatsioon annavad pedaalile sportliku iseloomu. Integreeritud juhtmestik ja peidetud disainielemendid annavad sellele moodsa ja kena v\u00e4rvi. See on ideaalne valik n\u00f5udlikele simulatsioonis\u00f5itjatele.<\/p>\n<p>\n<img decoding=\"async\" alt=\"\" border=\"0\" src=\"https:\/\/assets.innpro.pl\/12089\/14327\/6.jpg\"\/>\n<\/p>\n<h3>Kvaliteetne materjal v\u00f5rratu vastupidavuse tagamiseks<\/h3>\n<p>CRP2 pedaali iga komponent on valmistatud \u00fclima t\u00e4psusega. CNC-t\u00f6\u00f6deldud lennukikvaliteediga alumiinium vastab rangetele tugevus- ja esteetikastandarditele ning anodeerimine annab vastupidava ja elegantse viimistluse. Lisaks on \u00fclitugev terasest alus loodud vastu pidama k\u00f5ige n\u00f5udlikumate v\u00f5idus\u00f5itude \u00e4\u00e4rmuslikele pingetele.<\/p>\n<p>\n<img decoding=\"async\" alt=\"\" border=\"0\" src=\"https:\/\/assets.innpro.pl\/12089\/14327\/7.jpg\"\/>\n<\/p>\n<h3>Realistlik sidurikogemus &#8211; kolmeastmeline reguleerimine<\/h3>\n<p>Siduripedaal taastoodab t\u00f5etruult sportautode juhtimise tunnet. Pedaali kolm liikumisastet pakuvad siduri t\u00f6\u00f6 t\u00e4pset taasesitust \u2013 alates kergest takistusest algstaadiumis kuni j\u00e4rsu j\u00f5u suurenemiseni teises etapis ja d\u00fcnaamilise vabastamiseni viimases etapis. Takistuse reguleerimine kahe erineva karakteristikuga vedruga v\u00f5imaldab teil pedaali vastavalt oma eelistustele reguleerida ja simuleerida peaaegu iga s\u00f5iduki t\u00f6\u00f6d. Kogege t\u00e4psuse ja realismi uut dimensiooni MOZA CRP2 siduripedaaliga \u2013 see on loodud neile, kes soovivad v\u00f5idus\u00f5idusimulaatorite maailmas \u00fclimat kogemust.<\/p>\n<p>\n<img decoding=\"async\" alt=\"\" border=\"0\" src=\"https:\/\/assets.innpro.pl\/12089\/14327\/5.jpg\"\/>\n<\/p>\n<div class=\"table-wrapper\">\n<p>\u0412\u00a0<\/p>\n<h3><\/h3>\n<table>\n<tbody>\n<tr>\n<th>Tootja<\/th>\n<td>MOZA<\/td>\n<\/tr>\n<tr>\n<th>Tootja kood<\/th>\n<td>RS067<\/td>\n<\/tr>\n<tr>\n<th>Pedaali korpuse materjal<\/th>\n<td>Lennunduskvaliteediga alumiiniumisulam<\/td>\n<\/tr>\n<tr>\n<th>Kannaplaadi materjal<\/th>\n<td>S\u00fcsinikkiud 3K twill<\/td>\n<\/tr>\n<tr>\n<th>Alus materjal<\/th>\n<td>K\u00f5rgtugev teras<\/td>\n<\/tr>\n<tr>\n<th>Koormusanduri ulatus<\/th>\n<td>0\u2013200 kg<\/td>\n<\/tr>\n<tr>\n<th>Nurgaanduri eraldusv\u00f5ime<\/th>\n<td>15-bitine (32768 PPR)<\/td>\n<\/tr>\n<tr>\n<th>Gaasipedaali k\u00e4igu reguleerimine<\/th>\n<td>15\u201323\u00b0<\/td>\n<\/tr>\n<tr>\n<th>Pedaali nurga reguleerimine<\/th>\n<td>0\u201315\u00b0<\/td>\n<\/tr>\n<tr>\n<th>Pedaali k\u00f5rguse reguleerimine<\/th>\n<td>Kuni 30 mm<\/td>\n<\/tr>\n<tr>\n<th>Jalatoe reguleerimine<\/th>\n<td>Kuni 30 mm<\/td>\n<\/tr>\n<tr>\n<th>Pedaali k\u00f5vera reguleerimine<\/th>\n<td>Reguleeritav<\/td>\n<\/tr>\n<tr>\n<th>Pedaali v\u00e4ljundi reaalajas kuvamine signaal<\/th>\n<td>Reguleeritav<\/td>\n<\/tr>\n<tr>\n<th>Pedaali r\u00f5hu rakendumispunkt<\/th>\n<td>Reguleeritav<\/td>\n<\/tr>\n<tr>\n<th>Pedaali pind<\/th>\n<td>Biomimeetiline kuju jala j\u00e4rgimiseks<\/td>\n<\/tr>\n<tr>\n<th>P\u00f6\u00f6ratud kinnituskomplekt<\/th>\n<td>Valikuline<\/td>\n<\/tr>\n<tr>\n<th>\u00dchilduvus<\/th>\n<td>Moz CRP2 seeria pedaalid<\/td>\n<\/tr>\n<\/tbody>\n<\/table>\n<\/div>\n","protected":false},"excerpt":{"rendered":"<p>Siduripedaal Moza Racing CRP2 RS067 Lisage oma v\u00f5idus\u00f5idusimulatsioonidele realistlikku p\u00f5nevust MOZA Racing CRP2 siduripedaali lisandiga. T\u00e4ppist\u00f6\u00f6deldud lennukikvaliteediga alumiiniumist ja s\u00fcsinikkiust valmistatud pedaal pakub erakordset vastupidavust ja t\u00f6\u00f6kindlust. T\u00f6\u00f6riistavaba kiirreguleerimiss\u00fcsteemiga on selle kohandamine imelihtne ja minimalistlik disain sobib igasse professionaalsesse simulatsioonis\u00fcsteemi. Tagurpidi paigaldamise toe ja t\u00e4ieliku arvuti ja Xboxi \u00fchilduvusega avab CRP2 pedaal koos lisasiduriga tee [&#8230;]\n","protected":false},"featured_media":15178,"comment_status":"open","ping_status":"closed","template":"","meta":[],"product_brand":[723],"product_cat":[1032],"product_tag":[],"class_list":{"0":"post-15177","1":"product","2":"type-product","3":"status-publish","4":"has-post-thumbnail","6":"product_brand-moza-racing","7":"product_cat-racing-simulation","9":"first","10":"outofstock","11":"taxable","12":"shipping-taxable","13":"purchasable","14":"product-type-simple"},"aioseo_notices":[],"_links":{"self":[{"href":"https:\/\/asura.lv\/et\/wp-json\/wp\/v2\/product\/15177","targetHints":{"allow":["GET"]}}],"collection":[{"href":"https:\/\/asura.lv\/et\/wp-json\/wp\/v2\/product"}],"about":[{"href":"https:\/\/asura.lv\/et\/wp-json\/wp\/v2\/types\/product"}],"replies":[{"embeddable":true,"href":"https:\/\/asura.lv\/et\/wp-json\/wp\/v2\/comments?post=15177"}],"wp:featuredmedia":[{"embeddable":true,"href":"https:\/\/asura.lv\/et\/wp-json\/wp\/v2\/media\/15178"}],"wp:attachment":[{"href":"https:\/\/asura.lv\/et\/wp-json\/wp\/v2\/media?parent=15177"}],"wp:term":[{"taxonomy":"product_brand","embeddable":true,"href":"https:\/\/asura.lv\/et\/wp-json\/wp\/v2\/product_brand?post=15177"},{"taxonomy":"product_cat","embeddable":true,"href":"https:\/\/asura.lv\/et\/wp-json\/wp\/v2\/product_cat?post=15177"},{"taxonomy":"product_tag","embeddable":true,"href":"https:\/\/asura.lv\/et\/wp-json\/wp\/v2\/product_tag?post=15177"}],"curies":[{"name":"wp","href":"https:\/\/api.w.org\/{rel}","templated":true}]}}