{"id":15429,"date":"2025-11-28T23:10:16","date_gmt":"2025-11-28T23:10:16","guid":{"rendered":"https:\/\/asura.lv\/product\/rockbros-sp251-polarized-bluetooth-sunglasses-mirrored\/"},"modified":"2025-12-12T15:16:13","modified_gmt":"2025-12-12T13:16:13","slug":"rockbros-sp251-polarized-bluetooth-sunglasses-mirrored","status":"publish","type":"product","link":"https:\/\/asura.lv\/et\/toode\/rockbros-sp251-polarized-bluetooth-sunglasses-mirrored\/","title":{"rendered":"Rockbros SP251 polariseeritud Bluetooth p\u00e4ikeseprillid (peegelpildiga)"},"content":{"rendered":"<h3>Rockbros SP251 polariseeritud Bluetooth p\u00e4ikeseprillid (peegeldusega)<\/h3>\n<p>Rockbros SP251 polariseeritud peegeldusega jalgrattaprillid kasutavad Bluetooth 5.2 tehnoloogiat ja kahte Hi-Fi k\u00f5larit, mis asuvad prillisangade ees ja taga. Avatud helis\u00fcsteem v\u00f5imaldab teil r\u00e4\u00e4kida ja muusikat kuulata, j\u00e4\u00e4des samal ajal \u00fcmbritsevast teadlikuks. Funktsioone juhitakse prillisangadel asuva puutetundliku juhtpaneeli kaudu \u2013 saate k\u00f5nele vastata, laulu vahetada v\u00f5i h\u00e4\u00e4lassistendi k\u00e4ivitada ilma telefoni haaramata.<\/p>\n<p>\n<img decoding=\"async\" alt=\"\" border=\"0\" src=\"https:\/\/assets.innpro.pl\/13807\/17039\/3.jpg\"\/>\n<\/p>\n<h3>TAC polariseeritud peegell\u00e4\u00e4tsed<\/h3>\n<p>Prillidel on TAC l\u00e4\u00e4tsed, mis k\u00f5rvaldavad asfaldilt, veelt v\u00f5i klaasilt peegelduva valguse peegeldused ja pimestamise. Kasutatav lahendus parandab n\u00e4htavust tugevas p\u00e4ikesevalguses ja v\u00e4hendab n\u00e4gemisv\u00e4simust. Peegell\u00e4\u00e4tsekate peegeldab valgust veelgi, andes prillidele sportliku ilme.<\/p>\n<p>\n<img decoding=\"async\" alt=\"\" border=\"0\" src=\"https:\/\/assets.innpro.pl\/13807\/17039\/7.jpg\"\/>\n<\/p>\n<h3>Kerge disain ja reguleeritavad omadused<\/h3>\n<p>TR-plastikust valmistatud korpus kaalub umbes 43 grammi. Prillisangadel on ergonoomiline kuju ja reguleeritav ninaosa muudab erinevate n\u00e4okujudega sobitamise lihtsaks. T\u00e4nu painduvale disainile on prillid stabiilsed ega tekita punktr\u00f5hku. Visuaalselt eristab mudelit prillide peegelpind, millel on samal ajal ka kaitsev funktsioon.<\/p>\n<p>\n<img decoding=\"async\" alt=\"\" border=\"0\" src=\"https:\/\/assets.innpro.pl\/13807\/17039\/6.jpg\"\/>\n<\/p>\n<h3>Korrigeerivate prillide paigaldamise v\u00f5imalus<\/h3>\n<p>Raami sees on ruumi lisaraamile n\u00e4gemispuudega kasutajatele. V\u00f5imalik on kasutada korrektiivseid l\u00e4\u00e4tsi kuni 400-kraadise l\u00fchin\u00e4gelikkuse ja 200-kraadise astigmatismi korral. Raam on komplektis, aga l\u00e4\u00e4tsed tuleb eraldi osta.<\/p>\n<p>\n<img decoding=\"async\" alt=\"\" border=\"0\" src=\"https:\/\/assets.innpro.pl\/13807\/17039\/2.jpg\"\/>\n<\/p>\n<h3>Toiteallikas ja magnetiline laadimine<\/h3>\n<p>Sisseehitatud 120 mAh aku tagab kuni 6 tundi muusika kuulamist v\u00f5i 5 tundi k\u00f5neaega. Ootere\u017eiimis t\u00f6\u00f6tavad prillid umbes 60 tundi. Laadimine toimub magnetkaabli abil ja v\u00f5tab aega umbes 2 tundi.<\/p>\n<p>\n<img decoding=\"async\" alt=\"\" border=\"0\" src=\"https:\/\/assets.innpro.pl\/13807\/17039\/1.jpg\"\/>\n<\/p>\n<h3>Komplektis:<\/h3>\n<ul class=\"list-disc pl-5\">\n<li>Polariseeritud jalgrattaprillid<\/li>\n<li>Korrigeerivate prillide raam<\/li>\n<li>\u00dcmbris<\/li>\n<li>Kaas<\/li>\n<li>Puhaslapp<\/li>\n<li>Magnetiline laadimiskaabel<\/li>\n<li>Kasutusjuhend<\/li>\n<\/ul>\n<div class=\"table-wrapper\">\n<p>\u0412\u00a0<\/p>\n<h3><\/h3>\n<table>\n<tbody>\n<tr>\n<th>Tootja<\/th>\n<td>Rockbros<\/td>\n<\/tr>\n<tr>\n<th>Mudel<\/th>\n<td>SP251<\/td>\n<\/tr>\n<tr>\n<th>Tootjakood<\/th>\n<td>14130002001<\/td>\n<\/tr>\n<tr>\n<th>Materjal<\/th>\n<td>TR + TAC polariseeritud l\u00e4\u00e4tsed (peegeldatud)<\/td>\n<\/tr>\n<tr>\n<th>Bluetoothi \u200b\u200bversioon<\/th>\n<td>5.2<\/td>\n<\/tr>\n<tr>\n<th>Toetatud protokollid<\/th>\n<td>A2DP, AVRCP, HFP, HSP, SPP, GATT, HOGP, PBAP<\/td>\n<\/tr>\n<tr>\n<th>Heli dekodeerimine<\/th>\n<td>SBC \/ AAC<\/td>\n<\/tr>\n<tr>\n<th>Bluetoothi \u200b\u200bleviala<\/th>\n<td><10 m<\/td>\n<\/tr>\n<tr>\n<th>Aku mahtuvus<\/th>\n<td>120 mAh<\/td>\n<\/tr>\n<tr>\n<th>Muusika taasesituse aeg<\/th>\n<td>umbes 6 h (100% helitugevusel)<\/td>\n<\/tr>\n<tr>\n<th>K\u00f5neaeg<\/th>\n<td>umbes 5 h (100% helitugevusel)<\/td>\n<\/tr>\n<tr>\n<th>Ootere\u017eiimi aeg<\/th>\n<td>umbes 60 h<\/td>\n<\/tr>\n<tr>\n<th>Laadimisaeg<\/th>\n<td>umbes 2 h<\/td>\n<\/tr>\n<tr>\n<th>Toiteallikas<\/th>\n<td>5 V alalisvool<\/td>\n<\/tr>\n<tr>\n<th>Omadused<\/th>\n<td>Bluetooth-heli, k\u00f5ned, kaitse p\u00e4ikese, tuule ja liiva eest<\/td>\n<\/tr>\n<tr>\n<th>Rakendus<\/th>\n<td>Jalgrattas\u00f5it, autojuhtimine, kalap\u00fc\u00fck, igap\u00e4evane kasutamine<\/td>\n<\/tr>\n<tr>\n<th>Kaal<\/th>\n<td>umbes 43 g<\/td>\n<\/tr>\n<\/tbody>\n<\/table>\n<\/div>\n","protected":false},"excerpt":{"rendered":"<p>Rockbros SP251 polariseeritud Bluetooth p\u00e4ikeseprillid (peegeldusega) Rockbros SP251 polariseeritud peegeldusega jalgrattaprillid kasutavad Bluetooth 5.2 tehnoloogiat ja kahte Hi-Fi k\u00f5larit, mis asuvad prillisangade ees ja taga. Avatud helis\u00fcsteem v\u00f5imaldab teil r\u00e4\u00e4kida ja muusikat kuulata, j\u00e4\u00e4des samal ajal \u00fcmbritsevast teadlikuks. Funktsioone juhitakse prillisangadel asuva puutetundliku juhtpaneeli kaudu \u2013 saate k\u00f5nele vastata, laulu vahetada v\u00f5i h\u00e4\u00e4lassistendi k\u00e4ivitada ilma [&#8230;]\n","protected":false},"featured_media":15430,"comment_status":"open","ping_status":"closed","template":"","meta":[],"product_brand":[447],"product_cat":[1257],"product_tag":[],"class_list":{"0":"post-15429","1":"product","2":"type-product","3":"status-publish","4":"has-post-thumbnail","6":"product_brand-rockbros","7":"product_cat-glasses","9":"first","10":"outofstock","11":"taxable","12":"shipping-taxable","13":"purchasable","14":"product-type-simple"},"aioseo_notices":[],"_links":{"self":[{"href":"https:\/\/asura.lv\/et\/wp-json\/wp\/v2\/product\/15429","targetHints":{"allow":["GET"]}}],"collection":[{"href":"https:\/\/asura.lv\/et\/wp-json\/wp\/v2\/product"}],"about":[{"href":"https:\/\/asura.lv\/et\/wp-json\/wp\/v2\/types\/product"}],"replies":[{"embeddable":true,"href":"https:\/\/asura.lv\/et\/wp-json\/wp\/v2\/comments?post=15429"}],"wp:featuredmedia":[{"embeddable":true,"href":"https:\/\/asura.lv\/et\/wp-json\/wp\/v2\/media\/15430"}],"wp:attachment":[{"href":"https:\/\/asura.lv\/et\/wp-json\/wp\/v2\/media?parent=15429"}],"wp:term":[{"taxonomy":"product_brand","embeddable":true,"href":"https:\/\/asura.lv\/et\/wp-json\/wp\/v2\/product_brand?post=15429"},{"taxonomy":"product_cat","embeddable":true,"href":"https:\/\/asura.lv\/et\/wp-json\/wp\/v2\/product_cat?post=15429"},{"taxonomy":"product_tag","embeddable":true,"href":"https:\/\/asura.lv\/et\/wp-json\/wp\/v2\/product_tag?post=15429"}],"curies":[{"name":"wp","href":"https:\/\/api.w.org\/{rel}","templated":true}]}}