{"id":15447,"date":"2025-11-28T23:10:14","date_gmt":"2025-11-28T23:10:14","guid":{"rendered":"https:\/\/asura.lv\/product\/rockbros-24120004001-rex01-smart-bicycle-taillight\/"},"modified":"2025-12-12T15:16:11","modified_gmt":"2025-12-12T13:16:11","slug":"rockbros-24120004001-rex01-smart-bicycle-taillight","status":"publish","type":"product","link":"https:\/\/asura.lv\/et\/toode\/rockbros-24120004001-rex01-smart-bicycle-taillight\/","title":{"rendered":"Rockbros 24120004001 REX01 nutikas jalgratta tagatuli"},"content":{"rendered":"<h3>Rockbros 24120004001 REX01 nutikas jalgratta tagatuli<\/h3>\n<p>Rockbros REX01 on sisseehitatud pidurdus-, valgus- ja vibratsioonianduriga jalgratta tagatuli. Jalgratta peatamisel s\u00fcttib punane hoiatustuli automaatselt 2 sekundiks. Nutikas re\u017eiim tuvastab liikumise ja aktiveerib tule vibratsiooni tuvastamisel automaatselt ning l\u00fclitab selle v\u00e4lja 2 minuti p\u00e4rast, kui seadet ei kasutata. Valgusandur hoolitseb energias\u00e4\u00e4stu eest \u2013 p\u00e4eval l\u00fclitab see tule v\u00e4lja ja \u00f6\u00f6sel v\u00f5i tunnelis j\u00e4tkab see automaatselt t\u00f6\u00f6d. Kaasasolev juhtmevaba kaugjuhtimispult v\u00f5imaldab teil suunata vasakule ja paremale p\u00f6\u00f6rdeid ning muuta re\u017eiime ilma k\u00e4si roolilt v\u00f5tmata.<\/p>\n<p>\n<img decoding=\"async\" alt=\"\" border=\"0\" src=\"https:\/\/assets.innpro.pl\/13802\/17032\/2.jpg\"\/>\n<\/p>\n<h3>5 valgusre\u017eiimi<\/h3>\n<p>Valgusti pakub viit t\u00f6\u00f6re\u017eiimi &#8211; \u00fcksikv\u00e4lk (umbes 30 h), topeltv\u00e4lk (25 h), hingav v\u00e4lk (17 h), veel\u00e4lk (20 h) ja alati sisse l\u00fclitatud (9,5 h). Lenkstangi k\u00fclge kinnitatud kaugjuhtimispult v\u00f5imaldab teil re\u017eiime eemalt vahetada ja suunatulesid (vasak\/parem) sisse l\u00fclitada. Selle t\u00f6\u00f6ulatus on umbes 1,5 meetrit ja sidumine toimub \u00fche nupuvajutusega.<\/p>\n<p>\n<img decoding=\"async\" alt=\"\" border=\"0\" src=\"https:\/\/assets.innpro.pl\/13802\/17032\/5.jpg\"\/>\n<\/p>\n<h3>Praktilised lahendused<\/h3>\n<p>Sisseehitatud akud mahutavusega 500 mAh (valgusti) ja 240 mAh (kaugjuhtimispult) laetakse USB-C pordi kaudu. LED-indikaatorid n\u00e4itavad energia uuendamise edenemist ja kui see on l\u00f5ppenud, p\u00f5levad need pidevalt. Valgusti on vihmakindel (IPX6), seega toimib see h\u00e4sti isegi karmides ilmastikutingimustes. Paigaldamine on v\u00f5imalik sadulaposti k\u00fclge v\u00f5i sadula alla &#8211; vajalikud kronsteinid on komplektis.<\/p>\n<p>\n<img decoding=\"async\" alt=\"\" border=\"0\" src=\"https:\/\/assets.innpro.pl\/13802\/17032\/6.jpg\"\/>\n<\/p>\n<h3>Komplektis:<\/h3>\n<ul class=\"list-disc pl-5\">\n<li>Jalgratta tagumine tuli<\/li>\n<li>Juhtmevaba kaugjuhtimispult<\/li>\n<li>Lenksuhoidik<\/li>\n<li>Sadulaalune kinnitus<\/li>\n<li>USB-C kaabel laadimiseks<\/li>\n<li>Kummipael<\/li>\n<li>Kuuskantv\u00f5ti<\/li>\n<li>Kaugjuhtimispuldi tarvikud x3<\/li>\n<\/ul>\n<div class=\"table-wrapper\">\n<p>\u0412\u00a0<\/p>\n<h3><\/h3>\n<table>\n<tbody>\n<tr>\n<th>Tootja<\/th>\n<td>Rockbros<\/td>\n<\/tr>\n<tr>\n<th>Mudel<\/th>\n<td>REX01<\/td>\n<\/tr>\n<tr>\n<th>Tootjakood<\/th>\n<td>24120004001<\/td>\n<\/tr>\n<tr>\n<th>Materjal<\/th>\n<td>ABS + PC<\/td>\n<\/tr>\n<tr>\n<th>Lambi m\u00f5\u00f5tmed<\/th>\n<td>umbes 8 x 3,5 x 2 cm<\/td>\n<\/tr>\n<tr>\n<th>Kaugjuhtimispuldi m\u00f5\u00f5tmed<\/th>\n<td>umbes 4 x 3,3 cm<\/td>\n<\/tr>\n<tr>\n<th>Valgusti kaal<\/th>\n<td>umbes 42 g<\/td>\n<\/tr>\n<tr>\n<th>Kaugjuhtimispuldi kaal<\/th>\n<td>umbes 18 g<\/td>\n<\/tr>\n<tr>\n<th>Valgusti aku mahtuvus<\/th>\n<td>500 mAh<\/td>\n<\/tr>\n<tr>\n<th>Kaugjuhtimispuldi aku mahtuvus<\/th>\n<td>240 mAh<\/td>\n<\/tr>\n<\/tbody>\n<\/table>\n<\/div>\n","protected":false},"excerpt":{"rendered":"<p>Rockbros 24120004001 REX01 nutikas jalgratta tagatuli Rockbros REX01 on sisseehitatud pidurdus-, valgus- ja vibratsioonianduriga jalgratta tagatuli. Jalgratta peatamisel s\u00fcttib punane hoiatustuli automaatselt 2 sekundiks. Nutikas re\u017eiim tuvastab liikumise ja aktiveerib tule vibratsiooni tuvastamisel automaatselt ning l\u00fclitab selle v\u00e4lja 2 minuti p\u00e4rast, kui seadet ei kasutata. Valgusandur hoolitseb energias\u00e4\u00e4stu eest \u2013 p\u00e4eval l\u00fclitab see tule v\u00e4lja [&#8230;]\n","protected":false},"featured_media":15448,"comment_status":"open","ping_status":"closed","template":"","meta":[],"product_brand":[447],"product_cat":[1134],"product_tag":[],"class_list":{"0":"post-15447","1":"product","2":"type-product","3":"status-publish","4":"has-post-thumbnail","6":"product_brand-rockbros","7":"product_cat-lamps-bicycle-accessories","9":"first","10":"outofstock","11":"taxable","12":"shipping-taxable","13":"purchasable","14":"product-type-simple"},"aioseo_notices":[],"_links":{"self":[{"href":"https:\/\/asura.lv\/et\/wp-json\/wp\/v2\/product\/15447","targetHints":{"allow":["GET"]}}],"collection":[{"href":"https:\/\/asura.lv\/et\/wp-json\/wp\/v2\/product"}],"about":[{"href":"https:\/\/asura.lv\/et\/wp-json\/wp\/v2\/types\/product"}],"replies":[{"embeddable":true,"href":"https:\/\/asura.lv\/et\/wp-json\/wp\/v2\/comments?post=15447"}],"wp:featuredmedia":[{"embeddable":true,"href":"https:\/\/asura.lv\/et\/wp-json\/wp\/v2\/media\/15448"}],"wp:attachment":[{"href":"https:\/\/asura.lv\/et\/wp-json\/wp\/v2\/media?parent=15447"}],"wp:term":[{"taxonomy":"product_brand","embeddable":true,"href":"https:\/\/asura.lv\/et\/wp-json\/wp\/v2\/product_brand?post=15447"},{"taxonomy":"product_cat","embeddable":true,"href":"https:\/\/asura.lv\/et\/wp-json\/wp\/v2\/product_cat?post=15447"},{"taxonomy":"product_tag","embeddable":true,"href":"https:\/\/asura.lv\/et\/wp-json\/wp\/v2\/product_tag?post=15447"}],"curies":[{"name":"wp","href":"https:\/\/api.w.org\/{rel}","templated":true}]}}