{"id":15771,"date":"2025-11-28T23:08:48","date_gmt":"2025-11-28T23:08:48","guid":{"rendered":"https:\/\/asura.lv\/product\/tws-qcy-melobuds-ht12-headphones-white\/"},"modified":"2025-12-12T15:14:39","modified_gmt":"2025-12-12T13:14:39","slug":"tws-qcy-melobuds-ht12-headphones-white","status":"publish","type":"product","link":"https:\/\/asura.lv\/et\/toode\/tws-qcy-melobuds-ht12-headphones-white\/","title":{"rendered":"TWS QCY MeloBuds HT12 k\u00f5rvaklapid (valged)"},"content":{"rendered":"<h3>TWS QCY MeloBuds HT12 k\u00f5rvaklapid (valged)<\/h3>\n<p>QCY MeloBuds HT12 on k\u00f5rvaklapid neile, kes hindavad kvaliteetset heli, mugavust ja kaasaegseid funktsioone. Olenemata sellest, kas kuulate muusikat, vestlete v\u00f5i m\u00e4ngite, vastavad need k\u00f5rvaklapid teie ootustele. Valige MeloBuds HT12 ja kogege heli t\u00e4iesti uuel tasemel.<\/p>\n<p>\n<img decoding=\"async\" border=\"0\" src=\"https:\/\/assets.innpro.pl\/12249\/14542\/2.jpg\"\/>\n<\/p>\n<h3>Intelligentne m\u00fcrasummutus k\u00f5rgeimal tasemel<\/h3>\n<p>T\u00e4nu QCY t\u00e4iustatud adaptiivsele m\u00fcrasummutustehnoloogiale eemaldab MeloBuds HT12 t\u00f5husalt kuni 97% \u00fcmbritsevatest helidest, saavutades -45 dB m\u00fcrasummutust. K\u00f5rvaklapid reguleerivad m\u00fcrasummutustaset automaatselt teie keskkonnaga, pakkudes nelja re\u017eiimi: siseruumides, liikvel olles, rahvahulga ja tuule m\u00fcra v\u00e4hendamine. Nii saad nautida ideaalset heli nii kontoris kui ka tuulisel p\u00e4eval jalutamas.<\/p>\n<p>\n<img decoding=\"async\" border=\"0\" src=\"https:\/\/assets.innpro.pl\/12249\/14542\/6.jpg\"\/>\n<\/p>\n<h3>Loomulik suhtlus ja kristallselge heli<\/h3>\n<p>Kuus ENC-tehnoloogiaga mikrofoni ja patenteeritud tuulem\u00fcra summutav disain v\u00f5imaldavad sul r\u00e4\u00e4kida ilma h\u00e4ireteta. K\u00f5rvaklapid j\u00e4\u00e4dvustavad t\u00e4pselt teie h\u00e4\u00e4le, v\u00e4hendades taustam\u00fcra ja tuulem\u00fcra, muutes need ideaalseks valikuks nii t\u00f6\u00f6ks kui ka igap\u00e4evaseks kasutamiseks.<\/p>\n<p>\n<img decoding=\"async\" border=\"0\" src=\"https:\/\/assets.innpro.pl\/12249\/14542\/7.jpg\"\/>\n<\/p>\n<h3>Heli, mis naudib<\/h3>\n<p>12-millimeetrise d\u00fcnaamilise biomembraaniga draiveriga MeloBuds HT12 pakub detailirohket ja s\u00fcgavat heli. \u00dcheksa eelh\u00e4\u00e4lestatud ekvalaiseri seadistusega saate heli kohandada mis tahes muusika\u017eanrile \u2013 rokist klassikalise muusikani. Spetsiaalne QCY rakendus teeb lemmikmuusika t\u00e4iustamiseks ideaalsete seadete leidmise lihtsaks.<\/p>\n<p>\n<img decoding=\"async\" border=\"0\" src=\"https:\/\/assets.innpro.pl\/12249\/14542\/5.jpg\"\/>\n<\/p>\n<h3>V\u00e4ike suuruselt, suured v\u00f5imalused<\/h3>\n<p>\u00dcks MeloBuds HT12 k\u00f5rvaklapp kaalub vaid 4 grammi, mis teeb sellest mudelist 15% v\u00e4iksema kui tavalised k\u00f5rvaklapid. See pakub erakordset kandmismugavust isegi tundide kaupa. T\u00e4nu IPX4 veekindlusele on need pritsmekindlad, seega sobivad need h\u00e4sti nii vihma kui ka intensiivsete treeningute ajal.<\/p>\n<p>\n<img decoding=\"async\" border=\"0\" src=\"https:\/\/assets.innpro.pl\/12249\/14542\/8.jpg\"\/>\n<\/p>\n<h3>Pikaajaline mugavus ja kaasaegsed funktsioonid<\/h3>\n<p>Laadimis\u00fcmbrisega saad kuni 24 tundi taasesitust. Vaid 10-minutiline laadimine hoiab k\u00f5rvaklapid veel 2 tundi t\u00f6\u00f6korras. 68 ms madala latentsusega re\u017eiim pakub sujuvat m\u00e4ngukogemust ja mitmik\u00fchenduse funktsioon v\u00f5imaldab teil \u00fchendada kaks seadet samaaegselt. Puutetundliku juhtimise ning Androidi ja iOS-i \u00fchilduvusega on MeloBuds HT12 mugavuse s\u00fcnon\u00fc\u00fcmid.<\/p>\n<p>\n<img decoding=\"async\" border=\"0\" src=\"https:\/\/assets.innpro.pl\/12249\/14542\/4.jpg\"\/>\n<\/p>\n<h3>Isikup\u00e4rastamine teie k\u00e4eulatuses<\/h3>\n<p>QCY rakendus annab teile t\u00e4ieliku kontrolli oma k\u00f5rvaklappide \u00fcle. Kohandage ekvalaiserit, muutke puutetundliku juhtimise funktsioone, kasutage kiiret sidumist ja leidke kadunud k\u00f5rvaklapid \u00fche kl\u00f5psuga. Lisaks v\u00f5imaldab k\u00f5rvaklappidesse sisseehitatud puuteplaat teil kiiresti ja mugavalt hallata funktsioone, nagu m\u00e4ngitava loo vahetamine, k\u00f5nedele vastamine ja nende tagasil\u00fckkamine, h\u00e4\u00e4lassistendi aktiveerimine ja palju muud.<\/p>\n<p>\n<img decoding=\"async\" border=\"0\" src=\"https:\/\/assets.innpro.pl\/12249\/14542\/3.jpg\"\/>\n<\/p>\n<h3>Kaasas<\/h3>\n<ul class=\"list-disc pl-5\">\n<li>k\u00f5rvaklapid<\/li>\n<li>laadimis\u00fcmbris<\/li>\n<li>kasutusjuhend<\/li>\n<\/ul>\n<div class=\"table-wrapper\">\n<p>\u0412\u00a0<\/p>\n<h3><\/h3>\n<table>\n<tbody>\n<tr>\n<th>Tootja<\/th>\n<td>QCY<\/td>\n<\/tr>\n<tr>\n<th>Mudel<\/th>\n<td>MeloBuds HT12<\/td>\n<\/tr>\n<tr>\n<th>V\u00e4rv<\/th>\n<td>valge<\/td>\n<\/tr>\n<tr>\n<th>Bluetoothi \u200b\u200bversioon<\/th>\n<td>5.4<\/td>\n<\/tr>\n<tr>\n<th>\u00dchilduvad operatsioonis\u00fcsteemid<\/th>\n<td>iOS, Android<\/td>\n<\/tr>\n<tr>\n<th>Bluetoothi \u200b\u200bleviala<\/th>\n<td>10 meetrit<\/td>\n<\/tr>\n<tr>\n<th>Madal latentsusaeg<\/th>\n<td>68 ms<\/td>\n<\/tr>\n<tr>\n<th>Spetsiaalne rakendus<\/th>\n<td>QCY rakendus<\/td>\n<\/tr>\n<tr>\n<th>Muundurid<\/th>\n<td>12 mm<\/td>\n<\/tr>\n<tr>\n<th>Ekvalaiseri seadete arv<\/th>\n<td>9 (tavaline, pop, rock, pehme, klassikaline, kaasahaarav, v\u00f5imendatud, v\u00f5imendatud vokaal, l\u00e4bipaistev)<\/td>\n<\/tr>\n<tr>\n<th>T\u00f6\u00f6aeg<\/th>\n<td>24 tundi laadimis\u00fcmbrisega (18 tundi ANC sissel\u00fclitatult), 6 tundi ilma laadimis\u00fcmbriseta (4 tundi ANC sissel\u00fclitatult)<\/td>\n<\/tr>\n<tr>\n<th>Bluetoothi \u200b\u200bprofiilid<\/th>\n<td>HFP\/A2DP\/AVRCP<\/td>\n<\/tr>\n<tr>\n<th>Laadimis\u00fcmbrise aku mahtuvus<\/th>\n<td>380 mAh<\/td>\n<\/tr>\n<tr>\n<th>Telefoni aku mahtuvus<\/th>\n<td>35 mAh<\/td>\n<\/tr>\n<tr>\n<th>Laadimisport<\/th>\n<td>USB-C<\/td>\n<\/tr>\n<tr>\n<th>Veekindlus<\/th>\n<td>IPX4<\/td>\n<\/tr>\n<tr>\n<th>Laadimis\u00fcmbrise m\u00f5\u00f5tmed<\/th>\n<td>50,2 x 58 x 25 mm<\/td>\n<\/tr>\n<tr>\n<th>K\u00f5rvaklappide m\u00f5\u00f5tmed<\/th>\n<td>55,5 x 24,5 mm<\/td>\n<\/tr>\n<tr>\n<th>Telefoni kaal<\/th>\n<td>4 g<\/td>\n<\/tr>\n<tr>\n<th>Arv mikrofonid<\/th>\n<td>6<\/td>\n<\/tr>\n<tr>\n<th>ANC-re\u017eiimid<\/th>\n<td>4 (siseruumides, teel, rahvahulgas, tugeva tuule korral)<\/td>\n<\/tr>\n<tr>\n<th>M\u00fcra v\u00e4hendamine<\/th>\n<td>-45 dB, 97% v\u00e4hendamine<\/td>\n<\/tr>\n<\/tbody>\n<\/table>\n<\/div>\n","protected":false},"excerpt":{"rendered":"<p>TWS QCY MeloBuds HT12 k\u00f5rvaklapid (valged) QCY MeloBuds HT12 on k\u00f5rvaklapid neile, kes hindavad kvaliteetset heli, mugavust ja kaasaegseid funktsioone. Olenemata sellest, kas kuulate muusikat, vestlete v\u00f5i m\u00e4ngite, vastavad need k\u00f5rvaklapid teie ootustele. Valige MeloBuds HT12 ja kogege heli t\u00e4iesti uuel tasemel. Intelligentne m\u00fcrasummutus k\u00f5rgeimal tasemel T\u00e4nu QCY t\u00e4iustatud adaptiivsele m\u00fcrasummutustehnoloogiale eemaldab MeloBuds HT12 t\u00f5husalt [&#8230;]\n","protected":false},"featured_media":15772,"comment_status":"open","ping_status":"closed","template":"","meta":[],"product_brand":[396],"product_cat":[954],"product_tag":[],"class_list":{"0":"post-15771","1":"product","2":"type-product","3":"status-publish","4":"has-post-thumbnail","6":"product_brand-qcy","7":"product_cat-tws","9":"first","10":"outofstock","11":"taxable","12":"shipping-taxable","13":"purchasable","14":"product-type-simple"},"aioseo_notices":[],"_links":{"self":[{"href":"https:\/\/asura.lv\/et\/wp-json\/wp\/v2\/product\/15771","targetHints":{"allow":["GET"]}}],"collection":[{"href":"https:\/\/asura.lv\/et\/wp-json\/wp\/v2\/product"}],"about":[{"href":"https:\/\/asura.lv\/et\/wp-json\/wp\/v2\/types\/product"}],"replies":[{"embeddable":true,"href":"https:\/\/asura.lv\/et\/wp-json\/wp\/v2\/comments?post=15771"}],"wp:featuredmedia":[{"embeddable":true,"href":"https:\/\/asura.lv\/et\/wp-json\/wp\/v2\/media\/15772"}],"wp:attachment":[{"href":"https:\/\/asura.lv\/et\/wp-json\/wp\/v2\/media?parent=15771"}],"wp:term":[{"taxonomy":"product_brand","embeddable":true,"href":"https:\/\/asura.lv\/et\/wp-json\/wp\/v2\/product_brand?post=15771"},{"taxonomy":"product_cat","embeddable":true,"href":"https:\/\/asura.lv\/et\/wp-json\/wp\/v2\/product_cat?post=15771"},{"taxonomy":"product_tag","embeddable":true,"href":"https:\/\/asura.lv\/et\/wp-json\/wp\/v2\/product_tag?post=15771"}],"curies":[{"name":"wp","href":"https:\/\/api.w.org\/{rel}","templated":true}]}}