{"id":15939,"date":"2025-11-28T23:08:33","date_gmt":"2025-11-28T23:08:33","guid":{"rendered":"https:\/\/asura.lv\/product\/himawari-1010-15-6-laptop-backpack-gray\/"},"modified":"2025-12-12T15:14:26","modified_gmt":"2025-12-12T13:14:26","slug":"himawari-1010-15-6-laptop-backpack-gray","status":"publish","type":"product","link":"https:\/\/asura.lv\/et\/toode\/himawari-1010-15-6-laptop-backpack-gray\/","title":{"rendered":"Himawari 1010 15,6-tolline s\u00fclearvuti seljakott (hall)"},"content":{"rendered":"<h3>Himawari 1010 (hall) 15,6-tolline s\u00fclearvutikott.<\/h3>\n<p>Himawari 1010 kotikott on ideaalne lahendus neile, kes hindavad mugavust, funktsionaalsust ja moodsat disaini. Avara sisemuse ja spetsiaalse 15,6-tollise s\u00fclearvuti sahtliga mahub sinna k\u00f5ik igap\u00e4evaselt vajalik \u2013 alates dokumentidest kuni oluliste tarvikuteni. Seljakott on kerge (kaalub vaid 0,75 kg) m\u00f5\u00f5tmetega 45 x 33 x 15 cm, mis teeb selle ideaalseks nii t\u00f6\u00f6le kui ka \u00fclikooli.<\/p>\n<p>\n<img decoding=\"async\" border=\"0\" src=\"https:\/\/assets.innpro.pl\/11202\/13206\/1.jpg\"\/>\n<\/p>\n<h3>Mahutavus, mis \u00fcllatab<\/h3>\n<p>Oma paljude taskute ja sahtlitega v\u00f5imaldab Himawari 1010 seljakott teil k\u00f5iki oma esemeid selgelt ja mugavalt korraldada. Spetsiaalne s\u00fclearvutitasku pakub kaitset teie seadmele, samas kui arvukad lisataskud hoiavad teie tarvikuid, pliiatseid v\u00f5i v\u00f5tmeid korrastatuna. Suur mahutavus muudab seljakoti sobivaks ka l\u00fchikesteks reisideks v\u00f5i n\u00e4dalavahetuse puhkusteks.<\/p>\n<p>\n<img decoding=\"async\" border=\"0\" src=\"https:\/\/assets.innpro.pl\/11202\/13206\/9.jpg\"\/>\n<\/p>\n<h3>T\u00e4ieliku kaitse tagamiseks veekindel<\/h3>\n<p>Veekindlast materjalist Himawari 1010 seljakott pakub teie varustusele ja isiklikele asjadele t\u00e4ielikku kaitset isegi ootamatu vihma korral. V\u00f5ite olla kindel, et teie s\u00fclearvuti ja muud v\u00e4\u00e4risesemed j\u00e4\u00e4vad kuivaks ja turvaliseks, olenemata ilmastikutingimustest. See on praktiline lahendus, mida hindavad k\u00f5ik, kes ei soovi kvaliteedi ja funktsionaalsuse osas j\u00e4releandmisi teha.<\/p>\n<p>\n<img decoding=\"async\" border=\"0\" src=\"https:\/\/assets.innpro.pl\/11202\/13206\/6.jpg\"\/>\n<\/p>\n<div class=\"table-wrapper\">\n<p>\u0412\u00a0<\/p>\n<h3><\/h3>\n<table>\n<tbody>\n<tr>\n<th>Tootja<\/th>\n<td>Himawari<\/td>\n<\/tr>\n<tr>\n<th>Mudel<\/th>\n<td>1010<\/td>\n<\/tr>\n<tr>\n<th>V\u00e4rv<\/th>\n<td>hall<\/td>\n<\/tr>\n<tr>\n<th>Materjal<\/th>\n<td>pol\u00fcester<\/td>\n<\/tr>\n<tr>\n<th>M\u00f5\u00f5tmed<\/th>\n<td>45 x 33 x 15 cm<\/td>\n<\/tr>\n<tr>\n<th>Kaal<\/th>\n<td>0,75 kg<\/td>\n<\/tr>\n<tr>\n<th>Mahutavus<\/th>\n<td>22 l<\/td>\n<\/tr>\n<tr>\n<th>Veekindel<\/th>\n<td>jah<\/td>\n<\/tr>\n<tr>\n<th>Rakmerihma laius<\/th>\n<td>7 cm<\/td>\n<\/tr>\n<tr>\n<th>Rakmete minimaalne pikkus<\/th>\n<td>45 cm<\/td>\n<\/tr>\n<tr>\n<th>Rakmete maksimaalne pikkus<\/th>\n<td>85 cm<\/td>\n<\/tr>\n<tr>\n<th>Kambrite arv<\/th>\n<td>2<\/td>\n<\/tr>\n<tr>\n<th>Taskute arv<\/th>\n<td>8<\/td>\n<\/tr>\n<tr>\n<th>\u00dchilduvad s\u00fclearvutid<\/th>\n<td>max. 38 x 28 cm<\/td>\n<\/tr>\n<tr>\n<th>Kinnitusviis<\/th>\n<td>t\u00f5mblukk<\/td>\n<\/tr>\n<tr>\n<th>Helkurid<\/th>\n<td>ei<\/td>\n<\/tr>\n<\/tbody>\n<\/table>\n<\/div>\n","protected":false},"excerpt":{"rendered":"<p>Himawari 1010 (hall) 15,6-tolline s\u00fclearvutikott. Himawari 1010 kotikott on ideaalne lahendus neile, kes hindavad mugavust, funktsionaalsust ja moodsat disaini. Avara sisemuse ja spetsiaalse 15,6-tollise s\u00fclearvuti sahtliga mahub sinna k\u00f5ik igap\u00e4evaselt vajalik \u2013 alates dokumentidest kuni oluliste tarvikuteni. Seljakott on kerge (kaalub vaid 0,75 kg) m\u00f5\u00f5tmetega 45 x 33 x 15 cm, mis teeb selle ideaalseks [&#8230;]\n","protected":false},"featured_media":15940,"comment_status":"open","ping_status":"closed","template":"","meta":[],"product_brand":[691],"product_cat":[1293],"product_tag":[],"class_list":{"0":"post-15939","1":"product","2":"type-product","3":"status-publish","4":"has-post-thumbnail","6":"product_brand-himawari","7":"product_cat-bags-cases-backpacks","9":"first","10":"outofstock","11":"taxable","12":"shipping-taxable","13":"purchasable","14":"product-type-simple"},"aioseo_notices":[],"_links":{"self":[{"href":"https:\/\/asura.lv\/et\/wp-json\/wp\/v2\/product\/15939","targetHints":{"allow":["GET"]}}],"collection":[{"href":"https:\/\/asura.lv\/et\/wp-json\/wp\/v2\/product"}],"about":[{"href":"https:\/\/asura.lv\/et\/wp-json\/wp\/v2\/types\/product"}],"replies":[{"embeddable":true,"href":"https:\/\/asura.lv\/et\/wp-json\/wp\/v2\/comments?post=15939"}],"wp:featuredmedia":[{"embeddable":true,"href":"https:\/\/asura.lv\/et\/wp-json\/wp\/v2\/media\/15940"}],"wp:attachment":[{"href":"https:\/\/asura.lv\/et\/wp-json\/wp\/v2\/media?parent=15939"}],"wp:term":[{"taxonomy":"product_brand","embeddable":true,"href":"https:\/\/asura.lv\/et\/wp-json\/wp\/v2\/product_brand?post=15939"},{"taxonomy":"product_cat","embeddable":true,"href":"https:\/\/asura.lv\/et\/wp-json\/wp\/v2\/product_cat?post=15939"},{"taxonomy":"product_tag","embeddable":true,"href":"https:\/\/asura.lv\/et\/wp-json\/wp\/v2\/product_tag?post=15939"}],"curies":[{"name":"wp","href":"https:\/\/api.w.org\/{rel}","templated":true}]}}