{"id":16011,"date":"2025-11-28T23:08:27","date_gmt":"2025-11-28T23:08:27","guid":{"rendered":"https:\/\/asura.lv\/product\/parking-heater-blitzwolf-bw-ah-v2b-bt-5kw-12v-with-ac-input-app-controlled-adapter-controller-with-display-bluetooth\/"},"modified":"2025-12-12T15:14:22","modified_gmt":"2025-12-12T13:14:22","slug":"parking-heater-blitzwolf-bw-ah-v2b-bt-5kw-12v-with-ac-input-app-controlled-adapter-controller-with-display-bluetooth","status":"publish","type":"product","link":"https:\/\/asura.lv\/et\/toode\/parking-heater-blitzwolf-bw-ah-v2b-bt-5kw-12v-with-ac-input-app-controlled-adapter-controller-with-display-bluetooth\/","title":{"rendered":"Seisuk\u00fctteseade Blitzwolf BW-AH-V2B-BT, 5kw, 12V vahelduvvoolu sisendiga, rakendusega juhitav + adapter + ekraaniga kontroller + Bluetooth"},"content":{"rendered":"<h3>Blitzwolfi seisuk\u00fctteseade BW-AH-V2B-BT, 5kw, 12V<\/h3>\n<p>Talv ei pea t\u00e4hendama k\u00fclma \u2013 kuni 8 kW v\u00f5imsusega Blitzwolfi seisuk\u00fctteseade<strong>BW-AH-V2B-BT<\/strong> on asendamatu lahendus igale juhile. T\u00e4nu erakordsele p\u00f5lemist\u00f5hususele ja paindlikele konfiguratsiooniv\u00f5imalustele pakub see lisaks s\u00f5iduki salongi kohesele soojendamisele ka t\u00e4ielikku mugavust pikkade s\u00f5itude v\u00f5i peatuste ajal. Kompaktne, vastupidav ja energias\u00e4\u00e4stlik \u2013 see seade t\u00f6\u00f6tab igas olukorras. See mudel kasutab B-t\u00fc\u00fcpi liidest ja on varustatud vahelduvvooluadapteriga. Lisaks on seadme see versioon varustatud Bluetoothiga ja seda saab juhtida telefoni rakenduse kaudu.<\/p>\n<p>\n<img decoding=\"async\" border=\"0\" src=\"https:\/\/assets.innpro.pl\/11566\/13697\/1.jpg\"\/>\n<\/p>\n<h3>\u00dcllatav v\u00f5imsus<\/h3>\n<p>Blitzwolfi k\u00fctteseadme maksimaalne k\u00fcttev\u00f5imsus on 5\u20138 kW, mis teeb sellest \u00fche turul saadaolevaima t\u00f5husaima lahenduse. Selle p\u00f5lemist\u00f5husus 90% v\u00f5imaldab maksimaalselt k\u00fctust \u00e4ra kasutada, minimeerides k\u00fctusekulu (0,16\u20130,62 l\/h), tagades samal ajal optimaalse salongi temperatuuri kiire saavutamise. See sobib ideaalselt nii v\u00e4iksematele autodele kui ka suurematele s\u00f5idukitele, nagu matkaautod, maasturid ja veoautod.<\/p>\n<p>\n<img decoding=\"async\" border=\"0\" src=\"https:\/\/assets.innpro.pl\/11566\/13697\/2.jpg\"\/>\n<\/p>\n<h3>Vaikne t\u00f6\u00f6 ja mugav juhtimine<\/h3>\n<p>J\u00f5udlus ei k\u00e4i siin k\u00e4sik\u00e4es m\u00fcraga \u2013 k\u00fctteseade t\u00f6\u00f6tab alla 75 dB m\u00fcratasemega, nii et saate soojust nautida rahus ja vaikuses. Seade on varustatud moodsa LCD-ekraaniga, mis v\u00f5imaldab teil h\u00f5lpsalt reguleerida temperatuuri vahemikus 8 \u00b0C kuni 36 \u00b0C, samuti seadistada automaatse t\u00f6\u00f6graafiku. Kaugjuhtimispult v\u00f5imaldab seadet mugavalt juhtida kuni 50 meetri kauguselt.<\/p>\n<p>\n<img decoding=\"async\" border=\"0\" src=\"https:\/\/assets.innpro.pl\/11566\/13697\/3.jpg\"\/>\n<\/p>\n<h3>Vastupidav disain igaks otstarbeks<\/h3>\n<p>Kvaliteetsest ABS-ist ja metallist korpus tagab seadme vastupidavuse isegi k\u00f5ige karmimates ilmastikutingimustes. K\u00fctteseade on varustatud ka t\u00e4iustatud \u00fclekuumenemiskaitses\u00fcsteemiga, mis suurendab selle kasutamise ohutust. Vastupidav disain muudab seadme valmis igaks talviseks seikluseks \u2013 alates igap\u00e4evastest pendelr\u00e4nnakutest kuni pikkade reiside ja looduses telkimiseni.<\/p>\n<p>\n<img decoding=\"async\" border=\"0\" src=\"https:\/\/assets.innpro.pl\/11566\/13697\/5.jpg\"\/>\n<\/p>\n<h3>Lihtne paigaldus<\/h3>\n<p>Blitzwolfi k\u00fctteseadme paigaldamine on lihtne. Seadmega on kaasas t\u00e4ielik lisatarvikute komplekt, sh v\u00e4ljalaske- ja v\u00e4ljalasketorud, summuti, \u00f5hufilter ja kaugjuhtimispult. K\u00f5ik, mida vajate soojuse ja mugavuse nautimiseks kohe p\u00e4rast ostmist.<\/p>\n<p>\n<img decoding=\"async\" border=\"0\" src=\"https:\/\/assets.innpro.pl\/11566\/13697\/6.jpg\"\/>\n<\/p>\n<h3>Kaasas<\/h3>\n<ul class=\"list-disc pl-5\">\n<li>Blitzwolfi k\u00fctteseade<strong>BW-AH-V2B-BT<\/strong><\/li>\n<li>Ekraaniga kaugjuhtimispult<\/li>\n<li>Sisselaske- ja v\u00e4ljalasketoru<\/li>\n<li>V\u00e4ljalasketoru<\/li>\n<li>Heitgaasi summuti<\/li>\n<li>\u00d5hufilter<\/li>\n<li>Paigaldustarvikute komplekt<\/li>\n<li>Kasutusjuhend<\/li>\n<li>Kronstein ja kinnitusn\u00f6\u00f6rid<\/li>\n<li>Vahelduvvooluadapter<\/li>\n<\/ul>\n<div class=\"table-wrapper\">\n<p>\u0412\u00a0<\/p>\n<h3><\/h3>\n<table>\n<tbody>\n<tr>\n<th>Tootja<\/th>\n<td>Blitzwolf<\/td>\n<\/tr>\n<tr>\n<th>Tootjakood<\/th>\n<td>BW-AH-V2B-BT<\/td>\n<\/tr>\n<tr>\n<th>Juhtimine rakenduse kaudu<\/th>\n<td>Jah<\/td>\n<\/tr>\n<tr>\n<th>LCD-ekraan<\/th>\n<td>Jah<\/td>\n<\/tr>\n<tr>\n<th>Juhtimine kontrolleriga<\/th>\n<td>Jah<\/td>\n<\/tr>\n<tr>\n<th>Ekraaniga kontroller<\/th>\n<td>Jah<\/td>\n<\/tr>\n<tr>\n<th>Bluetooth<\/th>\n<td>Jah<\/td>\n<\/tr>\n<tr>\n<th>Vahelduvvooluadapter<\/th>\n<td>Jah<\/td>\n<\/tr>\n<tr>\n<th>Liidese t\u00fc\u00fcp<\/th>\n<td>B-t\u00fc\u00fcpi (saab kasutada vahelduvvooluadapteriga otse\u00fchenduse loomiseks) \u00fchendus s\u00f5iduki elektris\u00fcsteemiga)<\/td>\n<\/tr>\n<tr>\n<th>K\u00fcttev\u00f5imsus<\/th>\n<td>Kuni 8 kW<\/td>\n<\/tr>\n<tr>\n<th>K\u00fctusekulu<\/th>\n<td>0,16\u20130,62 l\/h<\/td>\n<\/tr>\n<tr>\n<th>P\u00f5lemise efektiivsus<\/th>\n<td>\u224890%<\/td>\n<\/tr>\n<tr>\n<th>Temperatuuri reguleerimisvahemik<\/th>\n<td>8\u201336 \u00b0C<\/td>\n<\/tr>\n<tr>\n<th>M\u00fcra<\/th>\n<td>\u224875 dB<\/td>\n<\/tr>\n<tr>\n<th>Toiteallikas<\/th>\n<td>DC 12 V<\/td>\n<\/tr>\n<tr>\n<th>Nimivool<\/th>\n<td>3A (k\u00e4ivitusvool 10\u201312 a)<\/td>\n<\/tr>\n<tr>\n<th>K\u00fctus K\u00fctusekulu<\/th>\n<td>0,16 l \u2013 0,62 l\/h<\/td>\n<\/tr>\n<tr>\n<th>P\u00f5lemist\u00f5husus<\/th>\n<td>\u226490%<\/td>\n<\/tr>\n<tr>\n<th>T\u00f6\u00f6m\u00fcra<\/th>\n<td>\u226475 dB<\/td>\n<\/tr>\n<tr>\n<th>Suitsugaaside temperatuur<\/th>\n<td>380 \u00b0C<\/td>\n<\/tr>\n<tr>\n<th>Temperatuuri reguleerimisvahemik<\/th>\n<td>8\u201336 \u00b0C<\/td>\n<\/tr>\n<tr>\n<th>Korpuse materjal<\/th>\n<td>ABS + metall<\/td>\n<\/tr>\n<tr>\n<th>Kasutusiga<\/th>\n<td>kuni 3000 tundi<\/td>\n<\/tr>\n<tr>\n<th>Kaitse \u00fclekuumenemise eest<\/th>\n<td>\u2264270 \u00b0C<\/td>\n<\/tr>\n<tr>\n<th>\u00d5hk-\u00f5li suhe<\/th>\n<td>2300\u20135500 obr.\/min, 1,8\u20135,8 Hz<\/td>\n<\/tr>\n<\/tbody>\n<\/table>\n<\/div>\n","protected":false},"excerpt":{"rendered":"<p>Blitzwolfi seisuk\u00fctteseade BW-AH-V2B-BT, 5kw, 12V Talv ei pea t\u00e4hendama k\u00fclma \u2013 kuni 8 kW v\u00f5imsusega Blitzwolfi seisuk\u00fctteseadeBW-AH-V2B-BT on asendamatu lahendus igale juhile. T\u00e4nu erakordsele p\u00f5lemist\u00f5hususele ja paindlikele konfiguratsiooniv\u00f5imalustele pakub see lisaks s\u00f5iduki salongi kohesele soojendamisele ka t\u00e4ielikku mugavust pikkade s\u00f5itude v\u00f5i peatuste ajal. Kompaktne, vastupidav ja energias\u00e4\u00e4stlik \u2013 see seade t\u00f6\u00f6tab igas olukorras. See mudel [&#8230;]\n","protected":false},"featured_media":16012,"comment_status":"open","ping_status":"closed","template":"","meta":[],"product_brand":[224],"product_cat":[1302],"product_tag":[],"class_list":{"0":"post-16011","1":"product","2":"type-product","3":"status-publish","4":"has-post-thumbnail","6":"product_brand-blitzwolf","7":"product_cat-parking-heating","9":"first","10":"outofstock","11":"taxable","12":"shipping-taxable","13":"purchasable","14":"product-type-simple"},"aioseo_notices":[],"_links":{"self":[{"href":"https:\/\/asura.lv\/et\/wp-json\/wp\/v2\/product\/16011","targetHints":{"allow":["GET"]}}],"collection":[{"href":"https:\/\/asura.lv\/et\/wp-json\/wp\/v2\/product"}],"about":[{"href":"https:\/\/asura.lv\/et\/wp-json\/wp\/v2\/types\/product"}],"replies":[{"embeddable":true,"href":"https:\/\/asura.lv\/et\/wp-json\/wp\/v2\/comments?post=16011"}],"wp:featuredmedia":[{"embeddable":true,"href":"https:\/\/asura.lv\/et\/wp-json\/wp\/v2\/media\/16012"}],"wp:attachment":[{"href":"https:\/\/asura.lv\/et\/wp-json\/wp\/v2\/media?parent=16011"}],"wp:term":[{"taxonomy":"product_brand","embeddable":true,"href":"https:\/\/asura.lv\/et\/wp-json\/wp\/v2\/product_brand?post=16011"},{"taxonomy":"product_cat","embeddable":true,"href":"https:\/\/asura.lv\/et\/wp-json\/wp\/v2\/product_cat?post=16011"},{"taxonomy":"product_tag","embeddable":true,"href":"https:\/\/asura.lv\/et\/wp-json\/wp\/v2\/product_tag?post=16011"}],"curies":[{"name":"wp","href":"https:\/\/api.w.org\/{rel}","templated":true}]}}