{"id":16053,"date":"2025-11-28T23:08:22","date_gmt":"2025-11-28T23:08:22","guid":{"rendered":"https:\/\/asura.lv\/product\/niimbot-b3s_p-thermal-label-printer-gray\/"},"modified":"2025-12-12T15:14:18","modified_gmt":"2025-12-12T13:14:18","slug":"niimbot-b3s_p-thermal-label-printer-gray","status":"publish","type":"product","link":"https:\/\/asura.lv\/et\/toode\/niimbot-b3s_p-thermal-label-printer-gray\/","title":{"rendered":"Niimbot B3S_P termosildiprinter hall"},"content":{"rendered":"<h3>Niimbot B3S_P termosiltide printer (hall)<\/h3>\n<p>Avastage mugavus ja paindlikkus Niimbot B3S_P termosiltide printeriga! Tindi- ja juhtmevaba ning kompaktse formaadiga printer pakub h\u00e4mmastavat 203 dpi printimisresolutsiooni. \u00dchendage see Bluetoothi \u200b\u200bkaudu ja hallake seda h\u00f5lpsalt spetsiaalse rakenduse abil. Pakendis on laadimiskaabel ja sildirull, et saaksite printimist kohe p\u00e4rast turuletoomist alustada.<\/p>\n<p>\n<img decoding=\"async\" border=\"0\" src=\"https:\/\/assets.innpro.pl\/11321\/13427\/1.jpg\"\/>\n<\/p>\n<h3>Kasulik igap\u00e4evaseks kasutamiseks<\/h3>\n<p>Kaasaskantav Niimbot B3S_P printer muudab korraldamise nii t\u00f6\u00f6l kui ka kodus lihtsamaks. Silte saate kasutada dokumendikaustade, kaablite, toidu- v\u00f5i kosmeetikamahutite sildistamiseks. Printige toodete hindu, m\u00e4rkige need EAN-koodide ja aegumiskuup\u00e4evadega ning nautige t\u00e4iuslikku korraldamist. Automaatne tagasikerimine ja siltide tuvastamise funktsioon muudavad printimisprotsessi veelgi intuitiivsemaks ja mugavamaks. Sildid on kahjuliku BPA-vabad, nii et saate probleemideta m\u00e4rgistada toitu ja laste aksessuaare.<\/p>\n<p>\n<img decoding=\"async\" border=\"0\" src=\"https:\/\/assets.innpro.pl\/11321\/13427\/5.jpg\"\/>\n<\/p>\n<h3>Spetsiaalne rakendus<\/h3>\n<p>Printeri kasutamist h\u00f5lbustab Niimboti rakendus, mis t\u00f6\u00f6tab Androidi ja iOS-i operatsioonis\u00fcsteemidega. Sellest saate printida siltide sisu valitud kirjastiili ja suurusega, lisada emotikone, toote v\u00f6\u00f6tkoode, QR-koode ja tabeleid. Samuti saate luua seeriatr\u00fckke, toodete aegumiskuup\u00e4evi jne. Teie loovusel pole piire!<\/p>\n<p>\n<img decoding=\"async\" border=\"0\" src=\"https:\/\/assets.innpro.pl\/11321\/13427\/2.jpg\"\/>\n<\/p>\n<h3>Kerge ja kompaktne<\/h3>\n<p>Printerit eristab kaasaskantav disain \u2013 selle m\u00f5\u00f5tmed on 115,5 x 109,67 x 58,58 mm ja kaal ei \u00fcleta 317 g. Saate seda edukalt hoiustada n\u00e4iteks lauasahtlis. Lisaks t\u00f6\u00f6tab printer juhtmevabalt \u2013 see on varustatud 2000 mAh akuga ja kaasasolev USB-C kaabel h\u00f5lbustab laadimist.<\/p>\n<p>\n<img decoding=\"async\" border=\"0\" src=\"https:\/\/assets.innpro.pl\/11321\/13427\/6.jpg\"\/>\n<\/p>\n<h3>Komplektis:<\/h3>\n<ul class=\"list-disc pl-5\">\n<li>printer<\/li>\n<li>USB-C kaabel<\/li>\n<li>etiketirull<\/li>\n<li>kasutusjuhend<\/li>\n<\/ul>\n<div class=\"table-wrapper\">\n<p>B\u00a0<\/p>\n<h3><\/h3>\n<table>\n<tbody>\n<tr>\n<th>Tootja<\/th>\n<td>Niimbot<\/td>\n<\/tr>\n<tr>\n<th>Mudel<\/th>\n<td>B3S_P<\/td>\n<\/tr>\n<tr>\n<th>V\u00e4rv<\/th>\n<td>hall<\/td>\n<\/tr>\n<tr>\n<th>M\u00f5\u00f5tmed<\/th>\n<td>115,5 x 109,67 x 58,58 mm<\/td>\n<\/tr>\n<tr>\n<th>Kaal<\/th>\n<td>317 g<\/td>\n<\/tr>\n<tr>\n<th>Laadimisaeg<\/th>\n<td>5-6 h<\/td>\n<\/tr>\n<tr>\n<th>Aku mahtuvus<\/th>\n<td>2000 mAh<\/td>\n<\/tr>\n<tr>\n<th>Eraldusv\u00f5ime<\/th>\n<td>203 dpi<\/td>\n<\/tr>\n<tr>\n<th>Traadita \u00fchendus<\/th>\n<td>Bluetooth<\/td>\n<\/tr>\n<tr>\n<th>Sisendpinge<\/th>\n<td>5 V alalisvool, 1A<\/td>\n<\/tr>\n<tr>\n<th>Sildi laius<\/th>\n<td>25\u201375 mm<\/td>\n<\/tr>\n<tr>\n<th>Laadimisport<\/th>\n<td>USB-C<\/td>\n<\/tr>\n<tr>\n<th>T\u00f6\u00f6temperatuur<\/th>\n<td>5\u201340 \u00b0C<\/td>\n<\/tr>\n<tr>\n<th>T\u00fc\u00fcp<\/th>\n<td>Termostaat<\/td>\n<\/tr>\n<\/tbody>\n<\/table>\n<\/div>\n","protected":false},"excerpt":{"rendered":"<p>Niimbot B3S_P termosiltide printer (hall) Avastage mugavus ja paindlikkus Niimbot B3S_P termosiltide printeriga! Tindi- ja juhtmevaba ning kompaktse formaadiga printer pakub h\u00e4mmastavat 203 dpi printimisresolutsiooni. \u00dchendage see Bluetoothi \u200b\u200bkaudu ja hallake seda h\u00f5lpsalt spetsiaalse rakenduse abil. Pakendis on laadimiskaabel ja sildirull, et saaksite printimist kohe p\u00e4rast turuletoomist alustada. Kasulik igap\u00e4evaseks kasutamiseks Kaasaskantav Niimbot B3S_P printer [&#8230;]\n","protected":false},"featured_media":16054,"comment_status":"open","ping_status":"closed","template":"","meta":[],"product_brand":[470],"product_cat":[1020],"product_tag":[],"class_list":{"0":"post-16053","1":"product","2":"type-product","3":"status-publish","4":"has-post-thumbnail","6":"product_brand-niimbot","7":"product_cat-labels","9":"first","10":"outofstock","11":"taxable","12":"shipping-taxable","13":"purchasable","14":"product-type-simple"},"aioseo_notices":[],"_links":{"self":[{"href":"https:\/\/asura.lv\/et\/wp-json\/wp\/v2\/product\/16053","targetHints":{"allow":["GET"]}}],"collection":[{"href":"https:\/\/asura.lv\/et\/wp-json\/wp\/v2\/product"}],"about":[{"href":"https:\/\/asura.lv\/et\/wp-json\/wp\/v2\/types\/product"}],"replies":[{"embeddable":true,"href":"https:\/\/asura.lv\/et\/wp-json\/wp\/v2\/comments?post=16053"}],"wp:featuredmedia":[{"embeddable":true,"href":"https:\/\/asura.lv\/et\/wp-json\/wp\/v2\/media\/16054"}],"wp:attachment":[{"href":"https:\/\/asura.lv\/et\/wp-json\/wp\/v2\/media?parent=16053"}],"wp:term":[{"taxonomy":"product_brand","embeddable":true,"href":"https:\/\/asura.lv\/et\/wp-json\/wp\/v2\/product_brand?post=16053"},{"taxonomy":"product_cat","embeddable":true,"href":"https:\/\/asura.lv\/et\/wp-json\/wp\/v2\/product_cat?post=16053"},{"taxonomy":"product_tag","embeddable":true,"href":"https:\/\/asura.lv\/et\/wp-json\/wp\/v2\/product_tag?post=16053"}],"curies":[{"name":"wp","href":"https:\/\/api.w.org\/{rel}","templated":true}]}}